{"id":7293,"date":"2024-04-12T15:10:14","date_gmt":"2024-04-12T14:10:14","guid":{"rendered":"http:\/\/www.e-rihs.it\/?page_id=7293"},"modified":"2024-04-12T15:10:14","modified_gmt":"2024-04-12T14:10:14","slug":"micro-raman-renishaw-invia-qontor-2","status":"publish","type":"page","link":"https:\/\/www.e-rihs.it\/en\/micro-raman-renishaw-invia-qontor-2\/","title":{"rendered":"Micro-Raman (Renishaw inVia Qontor)"},"content":{"rendered":"<p>[et_pb_section fb_built=&#8221;1&#8243; _builder_version=&#8221;4.7.7&#8243; _module_preset=&#8221;default&#8221;][et_pb_row _builder_version=&#8221;4.7.7&#8243; _module_preset=&#8221;default&#8221; column_structure=&#8221;2_5,3_5&#8243;][et_pb_column _builder_version=&#8221;4.7.7&#8243; _module_preset=&#8221;default&#8221; type=&#8221;2_5&#8243;][et_pb_image src=&#8221;http:\/\/www.e-rihs.it\/wp-content\/uploads\/2024\/04\/Micro-Raman-Renishaw-inVia-Qontor.jpg&#8221; _builder_version=&#8221;4.7.7&#8243; _module_preset=&#8221;default&#8221; hover_enabled=&#8221;0&#8243; sticky_enabled=&#8221;0&#8243; title_text=&#8221;Micro-Raman (Renishaw inVia Qontor)&#8221;][\/et_pb_image][\/et_pb_column][et_pb_column _builder_version=&#8221;4.7.7&#8243; _module_preset=&#8221;default&#8221; type=&#8221;3_5&#8243;][et_pb_text _builder_version=&#8221;4.7.7&#8243; _module_preset=&#8221;default&#8221; hover_enabled=&#8221;0&#8243; sticky_enabled=&#8221;0&#8243;]<\/p>\n<p><strong>LABORATORIO: CNR-ISPC<\/strong><\/p>\n<p><strong><\/strong><\/p>\n<p><strong>NOME STRUMENTO<\/strong><\/p>\n<p>Micro-Raman (Renishaw inVia Qontor)<\/p>\n<p>&nbsp;<\/p>\n<p><strong>INFORMAZIONI GENERALI<\/strong>\u00a0<\/p>\n<p>Nel campo dei Beni Culturali la spettroscopia Raman rappresenta una delle tecniche di elezione per la caratterizzazione dei pigmenti (inorganici ed organici) impiegati per la realizzazione di dipinti, pitture murali e oggetti decorati. Il vantaggio di questa tecnica consiste nella possibilit\u00e0 di identificare in modo univoco il tipo di molecola in esame, e di conseguenza il tipo di pigmento.\u00a0<\/p>\n<p>I risultati che si ottengono permettono di ricostruire la tecnica esecutiva con cui \u00e8 stata realizzata l\u2019opera, oltre che il suo stato di conservazione. Infatti, oltre alla tavolozza pittorica, si possono ricavare informazioni anche sulla presenza di prodotti di degrado o di sostanze applicate sulla superficie dei beni per fini conservativi.<\/p>\n<p>Lo strumento disponibile \u00e8 un micro-Raman, ossia uno spettrometro Raman accoppiato ad un microscopio ottico, con cui \u00e8 possibile effettuare analisi ad elevata risoluzione laterale (al di sotto di 1 \u00b5m), ideale per la caratterizzazione di materiali eterogenei alla scala micrometrica come quelli relativi ai Beni Culturali. \u00c8 possibile eseguire sia misure puntuali che mappature in due dimensioni, le quali forniscono informazioni circa la distribuzione dei diversi composti sulla superficie dell\u2019oggetto in analisi.<\/p>\n<p>Al fine di ricavare informazioni anche delle porzioni pi\u00f9 interne in modo non-invasivo \u00e8 stato sviluppato un metodo, micro-Spatially Offset Raman Spectroscopy (micro-SORS), in grado di rilevare la presenza di composti situati al di sotto della superficie con risoluzione compresa nel range dei micrometri. Lo strumento \u00e8 ottimizzato per eseguire misure micro-SORS che consistono nell\u2019acquisizione di spettri Raman a diverse distanze (<em>offset<\/em>) rispetto al punto di incidenza del laser, operazione che permette di rilevare fotoni Raman generati pi\u00f9 in profondit\u00e0 e che riemergono lateralmente in superficie. L\u2019interpretazione degli spettri micro-SORS consente, ad esempio, di ricostruire la successione stratigrafica di un dipinto o la presenza di prodotti di degrado al di sotto della superficie.<\/p>\n<p>&nbsp;<\/p>\n<p><strong>DETTAGLI TECNICI<\/strong><\/p>\n<p>Lo strumento \u00e8 un sistema micro-Raman Renishaw inVia Qontor, dotato di un detector CCD di tipo \u201cNIR enhanced\u201d raffreddato con cella Peltier (-70 \u00b0C), di un microscopio Leica DM2700, un laser con lunghezza d\u2019onda 785 nm e risoluzione spettrale di 1-2 cm<sup>-1<\/sup>. \u00c8 possibile raccogliere spettri Raman convenzionali utilizzando obiettivi da microscopio (5x, 20x, 50x e 100x) focalizzando il laser sulla superficie del campione; la risoluzione laterale con l\u2019obiettivo 100x \u00e8 inferiore a 1 \u00b5m.<\/p>\n<p>Le analisi micro-SORS in modalit\u00e0 <em>defocusing<\/em> vengono effettuate acquisendo spettri Raman a distanze (\u2206z) progressivamente maggiori tra la superficie del campione e l&#8217;obiettivo del microscopio. La movimentazione micrometrica \u00e8 realizzata utilizzando un micro-stage motorizzato controllato dal software dello strumento (WiRE).<\/p>\n<p>Il braccio esterno, che permette misurazioni in modalit\u00e0 <em>full micro-SORS<\/em><sub>,<\/sub> \u00e8 montato su uno stage micrometrico motorizzato con cui \u00e8 possibile impostare offset laterali (\u2206x) con alta precisione e riproducibilit\u00e0. Il laser \u00e8 focalizzato sul campione attraverso un obiettivo SLWD 20X (WD 30,5 mm) che \u00e8 montato a circa 38\u00b0 rispetto alla normale al piano di incidenza. Per la raccolta di fotoni Raman viene utilizzato un obiettivo LWD 20X (WD 6,9 mm)<\/p>\n<p>&nbsp;<\/p>\n<p>Referente: <br \/>Claudia Conti <a href=\"mailto:claudia.conti@cnr.it\">claudia.conti@cnr.it<\/a><\/p>\n<p>&nbsp;<\/p>\n<p><a href=\"http:\/\/www.e-rihs.it\/wp-content\/uploads\/2024\/04\/FIXLAB_EQUIPMENT_RAMAN_Renishaw_ita.pdf\" rel=\"attachment wp-att-7296\">Scarica la scheda completa<\/a><\/p>\n<p>[\/et_pb_text][\/et_pb_column][\/et_pb_row][\/et_pb_section]<\/p>\n","protected":false},"excerpt":{"rendered":"<p>LABORATORIO: CNR-ISPC NOME STRUMENTO Micro-Raman (Renishaw inVia Qontor) &nbsp; INFORMAZIONI GENERALI\u00a0 Nel campo dei Beni Culturali la spettroscopia Raman rappresenta [&hellip;]<\/p>\n","protected":false},"author":17,"featured_media":0,"parent":0,"menu_order":0,"comment_status":"closed","ping_status":"closed","template":"","meta":{"_et_pb_use_builder":"on","_et_pb_old_content":"","_et_gb_content_width":"","footnotes":""},"class_list":["post-7293","page","type-page","status-publish"],"yoast_head":"<!-- This site is optimized with the Yoast SEO plugin v27.0 - https:\/\/yoast.com\/product\/yoast-seo-wordpress\/ -->\n<title>Micro-Raman (Renishaw inVia Qontor) | E-RIHS.it<\/title>\n<meta name=\"robots\" content=\"index, follow, max-snippet:-1, max-image-preview:large, max-video-preview:-1\" \/>\n<link rel=\"canonical\" href=\"https:\/\/www.e-rihs.it\/en\/micro-raman-renishaw-invia-qontor-2\/\" \/>\n<meta property=\"og:locale\" content=\"en_GB\" \/>\n<meta property=\"og:type\" content=\"article\" \/>\n<meta property=\"og:title\" content=\"Micro-Raman (Renishaw inVia Qontor) | E-RIHS.it\" \/>\n<meta property=\"og:description\" content=\"LABORATORIO: CNR-ISPC NOME STRUMENTO Micro-Raman (Renishaw inVia Qontor) &nbsp; INFORMAZIONI GENERALI\u00a0 Nel campo dei Beni Culturali la spettroscopia Raman rappresenta [&hellip;]\" \/>\n<meta property=\"og:url\" content=\"https:\/\/www.e-rihs.it\/en\/micro-raman-renishaw-invia-qontor-2\/\" \/>\n<meta property=\"og:site_name\" content=\"E-RIHS.it\" \/>\n<meta property=\"article:publisher\" content=\"https:\/\/www.facebook.com\/erihsIT\" \/>\n<meta name=\"twitter:card\" content=\"summary_large_image\" \/>\n<meta name=\"twitter:site\" content=\"@ErihsIt\" \/>\n<script type=\"application\/ld+json\" class=\"yoast-schema-graph\">{\"@context\":\"https:\/\/schema.org\",\"@graph\":[{\"@type\":\"WebPage\",\"@id\":\"https:\/\/www.e-rihs.it\/micro-raman-renishaw-invia-qontor-2\/\",\"url\":\"https:\/\/www.e-rihs.it\/micro-raman-renishaw-invia-qontor-2\/\",\"name\":\"Micro-Raman (Renishaw inVia Qontor) | E-RIHS.it\",\"isPartOf\":{\"@id\":\"https:\/\/www.e-rihs.it\/#website\"},\"datePublished\":\"2024-04-12T14:10:14+00:00\",\"breadcrumb\":{\"@id\":\"https:\/\/www.e-rihs.it\/micro-raman-renishaw-invia-qontor-2\/#breadcrumb\"},\"inLanguage\":\"en-GB\",\"potentialAction\":[{\"@type\":\"ReadAction\",\"target\":[\"https:\/\/www.e-rihs.it\/micro-raman-renishaw-invia-qontor-2\/\"]}]},{\"@type\":\"BreadcrumbList\",\"@id\":\"https:\/\/www.e-rihs.it\/micro-raman-renishaw-invia-qontor-2\/#breadcrumb\",\"itemListElement\":[{\"@type\":\"ListItem\",\"position\":1,\"name\":\"Home\",\"item\":\"https:\/\/www.e-rihs.it\/\"},{\"@type\":\"ListItem\",\"position\":2,\"name\":\"Micro-Raman (Renishaw inVia Qontor)\"}]},{\"@type\":\"WebSite\",\"@id\":\"https:\/\/www.e-rihs.it\/#website\",\"url\":\"https:\/\/www.e-rihs.it\/\",\"name\":\"E-RIHS.it\",\"description\":\"The Italian node of the European Research Infrastructure for Heritage Science\",\"publisher\":{\"@id\":\"https:\/\/www.e-rihs.it\/#organization\"},\"potentialAction\":[{\"@type\":\"SearchAction\",\"target\":{\"@type\":\"EntryPoint\",\"urlTemplate\":\"https:\/\/www.e-rihs.it\/?s={search_term_string}\"},\"query-input\":{\"@type\":\"PropertyValueSpecification\",\"valueRequired\":true,\"valueName\":\"search_term_string\"}}],\"inLanguage\":\"en-GB\"},{\"@type\":\"Organization\",\"@id\":\"https:\/\/www.e-rihs.it\/#organization\",\"name\":\"The Italian node of the European Research Infrastructure for Heritage Science\",\"url\":\"https:\/\/www.e-rihs.it\/\",\"logo\":{\"@type\":\"ImageObject\",\"inLanguage\":\"en-GB\",\"@id\":\"https:\/\/www.e-rihs.it\/#\/schema\/logo\/image\/\",\"url\":\"https:\/\/www.e-rihs.it\/wp-content\/uploads\/2018\/01\/e-rihsit-logo.png\",\"contentUrl\":\"https:\/\/www.e-rihs.it\/wp-content\/uploads\/2018\/01\/e-rihsit-logo.png\",\"width\":620,\"height\":107,\"caption\":\"The Italian node of the European Research Infrastructure for Heritage Science\"},\"image\":{\"@id\":\"https:\/\/www.e-rihs.it\/#\/schema\/logo\/image\/\"},\"sameAs\":[\"https:\/\/www.facebook.com\/erihsIT\",\"https:\/\/x.com\/ErihsIt\",\"https:\/\/www.youtube.com\/channel\/UC4h0G3wcxmlicWpoLUFmb-Q\"]}]}<\/script>\n<!-- \/ Yoast SEO plugin. -->","yoast_head_json":{"title":"Micro-Raman (Renishaw inVia Qontor) | E-RIHS.it","robots":{"index":"index","follow":"follow","max-snippet":"max-snippet:-1","max-image-preview":"max-image-preview:large","max-video-preview":"max-video-preview:-1"},"canonical":"https:\/\/www.e-rihs.it\/en\/micro-raman-renishaw-invia-qontor-2\/","og_locale":"en_GB","og_type":"article","og_title":"Micro-Raman (Renishaw inVia Qontor) | E-RIHS.it","og_description":"LABORATORIO: CNR-ISPC NOME STRUMENTO Micro-Raman (Renishaw inVia Qontor) &nbsp; INFORMAZIONI GENERALI\u00a0 Nel campo dei Beni Culturali la spettroscopia Raman rappresenta [&hellip;]","og_url":"https:\/\/www.e-rihs.it\/en\/micro-raman-renishaw-invia-qontor-2\/","og_site_name":"E-RIHS.it","article_publisher":"https:\/\/www.facebook.com\/erihsIT","twitter_card":"summary_large_image","twitter_site":"@ErihsIt","schema":{"@context":"https:\/\/schema.org","@graph":[{"@type":"WebPage","@id":"https:\/\/www.e-rihs.it\/micro-raman-renishaw-invia-qontor-2\/","url":"https:\/\/www.e-rihs.it\/micro-raman-renishaw-invia-qontor-2\/","name":"Micro-Raman (Renishaw inVia Qontor) | E-RIHS.it","isPartOf":{"@id":"https:\/\/www.e-rihs.it\/#website"},"datePublished":"2024-04-12T14:10:14+00:00","breadcrumb":{"@id":"https:\/\/www.e-rihs.it\/micro-raman-renishaw-invia-qontor-2\/#breadcrumb"},"inLanguage":"en-GB","potentialAction":[{"@type":"ReadAction","target":["https:\/\/www.e-rihs.it\/micro-raman-renishaw-invia-qontor-2\/"]}]},{"@type":"BreadcrumbList","@id":"https:\/\/www.e-rihs.it\/micro-raman-renishaw-invia-qontor-2\/#breadcrumb","itemListElement":[{"@type":"ListItem","position":1,"name":"Home","item":"https:\/\/www.e-rihs.it\/"},{"@type":"ListItem","position":2,"name":"Micro-Raman (Renishaw inVia Qontor)"}]},{"@type":"WebSite","@id":"https:\/\/www.e-rihs.it\/#website","url":"https:\/\/www.e-rihs.it\/","name":"E-RIHS.it","description":"The Italian node of the European Research Infrastructure for Heritage Science","publisher":{"@id":"https:\/\/www.e-rihs.it\/#organization"},"potentialAction":[{"@type":"SearchAction","target":{"@type":"EntryPoint","urlTemplate":"https:\/\/www.e-rihs.it\/?s={search_term_string}"},"query-input":{"@type":"PropertyValueSpecification","valueRequired":true,"valueName":"search_term_string"}}],"inLanguage":"en-GB"},{"@type":"Organization","@id":"https:\/\/www.e-rihs.it\/#organization","name":"The Italian node of the European Research Infrastructure for Heritage Science","url":"https:\/\/www.e-rihs.it\/","logo":{"@type":"ImageObject","inLanguage":"en-GB","@id":"https:\/\/www.e-rihs.it\/#\/schema\/logo\/image\/","url":"https:\/\/www.e-rihs.it\/wp-content\/uploads\/2018\/01\/e-rihsit-logo.png","contentUrl":"https:\/\/www.e-rihs.it\/wp-content\/uploads\/2018\/01\/e-rihsit-logo.png","width":620,"height":107,"caption":"The Italian node of the European Research Infrastructure for Heritage Science"},"image":{"@id":"https:\/\/www.e-rihs.it\/#\/schema\/logo\/image\/"},"sameAs":["https:\/\/www.facebook.com\/erihsIT","https:\/\/x.com\/ErihsIt","https:\/\/www.youtube.com\/channel\/UC4h0G3wcxmlicWpoLUFmb-Q"]}]}},"_links":{"self":[{"href":"https:\/\/www.e-rihs.it\/en\/wp-json\/wp\/v2\/pages\/7293","targetHints":{"allow":["GET"]}}],"collection":[{"href":"https:\/\/www.e-rihs.it\/en\/wp-json\/wp\/v2\/pages"}],"about":[{"href":"https:\/\/www.e-rihs.it\/en\/wp-json\/wp\/v2\/types\/page"}],"author":[{"embeddable":true,"href":"https:\/\/www.e-rihs.it\/en\/wp-json\/wp\/v2\/users\/17"}],"replies":[{"embeddable":true,"href":"https:\/\/www.e-rihs.it\/en\/wp-json\/wp\/v2\/comments?post=7293"}],"version-history":[{"count":2,"href":"https:\/\/www.e-rihs.it\/en\/wp-json\/wp\/v2\/pages\/7293\/revisions"}],"predecessor-version":[{"id":7298,"href":"https:\/\/www.e-rihs.it\/en\/wp-json\/wp\/v2\/pages\/7293\/revisions\/7298"}],"wp:attachment":[{"href":"https:\/\/www.e-rihs.it\/en\/wp-json\/wp\/v2\/media?parent=7293"}],"curies":[{"name":"wp","href":"https:\/\/api.w.org\/{rel}","templated":true}]}}