{"id":7283,"date":"2024-04-12T11:02:25","date_gmt":"2024-04-12T10:02:25","guid":{"rendered":"http:\/\/www.e-rihs.it\/?page_id=7283"},"modified":"2024-04-12T11:21:29","modified_gmt":"2024-04-12T10:21:29","slug":"ft-ir-microscope-and-ft-ir-macro","status":"publish","type":"page","link":"https:\/\/www.e-rihs.it\/en\/ft-ir-microscope-and-ft-ir-macro\/","title":{"rendered":"FT-IR microscope and FT-IR macro"},"content":{"rendered":"<p>[et_pb_section fb_built=&#8221;1&#8243; _builder_version=&#8221;4.7.7&#8243; _module_preset=&#8221;default&#8221;][et_pb_row column_structure=&#8221;2_5,3_5&#8243; _builder_version=&#8221;4.7.7&#8243; _module_preset=&#8221;default&#8221;][et_pb_column type=&#8221;2_5&#8243; _builder_version=&#8221;4.7.7&#8243; _module_preset=&#8221;default&#8221;][et_pb_image src=&#8221;http:\/\/www.e-rihs.it\/wp-content\/uploads\/2024\/04\/Microscopio-FT-IR-e-macro-FT-IR.jpg&#8221; title_text=&#8221;Microscopio FT-IR e macro FT-IR&#8221; _builder_version=&#8221;4.7.7&#8243; _module_preset=&#8221;default&#8221;][\/et_pb_image][\/et_pb_column][et_pb_column type=&#8221;3_5&#8243; _builder_version=&#8221;4.7.7&#8243; _module_preset=&#8221;default&#8221;][et_pb_text _builder_version=&#8221;4.7.7&#8243; _module_preset=&#8221;default&#8221; hover_enabled=&#8221;0&#8243; sticky_enabled=&#8221;0&#8243;]<\/p>\n<p><strong>LABORATORI CNR ISPC: Stone LAB<\/strong><strong>; Heritage Materials Science <\/strong><\/p>\n<p><strong><\/strong><\/p>\n<p><strong>NOME STRUMENTO <\/strong><\/p>\n<p>Microscopio FT-IR e macro FT-IR<\/p>\n<p>&nbsp;<\/p>\n<p><strong>INFORMAZIONI GENERALI<\/strong><\/p>\n<p>Lo strumento si compone di due distinti moduli integrati:<\/p>\n<ul>\n<li>il microscopio FT-IR LUMOS II dotato di rivelatore Focal Plane Array (FPA) che consente l&#8217;acquisizione di immagini chimiche in ATR, riflessione e trasmissione;<\/li>\n<li>l\u2019unit\u00e0 macro FT-IR INVENIO\u00ae che permette analisi spettrali in trasmissione e ATR su composti organici e inorganici.<\/li>\n<\/ul>\n<p>Lo strumento di microscopia infrarossa completo di unit\u00e0 macro FT-IR \u00e8 impiegato per la caratterizzazione chimica di materiali e prodotti conservativi organici ed inorganici impiegati nel settore dei Beni Culturali, il riconoscimento dei prodotti di degrado, lo studio dei processi di degrado, l\u2019identificazione di coatings e di finiture superficiali e lo studio di reperti archeologici.<\/p>\n<p>Il <em>chemical imaging<\/em> ottenuto con rivelatore FPA consente di caratterizzare e visualizzare la distribuzione dei composti in un dato campione, con alta risoluzione spaziale, rapidit\u00e0 (pi\u00f9 di mille spettri in un secondo) e sensibilit\u00e0. Ci\u00f2 consente, ad esempio, di ricostruire la stratigrafia di campioni anche molto piccoli e con strati pittorici molto sottili (fino a 5 \u03bcm di spessore), ed evidenziare cos\u00ec la tecnica esecutiva.<\/p>\n<p>&nbsp;<\/p>\n<p><strong>DETTAGLI TECNICI MICRO FT-IR LUMOS II<\/strong><\/p>\n<ul>\n<li>Range spettrale: 650- 4000 cm<sup>-1<\/sup><\/li>\n<li>Spessore massimo dei campioni alloggiabili: 40 mm<\/li>\n<li>Obiettivo\/Condensatore \u201cCassegrain\u201dda 8x<\/li>\n<li>Modalit\u00e0 di analisi in trasmissione<\/li>\n<li>Modalit\u00e0 di analisi in riflessione<\/li>\n<li>Modalit\u00e0 di analisi in ATR (cristallo in Germanio)<\/li>\n<li>Rivelatore integrato a temperatura ambiente (TE-MCT)<\/li>\n<li>Rivelatore a singolo punto raffreddato con azoto (LN-MCT)<\/li>\n<li>Rivelatore raffreddato con azoto FPA dedicato all\u2019analisi in modalit\u00e0 imaging integrata<\/li>\n<li>Automazioni del sample stage lungo i tre assi spaziali con interfaccia software, per applicazioni di Chemical Imaging e Mapping<\/li>\n<li>Condensatore motorizzato, con messa a fuoco automatica, sia nel visibile sia nell\u2019IR<\/li>\n<li>Polarizzatore e analizzatore per luce visibile<\/li>\n<\/ul>\n<p>&nbsp;<\/p>\n<p><strong>DETTAGLI TECNICI MACRO FT-IR INVENIO\u00ae<\/strong><\/p>\n<ul>\n<li>Range spettrale FIR e MIR: 80-4000 cm<sup>-1<\/sup><\/li>\n<li>Modalit\u00e0 di analisi in trasmissione<\/li>\n<li>Modalit\u00e0 di analisi in ATR (cristallo in Diamante)<\/li>\n<\/ul>\n<p>&nbsp;<\/p>\n<p>Referenti:<br \/> Daniela Fico (Stone LAB) <a href=\"mailto:daniela.fico@ispc.cnr.it\">daniela.fico@ispc.cnr.it<br \/> <\/a>Barbara Salvadori (Heritage Materials Science) <span><a href=\"mailto:barbara.salvadori@cnr.it\">barbara.salvadori@cnr.it<\/a><\/span><\/p>\n<p><span><\/span><\/p>\n<p><a href=\"http:\/\/www.e-rihs.it\/wp-content\/uploads\/2024\/04\/FIXLAB_EQUIPMENT_FT-IR_ita.pdf\" rel=\"attachment wp-att-7291\">Scarica la scheda completa<\/a><\/p>\n<p>[\/et_pb_text][\/et_pb_column][\/et_pb_row][\/et_pb_section]<\/p>\n","protected":false},"excerpt":{"rendered":"<p>LABORATORI CNR ISPC: Stone LAB; Heritage Materials Science NOME STRUMENTO Microscopio FT-IR e macro FT-IR &nbsp; INFORMAZIONI GENERALI Lo strumento [&hellip;]<\/p>\n","protected":false},"author":17,"featured_media":0,"parent":0,"menu_order":0,"comment_status":"closed","ping_status":"closed","template":"","meta":{"_et_pb_use_builder":"on","_et_pb_old_content":"","_et_gb_content_width":"","footnotes":""},"class_list":["post-7283","page","type-page","status-publish","hentry"],"yoast_head":"<!-- This site is optimized with the Yoast SEO plugin v27.4 - https:\/\/yoast.com\/product\/yoast-seo-wordpress\/ -->\n<title>FT-IR microscope and FT-IR macro | E-RIHS.it<\/title>\n<meta name=\"robots\" content=\"index, follow, max-snippet:-1, max-image-preview:large, max-video-preview:-1\" \/>\n<link rel=\"canonical\" href=\"https:\/\/www.e-rihs.it\/en\/ft-ir-microscope-and-ft-ir-macro\/\" \/>\n<meta property=\"og:locale\" content=\"en_GB\" \/>\n<meta property=\"og:type\" content=\"article\" \/>\n<meta property=\"og:title\" content=\"FT-IR microscope and FT-IR macro | E-RIHS.it\" \/>\n<meta property=\"og:description\" content=\"LABORATORI CNR ISPC: Stone LAB; Heritage Materials Science NOME STRUMENTO Microscopio FT-IR e macro FT-IR &nbsp; INFORMAZIONI GENERALI Lo strumento [&hellip;]\" \/>\n<meta property=\"og:url\" content=\"https:\/\/www.e-rihs.it\/en\/ft-ir-microscope-and-ft-ir-macro\/\" \/>\n<meta property=\"og:site_name\" content=\"E-RIHS.it\" \/>\n<meta property=\"article:publisher\" content=\"https:\/\/www.facebook.com\/erihsIT\" \/>\n<meta property=\"article:modified_time\" content=\"2024-04-12T10:21:29+00:00\" \/>\n<meta name=\"twitter:card\" content=\"summary_large_image\" \/>\n<meta name=\"twitter:site\" content=\"@ErihsIt\" \/>\n<script type=\"application\/ld+json\" class=\"yoast-schema-graph\">{\"@context\":\"https:\\\/\\\/schema.org\",\"@graph\":[{\"@type\":\"WebPage\",\"@id\":\"https:\\\/\\\/www.e-rihs.it\\\/ft-ir-microscope-and-ft-ir-macro\\\/\",\"url\":\"https:\\\/\\\/www.e-rihs.it\\\/ft-ir-microscope-and-ft-ir-macro\\\/\",\"name\":\"FT-IR microscope and FT-IR macro | E-RIHS.it\",\"isPartOf\":{\"@id\":\"https:\\\/\\\/www.e-rihs.it\\\/#website\"},\"datePublished\":\"2024-04-12T10:02:25+00:00\",\"dateModified\":\"2024-04-12T10:21:29+00:00\",\"breadcrumb\":{\"@id\":\"https:\\\/\\\/www.e-rihs.it\\\/ft-ir-microscope-and-ft-ir-macro\\\/#breadcrumb\"},\"inLanguage\":\"en-GB\",\"potentialAction\":[{\"@type\":\"ReadAction\",\"target\":[\"https:\\\/\\\/www.e-rihs.it\\\/ft-ir-microscope-and-ft-ir-macro\\\/\"]}]},{\"@type\":\"BreadcrumbList\",\"@id\":\"https:\\\/\\\/www.e-rihs.it\\\/ft-ir-microscope-and-ft-ir-macro\\\/#breadcrumb\",\"itemListElement\":[{\"@type\":\"ListItem\",\"position\":1,\"name\":\"Home\",\"item\":\"https:\\\/\\\/www.e-rihs.it\\\/\"},{\"@type\":\"ListItem\",\"position\":2,\"name\":\"FT-IR microscope and FT-IR macro\"}]},{\"@type\":\"WebSite\",\"@id\":\"https:\\\/\\\/www.e-rihs.it\\\/#website\",\"url\":\"https:\\\/\\\/www.e-rihs.it\\\/\",\"name\":\"E-RIHS.it\",\"description\":\"The Italian node of the European Research Infrastructure for Heritage Science\",\"publisher\":{\"@id\":\"https:\\\/\\\/www.e-rihs.it\\\/#organization\"},\"potentialAction\":[{\"@type\":\"SearchAction\",\"target\":{\"@type\":\"EntryPoint\",\"urlTemplate\":\"https:\\\/\\\/www.e-rihs.it\\\/?s={search_term_string}\"},\"query-input\":{\"@type\":\"PropertyValueSpecification\",\"valueRequired\":true,\"valueName\":\"search_term_string\"}}],\"inLanguage\":\"en-GB\"},{\"@type\":\"Organization\",\"@id\":\"https:\\\/\\\/www.e-rihs.it\\\/#organization\",\"name\":\"The Italian node of the European Research Infrastructure for Heritage Science\",\"url\":\"https:\\\/\\\/www.e-rihs.it\\\/\",\"logo\":{\"@type\":\"ImageObject\",\"inLanguage\":\"en-GB\",\"@id\":\"https:\\\/\\\/www.e-rihs.it\\\/#\\\/schema\\\/logo\\\/image\\\/\",\"url\":\"https:\\\/\\\/www.e-rihs.it\\\/wp-content\\\/uploads\\\/2018\\\/01\\\/e-rihsit-logo.png\",\"contentUrl\":\"https:\\\/\\\/www.e-rihs.it\\\/wp-content\\\/uploads\\\/2018\\\/01\\\/e-rihsit-logo.png\",\"width\":620,\"height\":107,\"caption\":\"The Italian node of the European Research Infrastructure for Heritage Science\"},\"image\":{\"@id\":\"https:\\\/\\\/www.e-rihs.it\\\/#\\\/schema\\\/logo\\\/image\\\/\"},\"sameAs\":[\"https:\\\/\\\/www.facebook.com\\\/erihsIT\",\"https:\\\/\\\/x.com\\\/ErihsIt\",\"https:\\\/\\\/www.youtube.com\\\/channel\\\/UC4h0G3wcxmlicWpoLUFmb-Q\"]}]}<\/script>\n<!-- \/ Yoast SEO plugin. -->","yoast_head_json":{"title":"FT-IR microscope and FT-IR macro | E-RIHS.it","robots":{"index":"index","follow":"follow","max-snippet":"max-snippet:-1","max-image-preview":"max-image-preview:large","max-video-preview":"max-video-preview:-1"},"canonical":"https:\/\/www.e-rihs.it\/en\/ft-ir-microscope-and-ft-ir-macro\/","og_locale":"en_GB","og_type":"article","og_title":"FT-IR microscope and FT-IR macro | E-RIHS.it","og_description":"LABORATORI CNR ISPC: Stone LAB; Heritage Materials Science NOME STRUMENTO Microscopio FT-IR e macro FT-IR &nbsp; INFORMAZIONI GENERALI Lo strumento [&hellip;]","og_url":"https:\/\/www.e-rihs.it\/en\/ft-ir-microscope-and-ft-ir-macro\/","og_site_name":"E-RIHS.it","article_publisher":"https:\/\/www.facebook.com\/erihsIT","article_modified_time":"2024-04-12T10:21:29+00:00","twitter_card":"summary_large_image","twitter_site":"@ErihsIt","schema":{"@context":"https:\/\/schema.org","@graph":[{"@type":"WebPage","@id":"https:\/\/www.e-rihs.it\/ft-ir-microscope-and-ft-ir-macro\/","url":"https:\/\/www.e-rihs.it\/ft-ir-microscope-and-ft-ir-macro\/","name":"FT-IR microscope and FT-IR macro | E-RIHS.it","isPartOf":{"@id":"https:\/\/www.e-rihs.it\/#website"},"datePublished":"2024-04-12T10:02:25+00:00","dateModified":"2024-04-12T10:21:29+00:00","breadcrumb":{"@id":"https:\/\/www.e-rihs.it\/ft-ir-microscope-and-ft-ir-macro\/#breadcrumb"},"inLanguage":"en-GB","potentialAction":[{"@type":"ReadAction","target":["https:\/\/www.e-rihs.it\/ft-ir-microscope-and-ft-ir-macro\/"]}]},{"@type":"BreadcrumbList","@id":"https:\/\/www.e-rihs.it\/ft-ir-microscope-and-ft-ir-macro\/#breadcrumb","itemListElement":[{"@type":"ListItem","position":1,"name":"Home","item":"https:\/\/www.e-rihs.it\/"},{"@type":"ListItem","position":2,"name":"FT-IR microscope and FT-IR macro"}]},{"@type":"WebSite","@id":"https:\/\/www.e-rihs.it\/#website","url":"https:\/\/www.e-rihs.it\/","name":"E-RIHS.it","description":"The Italian node of the European Research Infrastructure for Heritage Science","publisher":{"@id":"https:\/\/www.e-rihs.it\/#organization"},"potentialAction":[{"@type":"SearchAction","target":{"@type":"EntryPoint","urlTemplate":"https:\/\/www.e-rihs.it\/?s={search_term_string}"},"query-input":{"@type":"PropertyValueSpecification","valueRequired":true,"valueName":"search_term_string"}}],"inLanguage":"en-GB"},{"@type":"Organization","@id":"https:\/\/www.e-rihs.it\/#organization","name":"The Italian node of the European Research Infrastructure for Heritage Science","url":"https:\/\/www.e-rihs.it\/","logo":{"@type":"ImageObject","inLanguage":"en-GB","@id":"https:\/\/www.e-rihs.it\/#\/schema\/logo\/image\/","url":"https:\/\/www.e-rihs.it\/wp-content\/uploads\/2018\/01\/e-rihsit-logo.png","contentUrl":"https:\/\/www.e-rihs.it\/wp-content\/uploads\/2018\/01\/e-rihsit-logo.png","width":620,"height":107,"caption":"The Italian node of the European Research Infrastructure for Heritage Science"},"image":{"@id":"https:\/\/www.e-rihs.it\/#\/schema\/logo\/image\/"},"sameAs":["https:\/\/www.facebook.com\/erihsIT","https:\/\/x.com\/ErihsIt","https:\/\/www.youtube.com\/channel\/UC4h0G3wcxmlicWpoLUFmb-Q"]}]}},"_links":{"self":[{"href":"https:\/\/www.e-rihs.it\/en\/wp-json\/wp\/v2\/pages\/7283","targetHints":{"allow":["GET"]}}],"collection":[{"href":"https:\/\/www.e-rihs.it\/en\/wp-json\/wp\/v2\/pages"}],"about":[{"href":"https:\/\/www.e-rihs.it\/en\/wp-json\/wp\/v2\/types\/page"}],"author":[{"embeddable":true,"href":"https:\/\/www.e-rihs.it\/en\/wp-json\/wp\/v2\/users\/17"}],"replies":[{"embeddable":true,"href":"https:\/\/www.e-rihs.it\/en\/wp-json\/wp\/v2\/comments?post=7283"}],"version-history":[{"count":3,"href":"https:\/\/www.e-rihs.it\/en\/wp-json\/wp\/v2\/pages\/7283\/revisions"}],"predecessor-version":[{"id":7292,"href":"https:\/\/www.e-rihs.it\/en\/wp-json\/wp\/v2\/pages\/7283\/revisions\/7292"}],"wp:attachment":[{"href":"https:\/\/www.e-rihs.it\/en\/wp-json\/wp\/v2\/media?parent=7283"}],"curies":[{"name":"wp","href":"https:\/\/api.w.org\/{rel}","templated":true}]}}