{"id":7245,"date":"2024-04-12T08:06:02","date_gmt":"2024-04-12T07:06:02","guid":{"rendered":"http:\/\/www.e-rihs.it\/?page_id=7245"},"modified":"2024-04-17T15:57:07","modified_gmt":"2024-04-17T14:57:07","slug":"terahertz-time-domain-imaging-spectrometer-thz-tdi-teraasops-menlo-systems","status":"publish","type":"page","link":"https:\/\/www.e-rihs.it\/en\/terahertz-time-domain-imaging-spectrometer-thz-tdi-teraasops-menlo-systems\/","title":{"rendered":"Terahertz Time-Domain Imaging Spectrometer (THz-TDI): TeraASOPS Menlo Systems"},"content":{"rendered":"<p>[et_pb_section fb_built=&#8221;1&#8243; _builder_version=&#8221;4.7.7&#8243; _module_preset=&#8221;default&#8221;][et_pb_row column_structure=&#8221;2_5,3_5&#8243; _builder_version=&#8221;4.7.7&#8243; _module_preset=&#8221;default&#8221;][et_pb_column type=&#8221;2_5&#8243; _builder_version=&#8221;4.7.7&#8243; _module_preset=&#8221;default&#8221;][et_pb_image src=&#8221;http:\/\/www.e-rihs.it\/wp-content\/uploads\/2024\/04\/Spettrometro-THz-TD-TeraASOPS.jpg&#8221; title_text=&#8221;Spettrometro THz-TD TeraASOPS&#8221; _builder_version=&#8221;4.7.7&#8243; _module_preset=&#8221;default&#8221;][\/et_pb_image][\/et_pb_column][et_pb_column type=&#8221;3_5&#8243; _builder_version=&#8221;4.7.7&#8243; _module_preset=&#8221;default&#8221;][et_pb_text _builder_version=&#8221;4.7.7&#8243; _module_preset=&#8221;default&#8221; hover_enabled=&#8221;0&#8243; sticky_enabled=&#8221;0&#8243;]<\/p>\n<p><strong>LABORATORIO: CNR INO<\/strong><\/p>\n<p><strong><\/strong><\/p>\n<p><strong>NOME STRUMENTO<\/strong><\/p>\n<p>Spettrometro per Imaging nel Dominio del Tempo alle frequenze dei Terahertz (THz-TDI): TeraASOPS Menlo Systems<\/p>\n<p>&nbsp;<\/p>\n<p><strong>INFORMAZIONI GENERALI<\/strong><\/p>\n<p>L\u2019imaging spettroscopico nel dominio del tempo alle frequenze dei terahertz (THz-TDI) \u00e8 una tecnica all\u2019avanguardia fra quelle attualmente usate per lo studio dei Beni Culturali e fornisce informazioni sulla stratigrafia e sulla composizione di un campione in modo del tutto non invasivo. La radiazione alle frequenze dei THz \u00e8, infatti, non ionizzante e capace di penetrare, per profondit\u00e0 dell\u2019ordine di qualche millimetro, nella maggior parte dei materiali non metallici e pu\u00f2 essere usata per effettuare misure sia in trasmissione sia in riflessione.<\/p>\n<p>Le misure THz-TDI in riflessione, effettuate lungo pi\u00f9 linee di misura, consentono di acquisire un cubo di dati da cui, mediante opportune tecniche di elaborazione dati, si ottengono informazioni sulle caratteristiche superficiali e sub-superficiali dell\u2019oggetto in esame lungo ciascuna delle tre sezioni spaziali, ovvero nei piani (x-y), (x-z) e (y-z).<\/p>\n<p>Le misure THz-TDI in trasmissione consentono sia di generare immagini bi-dimensionali del campione sia di effettuare analisi spettroscopiche finalizzate all\u2019identificazione dei materiali costituenti e possono essere effettuate quando lo spessore e le caratteristiche del campione sono tali da consentire la trasmissione del segnale.<\/p>\n<p>Alcuni esempi di applicazione sono l\u2019identificazione di ridipinture, ripensamenti e disegni preparatori, lo studio della stratigrafia di manufatti decorati (ceramiche invetriate, malte, lacche, dipinti), l\u2019individuazione di distacchi, fessure e difetti otticamente non visibili, la caratterizzazione di materiali plastici e compositi.<\/p>\n<p>&nbsp;<\/p>\n<p><strong>DETTAGLI TECNICI<\/strong><\/p>\n<p>Lo spettrometro trasportabile TeraASOPS della Menlo Systems disponibile presso il FIXLAB consente di effettuare misure sia in riflessione che in trasmissione. Tale sistema sfrutta il principio dell\u2019<em>asynchronous optical sampling <\/em>(ASOPS) grazie all\u2019uso di due sorgenti laser ultraveloci a femtosecondi collegati all\u2019antenna trasmittente e a quella ricevente tramite fibre ottiche.<\/p>\n<p>Il sistema di generazione e acquisizione del segnale THz \u00e8 compatto ed integrato in un\u2019unica unit\u00e0. Ad esso \u00e8 associato un sistema di scansione bidimensionale, la cui massima area di scansione \u00e8 30 x 30 cm<sup>2<\/sup>.<\/p>\n<p>La finestra spettrale nominale del sistema \u00e8 di 4.5 THz e l\u2019intervallo di scansione nel dominio del tempo \u00e8 di 10 ns. Il rapporto fra segnale e rumore \u00e8 &gt; 70 dB (con differenza in frequenza = -10 Hz, sampling rate = 10MHz, gain = 10<sup>6<\/sup>, larghezza di banda = 1.8 MHz, 1000 medie).<\/p>\n<p>La risoluzione laterale della misura \u00e8 determinata dalla dimensione dell\u2019impulso THz nel punto di focalizzazione, che \u00e8 di circa 1.5 mm, e dal passo del sistema di scansione, che non pu\u00f2 essere inferiore a 0.1 mm. La risoluzione in profondit\u00e0 dipende dalla larghezza della banda utile del sistema ed \u00e8 uguale a circa 0.5 ps, corrispondenti a 60 \u03bcm (in aria).<\/p>\n<p>La massima profondit\u00e0 di indagine \u00e8 di 7.5 mm (in aria).<\/p>\n<p>&nbsp;<\/p>\n<p>Referente:<\/p>\n<p>Valentina Di Sarno <a href=\"mailto:valentina.disarno@ino.cnr.it\">valentina.disarno@ino.cnr.it<\/a><\/p>\n<p>&nbsp;<\/p>\n<p><a href=\"http:\/\/www.e-rihs.it\/wp-content\/uploads\/2024\/04\/FIXLAB_EQUIPMENT_THz_ita.pdf\" rel=\"attachment wp-att-7248\">Scarica la scheda completa<\/a><\/p>\n<p>[\/et_pb_text][\/et_pb_column][\/et_pb_row][\/et_pb_section]<\/p>\n","protected":false},"excerpt":{"rendered":"<p>LABORATORIO: CNR INO NOME STRUMENTO Spettrometro per Imaging nel Dominio del Tempo alle frequenze dei Terahertz (THz-TDI): TeraASOPS Menlo Systems [&hellip;]<\/p>\n","protected":false},"author":17,"featured_media":0,"parent":0,"menu_order":0,"comment_status":"closed","ping_status":"closed","template":"","meta":{"_et_pb_use_builder":"on","_et_pb_old_content":"","_et_gb_content_width":"","footnotes":""},"class_list":["post-7245","page","type-page","status-publish","hentry"],"yoast_head":"<!-- This site is optimized with the Yoast SEO plugin v27.5 - https:\/\/yoast.com\/product\/yoast-seo-wordpress\/ -->\n<title>Terahertz Time-Domain Imaging Spectrometer (THz-TDI): TeraASOPS Menlo Systems | E-RIHS.it<\/title>\n<meta name=\"robots\" content=\"index, follow, max-snippet:-1, max-image-preview:large, max-video-preview:-1\" \/>\n<link rel=\"canonical\" href=\"https:\/\/www.e-rihs.it\/en\/terahertz-time-domain-imaging-spectrometer-thz-tdi-teraasops-menlo-systems\/\" \/>\n<meta property=\"og:locale\" content=\"en_GB\" \/>\n<meta property=\"og:type\" content=\"article\" \/>\n<meta property=\"og:title\" content=\"Terahertz Time-Domain Imaging Spectrometer (THz-TDI): TeraASOPS Menlo Systems | E-RIHS.it\" \/>\n<meta property=\"og:description\" content=\"LABORATORIO: CNR INO NOME STRUMENTO Spettrometro per Imaging nel Dominio del Tempo alle frequenze dei Terahertz (THz-TDI): TeraASOPS Menlo Systems [&hellip;]\" \/>\n<meta property=\"og:url\" content=\"https:\/\/www.e-rihs.it\/en\/terahertz-time-domain-imaging-spectrometer-thz-tdi-teraasops-menlo-systems\/\" \/>\n<meta property=\"og:site_name\" content=\"E-RIHS.it\" \/>\n<meta property=\"article:publisher\" content=\"https:\/\/www.facebook.com\/erihsIT\" \/>\n<meta property=\"article:modified_time\" content=\"2024-04-17T14:57:07+00:00\" \/>\n<meta name=\"twitter:card\" content=\"summary_large_image\" \/>\n<meta name=\"twitter:site\" content=\"@ErihsIt\" \/>\n<script type=\"application\/ld+json\" class=\"yoast-schema-graph\">{\"@context\":\"https:\\\/\\\/schema.org\",\"@graph\":[{\"@type\":\"WebPage\",\"@id\":\"https:\\\/\\\/www.e-rihs.it\\\/en\\\/terahertz-time-domain-imaging-spectrometer-thz-tdi-teraasops-menlo-systems\\\/\",\"url\":\"https:\\\/\\\/www.e-rihs.it\\\/en\\\/terahertz-time-domain-imaging-spectrometer-thz-tdi-teraasops-menlo-systems\\\/\",\"name\":\"Terahertz Time-Domain Imaging Spectrometer (THz-TDI): TeraASOPS Menlo Systems | E-RIHS.it\",\"isPartOf\":{\"@id\":\"https:\\\/\\\/www.e-rihs.it\\\/#website\"},\"datePublished\":\"2024-04-12T07:06:02+00:00\",\"dateModified\":\"2024-04-17T14:57:07+00:00\",\"breadcrumb\":{\"@id\":\"https:\\\/\\\/www.e-rihs.it\\\/en\\\/terahertz-time-domain-imaging-spectrometer-thz-tdi-teraasops-menlo-systems\\\/#breadcrumb\"},\"inLanguage\":\"en-GB\",\"potentialAction\":[{\"@type\":\"ReadAction\",\"target\":[\"https:\\\/\\\/www.e-rihs.it\\\/en\\\/terahertz-time-domain-imaging-spectrometer-thz-tdi-teraasops-menlo-systems\\\/\"]}]},{\"@type\":\"BreadcrumbList\",\"@id\":\"https:\\\/\\\/www.e-rihs.it\\\/en\\\/terahertz-time-domain-imaging-spectrometer-thz-tdi-teraasops-menlo-systems\\\/#breadcrumb\",\"itemListElement\":[{\"@type\":\"ListItem\",\"position\":1,\"name\":\"Home\",\"item\":\"https:\\\/\\\/www.e-rihs.it\\\/\"},{\"@type\":\"ListItem\",\"position\":2,\"name\":\"Terahertz Time-Domain Imaging Spectrometer (THz-TDI): TeraASOPS Menlo Systems\"}]},{\"@type\":\"WebSite\",\"@id\":\"https:\\\/\\\/www.e-rihs.it\\\/#website\",\"url\":\"https:\\\/\\\/www.e-rihs.it\\\/\",\"name\":\"E-RIHS.it\",\"description\":\"The Italian node of the European Research Infrastructure for Heritage Science\",\"publisher\":{\"@id\":\"https:\\\/\\\/www.e-rihs.it\\\/#organization\"},\"potentialAction\":[{\"@type\":\"SearchAction\",\"target\":{\"@type\":\"EntryPoint\",\"urlTemplate\":\"https:\\\/\\\/www.e-rihs.it\\\/?s={search_term_string}\"},\"query-input\":{\"@type\":\"PropertyValueSpecification\",\"valueRequired\":true,\"valueName\":\"search_term_string\"}}],\"inLanguage\":\"en-GB\"},{\"@type\":\"Organization\",\"@id\":\"https:\\\/\\\/www.e-rihs.it\\\/#organization\",\"name\":\"The Italian node of the European Research Infrastructure for Heritage Science\",\"url\":\"https:\\\/\\\/www.e-rihs.it\\\/\",\"logo\":{\"@type\":\"ImageObject\",\"inLanguage\":\"en-GB\",\"@id\":\"https:\\\/\\\/www.e-rihs.it\\\/#\\\/schema\\\/logo\\\/image\\\/\",\"url\":\"https:\\\/\\\/www.e-rihs.it\\\/wp-content\\\/uploads\\\/2018\\\/01\\\/e-rihsit-logo.png\",\"contentUrl\":\"https:\\\/\\\/www.e-rihs.it\\\/wp-content\\\/uploads\\\/2018\\\/01\\\/e-rihsit-logo.png\",\"width\":620,\"height\":107,\"caption\":\"The Italian node of the European Research Infrastructure for Heritage Science\"},\"image\":{\"@id\":\"https:\\\/\\\/www.e-rihs.it\\\/#\\\/schema\\\/logo\\\/image\\\/\"},\"sameAs\":[\"https:\\\/\\\/www.facebook.com\\\/erihsIT\",\"https:\\\/\\\/x.com\\\/ErihsIt\",\"https:\\\/\\\/www.youtube.com\\\/channel\\\/UC4h0G3wcxmlicWpoLUFmb-Q\"]}]}<\/script>\n<!-- \/ Yoast SEO plugin. -->","yoast_head_json":{"title":"Terahertz Time-Domain Imaging Spectrometer (THz-TDI): TeraASOPS Menlo Systems | E-RIHS.it","robots":{"index":"index","follow":"follow","max-snippet":"max-snippet:-1","max-image-preview":"max-image-preview:large","max-video-preview":"max-video-preview:-1"},"canonical":"https:\/\/www.e-rihs.it\/en\/terahertz-time-domain-imaging-spectrometer-thz-tdi-teraasops-menlo-systems\/","og_locale":"en_GB","og_type":"article","og_title":"Terahertz Time-Domain Imaging Spectrometer (THz-TDI): TeraASOPS Menlo Systems | E-RIHS.it","og_description":"LABORATORIO: CNR INO NOME STRUMENTO Spettrometro per Imaging nel Dominio del Tempo alle frequenze dei Terahertz (THz-TDI): TeraASOPS Menlo Systems [&hellip;]","og_url":"https:\/\/www.e-rihs.it\/en\/terahertz-time-domain-imaging-spectrometer-thz-tdi-teraasops-menlo-systems\/","og_site_name":"E-RIHS.it","article_publisher":"https:\/\/www.facebook.com\/erihsIT","article_modified_time":"2024-04-17T14:57:07+00:00","twitter_card":"summary_large_image","twitter_site":"@ErihsIt","schema":{"@context":"https:\/\/schema.org","@graph":[{"@type":"WebPage","@id":"https:\/\/www.e-rihs.it\/en\/terahertz-time-domain-imaging-spectrometer-thz-tdi-teraasops-menlo-systems\/","url":"https:\/\/www.e-rihs.it\/en\/terahertz-time-domain-imaging-spectrometer-thz-tdi-teraasops-menlo-systems\/","name":"Terahertz Time-Domain Imaging Spectrometer (THz-TDI): TeraASOPS Menlo Systems | E-RIHS.it","isPartOf":{"@id":"https:\/\/www.e-rihs.it\/#website"},"datePublished":"2024-04-12T07:06:02+00:00","dateModified":"2024-04-17T14:57:07+00:00","breadcrumb":{"@id":"https:\/\/www.e-rihs.it\/en\/terahertz-time-domain-imaging-spectrometer-thz-tdi-teraasops-menlo-systems\/#breadcrumb"},"inLanguage":"en-GB","potentialAction":[{"@type":"ReadAction","target":["https:\/\/www.e-rihs.it\/en\/terahertz-time-domain-imaging-spectrometer-thz-tdi-teraasops-menlo-systems\/"]}]},{"@type":"BreadcrumbList","@id":"https:\/\/www.e-rihs.it\/en\/terahertz-time-domain-imaging-spectrometer-thz-tdi-teraasops-menlo-systems\/#breadcrumb","itemListElement":[{"@type":"ListItem","position":1,"name":"Home","item":"https:\/\/www.e-rihs.it\/"},{"@type":"ListItem","position":2,"name":"Terahertz Time-Domain Imaging Spectrometer (THz-TDI): TeraASOPS Menlo Systems"}]},{"@type":"WebSite","@id":"https:\/\/www.e-rihs.it\/#website","url":"https:\/\/www.e-rihs.it\/","name":"E-RIHS.it","description":"The Italian node of the European Research Infrastructure for Heritage Science","publisher":{"@id":"https:\/\/www.e-rihs.it\/#organization"},"potentialAction":[{"@type":"SearchAction","target":{"@type":"EntryPoint","urlTemplate":"https:\/\/www.e-rihs.it\/?s={search_term_string}"},"query-input":{"@type":"PropertyValueSpecification","valueRequired":true,"valueName":"search_term_string"}}],"inLanguage":"en-GB"},{"@type":"Organization","@id":"https:\/\/www.e-rihs.it\/#organization","name":"The Italian node of the European Research Infrastructure for Heritage Science","url":"https:\/\/www.e-rihs.it\/","logo":{"@type":"ImageObject","inLanguage":"en-GB","@id":"https:\/\/www.e-rihs.it\/#\/schema\/logo\/image\/","url":"https:\/\/www.e-rihs.it\/wp-content\/uploads\/2018\/01\/e-rihsit-logo.png","contentUrl":"https:\/\/www.e-rihs.it\/wp-content\/uploads\/2018\/01\/e-rihsit-logo.png","width":620,"height":107,"caption":"The Italian node of the European Research Infrastructure for Heritage Science"},"image":{"@id":"https:\/\/www.e-rihs.it\/#\/schema\/logo\/image\/"},"sameAs":["https:\/\/www.facebook.com\/erihsIT","https:\/\/x.com\/ErihsIt","https:\/\/www.youtube.com\/channel\/UC4h0G3wcxmlicWpoLUFmb-Q"]}]}},"_links":{"self":[{"href":"https:\/\/www.e-rihs.it\/en\/wp-json\/wp\/v2\/pages\/7245","targetHints":{"allow":["GET"]}}],"collection":[{"href":"https:\/\/www.e-rihs.it\/en\/wp-json\/wp\/v2\/pages"}],"about":[{"href":"https:\/\/www.e-rihs.it\/en\/wp-json\/wp\/v2\/types\/page"}],"author":[{"embeddable":true,"href":"https:\/\/www.e-rihs.it\/en\/wp-json\/wp\/v2\/users\/17"}],"replies":[{"embeddable":true,"href":"https:\/\/www.e-rihs.it\/en\/wp-json\/wp\/v2\/comments?post=7245"}],"version-history":[{"count":4,"href":"https:\/\/www.e-rihs.it\/en\/wp-json\/wp\/v2\/pages\/7245\/revisions"}],"predecessor-version":[{"id":7335,"href":"https:\/\/www.e-rihs.it\/en\/wp-json\/wp\/v2\/pages\/7245\/revisions\/7335"}],"wp:attachment":[{"href":"https:\/\/www.e-rihs.it\/en\/wp-json\/wp\/v2\/media?parent=7245"}],"curies":[{"name":"wp","href":"https:\/\/api.w.org\/{rel}","templated":true}]}}