{"id":7188,"date":"2024-04-10T14:27:38","date_gmt":"2024-04-10T13:27:38","guid":{"rendered":"http:\/\/www.e-rihs.it\/?page_id=7188"},"modified":"2024-04-10T14:27:38","modified_gmt":"2024-04-10T13:27:38","slug":"ultimaker-s5-2","status":"publish","type":"page","link":"https:\/\/www.e-rihs.it\/en\/ultimaker-s5-2\/","title":{"rendered":"Ultimaker S5"},"content":{"rendered":"<p>[et_pb_section fb_built=&#8221;1&#8243; _builder_version=&#8221;4.7.7&#8243; _module_preset=&#8221;default&#8221;][et_pb_row _builder_version=&#8221;4.7.7&#8243; _module_preset=&#8221;default&#8221; column_structure=&#8221;2_5,3_5&#8243;][et_pb_column _builder_version=&#8221;4.7.7&#8243; _module_preset=&#8221;default&#8221; type=&#8221;2_5&#8243;][et_pb_image src=&#8221;http:\/\/www.e-rihs.it\/wp-content\/uploads\/2024\/04\/UltiMaker-S5.png&#8221; _builder_version=&#8221;4.7.7&#8243; _module_preset=&#8221;default&#8221; hover_enabled=&#8221;0&#8243; sticky_enabled=&#8221;0&#8243; title_text=&#8221;UltiMaker S5&#8243;][\/et_pb_image][\/et_pb_column][et_pb_column _builder_version=&#8221;4.7.7&#8243; _module_preset=&#8221;default&#8221; type=&#8221;3_5&#8243;][et_pb_text _builder_version=&#8221;4.7.7&#8243; _module_preset=&#8221;default&#8221; hover_enabled=&#8221;0&#8243; sticky_enabled=&#8221;0&#8243;]<\/p>\n<p><strong>LABORATORIO: CNR ISTI<\/strong><\/p>\n<p><strong><\/strong><\/p>\n<p><strong>NOME STRUMENTO<\/strong><\/p>\n<p>Ultimaker S5<\/p>\n<p>&nbsp;<\/p>\n<p><strong>INFORMAZIONI GENERALI<\/strong><\/p>\n<p>L&#8217;Ultimaker S5 \u00e8 una stampante 3D professionale che offre prestazioni avanzate e una buona qualit\u00e0 di stampa. Questa stampante desktop utilizza la tecnologia di stampa FFF o FDM (Fused Filament Fabrication o Fused Deposition Modeling). \u00c8 ideale per la stampa di oggetti a basso costo (il PLA ha un costo medio di 25\u20ac\/Kg).<br \/> Ultimaker S5 supporta una vasta gamma di materiali, compresi PLA, ABS, PETG, nylon e molti altri, offrendo una grande flessibilit\u00e0 nella scelta dei materiali di stampa.<br \/> Una caratteristica dell&#8217;Ultimaker S5 \u00e8 il suo sistema di estrusione a doppio ugello, che consente di stampare con due materiali diversi contemporaneamente, permettendo di produrre anche modelli bicolore con facilit\u00e0.<br \/> La sua area di stampa generosa consente di realizzare modelli di dimensioni considerevoli, con una dimensione massima di stampa di 330 x 240 x 300 mm.<\/p>\n<p>&nbsp;<\/p>\n<p><strong>DETTAGLI TECNICI<\/strong><\/p>\n<p>La generosa area di stampa dell\u2019Ultimaker S5 consente di stampare oggetti di grandi dimensioni o di realizzare pi\u00f9 parti in un&#8217;unica stampa.<\/p>\n<p>Il sistema di estrusione a doppio ugello consente, oltre alla stampa con pi\u00f9 materiali contemporaneamente, di utilizzare un ugello con una dimensione di apertura diversa per ottenere un equilibrio tra velocit\u00e0 di stampa e dettagli. Questa versatilit\u00e0 permette di produrre modelli complessi e multicolore con facilit\u00e0.<\/p>\n<p>La stampante \u00e8 dotata di un touchscreen a colori da 4,7 pollici che semplifica la navigazione attraverso il menu e l&#8217;impostazione dei parametri di stampa. Inoltre, l&#8217;Ultimaker S5 offre connettivit\u00e0 Wi-Fi e Ethernet, consentendo di inviare i file di stampa direttamente alla macchina da remoto. \u00c8 anche possibile monitorare lo stato di stampa in tempo reale tramite l&#8217;applicazione Ultimaker.<br \/> Per garantire risultati di stampa precisi e ripetibili, l&#8217;Ultimaker S5 \u00e8 dotata di un sistema di livellamento automatico del piano di stampa e di un sensore di rilevamento del filamento. Questo sensore interrompe la stampa in caso di esaurimento del filamento o di eventuali interruzioni, riducendo gli sprechi e migliorando l&#8217;affidabilit\u00e0 complessiva del processo di stampa.<\/p>\n<p>&nbsp;<\/p>\n<p>Referenti:<br \/>Alessandro Muntoni <a href=\"mailto:alessandro.muntoni@isti.cnr.it\">alessandro.muntoni@isti.cnr.it<\/a><br \/>Paolo Cignoni <a href=\"mailto:paolo.cignoni@isti.cnr.it\">paolo.cignoni@isti.cnr.it<\/a><\/p>\n<p>&nbsp;<\/p>\n<p><a href=\"http:\/\/www.e-rihs.it\/wp-content\/uploads\/2024\/04\/FIXLAB_EQUIPMENT_Ultimaker-S5_ita.pdf\" rel=\"attachment wp-att-7191\">Scarica la scheda completa<\/a><\/p>\n<p>[\/et_pb_text][\/et_pb_column][\/et_pb_row][\/et_pb_section]<\/p>\n","protected":false},"excerpt":{"rendered":"<p>LABORATORIO: CNR ISTI NOME STRUMENTO Ultimaker S5 &nbsp; INFORMAZIONI GENERALI L&#8217;Ultimaker S5 \u00e8 una stampante 3D professionale che offre prestazioni [&hellip;]<\/p>\n","protected":false},"author":17,"featured_media":0,"parent":0,"menu_order":0,"comment_status":"closed","ping_status":"closed","template":"","meta":{"_et_pb_use_builder":"on","_et_pb_old_content":"","_et_gb_content_width":"","footnotes":""},"class_list":["post-7188","page","type-page","status-publish","hentry"],"yoast_head":"<!-- This site is optimized with the Yoast SEO plugin v27.4 - https:\/\/yoast.com\/product\/yoast-seo-wordpress\/ -->\n<title>Ultimaker S5 | E-RIHS.it<\/title>\n<meta name=\"robots\" content=\"index, follow, max-snippet:-1, max-image-preview:large, max-video-preview:-1\" \/>\n<link rel=\"canonical\" href=\"https:\/\/www.e-rihs.it\/en\/ultimaker-s5-2\/\" \/>\n<meta property=\"og:locale\" content=\"en_GB\" \/>\n<meta property=\"og:type\" content=\"article\" \/>\n<meta property=\"og:title\" content=\"Ultimaker S5 | E-RIHS.it\" \/>\n<meta property=\"og:description\" content=\"LABORATORIO: CNR ISTI NOME STRUMENTO Ultimaker S5 &nbsp; INFORMAZIONI GENERALI L&#039;Ultimaker S5 \u00e8 una stampante 3D professionale che offre prestazioni [&hellip;]\" \/>\n<meta property=\"og:url\" content=\"https:\/\/www.e-rihs.it\/en\/ultimaker-s5-2\/\" \/>\n<meta property=\"og:site_name\" content=\"E-RIHS.it\" \/>\n<meta property=\"article:publisher\" content=\"https:\/\/www.facebook.com\/erihsIT\" \/>\n<meta name=\"twitter:card\" content=\"summary_large_image\" \/>\n<meta name=\"twitter:site\" content=\"@ErihsIt\" \/>\n<script type=\"application\/ld+json\" class=\"yoast-schema-graph\">{\"@context\":\"https:\\\/\\\/schema.org\",\"@graph\":[{\"@type\":\"WebPage\",\"@id\":\"https:\\\/\\\/www.e-rihs.it\\\/ultimaker-s5-2\\\/\",\"url\":\"https:\\\/\\\/www.e-rihs.it\\\/ultimaker-s5-2\\\/\",\"name\":\"Ultimaker S5 | E-RIHS.it\",\"isPartOf\":{\"@id\":\"https:\\\/\\\/www.e-rihs.it\\\/#website\"},\"datePublished\":\"2024-04-10T13:27:38+00:00\",\"breadcrumb\":{\"@id\":\"https:\\\/\\\/www.e-rihs.it\\\/ultimaker-s5-2\\\/#breadcrumb\"},\"inLanguage\":\"en-GB\",\"potentialAction\":[{\"@type\":\"ReadAction\",\"target\":[\"https:\\\/\\\/www.e-rihs.it\\\/ultimaker-s5-2\\\/\"]}]},{\"@type\":\"BreadcrumbList\",\"@id\":\"https:\\\/\\\/www.e-rihs.it\\\/ultimaker-s5-2\\\/#breadcrumb\",\"itemListElement\":[{\"@type\":\"ListItem\",\"position\":1,\"name\":\"Home\",\"item\":\"https:\\\/\\\/www.e-rihs.it\\\/\"},{\"@type\":\"ListItem\",\"position\":2,\"name\":\"Ultimaker S5\"}]},{\"@type\":\"WebSite\",\"@id\":\"https:\\\/\\\/www.e-rihs.it\\\/#website\",\"url\":\"https:\\\/\\\/www.e-rihs.it\\\/\",\"name\":\"E-RIHS.it\",\"description\":\"The Italian node of the European Research Infrastructure for Heritage Science\",\"publisher\":{\"@id\":\"https:\\\/\\\/www.e-rihs.it\\\/#organization\"},\"potentialAction\":[{\"@type\":\"SearchAction\",\"target\":{\"@type\":\"EntryPoint\",\"urlTemplate\":\"https:\\\/\\\/www.e-rihs.it\\\/?s={search_term_string}\"},\"query-input\":{\"@type\":\"PropertyValueSpecification\",\"valueRequired\":true,\"valueName\":\"search_term_string\"}}],\"inLanguage\":\"en-GB\"},{\"@type\":\"Organization\",\"@id\":\"https:\\\/\\\/www.e-rihs.it\\\/#organization\",\"name\":\"The Italian node of the European Research Infrastructure for Heritage Science\",\"url\":\"https:\\\/\\\/www.e-rihs.it\\\/\",\"logo\":{\"@type\":\"ImageObject\",\"inLanguage\":\"en-GB\",\"@id\":\"https:\\\/\\\/www.e-rihs.it\\\/#\\\/schema\\\/logo\\\/image\\\/\",\"url\":\"https:\\\/\\\/www.e-rihs.it\\\/wp-content\\\/uploads\\\/2018\\\/01\\\/e-rihsit-logo.png\",\"contentUrl\":\"https:\\\/\\\/www.e-rihs.it\\\/wp-content\\\/uploads\\\/2018\\\/01\\\/e-rihsit-logo.png\",\"width\":620,\"height\":107,\"caption\":\"The Italian node of the European Research Infrastructure for Heritage Science\"},\"image\":{\"@id\":\"https:\\\/\\\/www.e-rihs.it\\\/#\\\/schema\\\/logo\\\/image\\\/\"},\"sameAs\":[\"https:\\\/\\\/www.facebook.com\\\/erihsIT\",\"https:\\\/\\\/x.com\\\/ErihsIt\",\"https:\\\/\\\/www.youtube.com\\\/channel\\\/UC4h0G3wcxmlicWpoLUFmb-Q\"]}]}<\/script>\n<!-- \/ Yoast SEO plugin. -->","yoast_head_json":{"title":"Ultimaker S5 | E-RIHS.it","robots":{"index":"index","follow":"follow","max-snippet":"max-snippet:-1","max-image-preview":"max-image-preview:large","max-video-preview":"max-video-preview:-1"},"canonical":"https:\/\/www.e-rihs.it\/en\/ultimaker-s5-2\/","og_locale":"en_GB","og_type":"article","og_title":"Ultimaker S5 | E-RIHS.it","og_description":"LABORATORIO: CNR ISTI NOME STRUMENTO Ultimaker S5 &nbsp; INFORMAZIONI GENERALI L'Ultimaker S5 \u00e8 una stampante 3D professionale che offre prestazioni [&hellip;]","og_url":"https:\/\/www.e-rihs.it\/en\/ultimaker-s5-2\/","og_site_name":"E-RIHS.it","article_publisher":"https:\/\/www.facebook.com\/erihsIT","twitter_card":"summary_large_image","twitter_site":"@ErihsIt","schema":{"@context":"https:\/\/schema.org","@graph":[{"@type":"WebPage","@id":"https:\/\/www.e-rihs.it\/ultimaker-s5-2\/","url":"https:\/\/www.e-rihs.it\/ultimaker-s5-2\/","name":"Ultimaker S5 | E-RIHS.it","isPartOf":{"@id":"https:\/\/www.e-rihs.it\/#website"},"datePublished":"2024-04-10T13:27:38+00:00","breadcrumb":{"@id":"https:\/\/www.e-rihs.it\/ultimaker-s5-2\/#breadcrumb"},"inLanguage":"en-GB","potentialAction":[{"@type":"ReadAction","target":["https:\/\/www.e-rihs.it\/ultimaker-s5-2\/"]}]},{"@type":"BreadcrumbList","@id":"https:\/\/www.e-rihs.it\/ultimaker-s5-2\/#breadcrumb","itemListElement":[{"@type":"ListItem","position":1,"name":"Home","item":"https:\/\/www.e-rihs.it\/"},{"@type":"ListItem","position":2,"name":"Ultimaker S5"}]},{"@type":"WebSite","@id":"https:\/\/www.e-rihs.it\/#website","url":"https:\/\/www.e-rihs.it\/","name":"E-RIHS.it","description":"The Italian node of the European Research Infrastructure for Heritage Science","publisher":{"@id":"https:\/\/www.e-rihs.it\/#organization"},"potentialAction":[{"@type":"SearchAction","target":{"@type":"EntryPoint","urlTemplate":"https:\/\/www.e-rihs.it\/?s={search_term_string}"},"query-input":{"@type":"PropertyValueSpecification","valueRequired":true,"valueName":"search_term_string"}}],"inLanguage":"en-GB"},{"@type":"Organization","@id":"https:\/\/www.e-rihs.it\/#organization","name":"The Italian node of the European Research Infrastructure for Heritage Science","url":"https:\/\/www.e-rihs.it\/","logo":{"@type":"ImageObject","inLanguage":"en-GB","@id":"https:\/\/www.e-rihs.it\/#\/schema\/logo\/image\/","url":"https:\/\/www.e-rihs.it\/wp-content\/uploads\/2018\/01\/e-rihsit-logo.png","contentUrl":"https:\/\/www.e-rihs.it\/wp-content\/uploads\/2018\/01\/e-rihsit-logo.png","width":620,"height":107,"caption":"The Italian node of the European Research Infrastructure for Heritage Science"},"image":{"@id":"https:\/\/www.e-rihs.it\/#\/schema\/logo\/image\/"},"sameAs":["https:\/\/www.facebook.com\/erihsIT","https:\/\/x.com\/ErihsIt","https:\/\/www.youtube.com\/channel\/UC4h0G3wcxmlicWpoLUFmb-Q"]}]}},"_links":{"self":[{"href":"https:\/\/www.e-rihs.it\/en\/wp-json\/wp\/v2\/pages\/7188","targetHints":{"allow":["GET"]}}],"collection":[{"href":"https:\/\/www.e-rihs.it\/en\/wp-json\/wp\/v2\/pages"}],"about":[{"href":"https:\/\/www.e-rihs.it\/en\/wp-json\/wp\/v2\/types\/page"}],"author":[{"embeddable":true,"href":"https:\/\/www.e-rihs.it\/en\/wp-json\/wp\/v2\/users\/17"}],"replies":[{"embeddable":true,"href":"https:\/\/www.e-rihs.it\/en\/wp-json\/wp\/v2\/comments?post=7188"}],"version-history":[{"count":2,"href":"https:\/\/www.e-rihs.it\/en\/wp-json\/wp\/v2\/pages\/7188\/revisions"}],"predecessor-version":[{"id":7193,"href":"https:\/\/www.e-rihs.it\/en\/wp-json\/wp\/v2\/pages\/7188\/revisions\/7193"}],"wp:attachment":[{"href":"https:\/\/www.e-rihs.it\/en\/wp-json\/wp\/v2\/media?parent=7188"}],"curies":[{"name":"wp","href":"https:\/\/api.w.org\/{rel}","templated":true}]}}