{"id":7179,"date":"2024-04-10T14:08:04","date_gmt":"2024-04-10T13:08:04","guid":{"rendered":"http:\/\/www.e-rihs.it\/?page_id=7179"},"modified":"2024-04-10T14:16:36","modified_gmt":"2024-04-10T13:16:36","slug":"projet-mjp-2500-plus-2","status":"publish","type":"page","link":"https:\/\/www.e-rihs.it\/en\/projet-mjp-2500-plus-2\/","title":{"rendered":"ProJet MJP 2500 Plus"},"content":{"rendered":"<p>[et_pb_section fb_built=&#8221;1&#8243; _builder_version=&#8221;4.7.7&#8243; _module_preset=&#8221;default&#8221;][et_pb_row column_structure=&#8221;2_5,3_5&#8243; _builder_version=&#8221;4.7.7&#8243; _module_preset=&#8221;default&#8221;][et_pb_column type=&#8221;2_5&#8243; _builder_version=&#8221;4.7.7&#8243; _module_preset=&#8221;default&#8221;][et_pb_image src=&#8221;http:\/\/www.e-rihs.it\/wp-content\/uploads\/2024\/04\/ProJet-MJP-2500-Plus.png&#8221; title_text=&#8221;ProJet MJP 2500 Plus&#8221; _builder_version=&#8221;4.7.7&#8243; _module_preset=&#8221;default&#8221;][\/et_pb_image][\/et_pb_column][et_pb_column type=&#8221;3_5&#8243; _builder_version=&#8221;4.7.7&#8243; _module_preset=&#8221;default&#8221;][et_pb_text _builder_version=&#8221;4.7.7&#8243; _module_preset=&#8221;default&#8221; hover_enabled=&#8221;0&#8243; sticky_enabled=&#8221;0&#8243;]<\/p>\n<p><strong>LABORATORIO: CNR <\/strong><strong>ISTI<\/strong><\/p>\n<p><strong><\/strong><\/p>\n<p><strong>NOME STRUMENTO<\/strong><\/p>\n<p>ProJet MJP 2500 Plus<\/p>\n<p>&nbsp;<\/p>\n<p><strong>INFORMAZIONI GENERALI<\/strong><\/p>\n<p>La stampante 3D Projet MJP 2500 Plus \u00e8 un sistema di stampa ad alta precisione progettato per la produzione di modelli e prototipi con dettagli intricati e superfici lisce. \u00c8 ideale per una stampa ultra-dettagliata e ad altissima precisione di oggetti monocolore e che possono essere rigidi o flessibili (il prezzo medio dei materiali utilizzabili \u00e8 di 450\u20ac\/Kg).<br \/> Utilizza la tecnologia di stampa MultiJet Printing (MJP) che sfrutta la deposizione di materiali a base di resina fotosensibile strato dopo strato.<\/p>\n<p>La Projet MJP 2500 Plus offre un&#8217;ampia gamma di materiali compatibili, tra cui resine rigide, flessibili e trasparenti, consentendo di realizzare parti con diverse propriet\u00e0 meccaniche e ottiche.<\/p>\n<p>La sua area di stampa generosa consente di realizzare modelli di dimensioni considerevoli, con una dimensione massima di stampa di 294 x 211 x 144 mm, con una precisione di stampa che pu\u00f2 raggiungere fino a 16 micron.<br \/> La Projet MJP 2500 Plus \u00e8 utilizzata in diverse industrie, tra cui l&#8217;ingegneria, l&#8217;automotive, l&#8217;aerospaziale e il design. Grazie alla sua elevata precisione, versatilit\u00e0 e velocit\u00e0 di produzione, questa stampante 3D rappresenta una soluzione affidabile per la realizzazione di prototipi e parti complesse con dettagli e finiture di alta qualit\u00e0.<\/p>\n<p>&nbsp;<\/p>\n<p><strong>DETTAGLI TECNICI<\/strong><\/p>\n<p>La stampante 3D Projet MJP 2500 Plus \u00e8 dotata di un sistema di stampa avanzato che offre prestazioni e funzionalit\u00e0 di alta qualit\u00e0. La macchina utilizza una testina di stampa a getto d&#8217;inchiostro multi-materiale che pu\u00f2 essere configurata con diverse opzioni di materiali, tra cui resine rigide, flessibili e trasparenti.<\/p>\n<p>La Projet MJP 2500 Plus presenta una risoluzione di stampa di fino a 1600 x 900 x 790 DPI, ed \u00e8 capace di stampare in materiali tecnici di alta gamma, elastomerici o biocompatibili rigidi, resistenti alle alte temperature, trasparenti o in vari colori opachi.<\/p>\n<p>La Projet MJP 2500 Plus \u00e8 equipaggiata con il sistema MJP EasyClean, che ne permette la post-elaborazione semplificata. Questo permette di ottenere risultati privi di residui di materiali di supporto.<\/p>\n<p>&nbsp;<\/p>\n<p>Referenti:<br \/> Alessandro Muntoni <a href=\"mailto:alessandro.muntoni@isti.cnr.it\"><\/a><a href=\"mailto:alessandro.muntoni@isti.cnr.it\">alessandro.muntoni@isti.cnr.it\u00a0<\/a><br \/> Paolo Cignoni <a href=\"mailto:paolo.cignoni@isti.cnr.it\">paolo.cignoni@isti.cnr.it<\/a><\/p>\n<p>&nbsp;<\/p>\n<p><a href=\"http:\/\/www.e-rihs.it\/wp-content\/uploads\/2024\/04\/FIXLAB_EQUIPMENT_ProJet-MJP-2500-Plus_ita.pdf\" rel=\"attachment wp-att-7182\">Scarica la scheda completa<\/a><\/p>\n<p>&nbsp;<\/p>\n<p>[\/et_pb_text][\/et_pb_column][\/et_pb_row][\/et_pb_section]<\/p>\n","protected":false},"excerpt":{"rendered":"<p>LABORATORIO: CNR ISTI NOME STRUMENTO ProJet MJP 2500 Plus &nbsp; INFORMAZIONI GENERALI La stampante 3D Projet MJP 2500 Plus \u00e8 [&hellip;]<\/p>\n","protected":false},"author":17,"featured_media":0,"parent":0,"menu_order":0,"comment_status":"closed","ping_status":"closed","template":"","meta":{"_et_pb_use_builder":"on","_et_pb_old_content":"","_et_gb_content_width":"","footnotes":""},"class_list":["post-7179","page","type-page","status-publish","hentry"],"yoast_head":"<!-- This site is optimized with the Yoast SEO plugin v27.5 - https:\/\/yoast.com\/product\/yoast-seo-wordpress\/ -->\n<title>ProJet MJP 2500 Plus | E-RIHS.it<\/title>\n<meta name=\"robots\" content=\"index, follow, max-snippet:-1, max-image-preview:large, max-video-preview:-1\" \/>\n<link rel=\"canonical\" href=\"https:\/\/www.e-rihs.it\/en\/projet-mjp-2500-plus-2\/\" \/>\n<meta property=\"og:locale\" content=\"en_GB\" \/>\n<meta property=\"og:type\" content=\"article\" \/>\n<meta property=\"og:title\" content=\"ProJet MJP 2500 Plus | E-RIHS.it\" \/>\n<meta property=\"og:description\" content=\"LABORATORIO: CNR ISTI NOME STRUMENTO ProJet MJP 2500 Plus &nbsp; INFORMAZIONI GENERALI La stampante 3D Projet MJP 2500 Plus \u00e8 [&hellip;]\" \/>\n<meta property=\"og:url\" content=\"https:\/\/www.e-rihs.it\/en\/projet-mjp-2500-plus-2\/\" \/>\n<meta property=\"og:site_name\" content=\"E-RIHS.it\" \/>\n<meta property=\"article:publisher\" content=\"https:\/\/www.facebook.com\/erihsIT\" \/>\n<meta property=\"article:modified_time\" content=\"2024-04-10T13:16:36+00:00\" \/>\n<meta name=\"twitter:card\" content=\"summary_large_image\" \/>\n<meta name=\"twitter:site\" content=\"@ErihsIt\" \/>\n<script type=\"application\/ld+json\" class=\"yoast-schema-graph\">{\"@context\":\"https:\\\/\\\/schema.org\",\"@graph\":[{\"@type\":\"WebPage\",\"@id\":\"https:\\\/\\\/www.e-rihs.it\\\/projet-mjp-2500-plus-2\\\/\",\"url\":\"https:\\\/\\\/www.e-rihs.it\\\/projet-mjp-2500-plus-2\\\/\",\"name\":\"ProJet MJP 2500 Plus | E-RIHS.it\",\"isPartOf\":{\"@id\":\"https:\\\/\\\/www.e-rihs.it\\\/#website\"},\"datePublished\":\"2024-04-10T13:08:04+00:00\",\"dateModified\":\"2024-04-10T13:16:36+00:00\",\"breadcrumb\":{\"@id\":\"https:\\\/\\\/www.e-rihs.it\\\/projet-mjp-2500-plus-2\\\/#breadcrumb\"},\"inLanguage\":\"en-GB\",\"potentialAction\":[{\"@type\":\"ReadAction\",\"target\":[\"https:\\\/\\\/www.e-rihs.it\\\/projet-mjp-2500-plus-2\\\/\"]}]},{\"@type\":\"BreadcrumbList\",\"@id\":\"https:\\\/\\\/www.e-rihs.it\\\/projet-mjp-2500-plus-2\\\/#breadcrumb\",\"itemListElement\":[{\"@type\":\"ListItem\",\"position\":1,\"name\":\"Home\",\"item\":\"https:\\\/\\\/www.e-rihs.it\\\/\"},{\"@type\":\"ListItem\",\"position\":2,\"name\":\"ProJet MJP 2500 Plus\"}]},{\"@type\":\"WebSite\",\"@id\":\"https:\\\/\\\/www.e-rihs.it\\\/#website\",\"url\":\"https:\\\/\\\/www.e-rihs.it\\\/\",\"name\":\"E-RIHS.it\",\"description\":\"The Italian node of the European Research Infrastructure for Heritage Science\",\"publisher\":{\"@id\":\"https:\\\/\\\/www.e-rihs.it\\\/#organization\"},\"potentialAction\":[{\"@type\":\"SearchAction\",\"target\":{\"@type\":\"EntryPoint\",\"urlTemplate\":\"https:\\\/\\\/www.e-rihs.it\\\/?s={search_term_string}\"},\"query-input\":{\"@type\":\"PropertyValueSpecification\",\"valueRequired\":true,\"valueName\":\"search_term_string\"}}],\"inLanguage\":\"en-GB\"},{\"@type\":\"Organization\",\"@id\":\"https:\\\/\\\/www.e-rihs.it\\\/#organization\",\"name\":\"The Italian node of the European Research Infrastructure for Heritage Science\",\"url\":\"https:\\\/\\\/www.e-rihs.it\\\/\",\"logo\":{\"@type\":\"ImageObject\",\"inLanguage\":\"en-GB\",\"@id\":\"https:\\\/\\\/www.e-rihs.it\\\/#\\\/schema\\\/logo\\\/image\\\/\",\"url\":\"https:\\\/\\\/www.e-rihs.it\\\/wp-content\\\/uploads\\\/2018\\\/01\\\/e-rihsit-logo.png\",\"contentUrl\":\"https:\\\/\\\/www.e-rihs.it\\\/wp-content\\\/uploads\\\/2018\\\/01\\\/e-rihsit-logo.png\",\"width\":620,\"height\":107,\"caption\":\"The Italian node of the European Research Infrastructure for Heritage Science\"},\"image\":{\"@id\":\"https:\\\/\\\/www.e-rihs.it\\\/#\\\/schema\\\/logo\\\/image\\\/\"},\"sameAs\":[\"https:\\\/\\\/www.facebook.com\\\/erihsIT\",\"https:\\\/\\\/x.com\\\/ErihsIt\",\"https:\\\/\\\/www.youtube.com\\\/channel\\\/UC4h0G3wcxmlicWpoLUFmb-Q\"]}]}<\/script>\n<!-- \/ Yoast SEO plugin. -->","yoast_head_json":{"title":"ProJet MJP 2500 Plus | E-RIHS.it","robots":{"index":"index","follow":"follow","max-snippet":"max-snippet:-1","max-image-preview":"max-image-preview:large","max-video-preview":"max-video-preview:-1"},"canonical":"https:\/\/www.e-rihs.it\/en\/projet-mjp-2500-plus-2\/","og_locale":"en_GB","og_type":"article","og_title":"ProJet MJP 2500 Plus | E-RIHS.it","og_description":"LABORATORIO: CNR ISTI NOME STRUMENTO ProJet MJP 2500 Plus &nbsp; INFORMAZIONI GENERALI La stampante 3D Projet MJP 2500 Plus \u00e8 [&hellip;]","og_url":"https:\/\/www.e-rihs.it\/en\/projet-mjp-2500-plus-2\/","og_site_name":"E-RIHS.it","article_publisher":"https:\/\/www.facebook.com\/erihsIT","article_modified_time":"2024-04-10T13:16:36+00:00","twitter_card":"summary_large_image","twitter_site":"@ErihsIt","schema":{"@context":"https:\/\/schema.org","@graph":[{"@type":"WebPage","@id":"https:\/\/www.e-rihs.it\/projet-mjp-2500-plus-2\/","url":"https:\/\/www.e-rihs.it\/projet-mjp-2500-plus-2\/","name":"ProJet MJP 2500 Plus | E-RIHS.it","isPartOf":{"@id":"https:\/\/www.e-rihs.it\/#website"},"datePublished":"2024-04-10T13:08:04+00:00","dateModified":"2024-04-10T13:16:36+00:00","breadcrumb":{"@id":"https:\/\/www.e-rihs.it\/projet-mjp-2500-plus-2\/#breadcrumb"},"inLanguage":"en-GB","potentialAction":[{"@type":"ReadAction","target":["https:\/\/www.e-rihs.it\/projet-mjp-2500-plus-2\/"]}]},{"@type":"BreadcrumbList","@id":"https:\/\/www.e-rihs.it\/projet-mjp-2500-plus-2\/#breadcrumb","itemListElement":[{"@type":"ListItem","position":1,"name":"Home","item":"https:\/\/www.e-rihs.it\/"},{"@type":"ListItem","position":2,"name":"ProJet MJP 2500 Plus"}]},{"@type":"WebSite","@id":"https:\/\/www.e-rihs.it\/#website","url":"https:\/\/www.e-rihs.it\/","name":"E-RIHS.it","description":"The Italian node of the European Research Infrastructure for Heritage Science","publisher":{"@id":"https:\/\/www.e-rihs.it\/#organization"},"potentialAction":[{"@type":"SearchAction","target":{"@type":"EntryPoint","urlTemplate":"https:\/\/www.e-rihs.it\/?s={search_term_string}"},"query-input":{"@type":"PropertyValueSpecification","valueRequired":true,"valueName":"search_term_string"}}],"inLanguage":"en-GB"},{"@type":"Organization","@id":"https:\/\/www.e-rihs.it\/#organization","name":"The Italian node of the European Research Infrastructure for Heritage Science","url":"https:\/\/www.e-rihs.it\/","logo":{"@type":"ImageObject","inLanguage":"en-GB","@id":"https:\/\/www.e-rihs.it\/#\/schema\/logo\/image\/","url":"https:\/\/www.e-rihs.it\/wp-content\/uploads\/2018\/01\/e-rihsit-logo.png","contentUrl":"https:\/\/www.e-rihs.it\/wp-content\/uploads\/2018\/01\/e-rihsit-logo.png","width":620,"height":107,"caption":"The Italian node of the European Research Infrastructure for Heritage Science"},"image":{"@id":"https:\/\/www.e-rihs.it\/#\/schema\/logo\/image\/"},"sameAs":["https:\/\/www.facebook.com\/erihsIT","https:\/\/x.com\/ErihsIt","https:\/\/www.youtube.com\/channel\/UC4h0G3wcxmlicWpoLUFmb-Q"]}]}},"_links":{"self":[{"href":"https:\/\/www.e-rihs.it\/en\/wp-json\/wp\/v2\/pages\/7179","targetHints":{"allow":["GET"]}}],"collection":[{"href":"https:\/\/www.e-rihs.it\/en\/wp-json\/wp\/v2\/pages"}],"about":[{"href":"https:\/\/www.e-rihs.it\/en\/wp-json\/wp\/v2\/types\/page"}],"author":[{"embeddable":true,"href":"https:\/\/www.e-rihs.it\/en\/wp-json\/wp\/v2\/users\/17"}],"replies":[{"embeddable":true,"href":"https:\/\/www.e-rihs.it\/en\/wp-json\/wp\/v2\/comments?post=7179"}],"version-history":[{"count":3,"href":"https:\/\/www.e-rihs.it\/en\/wp-json\/wp\/v2\/pages\/7179\/revisions"}],"predecessor-version":[{"id":7186,"href":"https:\/\/www.e-rihs.it\/en\/wp-json\/wp\/v2\/pages\/7179\/revisions\/7186"}],"wp:attachment":[{"href":"https:\/\/www.e-rihs.it\/en\/wp-json\/wp\/v2\/media?parent=7179"}],"curies":[{"name":"wp","href":"https:\/\/api.w.org\/{rel}","templated":true}]}}