{"id":7157,"date":"2024-04-10T10:17:35","date_gmt":"2024-04-10T09:17:35","guid":{"rendered":"http:\/\/www.e-rihs.it\/?page_id=7157"},"modified":"2024-04-10T11:43:24","modified_gmt":"2024-04-10T10:43:24","slug":"formlabs-form-3bl-2","status":"publish","type":"page","link":"https:\/\/www.e-rihs.it\/en\/formlabs-form-3bl-2\/","title":{"rendered":"FormLabs Form 3BL"},"content":{"rendered":"<p>[et_pb_section fb_built=&#8221;1&#8243; _builder_version=&#8221;4.7.7&#8243; _module_preset=&#8221;default&#8221;][et_pb_row column_structure=&#8221;2_5,3_5&#8243; _builder_version=&#8221;4.7.7&#8243; _module_preset=&#8221;default&#8221;][et_pb_column type=&#8221;2_5&#8243; _builder_version=&#8221;4.7.7&#8243; _module_preset=&#8221;default&#8221;][et_pb_image src=&#8221;http:\/\/www.e-rihs.it\/wp-content\/uploads\/2024\/04\/FormLabs-Form-3BL.jpg&#8221; title_text=&#8221;FormLabs Form 3BL&#8221; _builder_version=&#8221;4.7.7&#8243; _module_preset=&#8221;default&#8221;][\/et_pb_image][\/et_pb_column][et_pb_column type=&#8221;3_5&#8243; _builder_version=&#8221;4.7.7&#8243; _module_preset=&#8221;default&#8221;][et_pb_text _builder_version=&#8221;4.7.7&#8243; _module_preset=&#8221;default&#8221; hover_enabled=&#8221;0&#8243; sticky_enabled=&#8221;0&#8243;]<\/p>\n<p><strong>LABORATORIO: CNR ISTI<\/strong><\/p>\n<p><strong><\/strong><\/p>\n<p><strong>NOME STRUMENTO<\/strong><\/p>\n<p>FormLabs Form 3BL<\/p>\n<p>&nbsp;<\/p>\n<p><strong>INFORMAZIONI GENERALI<\/strong><\/p>\n<p>La stampante 3D FormLabs Form 3BL \u00e8 un sistema avanzato di stampa 3D che utilizza la tecnologia di stereolitografia (SLA), la Form 3BL \u00e8 in grado di creare oggetti con ottima precisione e definizione dei dettagli. \u00c8 ideale per la stampa di oggetti monocolore con ottimi dettagli a medio costo (i materiali hanno un costo medio di 180\u20ac\/Kg).<\/p>\n<p>La Form 3BL utilizza una resina fotosensibile come materiale di stampa. Durante il processo di stampa, uno speciale laser indirizzato dalla stampante viene utilizzato per indurire strato dopo strato la resina liquida. Una volta che uno strato \u00e8 stato indurito, il piano di costruzione si abbassa di un piccolo valore e un nuovo strato di resina viene applicato sopra di esso. Questo ciclo si ripete fino a quando l&#8217;oggetto \u00e8 completamente stampato.<\/p>\n<p>Grazie alla sua alta precisione di stampa, la Form 3BL \u00e8 in grado di creare modelli con dettagli intricati e superfici lisce. Inoltre, la stampante offre una vasta gamma di opzioni di materiale, consentendo agli utenti di stampare con resine specializzate per diverse applicazioni. Ci\u00f2 include resine flessibili, resine resistenti agli agenti chimici e resine trasparenti.<\/p>\n<p>La Form 3BL \u00e8 dotata di un&#8217;interfaccia utente intuitiva che consente agli utenti di controllare facilmente il processo di stampa. \u00c8 possibile caricare i file di stampa nell&#8217;unit\u00e0 tramite una connessione USB o tramite una connessione di rete. La stampante pu\u00f2 essere monitorata e controllata anche da remoto utilizzando un&#8217;applicazione dedicata.<\/p>\n<p>Grazie alla sua affidabilit\u00e0 e facilit\u00e0 d&#8217;uso, la FormLabs Form 3BL \u00e8 ampiamente utilizzata in settori come l&#8217;ingegneria, l&#8217;architettura, il design e la produzione di prototipi. Consente agli utenti di trasformare rapidamente le loro idee in modelli fisici, accelerando il processo di sviluppo e riducendo i costi di produzione.<\/p>\n<p>&nbsp;<\/p>\n<p><strong>DETTAGLI TECNICI<\/strong><\/p>\n<p>La stampante 3D Formlabs 3BL utilizza la tecnologia di stereolitografia (SLA) per la produzione di modelli tridimensionali ad alta precisione. Dotata di un laser a stato solido ad alta potenza, la Formlabs 3BL \u00e8 in grado di indurire strato dopo strato di resina fotosensibile, garantendo precisione e qualit\u00e0 dell\u2019oggetto stampato.<\/p>\n<p>La risoluzione di stampa della Formlabs 3BL raggiunge i 25 micron, ed \u00e8 dotata di una camera di stampa di 33.5 \u00d7 20 \u00d7 32 cm, consentendo la produzione di oggetti di dimensioni significative.<\/p>\n<p>La Formlabs 3BL supporta una vasta gamma di resine Formlabs, tra cui resine rigide, flessibili, trasparenti e biocompatibili. Ci\u00f2 offre agli utenti una maggiore flessibilit\u00e0 nella scelta dei materiali in base alle specifiche esigenze del progetto.<br \/> La Formlabs 3BL \u00e8 caratterizzata da un sistema di post-elaborazione efficiente. Utilizzando il sistema di supporto a scorrimento estraibile, \u00e8 possibile rimuovere facilmente i supporti di stampa in modo rapido e senza danneggiare il modello finale.<br \/> La post-elaborazione \u00e8 effettuata con le macchine Form Wash L e Form Cure L, che permettono rispettivamente di rimuovere i residui di resina delle parti stampate e la polimerizzazione finale dell\u2019oggetto in modo uniforme e specifica in base al materiale utilizzato.<\/p>\n<p>&nbsp;<\/p>\n<p>Referenti:<br \/> Alessandro Muntoni <a href=\"mailto:alessandro.muntoni@isti.cnr.it\">alessandro.muntoni@isti.cnr.it<br \/> <\/a>Paolo Cignoni <a href=\"mailto:paolo.cignoni@isti.cnr.it\">paolo.cignoni@isti.cnr.it<\/a><\/p>\n<p>&nbsp;<\/p>\n<p><a href=\"http:\/\/www.e-rihs.it\/wp-content\/uploads\/2024\/04\/FIXLAB_EQUIPMENT_ProJet-CJP-860Pro_ita-1.pdf\" rel=\"attachment wp-att-7176\">Scarica la scheda completa<\/a><\/p>\n<p>[\/et_pb_text][\/et_pb_column][\/et_pb_row][\/et_pb_section]<\/p>\n","protected":false},"excerpt":{"rendered":"<p>LABORATORIO: CNR ISTI NOME STRUMENTO FormLabs Form 3BL &nbsp; INFORMAZIONI GENERALI La stampante 3D FormLabs Form 3BL \u00e8 un sistema [&hellip;]<\/p>\n","protected":false},"author":17,"featured_media":0,"parent":0,"menu_order":0,"comment_status":"closed","ping_status":"closed","template":"","meta":{"_et_pb_use_builder":"on","_et_pb_old_content":"","_et_gb_content_width":"","footnotes":""},"class_list":["post-7157","page","type-page","status-publish"],"yoast_head":"<!-- This site is optimized with the Yoast SEO plugin v27.0 - https:\/\/yoast.com\/product\/yoast-seo-wordpress\/ -->\n<title>FormLabs Form 3BL | E-RIHS.it<\/title>\n<meta name=\"robots\" content=\"index, follow, max-snippet:-1, max-image-preview:large, max-video-preview:-1\" \/>\n<link rel=\"canonical\" href=\"https:\/\/www.e-rihs.it\/en\/formlabs-form-3bl-2\/\" \/>\n<meta property=\"og:locale\" content=\"en_GB\" \/>\n<meta property=\"og:type\" content=\"article\" \/>\n<meta property=\"og:title\" content=\"FormLabs Form 3BL | E-RIHS.it\" \/>\n<meta property=\"og:description\" content=\"LABORATORIO: CNR ISTI NOME STRUMENTO FormLabs Form 3BL &nbsp; INFORMAZIONI GENERALI La stampante 3D FormLabs Form 3BL \u00e8 un sistema [&hellip;]\" \/>\n<meta property=\"og:url\" content=\"https:\/\/www.e-rihs.it\/en\/formlabs-form-3bl-2\/\" \/>\n<meta property=\"og:site_name\" content=\"E-RIHS.it\" \/>\n<meta property=\"article:publisher\" content=\"https:\/\/www.facebook.com\/erihsIT\" \/>\n<meta property=\"article:modified_time\" content=\"2024-04-10T10:43:24+00:00\" \/>\n<meta name=\"twitter:card\" content=\"summary_large_image\" \/>\n<meta name=\"twitter:site\" content=\"@ErihsIt\" \/>\n<script type=\"application\/ld+json\" class=\"yoast-schema-graph\">{\"@context\":\"https:\/\/schema.org\",\"@graph\":[{\"@type\":\"WebPage\",\"@id\":\"https:\/\/www.e-rihs.it\/en\/formlabs-form-3bl-2\/\",\"url\":\"https:\/\/www.e-rihs.it\/en\/formlabs-form-3bl-2\/\",\"name\":\"FormLabs Form 3BL | E-RIHS.it\",\"isPartOf\":{\"@id\":\"https:\/\/www.e-rihs.it\/#website\"},\"datePublished\":\"2024-04-10T09:17:35+00:00\",\"dateModified\":\"2024-04-10T10:43:24+00:00\",\"breadcrumb\":{\"@id\":\"https:\/\/www.e-rihs.it\/en\/formlabs-form-3bl-2\/#breadcrumb\"},\"inLanguage\":\"en-GB\",\"potentialAction\":[{\"@type\":\"ReadAction\",\"target\":[\"https:\/\/www.e-rihs.it\/en\/formlabs-form-3bl-2\/\"]}]},{\"@type\":\"BreadcrumbList\",\"@id\":\"https:\/\/www.e-rihs.it\/en\/formlabs-form-3bl-2\/#breadcrumb\",\"itemListElement\":[{\"@type\":\"ListItem\",\"position\":1,\"name\":\"Home\",\"item\":\"https:\/\/www.e-rihs.it\/\"},{\"@type\":\"ListItem\",\"position\":2,\"name\":\"FormLabs Form 3BL\"}]},{\"@type\":\"WebSite\",\"@id\":\"https:\/\/www.e-rihs.it\/#website\",\"url\":\"https:\/\/www.e-rihs.it\/\",\"name\":\"E-RIHS.it\",\"description\":\"The Italian node of the European Research Infrastructure for Heritage Science\",\"publisher\":{\"@id\":\"https:\/\/www.e-rihs.it\/#organization\"},\"potentialAction\":[{\"@type\":\"SearchAction\",\"target\":{\"@type\":\"EntryPoint\",\"urlTemplate\":\"https:\/\/www.e-rihs.it\/?s={search_term_string}\"},\"query-input\":{\"@type\":\"PropertyValueSpecification\",\"valueRequired\":true,\"valueName\":\"search_term_string\"}}],\"inLanguage\":\"en-GB\"},{\"@type\":\"Organization\",\"@id\":\"https:\/\/www.e-rihs.it\/#organization\",\"name\":\"The Italian node of the European Research Infrastructure for Heritage Science\",\"url\":\"https:\/\/www.e-rihs.it\/\",\"logo\":{\"@type\":\"ImageObject\",\"inLanguage\":\"en-GB\",\"@id\":\"https:\/\/www.e-rihs.it\/#\/schema\/logo\/image\/\",\"url\":\"https:\/\/www.e-rihs.it\/wp-content\/uploads\/2018\/01\/e-rihsit-logo.png\",\"contentUrl\":\"https:\/\/www.e-rihs.it\/wp-content\/uploads\/2018\/01\/e-rihsit-logo.png\",\"width\":620,\"height\":107,\"caption\":\"The Italian node of the European Research Infrastructure for Heritage Science\"},\"image\":{\"@id\":\"https:\/\/www.e-rihs.it\/#\/schema\/logo\/image\/\"},\"sameAs\":[\"https:\/\/www.facebook.com\/erihsIT\",\"https:\/\/x.com\/ErihsIt\",\"https:\/\/www.youtube.com\/channel\/UC4h0G3wcxmlicWpoLUFmb-Q\"]}]}<\/script>\n<!-- \/ Yoast SEO plugin. -->","yoast_head_json":{"title":"FormLabs Form 3BL | E-RIHS.it","robots":{"index":"index","follow":"follow","max-snippet":"max-snippet:-1","max-image-preview":"max-image-preview:large","max-video-preview":"max-video-preview:-1"},"canonical":"https:\/\/www.e-rihs.it\/en\/formlabs-form-3bl-2\/","og_locale":"en_GB","og_type":"article","og_title":"FormLabs Form 3BL | E-RIHS.it","og_description":"LABORATORIO: CNR ISTI NOME STRUMENTO FormLabs Form 3BL &nbsp; INFORMAZIONI GENERALI La stampante 3D FormLabs Form 3BL \u00e8 un sistema [&hellip;]","og_url":"https:\/\/www.e-rihs.it\/en\/formlabs-form-3bl-2\/","og_site_name":"E-RIHS.it","article_publisher":"https:\/\/www.facebook.com\/erihsIT","article_modified_time":"2024-04-10T10:43:24+00:00","twitter_card":"summary_large_image","twitter_site":"@ErihsIt","schema":{"@context":"https:\/\/schema.org","@graph":[{"@type":"WebPage","@id":"https:\/\/www.e-rihs.it\/en\/formlabs-form-3bl-2\/","url":"https:\/\/www.e-rihs.it\/en\/formlabs-form-3bl-2\/","name":"FormLabs Form 3BL | E-RIHS.it","isPartOf":{"@id":"https:\/\/www.e-rihs.it\/#website"},"datePublished":"2024-04-10T09:17:35+00:00","dateModified":"2024-04-10T10:43:24+00:00","breadcrumb":{"@id":"https:\/\/www.e-rihs.it\/en\/formlabs-form-3bl-2\/#breadcrumb"},"inLanguage":"en-GB","potentialAction":[{"@type":"ReadAction","target":["https:\/\/www.e-rihs.it\/en\/formlabs-form-3bl-2\/"]}]},{"@type":"BreadcrumbList","@id":"https:\/\/www.e-rihs.it\/en\/formlabs-form-3bl-2\/#breadcrumb","itemListElement":[{"@type":"ListItem","position":1,"name":"Home","item":"https:\/\/www.e-rihs.it\/"},{"@type":"ListItem","position":2,"name":"FormLabs Form 3BL"}]},{"@type":"WebSite","@id":"https:\/\/www.e-rihs.it\/#website","url":"https:\/\/www.e-rihs.it\/","name":"E-RIHS.it","description":"The Italian node of the European Research Infrastructure for Heritage Science","publisher":{"@id":"https:\/\/www.e-rihs.it\/#organization"},"potentialAction":[{"@type":"SearchAction","target":{"@type":"EntryPoint","urlTemplate":"https:\/\/www.e-rihs.it\/?s={search_term_string}"},"query-input":{"@type":"PropertyValueSpecification","valueRequired":true,"valueName":"search_term_string"}}],"inLanguage":"en-GB"},{"@type":"Organization","@id":"https:\/\/www.e-rihs.it\/#organization","name":"The Italian node of the European Research Infrastructure for Heritage Science","url":"https:\/\/www.e-rihs.it\/","logo":{"@type":"ImageObject","inLanguage":"en-GB","@id":"https:\/\/www.e-rihs.it\/#\/schema\/logo\/image\/","url":"https:\/\/www.e-rihs.it\/wp-content\/uploads\/2018\/01\/e-rihsit-logo.png","contentUrl":"https:\/\/www.e-rihs.it\/wp-content\/uploads\/2018\/01\/e-rihsit-logo.png","width":620,"height":107,"caption":"The Italian node of the European Research Infrastructure for Heritage Science"},"image":{"@id":"https:\/\/www.e-rihs.it\/#\/schema\/logo\/image\/"},"sameAs":["https:\/\/www.facebook.com\/erihsIT","https:\/\/x.com\/ErihsIt","https:\/\/www.youtube.com\/channel\/UC4h0G3wcxmlicWpoLUFmb-Q"]}]}},"_links":{"self":[{"href":"https:\/\/www.e-rihs.it\/en\/wp-json\/wp\/v2\/pages\/7157","targetHints":{"allow":["GET"]}}],"collection":[{"href":"https:\/\/www.e-rihs.it\/en\/wp-json\/wp\/v2\/pages"}],"about":[{"href":"https:\/\/www.e-rihs.it\/en\/wp-json\/wp\/v2\/types\/page"}],"author":[{"embeddable":true,"href":"https:\/\/www.e-rihs.it\/en\/wp-json\/wp\/v2\/users\/17"}],"replies":[{"embeddable":true,"href":"https:\/\/www.e-rihs.it\/en\/wp-json\/wp\/v2\/comments?post=7157"}],"version-history":[{"count":3,"href":"https:\/\/www.e-rihs.it\/en\/wp-json\/wp\/v2\/pages\/7157\/revisions"}],"predecessor-version":[{"id":7177,"href":"https:\/\/www.e-rihs.it\/en\/wp-json\/wp\/v2\/pages\/7157\/revisions\/7177"}],"wp:attachment":[{"href":"https:\/\/www.e-rihs.it\/en\/wp-json\/wp\/v2\/media?parent=7157"}],"curies":[{"name":"wp","href":"https:\/\/api.w.org\/{rel}","templated":true}]}}