{"id":7140,"date":"2024-04-10T09:42:54","date_gmt":"2024-04-10T08:42:54","guid":{"rendered":"http:\/\/www.e-rihs.it\/?page_id=7140"},"modified":"2024-04-10T09:43:21","modified_gmt":"2024-04-10T08:43:21","slug":"c14-scar","status":"publish","type":"page","link":"https:\/\/www.e-rihs.it\/en\/c14-scar\/","title":{"rendered":"C14-SCAR"},"content":{"rendered":"<p>[et_pb_section fb_built=&#8221;1&#8243; _builder_version=&#8221;4.7.7&#8243; _module_preset=&#8221;default&#8221;][et_pb_row _builder_version=&#8221;4.7.7&#8243; _module_preset=&#8221;default&#8221; column_structure=&#8221;2_5,3_5&#8243;][et_pb_column _builder_version=&#8221;4.7.7&#8243; _module_preset=&#8221;default&#8221; type=&#8221;2_5&#8243;][et_pb_image src=&#8221;http:\/\/www.e-rihs.it\/wp-content\/uploads\/2024\/04\/C14-SCAR_.jpg&#8221; _builder_version=&#8221;4.7.7&#8243; _module_preset=&#8221;default&#8221; title_text=&#8221;C14-SCAR_&#8221; hover_enabled=&#8221;0&#8243; sticky_enabled=&#8221;0&#8243;][\/et_pb_image][\/et_pb_column][et_pb_column _builder_version=&#8221;4.7.7&#8243; _module_preset=&#8221;default&#8221; type=&#8221;3_5&#8243;][et_pb_text _builder_version=&#8221;4.7.7&#8243; _module_preset=&#8221;default&#8221; hover_enabled=&#8221;0&#8243; sticky_enabled=&#8221;0&#8243;]<\/p>\n<p><strong>LABORATORIO: CNR INO<\/strong><\/p>\n<p><strong><\/strong><\/p>\n<p><strong><\/strong><\/p>\n<p><strong>NOME STRUMENTO<\/strong><\/p>\n<p>C14-SCAR<\/p>\n<p>&nbsp;<\/p>\n<p><strong>INFORMAZIONI GENERALI<\/strong><\/p>\n<p>Il C14-SCAR \u00e8 uno spettrometro progettato per la rilevazione di gas in tracce mediante spettroscopia laser che sfrutta la tecnica di cavity ring-down (CRD) nel regime di assorbimento saturato (SCAR). Il dispositivo \u00e8 in grado di identificare il radiocarbonio presente in campioni di anidride carbonica gassosa. La precisione ottenuta con 30 minuti di misure mediate pu\u00f2 avvicinarsi al 1% del contenuto di carbonio moderno (1 pMC), e il suo intervallo dinamico supera i 5 ordini di grandezza. Il tempo di preparazione standard per ogni campione \u00e8 di circa 30 minuti.<\/p>\n<p>La tecnica CRD prevede l\u2019indirizzamento di un fascio laser in un risonatore ad alta finesse. Una volta raggiunto un determinato livello di caricamento di luce in cavit\u00e0, il laser viene rapidamente spento, e viene rivelato il decadimento esponenziale della luce che esce dalla cavit\u00e0. La costante di tempo del decadimento \u00e8 legata alle perdite nella cavit\u00e0. In una cavit\u00e0 vuota, le perdite sono dovute solo agli specchi; tuttavia, se \u00e8 presente un gas assorbente, il tempo di decadimento \u00e8 pi\u00f9 breve. Confrontando i tassi di decadimento tra una cavit\u00e0 piena e una vuota, \u00e8 possibile determinare la concentrazione della specie assorbente all&#8217;interno della cavit\u00e0.<\/p>\n<p>C14-SCAR pu\u00f2 essere usato per la datazione al radiocarbonio, metodo che fornisce la stima dell\u2019et\u00e0 di materiali a base di carbonio. L\u2019et\u00e0 pu\u00f2 essere stimata misurando la quantit\u00e0 di cabonio-14 presente in campioni attraverso la sua comparazione con uno standard di riferimento internazionale. I campioni che sono stati datati dall\u2019introduzione del metodo includono carbone, legno, semi, ossa, conchiglie, pelle, suolo, capelli, ceramica, polline, pitture murali, coralli, tessuti, carta o pergamena, resine.<\/p>\n<p>&nbsp;<\/p>\n<p><strong>DETTAGLI TECNICI<\/strong><\/p>\n<p>Il sistema C14-SCAR fornito dalla Seconda Unit\u00e0 a Pozzuoli del CNR-INO opera con due laser a cascata quantica (QCL) che emettono circa 100mW a 4.5\u00b5m. Entrambi i laser sono alimentati da alimentatori di corrente a ultra-basso rumore e sono protetti da feedback attraverso isolatori ottici. Il primo laser, utilizzato per eseguire il cavity ring-down (CRD), \u00e8 accoppiato alla cavit\u00e0 ad alta finesse e viene bloccato alla cavit\u00e0, per una stabilit\u00e0 ottimale della risonanza, tramite la tecnica Pound-Drever-Hall. Per riferire il primo laser alla frequenza assoluta del secondo, viene rilevata la nota di battimento tra i due laser, mantenuta a una frequenza costante da un circuito di feedback che controlla la lunghezza della cavit\u00e0. Un modulatore acusto-ottico (AOM) assicura lo spegnimento completo del raggio laser per avviare ogni evento di ring-down della cavit\u00e0.<\/p>\n<p>La cavit\u00e0 ottica \u00e8 dotata di un sistema di vuoto per caricare e scaricare il gas da misurare, raccordi multipli per collegare manometri e una pompa a vuoto, ed \u00e8 equipaggiata con 8 termistori per la misurazione della temperatura, monitorati da un monitor multisensore. Progettata per operare a temperature inferiori a 170 K grazie all&#8217;alta isolazione termica dall&#8217;ambiente esterno, \u00e8 collegata a un criocooler e presenta specchi altamente riflettenti che assicurano una finesse ottica &gt; 100.000.<\/p>\n<p>Il raggio laser che fuoriesce dalla cavit\u00e0 durante ciascun evento di CRD \u00e8 rilevato da un fotodiodo al mid-IR raffreddato termoelettricamente. Il fotocorrente \u00e8 elaborato da un preamplificatore transimpedenza e inviato a un oscilloscopio digitale ad alta risoluzione (22 bit, 1 MS\/s) all&#8217;interno di un&#8217;architettura PXI, che include moduli aggiuntivi.<\/p>\n<p>Un criocooler Joule-Thomson, refrigerato ad acqua, a bassa vibrazione raffredda la cella di misurazione a 170 K. Un chiller termoelettrico fornisce acqua fredda in circolazione per raffreddare il criocooler, l&#8217;AOM e il suo driver RF.<\/p>\n<p>Lo strumento C14-SCAR \u00e8 fornito con un software basato su GUI LabVIEW per il controllo dello strumento, l&#8217;acquisizione del segnale e l&#8217;analisi del segnale.<\/p>\n<p>&nbsp;<\/p>\n<p>Referenti:<\/p>\n<p>M. Giulia Delli Santi\u00a0<a href=\"mailto:mariagiulia.dellisanti@ino.cnr.it\">mariagiulia.dellisanti@ino.cnr.it<br \/> <\/a>Pasquale Maddaloni <a href=\"mailto:pasquale.maddaloni@ino.cnr.it\">pasquale.maddaloni@ino.cnr.it<\/a><\/p>\n<p>&nbsp;<\/p>\n<p><a href=\"http:\/\/www.e-rihs.it\/wp-content\/uploads\/2024\/04\/FIXLAB_EQUIPMENT_INO_SCAR_ita.pdf\" rel=\"attachment wp-att-7143\">Scarica la scheda completa<\/a><\/p>\n<p>[\/et_pb_text][\/et_pb_column][\/et_pb_row][\/et_pb_section]<\/p>\n","protected":false},"excerpt":{"rendered":"<p>LABORATORIO: CNR INO NOME STRUMENTO C14-SCAR &nbsp; INFORMAZIONI GENERALI Il C14-SCAR \u00e8 uno spettrometro progettato per la rilevazione di gas [&hellip;]<\/p>\n","protected":false},"author":17,"featured_media":0,"parent":0,"menu_order":0,"comment_status":"closed","ping_status":"closed","template":"","meta":{"_et_pb_use_builder":"on","_et_pb_old_content":"","_et_gb_content_width":"","footnotes":""},"class_list":["post-7140","page","type-page","status-publish","hentry"],"yoast_head":"<!-- This site is optimized with the Yoast SEO plugin v27.5 - https:\/\/yoast.com\/product\/yoast-seo-wordpress\/ -->\n<title>C14-SCAR | E-RIHS.it<\/title>\n<meta name=\"robots\" content=\"index, follow, max-snippet:-1, max-image-preview:large, max-video-preview:-1\" \/>\n<link rel=\"canonical\" href=\"https:\/\/www.e-rihs.it\/en\/c14-scar\/\" \/>\n<meta property=\"og:locale\" content=\"en_GB\" \/>\n<meta property=\"og:type\" content=\"article\" \/>\n<meta property=\"og:title\" content=\"C14-SCAR | E-RIHS.it\" \/>\n<meta property=\"og:description\" content=\"LABORATORIO: CNR INO NOME STRUMENTO C14-SCAR &nbsp; INFORMAZIONI GENERALI Il C14-SCAR \u00e8 uno spettrometro progettato per la rilevazione di gas [&hellip;]\" \/>\n<meta property=\"og:url\" content=\"https:\/\/www.e-rihs.it\/en\/c14-scar\/\" \/>\n<meta property=\"og:site_name\" content=\"E-RIHS.it\" \/>\n<meta property=\"article:publisher\" content=\"https:\/\/www.facebook.com\/erihsIT\" \/>\n<meta property=\"article:modified_time\" content=\"2024-04-10T08:43:21+00:00\" \/>\n<meta name=\"twitter:card\" content=\"summary_large_image\" \/>\n<meta name=\"twitter:site\" content=\"@ErihsIt\" \/>\n<script type=\"application\/ld+json\" class=\"yoast-schema-graph\">{\"@context\":\"https:\\\/\\\/schema.org\",\"@graph\":[{\"@type\":\"WebPage\",\"@id\":\"https:\\\/\\\/www.e-rihs.it\\\/c14-scar\\\/\",\"url\":\"https:\\\/\\\/www.e-rihs.it\\\/c14-scar\\\/\",\"name\":\"C14-SCAR | E-RIHS.it\",\"isPartOf\":{\"@id\":\"https:\\\/\\\/www.e-rihs.it\\\/#website\"},\"datePublished\":\"2024-04-10T08:42:54+00:00\",\"dateModified\":\"2024-04-10T08:43:21+00:00\",\"breadcrumb\":{\"@id\":\"https:\\\/\\\/www.e-rihs.it\\\/c14-scar\\\/#breadcrumb\"},\"inLanguage\":\"en-GB\",\"potentialAction\":[{\"@type\":\"ReadAction\",\"target\":[\"https:\\\/\\\/www.e-rihs.it\\\/c14-scar\\\/\"]}]},{\"@type\":\"BreadcrumbList\",\"@id\":\"https:\\\/\\\/www.e-rihs.it\\\/c14-scar\\\/#breadcrumb\",\"itemListElement\":[{\"@type\":\"ListItem\",\"position\":1,\"name\":\"Home\",\"item\":\"https:\\\/\\\/www.e-rihs.it\\\/\"},{\"@type\":\"ListItem\",\"position\":2,\"name\":\"C14-SCAR\"}]},{\"@type\":\"WebSite\",\"@id\":\"https:\\\/\\\/www.e-rihs.it\\\/#website\",\"url\":\"https:\\\/\\\/www.e-rihs.it\\\/\",\"name\":\"E-RIHS.it\",\"description\":\"The Italian node of the European Research Infrastructure for Heritage Science\",\"publisher\":{\"@id\":\"https:\\\/\\\/www.e-rihs.it\\\/#organization\"},\"potentialAction\":[{\"@type\":\"SearchAction\",\"target\":{\"@type\":\"EntryPoint\",\"urlTemplate\":\"https:\\\/\\\/www.e-rihs.it\\\/?s={search_term_string}\"},\"query-input\":{\"@type\":\"PropertyValueSpecification\",\"valueRequired\":true,\"valueName\":\"search_term_string\"}}],\"inLanguage\":\"en-GB\"},{\"@type\":\"Organization\",\"@id\":\"https:\\\/\\\/www.e-rihs.it\\\/#organization\",\"name\":\"The Italian node of the European Research Infrastructure for Heritage Science\",\"url\":\"https:\\\/\\\/www.e-rihs.it\\\/\",\"logo\":{\"@type\":\"ImageObject\",\"inLanguage\":\"en-GB\",\"@id\":\"https:\\\/\\\/www.e-rihs.it\\\/#\\\/schema\\\/logo\\\/image\\\/\",\"url\":\"https:\\\/\\\/www.e-rihs.it\\\/wp-content\\\/uploads\\\/2018\\\/01\\\/e-rihsit-logo.png\",\"contentUrl\":\"https:\\\/\\\/www.e-rihs.it\\\/wp-content\\\/uploads\\\/2018\\\/01\\\/e-rihsit-logo.png\",\"width\":620,\"height\":107,\"caption\":\"The Italian node of the European Research Infrastructure for Heritage Science\"},\"image\":{\"@id\":\"https:\\\/\\\/www.e-rihs.it\\\/#\\\/schema\\\/logo\\\/image\\\/\"},\"sameAs\":[\"https:\\\/\\\/www.facebook.com\\\/erihsIT\",\"https:\\\/\\\/x.com\\\/ErihsIt\",\"https:\\\/\\\/www.youtube.com\\\/channel\\\/UC4h0G3wcxmlicWpoLUFmb-Q\"]}]}<\/script>\n<!-- \/ Yoast SEO plugin. -->","yoast_head_json":{"title":"C14-SCAR | E-RIHS.it","robots":{"index":"index","follow":"follow","max-snippet":"max-snippet:-1","max-image-preview":"max-image-preview:large","max-video-preview":"max-video-preview:-1"},"canonical":"https:\/\/www.e-rihs.it\/en\/c14-scar\/","og_locale":"en_GB","og_type":"article","og_title":"C14-SCAR | E-RIHS.it","og_description":"LABORATORIO: CNR INO NOME STRUMENTO C14-SCAR &nbsp; INFORMAZIONI GENERALI Il C14-SCAR \u00e8 uno spettrometro progettato per la rilevazione di gas [&hellip;]","og_url":"https:\/\/www.e-rihs.it\/en\/c14-scar\/","og_site_name":"E-RIHS.it","article_publisher":"https:\/\/www.facebook.com\/erihsIT","article_modified_time":"2024-04-10T08:43:21+00:00","twitter_card":"summary_large_image","twitter_site":"@ErihsIt","schema":{"@context":"https:\/\/schema.org","@graph":[{"@type":"WebPage","@id":"https:\/\/www.e-rihs.it\/c14-scar\/","url":"https:\/\/www.e-rihs.it\/c14-scar\/","name":"C14-SCAR | E-RIHS.it","isPartOf":{"@id":"https:\/\/www.e-rihs.it\/#website"},"datePublished":"2024-04-10T08:42:54+00:00","dateModified":"2024-04-10T08:43:21+00:00","breadcrumb":{"@id":"https:\/\/www.e-rihs.it\/c14-scar\/#breadcrumb"},"inLanguage":"en-GB","potentialAction":[{"@type":"ReadAction","target":["https:\/\/www.e-rihs.it\/c14-scar\/"]}]},{"@type":"BreadcrumbList","@id":"https:\/\/www.e-rihs.it\/c14-scar\/#breadcrumb","itemListElement":[{"@type":"ListItem","position":1,"name":"Home","item":"https:\/\/www.e-rihs.it\/"},{"@type":"ListItem","position":2,"name":"C14-SCAR"}]},{"@type":"WebSite","@id":"https:\/\/www.e-rihs.it\/#website","url":"https:\/\/www.e-rihs.it\/","name":"E-RIHS.it","description":"The Italian node of the European Research Infrastructure for Heritage Science","publisher":{"@id":"https:\/\/www.e-rihs.it\/#organization"},"potentialAction":[{"@type":"SearchAction","target":{"@type":"EntryPoint","urlTemplate":"https:\/\/www.e-rihs.it\/?s={search_term_string}"},"query-input":{"@type":"PropertyValueSpecification","valueRequired":true,"valueName":"search_term_string"}}],"inLanguage":"en-GB"},{"@type":"Organization","@id":"https:\/\/www.e-rihs.it\/#organization","name":"The Italian node of the European Research Infrastructure for Heritage Science","url":"https:\/\/www.e-rihs.it\/","logo":{"@type":"ImageObject","inLanguage":"en-GB","@id":"https:\/\/www.e-rihs.it\/#\/schema\/logo\/image\/","url":"https:\/\/www.e-rihs.it\/wp-content\/uploads\/2018\/01\/e-rihsit-logo.png","contentUrl":"https:\/\/www.e-rihs.it\/wp-content\/uploads\/2018\/01\/e-rihsit-logo.png","width":620,"height":107,"caption":"The Italian node of the European Research Infrastructure for Heritage Science"},"image":{"@id":"https:\/\/www.e-rihs.it\/#\/schema\/logo\/image\/"},"sameAs":["https:\/\/www.facebook.com\/erihsIT","https:\/\/x.com\/ErihsIt","https:\/\/www.youtube.com\/channel\/UC4h0G3wcxmlicWpoLUFmb-Q"]}]}},"_links":{"self":[{"href":"https:\/\/www.e-rihs.it\/en\/wp-json\/wp\/v2\/pages\/7140","targetHints":{"allow":["GET"]}}],"collection":[{"href":"https:\/\/www.e-rihs.it\/en\/wp-json\/wp\/v2\/pages"}],"about":[{"href":"https:\/\/www.e-rihs.it\/en\/wp-json\/wp\/v2\/types\/page"}],"author":[{"embeddable":true,"href":"https:\/\/www.e-rihs.it\/en\/wp-json\/wp\/v2\/users\/17"}],"replies":[{"embeddable":true,"href":"https:\/\/www.e-rihs.it\/en\/wp-json\/wp\/v2\/comments?post=7140"}],"version-history":[{"count":3,"href":"https:\/\/www.e-rihs.it\/en\/wp-json\/wp\/v2\/pages\/7140\/revisions"}],"predecessor-version":[{"id":7147,"href":"https:\/\/www.e-rihs.it\/en\/wp-json\/wp\/v2\/pages\/7140\/revisions\/7147"}],"wp:attachment":[{"href":"https:\/\/www.e-rihs.it\/en\/wp-json\/wp\/v2\/media?parent=7140"}],"curies":[{"name":"wp","href":"https:\/\/api.w.org\/{rel}","templated":true}]}}