{"id":7014,"date":"2024-04-02T12:18:55","date_gmt":"2024-04-02T11:18:55","guid":{"rendered":"http:\/\/www.e-rihs.it\/?page_id=7014"},"modified":"2024-05-07T12:29:01","modified_gmt":"2024-05-07T11:29:01","slug":"mid-ftir-hyperspectral-imaging-2","status":"publish","type":"page","link":"https:\/\/www.e-rihs.it\/en\/mid-ftir-hyperspectral-imaging-2\/","title":{"rendered":"mid-FTIR hyperspectral imaging"},"content":{"rendered":"<p>[et_pb_section fb_built=&#8221;1&#8243; _builder_version=&#8221;4.7.7&#8243; _module_preset=&#8221;default&#8221;][et_pb_row column_structure=&#8221;1_3,2_3&#8243; _builder_version=&#8221;4.7.7&#8243; _module_preset=&#8221;default&#8221; hover_enabled=&#8221;0&#8243; sticky_enabled=&#8221;0&#8243;][et_pb_column type=&#8221;1_3&#8243; _builder_version=&#8221;4.7.7&#8243; _module_preset=&#8221;default&#8221;][et_pb_image src=&#8221;http:\/\/www.e-rihs.it\/wp-content\/uploads\/2024\/04\/mid-FTIR-hyperspectral-imaging.jpg&#8221; title_text=&#8221;mid-FTIR hyperspectral imaging&#8221; _builder_version=&#8221;4.7.7&#8243; _module_preset=&#8221;default&#8221;][\/et_pb_image][\/et_pb_column][et_pb_column type=&#8221;2_3&#8243; _builder_version=&#8221;4.7.7&#8243; _module_preset=&#8221;default&#8221;][et_pb_text _builder_version=&#8221;4.7.7&#8243; _module_preset=&#8221;default&#8221;]<\/p>\n<p><strong>LABORATORIO: CNR SCITEC<\/strong><\/p>\n<p>&nbsp;<\/p>\n<p><strong>NOME STRUMENTO<\/strong><\/p>\n<p>HI 90 Bruker Mid-IR hyperspectral imager<\/p>\n<p>&nbsp;<\/p>\n<p><strong>INFORMAZIONI GENERALI<\/strong><\/p>\n<p>La spettroscopia FT-IR in riflessione \u00e8 ampiamente utilizzata nel campo della scienza del patrimonio per la caratterizzazione e l&#8217;identificazione di materiali organici e inorganici. Essendo una tecnica spettroscopica molecolare vibrazionale, fornisce informazioni riguardanti i gruppi funzionali che costituiscono le molecole aiutando in definitiva l&#8217;identificazione molecolare di un numero illimitato di materiali in esame. L\u2019intervallo del medio IR \u00e8 particolarmente adatto per il riconoscimento di materiali inorganici (con alcune limitazioni per gli ossidi metallici) nonch\u00e9 di materiali organici sintetici e naturali. Questa tecnica pu\u00f2 fornire informazioni riguardanti non solo i materiali e le tecniche pittoriche, ma anche eventuali contaminanti superficiali, alterazioni e prodotti\/processi di degrado.<\/p>\n<p>L&#8217;HI 90 di Bruker \u00e8 un imager iperspettrale avanzato che opera nell\u2019intervallo spettrale del medio infrarosso (mid-IR) (4000-800 cm-1), ed \u00e8 in grado di fornire immagini composizionali di grande valore per la conoscenza e la conservazione delle opere d&#8217;arte. L&#8217;imaging iperspettrale in questo intervallo spettrale \u00e8 altamente diagnostico e consente di andare oltre l&#8217;identificazione dei pigmenti e la loro distribuzione, e di svelare la natura e la distribuzione dei materiali organici e dei prodotti di degradazione.<\/p>\n<p>&nbsp;<\/p>\n<p><strong>DETTAGLI TECNICI<\/strong><\/p>\n<p>L&#8217;imager iperspettrale \u00e8 costituito principalmente da un interferometro di Michelson e da un rilevatore Stirling Cooled Focal-Plane-Array (FPA) Strained Layer Superlattice (SLS). L&#8217;interferometro a specchio piano \u00e8 attivamente allineato e il sistema \u00e8 sigillato e raffreddato. La risoluzione spettrale massima \u00e8 1 cm<sup>-1<\/sup>, le misurazioni vengono generalmente effettuate a 4 cm<sup>-1<\/sup> tipicamente in modalit\u00e0 riflessione esterna IR nell&#8217;intervallo spettrale 4000-800 cm<sup>-1<\/sup>. La dimensione totale del rilevatore FPA \u00e8 320 x 256 pixel, ogni pixel \u00e8 30&#215;30 \u00b5m<sup>2<\/sup>. Il campo visivo di un singolo pixel \u00e8 di ca. 0,52 mrad, che corrisponde a una risoluzione laterale migliore di 1 mm (0,7-0,8 mm) a una distanza di lavoro di 1 m. Per la modalit\u00e0 di preview, che funziona come una telecamera termografica, viene utilizzata l&#8217;intera dimensione del rilevatore. Per le misurazioni normali, l&#8217;area attiva del rilevatore FPA \u00e8 di 176&#215;176 pixel e l&#8217;area di misurazione \u00e8 di ca. 11 x 11 cm<sup>2<\/sup> a 1 m di distanza di lavoro. La differenza di temperatura equivalente al rumore (NETD) delle misurazioni con 16 co-addizioni, media di 3&#215;3 pixel, nell&#8217;intervallo spettrale da 1050 cm<sup>-1<\/sup> a 1150 cm<sup>-1<\/sup> \u00e8 di circa 90 mK.<\/p>\n<p>Gli spettri di riflettanza vengono calcolati come il rapporto tra la riflessione del campione e quella registrata da un target in polvere di alluminio grigio utilizzato come sfondo.<\/p>\n<p>Le immagini iperspettrali vengono elaborate utilizzando un filtro lineare con un kernel Gau\u00df di 3&#215;3 pixel con larghezza di 3 pixel. Per misurare in modalit\u00e0 riflessione, il campione viene illuminato da una sorgente di radiazione infrarossa costituita da una sorgente luminosa globar (SiC) e da uno specchio condensatore parabolico con un diametro di circa 30 cm. Il globar \u00e8 installato su un attuatore motorizzato che viene utilizzato per regolare la distanza di lavoro della sorgente da 1 m fino all&#8217;infinito in posizione sfocata. Durante il tempo dedicato all&#8217;analisi dei dati dopo ogni misurazione, l&#8217;attuatore viene spostato automaticamente per sfocare la sorgente, oppure la sorgente pu\u00f2 essere temporaneamente spenta per ridurre l&#8217;esposizione alle radiazioni\u00a0del campione. La temperatura, e quindi lo spettro di radiazione e l&#8217;intensit\u00e0 della sorgente, possono essere regolati modificando la potenza elettrica in ingresso. L&#8217;intensit\u00e0 pu\u00f2 anche essere attenuata da un&#8217;apertura regolabile manualmente. La temperatura della sorgente pu\u00f2 essere misurata e monitorata da un pirometro installato al centro del condensatore. La temperatura massima della sorgente \u00e8 1000 \u00b0C.<\/p>\n<p>Il tempo di acquisizione di un cubo di dati iperspettrale completo \u00e8 di 8 minuti (con 70 \u03bcs di tempo di integrazione e 16 co-addizioni). In questo periodo, ca. 7 minuti sono necessari per acquisire l&#8217;intera dimensione dell&#8217;FPA scansionando 8 blocchi di 22 linee (22x176pixel) e l&#8217;ultimo minuto \u00e8 necessario per il salvataggio dei dati e della FFT. Il controllo automatico della sorgente consente la sfocatura in quel momento. L&#8217;aumento di temperatura sulla superficie del dipinto con una temperatura della sorgente di 800 \u00b0C e 8 minuti di acquisizione \u00e8 &lt; 6 \u00b0C, misurato da un esposimetro (Elsec 775).<\/p>\n<p>&nbsp;<\/p>\n<p><strong>APPLICAZIONI<\/strong><\/p>\n<p>La tecnica \u00e8 altamente efficace per l&#8217;identificazione e la caratterizzazione dei materiali inorganici e organici utilizzati nel campo del patrimonio culturale. Permette di raccogliere informazioni precise riguardanti contaminanti superficiali, materiali originali e non, alterazioni e prodotti di degrado nonch\u00e9 permette di monitorare le tecniche di pulitura e le attivit\u00e0 di conservazione. I dati raccolti tramite tale tecnica possono essere utilizzati per aiutare ed assistere strategie di conservazione e restauro e pianificarle in modo adeguato e appropriato.<\/p>\n<p>&nbsp;<\/p>\n<p>Referente:<\/p>\n<p>Francesca Rosi\u00a0\u00a0<a href=\"mailto:francesca.rosi@cnr.it\">francesca.rosi@cnr.it<\/a><\/p>\n<p>&nbsp;<\/p>\n<p><a href=\"http:\/\/www.e-rihs.it\/wp-content\/uploads\/2024\/04\/MOLAB_External-reflection-mid-FTIR-imaging_ita.pdf\" rel=\"attachment wp-att-7023\">Scarica la scheda completa<\/a><\/p>\n<p>[\/et_pb_text][\/et_pb_column][\/et_pb_row][\/et_pb_section]<\/p>\n","protected":false},"excerpt":{"rendered":"<p>LABORATORIO: CNR SCITEC &nbsp; NOME STRUMENTO HI 90 Bruker Mid-IR hyperspectral imager &nbsp; INFORMAZIONI GENERALI La spettroscopia FT-IR in riflessione [&hellip;]<\/p>\n","protected":false},"author":17,"featured_media":0,"parent":0,"menu_order":0,"comment_status":"closed","ping_status":"closed","template":"","meta":{"_et_pb_use_builder":"on","_et_pb_old_content":"","_et_gb_content_width":"","footnotes":""},"class_list":["post-7014","page","type-page","status-publish"],"yoast_head":"<!-- This site is optimized with the Yoast SEO plugin v27.0 - https:\/\/yoast.com\/product\/yoast-seo-wordpress\/ -->\n<title>mid-FTIR hyperspectral imaging | E-RIHS.it<\/title>\n<meta name=\"robots\" content=\"index, follow, max-snippet:-1, max-image-preview:large, max-video-preview:-1\" \/>\n<link rel=\"canonical\" href=\"https:\/\/www.e-rihs.it\/en\/mid-ftir-hyperspectral-imaging-2\/\" \/>\n<meta property=\"og:locale\" content=\"en_GB\" \/>\n<meta property=\"og:type\" content=\"article\" \/>\n<meta property=\"og:title\" content=\"mid-FTIR hyperspectral imaging | E-RIHS.it\" \/>\n<meta property=\"og:description\" content=\"LABORATORIO: CNR SCITEC &nbsp; NOME STRUMENTO HI 90 Bruker Mid-IR hyperspectral imager &nbsp; INFORMAZIONI GENERALI La spettroscopia FT-IR in riflessione [&hellip;]\" \/>\n<meta property=\"og:url\" content=\"https:\/\/www.e-rihs.it\/en\/mid-ftir-hyperspectral-imaging-2\/\" \/>\n<meta property=\"og:site_name\" content=\"E-RIHS.it\" \/>\n<meta property=\"article:publisher\" content=\"https:\/\/www.facebook.com\/erihsIT\" \/>\n<meta property=\"article:modified_time\" content=\"2024-05-07T11:29:01+00:00\" \/>\n<meta name=\"twitter:card\" content=\"summary_large_image\" \/>\n<meta name=\"twitter:site\" content=\"@ErihsIt\" \/>\n<script type=\"application\/ld+json\" class=\"yoast-schema-graph\">{\"@context\":\"https:\/\/schema.org\",\"@graph\":[{\"@type\":\"WebPage\",\"@id\":\"https:\/\/www.e-rihs.it\/mid-ftir-hyperspectral-imaging-2\/\",\"url\":\"https:\/\/www.e-rihs.it\/mid-ftir-hyperspectral-imaging-2\/\",\"name\":\"mid-FTIR hyperspectral imaging | E-RIHS.it\",\"isPartOf\":{\"@id\":\"https:\/\/www.e-rihs.it\/#website\"},\"datePublished\":\"2024-04-02T11:18:55+00:00\",\"dateModified\":\"2024-05-07T11:29:01+00:00\",\"breadcrumb\":{\"@id\":\"https:\/\/www.e-rihs.it\/mid-ftir-hyperspectral-imaging-2\/#breadcrumb\"},\"inLanguage\":\"en-GB\",\"potentialAction\":[{\"@type\":\"ReadAction\",\"target\":[\"https:\/\/www.e-rihs.it\/mid-ftir-hyperspectral-imaging-2\/\"]}]},{\"@type\":\"BreadcrumbList\",\"@id\":\"https:\/\/www.e-rihs.it\/mid-ftir-hyperspectral-imaging-2\/#breadcrumb\",\"itemListElement\":[{\"@type\":\"ListItem\",\"position\":1,\"name\":\"Home\",\"item\":\"https:\/\/www.e-rihs.it\/\"},{\"@type\":\"ListItem\",\"position\":2,\"name\":\"mid-FTIR hyperspectral imaging\"}]},{\"@type\":\"WebSite\",\"@id\":\"https:\/\/www.e-rihs.it\/#website\",\"url\":\"https:\/\/www.e-rihs.it\/\",\"name\":\"E-RIHS.it\",\"description\":\"The Italian node of the European Research Infrastructure for Heritage Science\",\"publisher\":{\"@id\":\"https:\/\/www.e-rihs.it\/#organization\"},\"potentialAction\":[{\"@type\":\"SearchAction\",\"target\":{\"@type\":\"EntryPoint\",\"urlTemplate\":\"https:\/\/www.e-rihs.it\/?s={search_term_string}\"},\"query-input\":{\"@type\":\"PropertyValueSpecification\",\"valueRequired\":true,\"valueName\":\"search_term_string\"}}],\"inLanguage\":\"en-GB\"},{\"@type\":\"Organization\",\"@id\":\"https:\/\/www.e-rihs.it\/#organization\",\"name\":\"The Italian node of the European Research Infrastructure for Heritage Science\",\"url\":\"https:\/\/www.e-rihs.it\/\",\"logo\":{\"@type\":\"ImageObject\",\"inLanguage\":\"en-GB\",\"@id\":\"https:\/\/www.e-rihs.it\/#\/schema\/logo\/image\/\",\"url\":\"https:\/\/www.e-rihs.it\/wp-content\/uploads\/2018\/01\/e-rihsit-logo.png\",\"contentUrl\":\"https:\/\/www.e-rihs.it\/wp-content\/uploads\/2018\/01\/e-rihsit-logo.png\",\"width\":620,\"height\":107,\"caption\":\"The Italian node of the European Research Infrastructure for Heritage Science\"},\"image\":{\"@id\":\"https:\/\/www.e-rihs.it\/#\/schema\/logo\/image\/\"},\"sameAs\":[\"https:\/\/www.facebook.com\/erihsIT\",\"https:\/\/x.com\/ErihsIt\",\"https:\/\/www.youtube.com\/channel\/UC4h0G3wcxmlicWpoLUFmb-Q\"]}]}<\/script>\n<!-- \/ Yoast SEO plugin. -->","yoast_head_json":{"title":"mid-FTIR hyperspectral imaging | E-RIHS.it","robots":{"index":"index","follow":"follow","max-snippet":"max-snippet:-1","max-image-preview":"max-image-preview:large","max-video-preview":"max-video-preview:-1"},"canonical":"https:\/\/www.e-rihs.it\/en\/mid-ftir-hyperspectral-imaging-2\/","og_locale":"en_GB","og_type":"article","og_title":"mid-FTIR hyperspectral imaging | E-RIHS.it","og_description":"LABORATORIO: CNR SCITEC &nbsp; NOME STRUMENTO HI 90 Bruker Mid-IR hyperspectral imager &nbsp; INFORMAZIONI GENERALI La spettroscopia FT-IR in riflessione [&hellip;]","og_url":"https:\/\/www.e-rihs.it\/en\/mid-ftir-hyperspectral-imaging-2\/","og_site_name":"E-RIHS.it","article_publisher":"https:\/\/www.facebook.com\/erihsIT","article_modified_time":"2024-05-07T11:29:01+00:00","twitter_card":"summary_large_image","twitter_site":"@ErihsIt","schema":{"@context":"https:\/\/schema.org","@graph":[{"@type":"WebPage","@id":"https:\/\/www.e-rihs.it\/mid-ftir-hyperspectral-imaging-2\/","url":"https:\/\/www.e-rihs.it\/mid-ftir-hyperspectral-imaging-2\/","name":"mid-FTIR hyperspectral imaging | E-RIHS.it","isPartOf":{"@id":"https:\/\/www.e-rihs.it\/#website"},"datePublished":"2024-04-02T11:18:55+00:00","dateModified":"2024-05-07T11:29:01+00:00","breadcrumb":{"@id":"https:\/\/www.e-rihs.it\/mid-ftir-hyperspectral-imaging-2\/#breadcrumb"},"inLanguage":"en-GB","potentialAction":[{"@type":"ReadAction","target":["https:\/\/www.e-rihs.it\/mid-ftir-hyperspectral-imaging-2\/"]}]},{"@type":"BreadcrumbList","@id":"https:\/\/www.e-rihs.it\/mid-ftir-hyperspectral-imaging-2\/#breadcrumb","itemListElement":[{"@type":"ListItem","position":1,"name":"Home","item":"https:\/\/www.e-rihs.it\/"},{"@type":"ListItem","position":2,"name":"mid-FTIR hyperspectral imaging"}]},{"@type":"WebSite","@id":"https:\/\/www.e-rihs.it\/#website","url":"https:\/\/www.e-rihs.it\/","name":"E-RIHS.it","description":"The Italian node of the European Research Infrastructure for Heritage Science","publisher":{"@id":"https:\/\/www.e-rihs.it\/#organization"},"potentialAction":[{"@type":"SearchAction","target":{"@type":"EntryPoint","urlTemplate":"https:\/\/www.e-rihs.it\/?s={search_term_string}"},"query-input":{"@type":"PropertyValueSpecification","valueRequired":true,"valueName":"search_term_string"}}],"inLanguage":"en-GB"},{"@type":"Organization","@id":"https:\/\/www.e-rihs.it\/#organization","name":"The Italian node of the European Research Infrastructure for Heritage Science","url":"https:\/\/www.e-rihs.it\/","logo":{"@type":"ImageObject","inLanguage":"en-GB","@id":"https:\/\/www.e-rihs.it\/#\/schema\/logo\/image\/","url":"https:\/\/www.e-rihs.it\/wp-content\/uploads\/2018\/01\/e-rihsit-logo.png","contentUrl":"https:\/\/www.e-rihs.it\/wp-content\/uploads\/2018\/01\/e-rihsit-logo.png","width":620,"height":107,"caption":"The Italian node of the European Research Infrastructure for Heritage Science"},"image":{"@id":"https:\/\/www.e-rihs.it\/#\/schema\/logo\/image\/"},"sameAs":["https:\/\/www.facebook.com\/erihsIT","https:\/\/x.com\/ErihsIt","https:\/\/www.youtube.com\/channel\/UC4h0G3wcxmlicWpoLUFmb-Q"]}]}},"_links":{"self":[{"href":"https:\/\/www.e-rihs.it\/en\/wp-json\/wp\/v2\/pages\/7014","targetHints":{"allow":["GET"]}}],"collection":[{"href":"https:\/\/www.e-rihs.it\/en\/wp-json\/wp\/v2\/pages"}],"about":[{"href":"https:\/\/www.e-rihs.it\/en\/wp-json\/wp\/v2\/types\/page"}],"author":[{"embeddable":true,"href":"https:\/\/www.e-rihs.it\/en\/wp-json\/wp\/v2\/users\/17"}],"replies":[{"embeddable":true,"href":"https:\/\/www.e-rihs.it\/en\/wp-json\/wp\/v2\/comments?post=7014"}],"version-history":[{"count":7,"href":"https:\/\/www.e-rihs.it\/en\/wp-json\/wp\/v2\/pages\/7014\/revisions"}],"predecessor-version":[{"id":7538,"href":"https:\/\/www.e-rihs.it\/en\/wp-json\/wp\/v2\/pages\/7014\/revisions\/7538"}],"wp:attachment":[{"href":"https:\/\/www.e-rihs.it\/en\/wp-json\/wp\/v2\/media?parent=7014"}],"curies":[{"name":"wp","href":"https:\/\/api.w.org\/{rel}","templated":true}]}}