{"id":6915,"date":"2024-03-01T13:40:43","date_gmt":"2024-03-01T12:40:43","guid":{"rendered":"http:\/\/www.e-rihs.it\/?page_id=6915"},"modified":"2024-03-01T13:40:43","modified_gmt":"2024-03-01T12:40:43","slug":"raman-_conv_sors-3","status":"publish","type":"page","link":"https:\/\/www.e-rihs.it\/en\/raman-_conv_sors-3\/","title":{"rendered":"Raman _conv_SORS"},"content":{"rendered":"<p>[et_pb_section fb_built=&#8221;1&#8243; _builder_version=&#8221;4.7.7&#8243; _module_preset=&#8221;default&#8221;][et_pb_row _builder_version=&#8221;4.7.7&#8243; _module_preset=&#8221;default&#8221; column_structure=&#8221;2_5,3_5&#8243;][et_pb_column _builder_version=&#8221;4.7.7&#8243; _module_preset=&#8221;default&#8221; type=&#8221;2_5&#8243;][et_pb_image src=&#8221;http:\/\/www.e-rihs.it\/wp-content\/uploads\/2024\/03\/Raman-_conv_SORS.jpg&#8221; _builder_version=&#8221;4.7.7&#8243; _module_preset=&#8221;default&#8221; title_text=&#8221;Raman _conv_SORS&#8221; hover_enabled=&#8221;0&#8243; sticky_enabled=&#8221;0&#8243;][\/et_pb_image][\/et_pb_column][et_pb_column _builder_version=&#8221;4.7.7&#8243; _module_preset=&#8221;default&#8221; type=&#8221;3_5&#8243;][et_pb_text _builder_version=&#8221;4.7.7&#8243; _module_preset=&#8221;default&#8221; hover_enabled=&#8221;0&#8243; sticky_enabled=&#8221;0&#8243;]<\/p>\n<p><strong>NOME STRUMENTO<\/strong>\u00a0<\/p>\n<p>Prototipo micro-SORS portatile<\/p>\n<p>&nbsp;<\/p>\n<p><strong>INFORMAZIONI GENERALI<\/strong><\/p>\n<p>Nel campo dei Beni Culturali la spettroscopia Raman rappresenta una delle tecniche di elezione per la caratterizzazione dei pigmenti (inorganici ed organici) impiegati per la realizzazione di dipinti, pitture murali e oggetti decorati. Il vantaggio di questa tecnica consiste nella possibilit\u00e0 di identificare in modo univoco il tipo di molecola in esame, e di conseguenza il tipo di pigmento.\u00a0<\/p>\n<p>I risultati che si ottengono permettono di ricostruire la tecnica esecutiva con cui \u00e8 stata realizzata l\u2019opera, oltre che il suo stato di conservazione. Infatti, oltre alla tavolozza pittorica, si possono ricavare informazioni anche sulla presenza di prodotti di degrado o di sostanze applicate sulla superficie dei beni per fini conservativi.<\/p>\n<p>La spettroscopia Raman generalmente fornisce informazioni circa la composizione della superficie di un materiale. Al fine di ricavare informazioni anche delle porzioni pi\u00f9 interne in modo non-invasivo \u00e8 stato sviluppato un metodo, micro-Spatially Offset Raman Spectroscopy (micro-SORS), in grado di rilevare la presenza di composti situati al di sotto della superficie con risoluzione compresa nel range dei micrometri.<\/p>\n<p>Lo spettrometro Raman disponibile nel MOLAB \u00e8 un prototipo micro-SORS portatile che consente di acquisire simultaneamente i) lo spettro Raman convenzionale, che possiede informazioni composizionali della superficie dell\u2019oggetto e ii) gli spettri micro-SORS, registrati a diverse distanze (<em>offset<\/em>) rispetto al punto di incidenza del laser alle quali \u00e8 possibile rilevare fotoni Raman generati pi\u00f9 in profondit\u00e0 e che riemergono lateralmente in superficie. La tecnica micro-SORS permette di ricostruire, seppur parzialmente, stratigrafie pittoriche o di evidenziare la presenza di prodotti di degrado nascosti dalla superficie.<\/p>\n<p>&nbsp;<\/p>\n<p><strong>DETTAGLI TECNICI<\/strong><\/p>\n<p>Lo strumento \u00e8 composto da uno spettrometro WP785 (Wasatch Photonics), accoppiato con una CCD iDus DU4011A-BR-DD (Andor), laser a diodo con lunghezza d\u2019onda 785 nm (Innovative Photonic Solutions -IPS) e potenza che va da un minimo di 0.76 \u00b5W ad un massimo di 30 mW. La risoluzione spettrale dello spettrometro \u00e8 di 8 cm<sup>-1<\/sup>, e il range spettrale va da 100 a 3050 cm<sup>-1<\/sup>. Come ottica di eccitazione e raccolta vengono utilizzati due obiettivi 10x a lunga distanza focale (Mitutoyo; NA 0.26 \u2013 WD 30.5 mm). L&#8217;obiettivo attraverso il quale viene focalizzato il laser \u00e8 posizionato ad un angolo di circa 45\u00b0 rispetto al piano del campione. Il diametro calcolato dello spot del laser \u00e8 di circa 20 \u03bcm. Una telecamera (DinoLite) viene utilizzata per osservare e selezionare la porzione del campione da misurare; il sistema ottico \u00e8 posizionato su un micro-stage (Thorlabs M30XY) che permette operazioni di allineamento e messa a fuoco del campione con elevata accuratezza. L\u2019intero sistema, infine, \u00e8 montato su un treppiede. Le distanze di offset sono ottenute attraverso l\u2019utilizzo di un fascio di fibre ottiche di dimensioni micrometriche (<em>fibre bundle<\/em> Armadillo SIA &#8211; LV) che consente l&#8217;acquisizione simultanea dello spettro Raman convenzionale e degli spettri micro-SORS (fino a 15 spettri, con offset dai 37 \u00b5m ai 525 \u00b5m). Questa caratteristica \u00e8 particolarmente vantaggiosa per le analisi <em>in situ<\/em> in quanto consente di rendere il sistema estremamente stabile e di garantire rapidi tempi di misura (sequenze micro-SORS acquisite in pochi secondi o pochi minuti). L\u2019acquisizione degli spettri \u00e8 comandata dal software LabVIEW.<\/p>\n<p>&nbsp;<\/p>\n<p>Referente:<\/p>\n<p>Claudia Conti\u00a0<a href=\"mailto:claudia.conti@cnr.it\">claudia.conti@cnr.it<\/a><\/p>\n<p>&nbsp;<\/p>\n<p><a href=\"http:\/\/www.e-rihs.it\/wp-content\/uploads\/2024\/03\/MOLAB_EQUIPMENT_Raman_conv_SORS_prototype_ita.pdf\" rel=\"attachment wp-att-6919\">Scarica la scheda completa<\/a><\/p>\n<p>&nbsp;<\/p>\n<p>[\/et_pb_text][\/et_pb_column][\/et_pb_row][\/et_pb_section]<\/p>\n","protected":false},"excerpt":{"rendered":"<p>NOME STRUMENTO\u00a0 Prototipo micro-SORS portatile &nbsp; INFORMAZIONI GENERALI Nel campo dei Beni Culturali la spettroscopia Raman rappresenta una delle tecniche [&hellip;]<\/p>\n","protected":false},"author":17,"featured_media":0,"parent":0,"menu_order":0,"comment_status":"closed","ping_status":"closed","template":"","meta":{"_et_pb_use_builder":"on","_et_pb_old_content":"","_et_gb_content_width":"","footnotes":""},"class_list":["post-6915","page","type-page","status-publish"],"yoast_head":"<!-- This site is optimized with the Yoast SEO plugin v27.0 - https:\/\/yoast.com\/product\/yoast-seo-wordpress\/ -->\n<title>Raman _conv_SORS | E-RIHS.it<\/title>\n<meta name=\"robots\" content=\"index, follow, max-snippet:-1, max-image-preview:large, max-video-preview:-1\" \/>\n<link rel=\"canonical\" href=\"https:\/\/www.e-rihs.it\/en\/raman-_conv_sors-3\/\" \/>\n<meta property=\"og:locale\" content=\"en_GB\" \/>\n<meta property=\"og:type\" content=\"article\" \/>\n<meta property=\"og:title\" content=\"Raman _conv_SORS | E-RIHS.it\" \/>\n<meta property=\"og:description\" content=\"NOME STRUMENTO\u00a0 Prototipo micro-SORS portatile &nbsp; INFORMAZIONI GENERALI Nel campo dei Beni Culturali la spettroscopia Raman rappresenta una delle tecniche [&hellip;]\" \/>\n<meta property=\"og:url\" content=\"https:\/\/www.e-rihs.it\/en\/raman-_conv_sors-3\/\" \/>\n<meta property=\"og:site_name\" content=\"E-RIHS.it\" \/>\n<meta property=\"article:publisher\" content=\"https:\/\/www.facebook.com\/erihsIT\" \/>\n<meta name=\"twitter:card\" content=\"summary_large_image\" \/>\n<meta name=\"twitter:site\" content=\"@ErihsIt\" \/>\n<script type=\"application\/ld+json\" class=\"yoast-schema-graph\">{\"@context\":\"https:\/\/schema.org\",\"@graph\":[{\"@type\":\"WebPage\",\"@id\":\"https:\/\/www.e-rihs.it\/en\/raman-_conv_sors-3\/\",\"url\":\"https:\/\/www.e-rihs.it\/en\/raman-_conv_sors-3\/\",\"name\":\"Raman _conv_SORS | E-RIHS.it\",\"isPartOf\":{\"@id\":\"https:\/\/www.e-rihs.it\/#website\"},\"datePublished\":\"2024-03-01T12:40:43+00:00\",\"breadcrumb\":{\"@id\":\"https:\/\/www.e-rihs.it\/en\/raman-_conv_sors-3\/#breadcrumb\"},\"inLanguage\":\"en-GB\",\"potentialAction\":[{\"@type\":\"ReadAction\",\"target\":[\"https:\/\/www.e-rihs.it\/en\/raman-_conv_sors-3\/\"]}]},{\"@type\":\"BreadcrumbList\",\"@id\":\"https:\/\/www.e-rihs.it\/en\/raman-_conv_sors-3\/#breadcrumb\",\"itemListElement\":[{\"@type\":\"ListItem\",\"position\":1,\"name\":\"Home\",\"item\":\"https:\/\/www.e-rihs.it\/\"},{\"@type\":\"ListItem\",\"position\":2,\"name\":\"Raman _conv_SORS\"}]},{\"@type\":\"WebSite\",\"@id\":\"https:\/\/www.e-rihs.it\/#website\",\"url\":\"https:\/\/www.e-rihs.it\/\",\"name\":\"E-RIHS.it\",\"description\":\"The Italian node of the European Research Infrastructure for Heritage Science\",\"publisher\":{\"@id\":\"https:\/\/www.e-rihs.it\/#organization\"},\"potentialAction\":[{\"@type\":\"SearchAction\",\"target\":{\"@type\":\"EntryPoint\",\"urlTemplate\":\"https:\/\/www.e-rihs.it\/?s={search_term_string}\"},\"query-input\":{\"@type\":\"PropertyValueSpecification\",\"valueRequired\":true,\"valueName\":\"search_term_string\"}}],\"inLanguage\":\"en-GB\"},{\"@type\":\"Organization\",\"@id\":\"https:\/\/www.e-rihs.it\/#organization\",\"name\":\"The Italian node of the European Research Infrastructure for Heritage Science\",\"url\":\"https:\/\/www.e-rihs.it\/\",\"logo\":{\"@type\":\"ImageObject\",\"inLanguage\":\"en-GB\",\"@id\":\"https:\/\/www.e-rihs.it\/#\/schema\/logo\/image\/\",\"url\":\"https:\/\/www.e-rihs.it\/wp-content\/uploads\/2018\/01\/e-rihsit-logo.png\",\"contentUrl\":\"https:\/\/www.e-rihs.it\/wp-content\/uploads\/2018\/01\/e-rihsit-logo.png\",\"width\":620,\"height\":107,\"caption\":\"The Italian node of the European Research Infrastructure for Heritage Science\"},\"image\":{\"@id\":\"https:\/\/www.e-rihs.it\/#\/schema\/logo\/image\/\"},\"sameAs\":[\"https:\/\/www.facebook.com\/erihsIT\",\"https:\/\/x.com\/ErihsIt\",\"https:\/\/www.youtube.com\/channel\/UC4h0G3wcxmlicWpoLUFmb-Q\"]}]}<\/script>\n<!-- \/ Yoast SEO plugin. -->","yoast_head_json":{"title":"Raman _conv_SORS | E-RIHS.it","robots":{"index":"index","follow":"follow","max-snippet":"max-snippet:-1","max-image-preview":"max-image-preview:large","max-video-preview":"max-video-preview:-1"},"canonical":"https:\/\/www.e-rihs.it\/en\/raman-_conv_sors-3\/","og_locale":"en_GB","og_type":"article","og_title":"Raman _conv_SORS | E-RIHS.it","og_description":"NOME STRUMENTO\u00a0 Prototipo micro-SORS portatile &nbsp; INFORMAZIONI GENERALI Nel campo dei Beni Culturali la spettroscopia Raman rappresenta una delle tecniche [&hellip;]","og_url":"https:\/\/www.e-rihs.it\/en\/raman-_conv_sors-3\/","og_site_name":"E-RIHS.it","article_publisher":"https:\/\/www.facebook.com\/erihsIT","twitter_card":"summary_large_image","twitter_site":"@ErihsIt","schema":{"@context":"https:\/\/schema.org","@graph":[{"@type":"WebPage","@id":"https:\/\/www.e-rihs.it\/en\/raman-_conv_sors-3\/","url":"https:\/\/www.e-rihs.it\/en\/raman-_conv_sors-3\/","name":"Raman _conv_SORS | E-RIHS.it","isPartOf":{"@id":"https:\/\/www.e-rihs.it\/#website"},"datePublished":"2024-03-01T12:40:43+00:00","breadcrumb":{"@id":"https:\/\/www.e-rihs.it\/en\/raman-_conv_sors-3\/#breadcrumb"},"inLanguage":"en-GB","potentialAction":[{"@type":"ReadAction","target":["https:\/\/www.e-rihs.it\/en\/raman-_conv_sors-3\/"]}]},{"@type":"BreadcrumbList","@id":"https:\/\/www.e-rihs.it\/en\/raman-_conv_sors-3\/#breadcrumb","itemListElement":[{"@type":"ListItem","position":1,"name":"Home","item":"https:\/\/www.e-rihs.it\/"},{"@type":"ListItem","position":2,"name":"Raman _conv_SORS"}]},{"@type":"WebSite","@id":"https:\/\/www.e-rihs.it\/#website","url":"https:\/\/www.e-rihs.it\/","name":"E-RIHS.it","description":"The Italian node of the European Research Infrastructure for Heritage Science","publisher":{"@id":"https:\/\/www.e-rihs.it\/#organization"},"potentialAction":[{"@type":"SearchAction","target":{"@type":"EntryPoint","urlTemplate":"https:\/\/www.e-rihs.it\/?s={search_term_string}"},"query-input":{"@type":"PropertyValueSpecification","valueRequired":true,"valueName":"search_term_string"}}],"inLanguage":"en-GB"},{"@type":"Organization","@id":"https:\/\/www.e-rihs.it\/#organization","name":"The Italian node of the European Research Infrastructure for Heritage Science","url":"https:\/\/www.e-rihs.it\/","logo":{"@type":"ImageObject","inLanguage":"en-GB","@id":"https:\/\/www.e-rihs.it\/#\/schema\/logo\/image\/","url":"https:\/\/www.e-rihs.it\/wp-content\/uploads\/2018\/01\/e-rihsit-logo.png","contentUrl":"https:\/\/www.e-rihs.it\/wp-content\/uploads\/2018\/01\/e-rihsit-logo.png","width":620,"height":107,"caption":"The Italian node of the European Research Infrastructure for Heritage Science"},"image":{"@id":"https:\/\/www.e-rihs.it\/#\/schema\/logo\/image\/"},"sameAs":["https:\/\/www.facebook.com\/erihsIT","https:\/\/x.com\/ErihsIt","https:\/\/www.youtube.com\/channel\/UC4h0G3wcxmlicWpoLUFmb-Q"]}]}},"_links":{"self":[{"href":"https:\/\/www.e-rihs.it\/en\/wp-json\/wp\/v2\/pages\/6915","targetHints":{"allow":["GET"]}}],"collection":[{"href":"https:\/\/www.e-rihs.it\/en\/wp-json\/wp\/v2\/pages"}],"about":[{"href":"https:\/\/www.e-rihs.it\/en\/wp-json\/wp\/v2\/types\/page"}],"author":[{"embeddable":true,"href":"https:\/\/www.e-rihs.it\/en\/wp-json\/wp\/v2\/users\/17"}],"replies":[{"embeddable":true,"href":"https:\/\/www.e-rihs.it\/en\/wp-json\/wp\/v2\/comments?post=6915"}],"version-history":[{"count":2,"href":"https:\/\/www.e-rihs.it\/en\/wp-json\/wp\/v2\/pages\/6915\/revisions"}],"predecessor-version":[{"id":6920,"href":"https:\/\/www.e-rihs.it\/en\/wp-json\/wp\/v2\/pages\/6915\/revisions\/6920"}],"wp:attachment":[{"href":"https:\/\/www.e-rihs.it\/en\/wp-json\/wp\/v2\/media?parent=6915"}],"curies":[{"name":"wp","href":"https:\/\/api.w.org\/{rel}","templated":true}]}}