{"id":6654,"date":"2023-09-18T10:09:03","date_gmt":"2023-09-18T09:09:03","guid":{"rendered":"http:\/\/www.e-rihs.it\/?page_id=6654"},"modified":"2023-09-18T10:09:04","modified_gmt":"2023-09-18T09:09:04","slug":"supporting-kit-cover-meter-hygrometer-videoscope","status":"publish","type":"page","link":"https:\/\/www.e-rihs.it\/en\/supporting-kit-cover-meter-hygrometer-videoscope\/","title":{"rendered":"Supporting kit (Cover Meter, Hygrometer, Videoscope)"},"content":{"rendered":"<p>[et_pb_section fb_built=&#8221;1&#8243; _builder_version=&#8221;4.7.7&#8243; _module_preset=&#8221;default&#8221;][et_pb_row _builder_version=&#8221;4.7.7&#8243; _module_preset=&#8221;default&#8221; column_structure=&#8221;2_5,3_5&#8243;][et_pb_column _builder_version=&#8221;4.7.7&#8243; _module_preset=&#8221;default&#8221; type=&#8221;2_5&#8243;][et_pb_image src=&#8221;http:\/\/www.e-rihs.it\/wp-content\/uploads\/2023\/09\/DR3000-RL.jpg&#8221; _builder_version=&#8221;4.7.7&#8243; _module_preset=&#8221;default&#8221; title_text=&#8221;DR3000 RL&#8221; hover_enabled=&#8221;0&#8243; sticky_enabled=&#8221;0&#8243;][\/et_pb_image][\/et_pb_column][et_pb_column _builder_version=&#8221;4.7.7&#8243; _module_preset=&#8221;default&#8221; type=&#8221;3_5&#8243;][et_pb_text _builder_version=&#8221;4.7.7&#8243; _module_preset=&#8221;default&#8221; hover_enabled=&#8221;0&#8243; sticky_enabled=&#8221;0&#8243;]<\/p>\n<p><strong>LABORATORIO: CNR-ISPC<\/strong><\/p>\n<p><strong><\/strong><\/p>\n<p><strong>NOME STRUMENTO<\/strong><\/p>\n<p>Supporting kit (Cover Meter, Hygrometer, Videoscope)<\/p>\n<p>&nbsp;<\/p>\n<p><strong>INFORMAZIONI GENERALI<\/strong><\/p>\n<p>Kit di supporto alle analisi composto da: Pacometro (1), Igrometro (2), e Videoendoscopio (3)<\/p>\n<ol>\n<li>Il pacometro PACO DR3000 RL \u00e8 un localizzatore di armature basato sul principio dell&#8217;induzione elettromagnetica per determinare in modo preciso ed accurato posizione, diametro e copriferro delle barre di armatura.<\/li>\n<li>L\u2019igrometro a contatto Testo 616 misura l\u2019umidit\u00e0 di equilibrio nei materiali edili in modo veloce e non invasivo, permettendo di rilevare l&#8217;umidit\u00e0 all&#8217;interno del materiale con una profondit\u00e0 di misura fino a 5 cm.<\/li>\n<li>Il videoendoscopio Trotec VIDEOSKOP BO26 permette di effettuare un&#8217;analisi ottica documentata con un endoscopio, accedendo alla visione interna di elementi molto piccoli in maniera non invasiva.<\/li>\n<\/ol>\n<p>&nbsp;<\/p>\n<p><strong>DETTAGLI TECNICI:<\/strong><\/p>\n<ol>\n<li><strong> <\/strong><strong>1 pacometro DR 3000 RL<\/strong><\/li>\n<\/ol>\n<ul>\n<li>Campo di misura dei diametri 6-50 mm<\/li>\n<li>Campo di misura profondit\u00e0: Basso range 6 &#8211; 90 mm; Alto range 7 &#8211; 190 mm<\/li>\n<li>Temperatura operativa: tra &#8211; 10 \u00b0C e + 40 \u00b0C (umidit\u00e0 &lt; 90%RH)<\/li>\n<\/ul>\n<ol start=\"2\">\n<li><strong> <\/strong><strong>1 igrometro a contatto Testo 616 <\/strong><\/li>\n<\/ol>\n<ul>\n<li>Campo di misura umidit\u00e0: &lt; 50 % (legno), &lt; 20 % (materiali da costruzione)<\/li>\n<li>Campo di misura profondit\u00e0: fino a 5 cm<\/li>\n<li>Dimensioni: 70 x 58 x 234 mm<\/li>\n<li>Peso: 260 gr<\/li>\n<li>Temperatura operativa: tra 5 \u00b0C e 40 \u00b0C<\/li>\n<\/ul>\n<ol start=\"3\">\n<li><strong> <\/strong><strong>1 video endoscopio <\/strong><strong>Trotec VIDEOSKOP BO26<\/strong><\/li>\n<\/ol>\n<ul>\n<li>Doppia sonda videoscopica a collo di cigno<\/li>\n<li>Diametro testina sonda standard: 17mm<\/li>\n<li>Lunghezza cavo sonda standard: 1m<\/li>\n<li>Diametro testina sonda aggiuntiva: 6mm<\/li>\n<li>Lunghezza cavo sonda aggiuntiva: 3m<\/li>\n<\/ul>\n<p>&nbsp;<\/p>\n<p>Referente:<\/p>\n<p>Filippo Calcerano <a href=\"mailto:filippo.calcerano@cnr.it\">filippo.calcerano@cnr.it<\/a><\/p>\n<p>&nbsp;<\/p>\n<p><a href=\"http:\/\/www.e-rihs.it\/wp-content\/uploads\/2023\/09\/MOLAB_SupportingKit_ITA.pdf\" rel=\"attachment wp-att-6658\">Scarica la scheda completa<\/a><\/p>\n<p>&nbsp;<\/p>\n<p>&nbsp;<\/p>\n<p>[\/et_pb_text][\/et_pb_column][\/et_pb_row][\/et_pb_section]<\/p>\n","protected":false},"excerpt":{"rendered":"<p>LABORATORIO: CNR-ISPC NOME STRUMENTO Supporting kit (Cover Meter, Hygrometer, Videoscope) &nbsp; INFORMAZIONI GENERALI Kit di supporto alle analisi composto da: [&hellip;]<\/p>\n","protected":false},"author":17,"featured_media":0,"parent":0,"menu_order":0,"comment_status":"closed","ping_status":"closed","template":"","meta":{"_et_pb_use_builder":"on","_et_pb_old_content":"","_et_gb_content_width":"","footnotes":""},"class_list":["post-6654","page","type-page","status-publish"],"yoast_head":"<!-- This site is optimized with the Yoast SEO plugin v27.0 - https:\/\/yoast.com\/product\/yoast-seo-wordpress\/ -->\n<title>Supporting kit (Cover Meter, Hygrometer, Videoscope) | E-RIHS.it<\/title>\n<meta name=\"robots\" content=\"index, follow, max-snippet:-1, max-image-preview:large, max-video-preview:-1\" \/>\n<link rel=\"canonical\" href=\"https:\/\/www.e-rihs.it\/en\/supporting-kit-cover-meter-hygrometer-videoscope\/\" \/>\n<meta property=\"og:locale\" content=\"en_GB\" \/>\n<meta property=\"og:type\" content=\"article\" \/>\n<meta property=\"og:title\" content=\"Supporting kit (Cover Meter, Hygrometer, Videoscope) | E-RIHS.it\" \/>\n<meta property=\"og:description\" content=\"LABORATORIO: CNR-ISPC NOME STRUMENTO Supporting kit (Cover Meter, Hygrometer, Videoscope) &nbsp; INFORMAZIONI GENERALI Kit di supporto alle analisi composto da: [&hellip;]\" \/>\n<meta property=\"og:url\" content=\"https:\/\/www.e-rihs.it\/en\/supporting-kit-cover-meter-hygrometer-videoscope\/\" \/>\n<meta property=\"og:site_name\" content=\"E-RIHS.it\" \/>\n<meta property=\"article:publisher\" content=\"https:\/\/www.facebook.com\/erihsIT\" \/>\n<meta property=\"article:modified_time\" content=\"2023-09-18T09:09:04+00:00\" \/>\n<meta name=\"twitter:card\" content=\"summary_large_image\" \/>\n<meta name=\"twitter:site\" content=\"@ErihsIt\" \/>\n<script type=\"application\/ld+json\" class=\"yoast-schema-graph\">{\"@context\":\"https:\/\/schema.org\",\"@graph\":[{\"@type\":\"WebPage\",\"@id\":\"https:\/\/www.e-rihs.it\/supporting-kit-cover-meter-hygrometer-videoscope\/\",\"url\":\"https:\/\/www.e-rihs.it\/supporting-kit-cover-meter-hygrometer-videoscope\/\",\"name\":\"Supporting kit (Cover Meter, Hygrometer, Videoscope) | E-RIHS.it\",\"isPartOf\":{\"@id\":\"https:\/\/www.e-rihs.it\/#website\"},\"datePublished\":\"2023-09-18T09:09:03+00:00\",\"dateModified\":\"2023-09-18T09:09:04+00:00\",\"breadcrumb\":{\"@id\":\"https:\/\/www.e-rihs.it\/supporting-kit-cover-meter-hygrometer-videoscope\/#breadcrumb\"},\"inLanguage\":\"en-GB\",\"potentialAction\":[{\"@type\":\"ReadAction\",\"target\":[\"https:\/\/www.e-rihs.it\/supporting-kit-cover-meter-hygrometer-videoscope\/\"]}]},{\"@type\":\"BreadcrumbList\",\"@id\":\"https:\/\/www.e-rihs.it\/supporting-kit-cover-meter-hygrometer-videoscope\/#breadcrumb\",\"itemListElement\":[{\"@type\":\"ListItem\",\"position\":1,\"name\":\"Home\",\"item\":\"https:\/\/www.e-rihs.it\/\"},{\"@type\":\"ListItem\",\"position\":2,\"name\":\"Supporting kit (Cover Meter, Hygrometer, Videoscope)\"}]},{\"@type\":\"WebSite\",\"@id\":\"https:\/\/www.e-rihs.it\/#website\",\"url\":\"https:\/\/www.e-rihs.it\/\",\"name\":\"E-RIHS.it\",\"description\":\"The Italian node of the European Research Infrastructure for Heritage Science\",\"publisher\":{\"@id\":\"https:\/\/www.e-rihs.it\/#organization\"},\"potentialAction\":[{\"@type\":\"SearchAction\",\"target\":{\"@type\":\"EntryPoint\",\"urlTemplate\":\"https:\/\/www.e-rihs.it\/?s={search_term_string}\"},\"query-input\":{\"@type\":\"PropertyValueSpecification\",\"valueRequired\":true,\"valueName\":\"search_term_string\"}}],\"inLanguage\":\"en-GB\"},{\"@type\":\"Organization\",\"@id\":\"https:\/\/www.e-rihs.it\/#organization\",\"name\":\"The Italian node of the European Research Infrastructure for Heritage Science\",\"url\":\"https:\/\/www.e-rihs.it\/\",\"logo\":{\"@type\":\"ImageObject\",\"inLanguage\":\"en-GB\",\"@id\":\"https:\/\/www.e-rihs.it\/#\/schema\/logo\/image\/\",\"url\":\"https:\/\/www.e-rihs.it\/wp-content\/uploads\/2018\/01\/e-rihsit-logo.png\",\"contentUrl\":\"https:\/\/www.e-rihs.it\/wp-content\/uploads\/2018\/01\/e-rihsit-logo.png\",\"width\":620,\"height\":107,\"caption\":\"The Italian node of the European Research Infrastructure for Heritage Science\"},\"image\":{\"@id\":\"https:\/\/www.e-rihs.it\/#\/schema\/logo\/image\/\"},\"sameAs\":[\"https:\/\/www.facebook.com\/erihsIT\",\"https:\/\/x.com\/ErihsIt\",\"https:\/\/www.youtube.com\/channel\/UC4h0G3wcxmlicWpoLUFmb-Q\"]}]}<\/script>\n<!-- \/ Yoast SEO plugin. -->","yoast_head_json":{"title":"Supporting kit (Cover Meter, Hygrometer, Videoscope) | E-RIHS.it","robots":{"index":"index","follow":"follow","max-snippet":"max-snippet:-1","max-image-preview":"max-image-preview:large","max-video-preview":"max-video-preview:-1"},"canonical":"https:\/\/www.e-rihs.it\/en\/supporting-kit-cover-meter-hygrometer-videoscope\/","og_locale":"en_GB","og_type":"article","og_title":"Supporting kit (Cover Meter, Hygrometer, Videoscope) | E-RIHS.it","og_description":"LABORATORIO: CNR-ISPC NOME STRUMENTO Supporting kit (Cover Meter, Hygrometer, Videoscope) &nbsp; INFORMAZIONI GENERALI Kit di supporto alle analisi composto da: [&hellip;]","og_url":"https:\/\/www.e-rihs.it\/en\/supporting-kit-cover-meter-hygrometer-videoscope\/","og_site_name":"E-RIHS.it","article_publisher":"https:\/\/www.facebook.com\/erihsIT","article_modified_time":"2023-09-18T09:09:04+00:00","twitter_card":"summary_large_image","twitter_site":"@ErihsIt","schema":{"@context":"https:\/\/schema.org","@graph":[{"@type":"WebPage","@id":"https:\/\/www.e-rihs.it\/supporting-kit-cover-meter-hygrometer-videoscope\/","url":"https:\/\/www.e-rihs.it\/supporting-kit-cover-meter-hygrometer-videoscope\/","name":"Supporting kit (Cover Meter, Hygrometer, Videoscope) | E-RIHS.it","isPartOf":{"@id":"https:\/\/www.e-rihs.it\/#website"},"datePublished":"2023-09-18T09:09:03+00:00","dateModified":"2023-09-18T09:09:04+00:00","breadcrumb":{"@id":"https:\/\/www.e-rihs.it\/supporting-kit-cover-meter-hygrometer-videoscope\/#breadcrumb"},"inLanguage":"en-GB","potentialAction":[{"@type":"ReadAction","target":["https:\/\/www.e-rihs.it\/supporting-kit-cover-meter-hygrometer-videoscope\/"]}]},{"@type":"BreadcrumbList","@id":"https:\/\/www.e-rihs.it\/supporting-kit-cover-meter-hygrometer-videoscope\/#breadcrumb","itemListElement":[{"@type":"ListItem","position":1,"name":"Home","item":"https:\/\/www.e-rihs.it\/"},{"@type":"ListItem","position":2,"name":"Supporting kit (Cover Meter, Hygrometer, Videoscope)"}]},{"@type":"WebSite","@id":"https:\/\/www.e-rihs.it\/#website","url":"https:\/\/www.e-rihs.it\/","name":"E-RIHS.it","description":"The Italian node of the European Research Infrastructure for Heritage Science","publisher":{"@id":"https:\/\/www.e-rihs.it\/#organization"},"potentialAction":[{"@type":"SearchAction","target":{"@type":"EntryPoint","urlTemplate":"https:\/\/www.e-rihs.it\/?s={search_term_string}"},"query-input":{"@type":"PropertyValueSpecification","valueRequired":true,"valueName":"search_term_string"}}],"inLanguage":"en-GB"},{"@type":"Organization","@id":"https:\/\/www.e-rihs.it\/#organization","name":"The Italian node of the European Research Infrastructure for Heritage Science","url":"https:\/\/www.e-rihs.it\/","logo":{"@type":"ImageObject","inLanguage":"en-GB","@id":"https:\/\/www.e-rihs.it\/#\/schema\/logo\/image\/","url":"https:\/\/www.e-rihs.it\/wp-content\/uploads\/2018\/01\/e-rihsit-logo.png","contentUrl":"https:\/\/www.e-rihs.it\/wp-content\/uploads\/2018\/01\/e-rihsit-logo.png","width":620,"height":107,"caption":"The Italian node of the European Research Infrastructure for Heritage Science"},"image":{"@id":"https:\/\/www.e-rihs.it\/#\/schema\/logo\/image\/"},"sameAs":["https:\/\/www.facebook.com\/erihsIT","https:\/\/x.com\/ErihsIt","https:\/\/www.youtube.com\/channel\/UC4h0G3wcxmlicWpoLUFmb-Q"]}]}},"_links":{"self":[{"href":"https:\/\/www.e-rihs.it\/en\/wp-json\/wp\/v2\/pages\/6654","targetHints":{"allow":["GET"]}}],"collection":[{"href":"https:\/\/www.e-rihs.it\/en\/wp-json\/wp\/v2\/pages"}],"about":[{"href":"https:\/\/www.e-rihs.it\/en\/wp-json\/wp\/v2\/types\/page"}],"author":[{"embeddable":true,"href":"https:\/\/www.e-rihs.it\/en\/wp-json\/wp\/v2\/users\/17"}],"replies":[{"embeddable":true,"href":"https:\/\/www.e-rihs.it\/en\/wp-json\/wp\/v2\/comments?post=6654"}],"version-history":[{"count":2,"href":"https:\/\/www.e-rihs.it\/en\/wp-json\/wp\/v2\/pages\/6654\/revisions"}],"predecessor-version":[{"id":6659,"href":"https:\/\/www.e-rihs.it\/en\/wp-json\/wp\/v2\/pages\/6654\/revisions\/6659"}],"wp:attachment":[{"href":"https:\/\/www.e-rihs.it\/en\/wp-json\/wp\/v2\/media?parent=6654"}],"curies":[{"name":"wp","href":"https:\/\/api.w.org\/{rel}","templated":true}]}}