{"id":6616,"date":"2023-09-18T09:12:47","date_gmt":"2023-09-18T08:12:47","guid":{"rendered":"http:\/\/www.e-rihs.it\/?page_id=6616"},"modified":"2023-09-18T12:19:36","modified_gmt":"2023-09-18T11:19:36","slug":"blower-door-test","status":"publish","type":"page","link":"https:\/\/www.e-rihs.it\/en\/blower-door-test\/","title":{"rendered":"Blower Door Test"},"content":{"rendered":"<p>[et_pb_section fb_built=&#8221;1&#8243; _builder_version=&#8221;4.7.7&#8243; _module_preset=&#8221;default&#8221;][et_pb_row column_structure=&#8221;2_5,3_5&#8243; _builder_version=&#8221;4.7.7&#8243; _module_preset=&#8221;default&#8221;][et_pb_column type=&#8221;2_5&#8243; _builder_version=&#8221;4.7.7&#8243; _module_preset=&#8221;default&#8221;][et_pb_image src=&#8221;http:\/\/www.e-rihs.it\/wp-content\/uploads\/2023\/09\/RETROTEC-EU6210-2-FAN-1.jpg&#8221; title_text=&#8221;RETROTEC EU6210, 2 FAN&#8221; _builder_version=&#8221;4.7.7&#8243; _module_preset=&#8221;default&#8221;][\/et_pb_image][\/et_pb_column][et_pb_column type=&#8221;3_5&#8243; _builder_version=&#8221;4.7.7&#8243; _module_preset=&#8221;default&#8221;][et_pb_text _builder_version=&#8221;4.7.7&#8243; _module_preset=&#8221;default&#8221; hover_enabled=&#8221;0&#8243; sticky_enabled=&#8221;0&#8243;]<\/p>\n<p><strong>LABORATORIO: CNR-ISPC<\/strong><\/p>\n<p><strong><\/strong><\/p>\n<p><strong>NOME STRUMENTO<\/strong><\/p>\n<p>Blower Door Test<strong><\/strong><\/p>\n<p>&nbsp;<\/p>\n<p><strong>INFORMAZIONI GENERALI<\/strong><\/p>\n<p>Il BlowerDoor RETROTEC EU6210 \u00e8 un sistema di misurazione delle infiltrazioni d&#8217;aria ad alte prestazioni. La doppia ventola ad alta potenza rende il sistema ideale per testare edifici di grandi dimensioni. Il sistema include un telaio in alluminio leggero e facile da installare che si adatta ad un&#8217;ampia variet\u00e0 di dimensioni della porta. Se il sistema Blower Door viene usato in combinazione con la termocamera \u00e8 possibile produrre immagini termiche ancora pi\u00f9 significative, grazie alla possibilit\u00e0 di rappresentare e valutare i flussi direttamente nel termogramma.<\/p>\n<p>&nbsp;<\/p>\n<p><strong>DETTAGLI TECNICI<\/strong><\/p>\n<p><strong>Kit Blower Door Test Retronic modello EU6210 <\/strong><\/p>\n<p>(in accordo con EN 13829 e ISO 9972) costituito da:<\/p>\n<ol>\n<li><strong>2 ventole 6000 <\/strong><strong>con 2 motori<\/strong> con le seguenti caratteristiche:<\/li>\n<\/ol>\n<ul>\n<li>Flusso massimo: 13.082 m\u00b3\/h (50 Hz) per fan<\/li>\n<li>Dimensioni: 55.9 cm diametro inlet, 24.8 cm lunghezza, 63.5 cm altezza<\/li>\n<li>Peso: 15.2 kg o 16.0 kg con installato Ring A &amp; Plated B8<\/li>\n<li>Accuratezza flusso: +\/-5%<\/li>\n<li>Potenza: 240V@50hz\/4.9A<\/li>\n<\/ul>\n<ol start=\"2\">\n<li><strong> <\/strong><strong>1 Telo grande con telaio in alluminio<\/strong><\/li>\n<\/ol>\n<p><strong>3. N.1 Manometro DM32<\/strong><\/p>\n<p><strong><\/strong><\/p>\n<p>Referente:<\/p>\n<p>Filippo Calcerano <a href=\"mailto:filippo.calcerano@cnr.it\">filippo.calcerano@cnr.it<\/a><\/p>\n<p>&nbsp;<\/p>\n<p><a href=\"http:\/\/www.e-rihs.it\/wp-content\/uploads\/2023\/09\/MOLAB_BlowerdoorTest_ITA.pdf\" rel=\"attachment wp-att-6620\">Scarica la scheda completa<\/a><\/p>\n<p><strong><\/strong><\/p>\n<p><strong><\/strong><\/p>\n<p>[\/et_pb_text][\/et_pb_column][\/et_pb_row][\/et_pb_section]<\/p>\n","protected":false},"excerpt":{"rendered":"<p>LABORATORIO: CNR-ISPC NOME STRUMENTO Blower Door Test &nbsp; INFORMAZIONI GENERALI Il BlowerDoor RETROTEC EU6210 \u00e8 un sistema di misurazione delle [&hellip;]<\/p>\n","protected":false},"author":17,"featured_media":0,"parent":0,"menu_order":0,"comment_status":"closed","ping_status":"closed","template":"","meta":{"_et_pb_use_builder":"on","_et_pb_old_content":"","_et_gb_content_width":"","footnotes":""},"class_list":["post-6616","page","type-page","status-publish","hentry"],"yoast_head":"<!-- This site is optimized with the Yoast SEO plugin v27.4 - https:\/\/yoast.com\/product\/yoast-seo-wordpress\/ -->\n<title>Blower Door Test | E-RIHS.it<\/title>\n<meta name=\"robots\" content=\"index, follow, max-snippet:-1, max-image-preview:large, max-video-preview:-1\" \/>\n<link rel=\"canonical\" href=\"https:\/\/www.e-rihs.it\/en\/blower-door-test\/\" \/>\n<meta property=\"og:locale\" content=\"en_GB\" \/>\n<meta property=\"og:type\" content=\"article\" \/>\n<meta property=\"og:title\" content=\"Blower Door Test | E-RIHS.it\" \/>\n<meta property=\"og:description\" content=\"LABORATORIO: CNR-ISPC NOME STRUMENTO Blower Door Test &nbsp; INFORMAZIONI GENERALI Il BlowerDoor RETROTEC EU6210 \u00e8 un sistema di misurazione delle [&hellip;]\" \/>\n<meta property=\"og:url\" content=\"https:\/\/www.e-rihs.it\/en\/blower-door-test\/\" \/>\n<meta property=\"og:site_name\" content=\"E-RIHS.it\" \/>\n<meta property=\"article:publisher\" content=\"https:\/\/www.facebook.com\/erihsIT\" \/>\n<meta property=\"article:modified_time\" content=\"2023-09-18T11:19:36+00:00\" \/>\n<meta name=\"twitter:card\" content=\"summary_large_image\" \/>\n<meta name=\"twitter:site\" content=\"@ErihsIt\" \/>\n<script type=\"application\/ld+json\" class=\"yoast-schema-graph\">{\"@context\":\"https:\\\/\\\/schema.org\",\"@graph\":[{\"@type\":\"WebPage\",\"@id\":\"https:\\\/\\\/www.e-rihs.it\\\/en\\\/blower-door-test\\\/\",\"url\":\"https:\\\/\\\/www.e-rihs.it\\\/en\\\/blower-door-test\\\/\",\"name\":\"Blower Door Test | E-RIHS.it\",\"isPartOf\":{\"@id\":\"https:\\\/\\\/www.e-rihs.it\\\/#website\"},\"datePublished\":\"2023-09-18T08:12:47+00:00\",\"dateModified\":\"2023-09-18T11:19:36+00:00\",\"breadcrumb\":{\"@id\":\"https:\\\/\\\/www.e-rihs.it\\\/en\\\/blower-door-test\\\/#breadcrumb\"},\"inLanguage\":\"en-GB\",\"potentialAction\":[{\"@type\":\"ReadAction\",\"target\":[\"https:\\\/\\\/www.e-rihs.it\\\/en\\\/blower-door-test\\\/\"]}]},{\"@type\":\"BreadcrumbList\",\"@id\":\"https:\\\/\\\/www.e-rihs.it\\\/en\\\/blower-door-test\\\/#breadcrumb\",\"itemListElement\":[{\"@type\":\"ListItem\",\"position\":1,\"name\":\"Home\",\"item\":\"https:\\\/\\\/www.e-rihs.it\\\/\"},{\"@type\":\"ListItem\",\"position\":2,\"name\":\"Blower Door Test\"}]},{\"@type\":\"WebSite\",\"@id\":\"https:\\\/\\\/www.e-rihs.it\\\/#website\",\"url\":\"https:\\\/\\\/www.e-rihs.it\\\/\",\"name\":\"E-RIHS.it\",\"description\":\"The Italian node of the European Research Infrastructure for Heritage Science\",\"publisher\":{\"@id\":\"https:\\\/\\\/www.e-rihs.it\\\/#organization\"},\"potentialAction\":[{\"@type\":\"SearchAction\",\"target\":{\"@type\":\"EntryPoint\",\"urlTemplate\":\"https:\\\/\\\/www.e-rihs.it\\\/?s={search_term_string}\"},\"query-input\":{\"@type\":\"PropertyValueSpecification\",\"valueRequired\":true,\"valueName\":\"search_term_string\"}}],\"inLanguage\":\"en-GB\"},{\"@type\":\"Organization\",\"@id\":\"https:\\\/\\\/www.e-rihs.it\\\/#organization\",\"name\":\"The Italian node of the European Research Infrastructure for Heritage Science\",\"url\":\"https:\\\/\\\/www.e-rihs.it\\\/\",\"logo\":{\"@type\":\"ImageObject\",\"inLanguage\":\"en-GB\",\"@id\":\"https:\\\/\\\/www.e-rihs.it\\\/#\\\/schema\\\/logo\\\/image\\\/\",\"url\":\"https:\\\/\\\/www.e-rihs.it\\\/wp-content\\\/uploads\\\/2018\\\/01\\\/e-rihsit-logo.png\",\"contentUrl\":\"https:\\\/\\\/www.e-rihs.it\\\/wp-content\\\/uploads\\\/2018\\\/01\\\/e-rihsit-logo.png\",\"width\":620,\"height\":107,\"caption\":\"The Italian node of the European Research Infrastructure for Heritage Science\"},\"image\":{\"@id\":\"https:\\\/\\\/www.e-rihs.it\\\/#\\\/schema\\\/logo\\\/image\\\/\"},\"sameAs\":[\"https:\\\/\\\/www.facebook.com\\\/erihsIT\",\"https:\\\/\\\/x.com\\\/ErihsIt\",\"https:\\\/\\\/www.youtube.com\\\/channel\\\/UC4h0G3wcxmlicWpoLUFmb-Q\"]}]}<\/script>\n<!-- \/ Yoast SEO plugin. -->","yoast_head_json":{"title":"Blower Door Test | E-RIHS.it","robots":{"index":"index","follow":"follow","max-snippet":"max-snippet:-1","max-image-preview":"max-image-preview:large","max-video-preview":"max-video-preview:-1"},"canonical":"https:\/\/www.e-rihs.it\/en\/blower-door-test\/","og_locale":"en_GB","og_type":"article","og_title":"Blower Door Test | E-RIHS.it","og_description":"LABORATORIO: CNR-ISPC NOME STRUMENTO Blower Door Test &nbsp; INFORMAZIONI GENERALI Il BlowerDoor RETROTEC EU6210 \u00e8 un sistema di misurazione delle [&hellip;]","og_url":"https:\/\/www.e-rihs.it\/en\/blower-door-test\/","og_site_name":"E-RIHS.it","article_publisher":"https:\/\/www.facebook.com\/erihsIT","article_modified_time":"2023-09-18T11:19:36+00:00","twitter_card":"summary_large_image","twitter_site":"@ErihsIt","schema":{"@context":"https:\/\/schema.org","@graph":[{"@type":"WebPage","@id":"https:\/\/www.e-rihs.it\/en\/blower-door-test\/","url":"https:\/\/www.e-rihs.it\/en\/blower-door-test\/","name":"Blower Door Test | E-RIHS.it","isPartOf":{"@id":"https:\/\/www.e-rihs.it\/#website"},"datePublished":"2023-09-18T08:12:47+00:00","dateModified":"2023-09-18T11:19:36+00:00","breadcrumb":{"@id":"https:\/\/www.e-rihs.it\/en\/blower-door-test\/#breadcrumb"},"inLanguage":"en-GB","potentialAction":[{"@type":"ReadAction","target":["https:\/\/www.e-rihs.it\/en\/blower-door-test\/"]}]},{"@type":"BreadcrumbList","@id":"https:\/\/www.e-rihs.it\/en\/blower-door-test\/#breadcrumb","itemListElement":[{"@type":"ListItem","position":1,"name":"Home","item":"https:\/\/www.e-rihs.it\/"},{"@type":"ListItem","position":2,"name":"Blower Door Test"}]},{"@type":"WebSite","@id":"https:\/\/www.e-rihs.it\/#website","url":"https:\/\/www.e-rihs.it\/","name":"E-RIHS.it","description":"The Italian node of the European Research Infrastructure for Heritage Science","publisher":{"@id":"https:\/\/www.e-rihs.it\/#organization"},"potentialAction":[{"@type":"SearchAction","target":{"@type":"EntryPoint","urlTemplate":"https:\/\/www.e-rihs.it\/?s={search_term_string}"},"query-input":{"@type":"PropertyValueSpecification","valueRequired":true,"valueName":"search_term_string"}}],"inLanguage":"en-GB"},{"@type":"Organization","@id":"https:\/\/www.e-rihs.it\/#organization","name":"The Italian node of the European Research Infrastructure for Heritage Science","url":"https:\/\/www.e-rihs.it\/","logo":{"@type":"ImageObject","inLanguage":"en-GB","@id":"https:\/\/www.e-rihs.it\/#\/schema\/logo\/image\/","url":"https:\/\/www.e-rihs.it\/wp-content\/uploads\/2018\/01\/e-rihsit-logo.png","contentUrl":"https:\/\/www.e-rihs.it\/wp-content\/uploads\/2018\/01\/e-rihsit-logo.png","width":620,"height":107,"caption":"The Italian node of the European Research Infrastructure for Heritage Science"},"image":{"@id":"https:\/\/www.e-rihs.it\/#\/schema\/logo\/image\/"},"sameAs":["https:\/\/www.facebook.com\/erihsIT","https:\/\/x.com\/ErihsIt","https:\/\/www.youtube.com\/channel\/UC4h0G3wcxmlicWpoLUFmb-Q"]}]}},"_links":{"self":[{"href":"https:\/\/www.e-rihs.it\/en\/wp-json\/wp\/v2\/pages\/6616","targetHints":{"allow":["GET"]}}],"collection":[{"href":"https:\/\/www.e-rihs.it\/en\/wp-json\/wp\/v2\/pages"}],"about":[{"href":"https:\/\/www.e-rihs.it\/en\/wp-json\/wp\/v2\/types\/page"}],"author":[{"embeddable":true,"href":"https:\/\/www.e-rihs.it\/en\/wp-json\/wp\/v2\/users\/17"}],"replies":[{"embeddable":true,"href":"https:\/\/www.e-rihs.it\/en\/wp-json\/wp\/v2\/comments?post=6616"}],"version-history":[{"count":5,"href":"https:\/\/www.e-rihs.it\/en\/wp-json\/wp\/v2\/pages\/6616\/revisions"}],"predecessor-version":[{"id":6667,"href":"https:\/\/www.e-rihs.it\/en\/wp-json\/wp\/v2\/pages\/6616\/revisions\/6667"}],"wp:attachment":[{"href":"https:\/\/www.e-rihs.it\/en\/wp-json\/wp\/v2\/media?parent=6616"}],"curies":[{"name":"wp","href":"https:\/\/api.w.org\/{rel}","templated":true}]}}