{"id":6339,"date":"2023-02-24T11:04:50","date_gmt":"2023-02-24T10:04:50","guid":{"rendered":"http:\/\/www.e-rihs.it\/?page_id=6339"},"modified":"2023-03-06T13:27:35","modified_gmt":"2023-03-06T12:27:35","slug":"ir-projects-pon-por","status":"publish","type":"page","link":"https:\/\/www.e-rihs.it\/en\/ir-projects-pon-por\/","title":{"rendered":"IR Projects PON\/POR"},"content":{"rendered":"<p>[et_pb_section fb_built=&#8221;1&#8243; fullwidth=&#8221;on&#8221; custom_padding_last_edited=&#8221;on|desktop&#8221; admin_label=&#8221;Section&#8221; _builder_version=&#8221;4.7.7&#8243; background_image=&#8221;http:\/\/www.e-rihs.it\/wp-content\/uploads\/2023\/01\/X-ray-radiography.jpg&#8221; custom_padding_tablet=&#8221;50px|0|50px|0&#8243; custom_padding_phone=&#8221;&#8221; transparent_background=&#8221;off&#8221; padding_mobile=&#8221;off&#8221; make_fullwidth=&#8221;off&#8221; use_custom_width=&#8221;off&#8221; width_unit=&#8221;on&#8221; locked=&#8221;off&#8221;][et_pb_fullwidth_header title=&#8221;Progetti-IR&#8221; content_max_width=&#8221;none&#8221; admin_label=&#8221;Fullwidth Header&#8221; _builder_version=&#8221;4.7.7&#8243; background_color=&#8221;rgba(255,255,255,0)&#8221; background_layout=&#8221;light&#8221; button_one_letter_spacing_hover=&#8221;0&#8243; button_two_letter_spacing_hover=&#8221;0&#8243; button_one_text_size__hover_enabled=&#8221;off&#8221; button_two_text_size__hover_enabled=&#8221;off&#8221; button_one_text_color__hover_enabled=&#8221;off&#8221; button_two_text_color__hover_enabled=&#8221;off&#8221; button_one_border_width__hover_enabled=&#8221;off&#8221; button_two_border_width__hover_enabled=&#8221;off&#8221; button_one_border_color__hover_enabled=&#8221;off&#8221; button_two_border_color__hover_enabled=&#8221;off&#8221; button_one_border_radius__hover_enabled=&#8221;off&#8221; button_two_border_radius__hover_enabled=&#8221;off&#8221; button_one_letter_spacing__hover_enabled=&#8221;on&#8221; button_one_letter_spacing__hover=&#8221;0&#8243; button_two_letter_spacing__hover_enabled=&#8221;on&#8221; button_two_letter_spacing__hover=&#8221;0&#8243; button_one_bg_color__hover_enabled=&#8221;off&#8221; button_two_bg_color__hover_enabled=&#8221;off&#8221;][\/et_pb_fullwidth_header][\/et_pb_section][et_pb_section fb_built=&#8221;1&#8243; _builder_version=&#8221;4.7.7&#8243; _module_preset=&#8221;default&#8221; custom_padding=&#8221;||31px|||&#8221;][et_pb_row column_structure=&#8221;1_4,3_4&#8243; _builder_version=&#8221;4.7.7&#8243; _module_preset=&#8221;default&#8221;][et_pb_column type=&#8221;1_4&#8243; _builder_version=&#8221;4.7.7&#8243; _module_preset=&#8221;default&#8221;][et_pb_sidebar area=&#8221;et_pb_widget_area_19&#8243; _builder_version=&#8221;4.7.7&#8243; _module_preset=&#8221;default&#8221;][\/et_pb_sidebar][\/et_pb_column][et_pb_column type=&#8221;3_4&#8243; _builder_version=&#8221;4.7.7&#8243; _module_preset=&#8221;default&#8221;][et_pb_text _builder_version=&#8221;4.7.7&#8243; _module_preset=&#8221;default&#8221;]<\/p>\n<p><strong>PROGETTI-IR PON\/POR<\/strong><\/p>\n<p>[\/et_pb_text][et_pb_toggle title=&#8221;PON SHINE&#8221; _builder_version=&#8221;4.7.7&#8243; _module_preset=&#8221;default&#8221;]<\/p>\n<h5>SHINE &#8211; StrengtHening the Italian Nodes of E-RIHS<\/h5>\n<p>Il progetto <strong>SHINE<\/strong> nasce dall\u2019esigenza di potenziare il contributo del <a href=\"https:\/\/www.cnr.it\/\" target=\"_blank\" rel=\"noopener noreferrer\">CNR<\/a> al nodo italiano dell&#8217;infrastruttura europea <a href=\"https:\/\/www.e-rihs.eu\/\" target=\"_blank\" rel=\"noopener noreferrer\">E-RIHS<\/a>,\u00a0al fine di favorire lo sviluppo di un sistema multidisciplinare di ricerca, innovazione e trasferimento tecnologico in grado di valorizzare e rafforzare le migliori competenze italiane nello studio interdisciplinare dei beni culturali.<\/p>\n<p>SHINE,\u00a0 finanziato dal\u00a0 <a href=\"https:\/\/www.mur.gov.it\/it\" target=\"_blank\" rel=\"noopener noreferrer\">M.I.U.R<\/a>. \u2013 Azione II.1 del PON Ricerca e Innovazione del 2014-2020, mira a rafforzare le capacit\u00e0 tecnologiche e il grado di innovazione di E-RIHS.it, delle strumentazioni di laboratorio, delle tecnologie portatili e dei centri per attivit\u00e0 di data science con specifico riferimento alle piattaforme FIXLAB e MOLAB.<\/p>\n<p>Per la piattaforma FIXLAB (<a href=\"https:\/\/www.ispc.cnr.it\/it_it\/\" target=\"_blank\" rel=\"noopener noreferrer\">CNR ISPC<\/a> Lecce, <a href=\"https:\/\/nanotec.cnr.it\/it\/\" target=\"_blank\" rel=\"noopener noreferrer\">CNR NANOTEC<\/a> Lecce, <a href=\"https:\/\/www.ino.cnr.it\/\" target=\"_blank\" rel=\"noopener noreferrer\">CNR INO<\/a> Napoli), si rinforzeranno laboratori di eccellenza dedicati a:<\/p>\n<p>&#8211; caratterizzazione strutturale\/morfologica dei materiali lapidei (stone-lab);<\/p>\n<p>&#8211; datazione al C14 (dating-lab);<\/p>\n<p>&#8211; analisi strutturale\/morfologica di campioni o oggetti medio\/piccoli mediante radiazione THz (inside-out lab);<\/p>\n<p>Per la piattaforma MOLAB, il potenziamento \u00e8 distribuito in 2 specifiche direzioni.<\/p>\n<p>La prima, reMOLAB (CNR ISPC Potenza, CNR ISPC Napoli, CNR INO Napoli, CNR ISPC Lecce, <a href=\"http:\/\/www.inm.cnr.it\/\" target=\"_blank\" rel=\"noopener noreferrer\">CNR INM<\/a> Palermo), sar\u00e0 orientata al <em>remote sensing<\/em> come strumento chiave per ricerche e attivit\u00e0 di supporto scientifico-tecnologico all\u2019archeologia preventiva, subacquea e del paesaggio; alla documentazione, interpretazione e conservazione del patrimonio storico-architettonico ed archeologico; all\u2019analisi e monitoraggio dei rischi e valutazione del danno post evento calamitoso. Tramite reMOLAB, si intende favorire l\u2019integrazione e l\u2019interoperabilit\u00e0 di differenti tipi di sensori attivi\/passivi per sistemi di acquisizione mobili, molti dei quali a pilotaggio remoto, in contesti, terrestri, aerei e marini.<\/p>\n<p>La seconda, hyMOLAB (CNR ISPC Catania, <a href=\"http:\/\/www.scitec.cnr.it\/\" target=\"_blank\" rel=\"noopener noreferrer\">CNR SCITEC<\/a> Perugia, CNR INO Firenze), si focalizzer\u00e0 su nuovi metodi di acquisizione tramite <em>hyperspectral imaging<\/em> che in modo innovativo permettono lo studio, dalla macro alla micro-scala, di materiali del patrimonio caratterizzati da elevata complessit\u00e0 ed eterogeneit\u00e0 composizionale anche in situ senza la necessit\u00e0 di trasportare l\u2019oggetto in laboratorio.<\/p>\n<p>La piattaforma DIGILAB (CNR ISPC Lecce, CNR ISPC Napoli), sar\u00e0 invece l\u2019hub per la gestione del <em>digital data<\/em> <em>lifecycle<\/em> nell\u2019HS. Fornir\u00e0 agli utenti accesso a un ecosistema interoperabile di dati, strumenti e servizi a supporto della ricerca, tutela, conservazione, valorizzazione e interpretazione del patrimonio culturale.<\/p>\n<p>Comune denominatore di tutte le linee di intervento \u00e8 l\u2019interdisciplinarit\u00e0, con la creazione di nodi che siano di alta attrattivit\u00e0 per i ricercatori europei grazie alla compresenza di tecnologie d\u2019avanguardia (specificamente sviluppate e\/o ottimizzate per l\u2019HS) e competenze uniche nella loro applicazione a ricerche per la conoscenza e conservazione del patrimonio culturale.<\/p>\n<p>La responsabile scientifica del progetto \u00e8\u00a0 Costanza MIliani (<a href=\"mailto:costanza.miliani@cnr.it9\">costanza.miliani@cnr.it)<\/a>,\u00a0direttrice di CNR ISPC, l&#8217;istituto capofila del nodo italiano di E-RIHS.<\/p>\n<p>[\/et_pb_toggle][et_pb_toggle title=&#8221;POR FESR Lazio&#8221; _builder_version=&#8221;4.7.7&#8243; _module_preset=&#8221;default&#8221; hover_enabled=&#8221;0&#8243; sticky_enabled=&#8221;0&#8243;]<\/p>\n<p>Il<span style=\"color: #0000ff;\">\u00a0<\/span><a href=\"http:\/\/lazioeuropa.it\/porfesr\"><span style=\"color: #0000ff;\">POR FESR Lazio 2014-2020<\/span>\u00a0<\/a>costituisce uno degli strumenti di maggior rilievo della politica di sviluppo regionale e assume un ruolo centrale nella realizzazione di <a href=\"http:\/\/publications.europa.eu\/resource\/cellar\/8d8026dc-d7d7-4d04-8896-e13ef636ae6b.0010.02\/DOC_5\"><span style=\"color: #0000ff;\">Europe 2020<\/span><\/a>, che mira a una crescita intelligente, sostenibile e inclusiva e al conseguimento della coesione economica, sociale e territoriale.<\/p>\n<p>Per l\u2019Avviso pubblico \u201cProgetti di Gruppi di Ricerca 2020\u201d, hanno ottenuto il finanziamento del POR FESR Lazio 2014-2020,\u00a0<strong>4 progetti di ricerca, <\/strong>presentati nell\u2019area di specializzazione della\u00a0<em>Smart Specialisation Strategy Regionale<\/em>\u00a0(S3) \u201cBeni culturali e tecnologie della cultura\u201d.<\/p>\n<p>Tre dei progetti finanziati \u00a0vedono coinvolto come proponente, il\u00a0<strong>CNR ISPC<\/strong>\u00a0della sede di Roma. L\u2019ISPC, <a href=\"https:\/\/www.ispc.cnr.it\/it_it\/\">I<span style=\"color: #0000ff;\">stituto di Scienze del Patrimonio Culturale del CNR<\/span><\/a><span style=\"color: #0000ff;\">,<\/span> \u00e8 capofila del nodo italiano di E-RIHS, l\u2019infrastruttura di ricerca europea per l\u2019heritage science (<span style=\"color: #0000ff;\"><a href=\"http:\/\/www.e-rihs.eu\" style=\"color: #0000ff;\">www.e-rihs.eu<\/a><\/span>)<\/p>\n<p>Alri due progetti saranno coordinati\u00a0da\u00a0<a href=\"https:\/\/www.enea.it\/it\"><span style=\"color: #0000ff;\">ENEA<\/span><\/a>, <strong>l\u2019 Agenzia nazionale per le nuove tecnologie l\u2019energia e lo sviluppo economico sostenibile,<\/strong>\u00a0anch\u2019essa partner del nodo italiano di E-RIHS, in collaborazione con CNR ISPC e con\u00a0 CNR INM\u00a0 l\u2019 <a href=\"http:\/\/www.inm.cnr.it\/\"><span style=\"color: #0000ff;\">Istituto di Ingegneria del Mare<\/span>.<\/a><\/p>\n<p>Tra le universit\u00e0 coinvolte: l\u2019<strong>Universit\u00e0 di Tor Vergata<\/strong>\u00a0con il\u00a0<a href=\"http:\/\/ingegneriaindustriale.uniroma2.it\/\"><span style=\"color: #0000ff;\">Dipartimento di Ingegneria Industriale<\/span>\u00a0<\/a>e la\u00a0<strong>Sapienza Universit\u00e0 di Roma<\/strong>\u00a0con il Centro interdipartimentale di ricerca e servizi (<span style=\"color: #0000ff;\"><a href=\"https:\/\/digilab.uniroma1.it\/\" style=\"color: #0000ff;\">DigiLab<\/a><\/span>) e il Dipartimento di Storia, Disegno e Restauro dell\u2019Architettura (<span style=\"color: #0000ff;\"><a href=\"https:\/\/web.uniroma1.it\/dsdra\/\" style=\"color: #0000ff;\">DSDRA<\/a><\/span>), e <a href=\"http:\/\/www.iasi.cnr.it\/new\/\"><span style=\"color: #0000ff;\">Universit\u00e0 degli Studi di Roma tre<\/span><\/a>.<\/p>\n<p>Per l&#8217;elenco completo dei progetti visita questo <span style=\"color: #0000ff;\"><a href=\"https:\/\/www.e-rihs.it\/regione-lazio-finanziati-progetti-di-ricerca-che-vedono-coinvolti-enti-e-istituti-del-nodo-italiano-di-e-rihs\/?et_fb=1&amp;PageSpeed=off\" target=\"_blank\" rel=\"noopener noreferrer\" style=\"color: #0000ff;\">LINK<\/a><\/span><\/p>\n<p>[\/et_pb_toggle][\/et_pb_column][\/et_pb_row][et_pb_row column_structure=&#8221;1_4,1_4,1_4,1_4&#8243; _builder_version=&#8221;4.7.7&#8243; _module_preset=&#8221;default&#8221; custom_margin=&#8221;|auto|-38px|auto||&#8221;][et_pb_column type=&#8221;1_4&#8243; _builder_version=&#8221;4.7.7&#8243; _module_preset=&#8221;default&#8221;][et_pb_image src=&#8221;http:\/\/www.e-rihs.it\/wp-content\/uploads\/2022\/01\/fesr-regione-lazio.jpg&#8221; title_text=&#8221;fesr-regione-lazio&#8221; _builder_version=&#8221;4.7.7&#8243; _module_preset=&#8221;default&#8221; min_height=&#8221;148.2px&#8221; custom_padding=&#8221;||0px|||&#8221;][\/et_pb_image][\/et_pb_column][et_pb_column type=&#8221;1_4&#8243; _builder_version=&#8221;4.7.7&#8243; _module_preset=&#8221;default&#8221;][et_pb_image src=&#8221;http:\/\/www.e-rihs.it\/wp-content\/uploads\/2021\/11\/sfondo-bianco-800x600rid3.png&#8221; title_text=&#8221;INT4CT &#8211; In alto a sinistra: Itinerari museali urbani, dall\u2019Area Archeologica Centrale alla polarit\u00e0 del Museo delle Terme Al centro: documentazione e restituzione in 3D dell\u2019organismo delle Terme di Diocleziano A destra, dall\u2019alto: il DB vettoriale composto dalla cartografia storica di Roma; due restituzioni congetturali, dai lacerti, di architetture antiche nell\u2019Area Archeologica Centrale.| \u00a9Marco Piccoli e Massimiliano Vita&#8221; _builder_version=&#8221;4.7.7&#8243; _module_preset=&#8221;default&#8221; width=&#8221;100%&#8221; min_height=&#8221;82.5px&#8221; custom_padding=&#8221;||2px|||&#8221;][\/et_pb_image][\/et_pb_column][et_pb_column type=&#8221;1_4&#8243; _builder_version=&#8221;4.7.7&#8243; _module_preset=&#8221;default&#8221;][et_pb_image src=&#8221;http:\/\/www.e-rihs.it\/wp-content\/uploads\/2021\/11\/HBIM4lazioHERITAGE_RID.jpg&#8221; alt=&#8221;Roma &#8211; Il chiostro del Bramante, caso studio del progetto HBIM4lazioHERITAGE | \u00a9 Elena Gigliarelli CNR ISPC&#8221; title_text=&#8221;Roma &#8211; Il chiostro del Bramante, caso studio del progetto HBIM4lazioHERITAGE | \u00a9 Elena Gigliarelli CNR ISPC&#8221; _builder_version=&#8221;4.7.7&#8243; _module_preset=&#8221;default&#8221;][\/et_pb_image][\/et_pb_column][et_pb_column type=&#8221;1_4&#8243; _builder_version=&#8221;4.7.7&#8243; _module_preset=&#8221;default&#8221;][et_pb_image src=&#8221;http:\/\/www.e-rihs.it\/wp-content\/uploads\/2021\/11\/Remedia-800&#215;600-1.png&#8221; title_text=&#8221;REMEDIA | RICERCA, DIAGNOSTICA E METODI DI CONTRASTO AL DETERIORAMENTO CAUSATO DALL\u2019UMIDIT\u00c0 NEI BENI CULTURALI&#8221; _builder_version=&#8221;4.7.7&#8243; _module_preset=&#8221;default&#8221;][\/et_pb_image][\/et_pb_column][\/et_pb_row][\/et_pb_section]<\/p>\n","protected":false},"excerpt":{"rendered":"<p>PROGETTI-IR PON\/PORSHINE &#8211; StrengtHening the Italian Nodes of E-RIHS Il progetto SHINE nasce dall\u2019esigenza di potenziare il contributo del CNR [&hellip;]<\/p>\n","protected":false},"author":17,"featured_media":0,"parent":0,"menu_order":0,"comment_status":"closed","ping_status":"closed","template":"","meta":{"_et_pb_use_builder":"on","_et_pb_old_content":"","_et_gb_content_width":"","footnotes":""},"class_list":["post-6339","page","type-page","status-publish"],"yoast_head":"<!-- This site is optimized with the Yoast SEO plugin v27.0 - https:\/\/yoast.com\/product\/yoast-seo-wordpress\/ -->\n<title>Progetti - IR PON\/POR | E-RIHS.it<\/title>\n<meta name=\"robots\" content=\"index, follow, max-snippet:-1, max-image-preview:large, max-video-preview:-1\" \/>\n<link rel=\"canonical\" href=\"https:\/\/www.e-rihs.it\/en\/ir-projects-pon-por\/\" \/>\n<meta property=\"og:locale\" content=\"en_GB\" \/>\n<meta property=\"og:type\" content=\"article\" \/>\n<meta property=\"og:title\" content=\"Progetti - IR PON\/POR | E-RIHS.it\" \/>\n<meta property=\"og:description\" content=\"PROGETTI-IR PON\/PORSHINE - StrengtHening the Italian Nodes of E-RIHS Il progetto SHINE nasce dall\u2019esigenza di potenziare il contributo del CNR [&hellip;]\" \/>\n<meta property=\"og:url\" content=\"https:\/\/www.e-rihs.it\/en\/ir-projects-pon-por\/\" \/>\n<meta property=\"og:site_name\" content=\"E-RIHS.it\" \/>\n<meta property=\"article:publisher\" content=\"https:\/\/www.facebook.com\/erihsIT\" \/>\n<meta property=\"article:modified_time\" content=\"2023-03-06T12:27:35+00:00\" \/>\n<meta name=\"twitter:card\" content=\"summary_large_image\" \/>\n<meta name=\"twitter:site\" content=\"@ErihsIt\" \/>\n<meta name=\"twitter:label1\" content=\"Estimated reading time\" \/>\n\t<meta name=\"twitter:data1\" content=\"1 minute\" \/>\n<script type=\"application\/ld+json\" class=\"yoast-schema-graph\">{\"@context\":\"https:\/\/schema.org\",\"@graph\":[{\"@type\":\"WebPage\",\"@id\":\"https:\/\/www.e-rihs.it\/ir-projects-pon-por\/\",\"url\":\"https:\/\/www.e-rihs.it\/ir-projects-pon-por\/\",\"name\":\"Progetti - IR PON\/POR | E-RIHS.it\",\"isPartOf\":{\"@id\":\"https:\/\/www.e-rihs.it\/#website\"},\"datePublished\":\"2023-02-24T10:04:50+00:00\",\"dateModified\":\"2023-03-06T12:27:35+00:00\",\"breadcrumb\":{\"@id\":\"https:\/\/www.e-rihs.it\/ir-projects-pon-por\/#breadcrumb\"},\"inLanguage\":\"en-GB\",\"potentialAction\":[{\"@type\":\"ReadAction\",\"target\":[\"https:\/\/www.e-rihs.it\/ir-projects-pon-por\/\"]}]},{\"@type\":\"BreadcrumbList\",\"@id\":\"https:\/\/www.e-rihs.it\/ir-projects-pon-por\/#breadcrumb\",\"itemListElement\":[{\"@type\":\"ListItem\",\"position\":1,\"name\":\"Home\",\"item\":\"https:\/\/www.e-rihs.it\/\"},{\"@type\":\"ListItem\",\"position\":2,\"name\":\"Progetti &#8211; IR PON\/POR\"}]},{\"@type\":\"WebSite\",\"@id\":\"https:\/\/www.e-rihs.it\/#website\",\"url\":\"https:\/\/www.e-rihs.it\/\",\"name\":\"E-RIHS.it\",\"description\":\"The Italian node of the European Research Infrastructure for Heritage Science\",\"publisher\":{\"@id\":\"https:\/\/www.e-rihs.it\/#organization\"},\"potentialAction\":[{\"@type\":\"SearchAction\",\"target\":{\"@type\":\"EntryPoint\",\"urlTemplate\":\"https:\/\/www.e-rihs.it\/?s={search_term_string}\"},\"query-input\":{\"@type\":\"PropertyValueSpecification\",\"valueRequired\":true,\"valueName\":\"search_term_string\"}}],\"inLanguage\":\"en-GB\"},{\"@type\":\"Organization\",\"@id\":\"https:\/\/www.e-rihs.it\/#organization\",\"name\":\"The Italian node of the European Research Infrastructure for Heritage Science\",\"url\":\"https:\/\/www.e-rihs.it\/\",\"logo\":{\"@type\":\"ImageObject\",\"inLanguage\":\"en-GB\",\"@id\":\"https:\/\/www.e-rihs.it\/#\/schema\/logo\/image\/\",\"url\":\"https:\/\/www.e-rihs.it\/wp-content\/uploads\/2018\/01\/e-rihsit-logo.png\",\"contentUrl\":\"https:\/\/www.e-rihs.it\/wp-content\/uploads\/2018\/01\/e-rihsit-logo.png\",\"width\":620,\"height\":107,\"caption\":\"The Italian node of the European Research Infrastructure for Heritage Science\"},\"image\":{\"@id\":\"https:\/\/www.e-rihs.it\/#\/schema\/logo\/image\/\"},\"sameAs\":[\"https:\/\/www.facebook.com\/erihsIT\",\"https:\/\/x.com\/ErihsIt\",\"https:\/\/www.youtube.com\/channel\/UC4h0G3wcxmlicWpoLUFmb-Q\"]}]}<\/script>\n<!-- \/ Yoast SEO plugin. -->","yoast_head_json":{"title":"Progetti - IR PON\/POR | E-RIHS.it","robots":{"index":"index","follow":"follow","max-snippet":"max-snippet:-1","max-image-preview":"max-image-preview:large","max-video-preview":"max-video-preview:-1"},"canonical":"https:\/\/www.e-rihs.it\/en\/ir-projects-pon-por\/","og_locale":"en_GB","og_type":"article","og_title":"Progetti - IR PON\/POR | E-RIHS.it","og_description":"PROGETTI-IR PON\/PORSHINE - StrengtHening the Italian Nodes of E-RIHS Il progetto SHINE nasce dall\u2019esigenza di potenziare il contributo del CNR [&hellip;]","og_url":"https:\/\/www.e-rihs.it\/en\/ir-projects-pon-por\/","og_site_name":"E-RIHS.it","article_publisher":"https:\/\/www.facebook.com\/erihsIT","article_modified_time":"2023-03-06T12:27:35+00:00","twitter_card":"summary_large_image","twitter_site":"@ErihsIt","twitter_misc":{"Estimated reading time":"1 minute"},"schema":{"@context":"https:\/\/schema.org","@graph":[{"@type":"WebPage","@id":"https:\/\/www.e-rihs.it\/ir-projects-pon-por\/","url":"https:\/\/www.e-rihs.it\/ir-projects-pon-por\/","name":"Progetti - IR PON\/POR | E-RIHS.it","isPartOf":{"@id":"https:\/\/www.e-rihs.it\/#website"},"datePublished":"2023-02-24T10:04:50+00:00","dateModified":"2023-03-06T12:27:35+00:00","breadcrumb":{"@id":"https:\/\/www.e-rihs.it\/ir-projects-pon-por\/#breadcrumb"},"inLanguage":"en-GB","potentialAction":[{"@type":"ReadAction","target":["https:\/\/www.e-rihs.it\/ir-projects-pon-por\/"]}]},{"@type":"BreadcrumbList","@id":"https:\/\/www.e-rihs.it\/ir-projects-pon-por\/#breadcrumb","itemListElement":[{"@type":"ListItem","position":1,"name":"Home","item":"https:\/\/www.e-rihs.it\/"},{"@type":"ListItem","position":2,"name":"Progetti &#8211; IR PON\/POR"}]},{"@type":"WebSite","@id":"https:\/\/www.e-rihs.it\/#website","url":"https:\/\/www.e-rihs.it\/","name":"E-RIHS.it","description":"The Italian node of the European Research Infrastructure for Heritage Science","publisher":{"@id":"https:\/\/www.e-rihs.it\/#organization"},"potentialAction":[{"@type":"SearchAction","target":{"@type":"EntryPoint","urlTemplate":"https:\/\/www.e-rihs.it\/?s={search_term_string}"},"query-input":{"@type":"PropertyValueSpecification","valueRequired":true,"valueName":"search_term_string"}}],"inLanguage":"en-GB"},{"@type":"Organization","@id":"https:\/\/www.e-rihs.it\/#organization","name":"The Italian node of the European Research Infrastructure for Heritage Science","url":"https:\/\/www.e-rihs.it\/","logo":{"@type":"ImageObject","inLanguage":"en-GB","@id":"https:\/\/www.e-rihs.it\/#\/schema\/logo\/image\/","url":"https:\/\/www.e-rihs.it\/wp-content\/uploads\/2018\/01\/e-rihsit-logo.png","contentUrl":"https:\/\/www.e-rihs.it\/wp-content\/uploads\/2018\/01\/e-rihsit-logo.png","width":620,"height":107,"caption":"The Italian node of the European Research Infrastructure for Heritage Science"},"image":{"@id":"https:\/\/www.e-rihs.it\/#\/schema\/logo\/image\/"},"sameAs":["https:\/\/www.facebook.com\/erihsIT","https:\/\/x.com\/ErihsIt","https:\/\/www.youtube.com\/channel\/UC4h0G3wcxmlicWpoLUFmb-Q"]}]}},"_links":{"self":[{"href":"https:\/\/www.e-rihs.it\/en\/wp-json\/wp\/v2\/pages\/6339","targetHints":{"allow":["GET"]}}],"collection":[{"href":"https:\/\/www.e-rihs.it\/en\/wp-json\/wp\/v2\/pages"}],"about":[{"href":"https:\/\/www.e-rihs.it\/en\/wp-json\/wp\/v2\/types\/page"}],"author":[{"embeddable":true,"href":"https:\/\/www.e-rihs.it\/en\/wp-json\/wp\/v2\/users\/17"}],"replies":[{"embeddable":true,"href":"https:\/\/www.e-rihs.it\/en\/wp-json\/wp\/v2\/comments?post=6339"}],"version-history":[{"count":26,"href":"https:\/\/www.e-rihs.it\/en\/wp-json\/wp\/v2\/pages\/6339\/revisions"}],"predecessor-version":[{"id":6411,"href":"https:\/\/www.e-rihs.it\/en\/wp-json\/wp\/v2\/pages\/6339\/revisions\/6411"}],"wp:attachment":[{"href":"https:\/\/www.e-rihs.it\/en\/wp-json\/wp\/v2\/media?parent=6339"}],"curies":[{"name":"wp","href":"https:\/\/api.w.org\/{rel}","templated":true}]}}