{"id":6293,"date":"2023-02-17T15:49:01","date_gmt":"2023-02-17T14:49:01","guid":{"rendered":"http:\/\/www.e-rihs.it\/?page_id=6293"},"modified":"2024-04-08T11:58:50","modified_gmt":"2024-04-08T10:58:50","slug":"dottorati-2","status":"publish","type":"page","link":"https:\/\/www.e-rihs.it\/en\/dottorati-2\/","title":{"rendered":"PhDs"},"content":{"rendered":"<p>[et_pb_section fb_built=&#8221;1&#8243; fullwidth=&#8221;on&#8221; custom_padding_last_edited=&#8221;on|desktop&#8221; admin_label=&#8221;section&#8221; _builder_version=&#8221;3.22&#8243; background_color=&#8221;rgba(255,255,255,0)&#8221; background_image=&#8221;http:\/\/www.e-rihs.it\/wp-content\/uploads\/2018\/01\/IMG_0380.jpg&#8221; custom_padding_tablet=&#8221;50px|0|50px|0&#8243; custom_padding_phone=&#8221;&#8221; locked=&#8221;off&#8221;][et_pb_fullwidth_header title=&#8221;Dottorati&#8221; admin_label=&#8221;Fullwidth Header&#8221; _builder_version=&#8221;4.7.7&#8243; background_color=&#8221;rgba(255, 255, 255, 0)&#8221; button_one_letter_spacing_hover=&#8221;0&#8243; button_two_letter_spacing_hover=&#8221;0&#8243; button_one_text_size__hover_enabled=&#8221;off&#8221; button_two_text_size__hover_enabled=&#8221;off&#8221; button_one_text_color__hover_enabled=&#8221;off&#8221; button_two_text_color__hover_enabled=&#8221;off&#8221; button_one_border_width__hover_enabled=&#8221;off&#8221; button_two_border_width__hover_enabled=&#8221;off&#8221; button_one_border_color__hover_enabled=&#8221;off&#8221; button_two_border_color__hover_enabled=&#8221;off&#8221; button_one_border_radius__hover_enabled=&#8221;off&#8221; button_two_border_radius__hover_enabled=&#8221;off&#8221; button_one_letter_spacing__hover_enabled=&#8221;on&#8221; button_one_letter_spacing__hover=&#8221;0&#8243; button_two_letter_spacing__hover_enabled=&#8221;on&#8221; button_two_letter_spacing__hover=&#8221;0&#8243; button_one_bg_color__hover_enabled=&#8221;off&#8221; button_two_bg_color__hover_enabled=&#8221;off&#8221;][\/et_pb_fullwidth_header][\/et_pb_section][et_pb_section fb_built=&#8221;1&#8243; _builder_version=&#8221;4.7.7&#8243; _module_preset=&#8221;default&#8221; custom_padding=&#8221;||54px|||&#8221;][et_pb_row _builder_version=&#8221;4.7.7&#8243; _module_preset=&#8221;default&#8221; custom_padding=&#8221;|||0px||&#8221;][et_pb_column type=&#8221;4_4&#8243; _builder_version=&#8221;4.7.7&#8243; _module_preset=&#8221;default&#8221;][et_pb_text _builder_version=&#8221;4.7.7&#8243; _module_preset=&#8221;default&#8221; custom_padding=&#8221;|||0px||&#8221;]<\/p>\n<p><strong>DOTTORATI<\/strong><\/p>\n<p>[\/et_pb_text][et_pb_toggle title=&#8221;PhD-HS.it &#8221; _builder_version=&#8221;4.7.7&#8243; _module_preset=&#8221;default&#8221; hover_enabled=&#8221;0&#8243; sticky_enabled=&#8221;0&#8243;]<\/p>\n<p><span>Uno degli obiettivi principali di E-RIHS.it \u00e8 la formazione. In questo senso, il pi\u00f9 recente contributo del nodo italiano \u00e8 la partecipazione al<\/span><span>\u00a0<a href=\"https:\/\/phd.uniroma1.it\/web\/DOTTORATO-NAZIONALE-IN-HERITAGE-SCIENCE_nD3864.aspx\" target=\"_blank\" rel=\"noopener noreferrer\">PhD-HS.it\u00a0\u00a0\u00a0<\/a><strong>il\u00a0<\/strong><strong>dottorato nazionale in Heritage Science <\/strong>di nuovissima creazione<strong>,\u00a0<\/strong>con sede amministrativa presso\u00a0<a href=\"https:\/\/www.uniroma1.it\/it\/\">Sapienza Universit\u00e0 di Roma<\/a>.<\/span><\/p>\n<p><a href=\"https:\/\/www.uniroma1.it\/it\/\"><\/a>Il dottorato nazionale in Heritage Science\u00a0 ha l\u2019obiettivo di favorire il coordinamento, superare la frammentazione del sistema dell\u2019alta formazione nel campo della ricerca applicata al patrimonio culturale e creare una nuova generazione di ricercatori e professionisti operanti nel settore, in grado di collaborare e competere nei contesti delle pi\u00f9 prestigiose iniziative europee e internazionali. Allo scopo di raggiugere questo obiettivo, il PhD-HS.it prevede la mobilit\u00e0 dei dottorandi e dei docenti fra le diverse sedi all\u2019interno dello stesso curriculum e, quando possibile, tra pi\u00f9 curricula.<br \/> Il dottorato di ricerca in heritage science avr\u00e0 una forte connotazione internazionale, sia per attrarre studenti dall\u2019estero, sia per formare personale altamente qualificato in grado di competere a livello internazionale.<br \/> Le infrastrutture di ricerca europee sono il luogo ideale per formare le nuove generazione in un ambiente altamente interdisciplinare e caratterizzato dall\u2019eccellenza. Nell\u2019ambito del PhD-HS.it sar\u00e0 dunque promosso l\u2019uso delle facilities delle infrastrutture di ricerca da parte dei dottorandi e il loro coinvolgimento nelle attivit\u00e0 delle stesse. Nel settore dell\u2019heritage science opera un ecosistema di infrastrutture di ricerca riconosciute a livello europeo e globale e incluse nella Roadmap ESFRI (European Strategy Forum on Research Infrastructures). Le principali sono: <span><a href=\"https:\/\/www.e-rihs.eu\/\" target=\"_blank\" rel=\"noopener noreferrer\">E-RIHS<\/a><\/span> , a guida italiana (e di cui\u00a0 E-RIHS.it rappresenta il nodo italiano), e DARIAH ERIC (<span><a href=\"https:\/\/www.dariah.eu\/\" target=\"_blank\" rel=\"noopener\">Digital Research Infrastrutcture for the Arts and Humanities European Research Infrastructure Consortium<\/a><\/span>).<br \/> Il dottorato si articola in 11 curricula interdisciplinari per coprire la vasta gamma di saperi coinvolti nel settore del patrimonio culturale, dall\u2019archeologia all\u2019intelligenza artificiale, dalla storia dell\u2019arte alla fisica applicata allo studio della materia, dalla museologia alle scienze ambientali ecc.<br \/> L\u2019obiettivo \u00e8 mettere a sistema e fare sinergia affinch\u00e9 le nuove generazioni possano beneficiare di competenze all\u2019avanguardia nate dal sodalizio fra le opportunit\u00e0 della conoscenza umanistica e dell\u2019innovazione tecnologica.<\/p>\n<p>[\/et_pb_toggle][et_pb_toggle title=&#8221;PASAP Med&#8221; _builder_version=&#8221;4.7.7&#8243; _module_preset=&#8221;default&#8221; hover_enabled=&#8221;0&#8243; sticky_enabled=&#8221;0&#8243;]<\/p>\n<p>Il nodo italiano<span>\u00a0di E-RIHS\u00a0\u00a0<\/span>promuove insieme all\u2019Universit\u00e0 degli Studi di Bari (<a href=\"https:\/\/www.uniba.it\/\" target=\"_blank\" rel=\"noopener\">UNIBA<\/a>) e al Politecnico di Bari (<a href=\"http:\/\/www.poliba.it\/\" target=\"_blank\" rel=\"noopener\">POLIBA<\/a>), il Dottorato di ricerca in<span>\u00a0<\/span><a href=\"https:\/\/w3.uniba.it\/ricerca\/dipartimenti\/dirium\/postlaurea\/dottorati\/dottorato-in-patrimoni-archeologici-storici-architettonici-e-paesaggistici-mediterranei\" target=\"_blank\" rel=\"noopener\"><em>Patrimoni archeologici, storici, architettonici e paesaggistici mediterranei: sistemi integrati di conoscenza, progettazione, tutela e valorizzazione (PASAP Med)<\/em>.<\/a><\/p>\n<p>Un progetto di alta formazione e di ricerca scientifica nel campo del patrimonio culturale che vede anche il coinvolgimento di docenti dell\u2019Universit\u00e0 del Salento (<a href=\"https:\/\/www.unisalento.it\/\" target=\"_blank\" rel=\"noopener\">UNISALENTO<\/a>), dell\u2019Universit\u00e0 di Foggia (<a href=\"https:\/\/www.unifg.it\/\" target=\"_blank\" rel=\"noopener\">UNIFG<\/a>) e dell\u2019Universit\u00e0 della Basilicata (<a href=\"http:\/\/portale.unibas.it\/site\/home.html\" target=\"_blank\" rel=\"noopener\">UNIBAS<\/a>).<\/p>\n<p>Il corso di dottorato, con sede a Taranto, ha l\u2019obiettivo di formare esperti di elevato profilo scientifico, in grado di\u00a0<strong>operare nella ricerca, tutela, valorizzazione, comunicazione e gestione del patrimonio culturale<\/strong>.<\/p>\n<p>Alla tradizionale formazione in ambito archeologico e architettonico \u00e8 affiancata una preparazione multi e interdisciplinare. I giovani ricercatori del corso di dottorato possono avvalersi dalle<span>\u00a0<\/span><em>facilities<\/em><span>\u00a0<\/span>di<a href=\"https:\/\/www.ispc.cnr.it\/it_it\/\" target=\"_blank\" rel=\"noopener noreferrer\"> CNR ISPC,<\/a> l\u2019istituto\u00a0\u00a0CNR\u00a0 a guida del nodo italiano di E-RIHS, per la ricerca, l\u2019innovazione, la formazione ed il trasferimento tecnologico dell\u2019area strategica Beni Culturali.<\/p>\n<ul>\n<li>36\u00b0 ciclo di Dottorato, anno accademico 2020-2021<\/li>\n<li>37\u00b0 ciclo di Dottorato, anno accademico 2021-2022<\/li>\n<li>38\u00b0 ciclo di Dottorato, anno accademico 2022- 2023<\/li>\n<\/ul>\n<p>Per il 38\u00b0 ciclo di Dottorato PASAP Med, il CNR ISPC come nodo italiano di ERIHS finanzier\u00e0 una borsa di studio.<\/p>\n<p>[\/et_pb_toggle][\/et_pb_column][\/et_pb_row][et_pb_row column_structure=&#8221;1_2,1_2&#8243; _builder_version=&#8221;4.7.7&#8243; _module_preset=&#8221;default&#8221; custom_margin=&#8221;|auto|-12px|auto||&#8221; custom_padding=&#8221;87px||12px|0px||&#8221; min_height=&#8221;289.2px&#8221;][et_pb_column type=&#8221;1_2&#8243; _builder_version=&#8221;4.7.7&#8243; _module_preset=&#8221;default&#8221;][et_pb_image src=&#8221;http:\/\/www.e-rihs.it\/wp-content\/uploads\/2023\/10\/PhD-HS.it_dottorato-di-ricerca-heritage-science.png&#8221; title_text=&#8221;PhD-HS.it_dottorato-di-ricerca-heritage-science&#8221; _builder_version=&#8221;4.7.7&#8243; _module_preset=&#8221;default&#8221;][\/et_pb_image][\/et_pb_column][et_pb_column type=&#8221;1_2&#8243; _builder_version=&#8221;4.7.7&#8243; _module_preset=&#8221;default&#8221;][et_pb_image src=&#8221;http:\/\/www.e-rihs.it\/wp-content\/uploads\/2023\/10\/CNR-ISPC-Alta-Formazione_PASAP_Med_21-22.png&#8221; title_text=&#8221;CNR-ISPC-Alta-Formazione_PASAP_Med_21-22&#8243; _builder_version=&#8221;4.7.7&#8243; _module_preset=&#8221;default&#8221; custom_padding=&#8221;|||0px||&#8221;][\/et_pb_image][\/et_pb_column][\/et_pb_row][\/et_pb_section]<\/p>\n","protected":false},"excerpt":{"rendered":"<p>DOTTORATIUno degli obiettivi principali di E-RIHS.it \u00e8 la formazione. In questo senso, il pi\u00f9 recente contributo del nodo italiano \u00e8 [&hellip;]<\/p>\n","protected":false},"author":17,"featured_media":0,"parent":0,"menu_order":0,"comment_status":"closed","ping_status":"closed","template":"","meta":{"_et_pb_use_builder":"on","_et_pb_old_content":"","_et_gb_content_width":"","footnotes":""},"class_list":["post-6293","page","type-page","status-publish"],"yoast_head":"<!-- This site is optimized with the Yoast SEO plugin v27.0 - https:\/\/yoast.com\/product\/yoast-seo-wordpress\/ -->\n<title>DOTTORATI | E-RIHS.it<\/title>\n<meta name=\"robots\" content=\"index, follow, max-snippet:-1, max-image-preview:large, max-video-preview:-1\" \/>\n<link rel=\"canonical\" href=\"https:\/\/www.e-rihs.it\/en\/dottorati-2\/\" \/>\n<meta property=\"og:locale\" content=\"en_GB\" \/>\n<meta property=\"og:type\" content=\"article\" \/>\n<meta property=\"og:title\" content=\"DOTTORATI | E-RIHS.it\" \/>\n<meta property=\"og:description\" content=\"DOTTORATIUno degli obiettivi principali di E-RIHS.it \u00e8 la formazione. In questo senso, il pi\u00f9 recente contributo del nodo italiano \u00e8 [&hellip;]\" \/>\n<meta property=\"og:url\" content=\"https:\/\/www.e-rihs.it\/en\/dottorati-2\/\" \/>\n<meta property=\"og:site_name\" content=\"E-RIHS.it\" \/>\n<meta property=\"article:publisher\" content=\"https:\/\/www.facebook.com\/erihsIT\" \/>\n<meta property=\"article:modified_time\" content=\"2024-04-08T10:58:50+00:00\" \/>\n<meta name=\"twitter:card\" content=\"summary_large_image\" \/>\n<meta name=\"twitter:site\" content=\"@ErihsIt\" \/>\n<script type=\"application\/ld+json\" class=\"yoast-schema-graph\">{\"@context\":\"https:\/\/schema.org\",\"@graph\":[{\"@type\":\"WebPage\",\"@id\":\"https:\/\/www.e-rihs.it\/dottorati-2\/\",\"url\":\"https:\/\/www.e-rihs.it\/dottorati-2\/\",\"name\":\"DOTTORATI | E-RIHS.it\",\"isPartOf\":{\"@id\":\"https:\/\/www.e-rihs.it\/#website\"},\"datePublished\":\"2023-02-17T14:49:01+00:00\",\"dateModified\":\"2024-04-08T10:58:50+00:00\",\"breadcrumb\":{\"@id\":\"https:\/\/www.e-rihs.it\/dottorati-2\/#breadcrumb\"},\"inLanguage\":\"en-GB\",\"potentialAction\":[{\"@type\":\"ReadAction\",\"target\":[\"https:\/\/www.e-rihs.it\/dottorati-2\/\"]}]},{\"@type\":\"BreadcrumbList\",\"@id\":\"https:\/\/www.e-rihs.it\/dottorati-2\/#breadcrumb\",\"itemListElement\":[{\"@type\":\"ListItem\",\"position\":1,\"name\":\"Home\",\"item\":\"https:\/\/www.e-rihs.it\/\"},{\"@type\":\"ListItem\",\"position\":2,\"name\":\"DOTTORATI\"}]},{\"@type\":\"WebSite\",\"@id\":\"https:\/\/www.e-rihs.it\/#website\",\"url\":\"https:\/\/www.e-rihs.it\/\",\"name\":\"E-RIHS.it\",\"description\":\"The Italian node of the European Research Infrastructure for Heritage Science\",\"publisher\":{\"@id\":\"https:\/\/www.e-rihs.it\/#organization\"},\"potentialAction\":[{\"@type\":\"SearchAction\",\"target\":{\"@type\":\"EntryPoint\",\"urlTemplate\":\"https:\/\/www.e-rihs.it\/?s={search_term_string}\"},\"query-input\":{\"@type\":\"PropertyValueSpecification\",\"valueRequired\":true,\"valueName\":\"search_term_string\"}}],\"inLanguage\":\"en-GB\"},{\"@type\":\"Organization\",\"@id\":\"https:\/\/www.e-rihs.it\/#organization\",\"name\":\"The Italian node of the European Research Infrastructure for Heritage Science\",\"url\":\"https:\/\/www.e-rihs.it\/\",\"logo\":{\"@type\":\"ImageObject\",\"inLanguage\":\"en-GB\",\"@id\":\"https:\/\/www.e-rihs.it\/#\/schema\/logo\/image\/\",\"url\":\"https:\/\/www.e-rihs.it\/wp-content\/uploads\/2018\/01\/e-rihsit-logo.png\",\"contentUrl\":\"https:\/\/www.e-rihs.it\/wp-content\/uploads\/2018\/01\/e-rihsit-logo.png\",\"width\":620,\"height\":107,\"caption\":\"The Italian node of the European Research Infrastructure for Heritage Science\"},\"image\":{\"@id\":\"https:\/\/www.e-rihs.it\/#\/schema\/logo\/image\/\"},\"sameAs\":[\"https:\/\/www.facebook.com\/erihsIT\",\"https:\/\/x.com\/ErihsIt\",\"https:\/\/www.youtube.com\/channel\/UC4h0G3wcxmlicWpoLUFmb-Q\"]}]}<\/script>\n<!-- \/ Yoast SEO plugin. -->","yoast_head_json":{"title":"DOTTORATI | E-RIHS.it","robots":{"index":"index","follow":"follow","max-snippet":"max-snippet:-1","max-image-preview":"max-image-preview:large","max-video-preview":"max-video-preview:-1"},"canonical":"https:\/\/www.e-rihs.it\/en\/dottorati-2\/","og_locale":"en_GB","og_type":"article","og_title":"DOTTORATI | E-RIHS.it","og_description":"DOTTORATIUno degli obiettivi principali di E-RIHS.it \u00e8 la formazione. In questo senso, il pi\u00f9 recente contributo del nodo italiano \u00e8 [&hellip;]","og_url":"https:\/\/www.e-rihs.it\/en\/dottorati-2\/","og_site_name":"E-RIHS.it","article_publisher":"https:\/\/www.facebook.com\/erihsIT","article_modified_time":"2024-04-08T10:58:50+00:00","twitter_card":"summary_large_image","twitter_site":"@ErihsIt","schema":{"@context":"https:\/\/schema.org","@graph":[{"@type":"WebPage","@id":"https:\/\/www.e-rihs.it\/dottorati-2\/","url":"https:\/\/www.e-rihs.it\/dottorati-2\/","name":"DOTTORATI | E-RIHS.it","isPartOf":{"@id":"https:\/\/www.e-rihs.it\/#website"},"datePublished":"2023-02-17T14:49:01+00:00","dateModified":"2024-04-08T10:58:50+00:00","breadcrumb":{"@id":"https:\/\/www.e-rihs.it\/dottorati-2\/#breadcrumb"},"inLanguage":"en-GB","potentialAction":[{"@type":"ReadAction","target":["https:\/\/www.e-rihs.it\/dottorati-2\/"]}]},{"@type":"BreadcrumbList","@id":"https:\/\/www.e-rihs.it\/dottorati-2\/#breadcrumb","itemListElement":[{"@type":"ListItem","position":1,"name":"Home","item":"https:\/\/www.e-rihs.it\/"},{"@type":"ListItem","position":2,"name":"DOTTORATI"}]},{"@type":"WebSite","@id":"https:\/\/www.e-rihs.it\/#website","url":"https:\/\/www.e-rihs.it\/","name":"E-RIHS.it","description":"The Italian node of the European Research Infrastructure for Heritage Science","publisher":{"@id":"https:\/\/www.e-rihs.it\/#organization"},"potentialAction":[{"@type":"SearchAction","target":{"@type":"EntryPoint","urlTemplate":"https:\/\/www.e-rihs.it\/?s={search_term_string}"},"query-input":{"@type":"PropertyValueSpecification","valueRequired":true,"valueName":"search_term_string"}}],"inLanguage":"en-GB"},{"@type":"Organization","@id":"https:\/\/www.e-rihs.it\/#organization","name":"The Italian node of the European Research Infrastructure for Heritage Science","url":"https:\/\/www.e-rihs.it\/","logo":{"@type":"ImageObject","inLanguage":"en-GB","@id":"https:\/\/www.e-rihs.it\/#\/schema\/logo\/image\/","url":"https:\/\/www.e-rihs.it\/wp-content\/uploads\/2018\/01\/e-rihsit-logo.png","contentUrl":"https:\/\/www.e-rihs.it\/wp-content\/uploads\/2018\/01\/e-rihsit-logo.png","width":620,"height":107,"caption":"The Italian node of the European Research Infrastructure for Heritage Science"},"image":{"@id":"https:\/\/www.e-rihs.it\/#\/schema\/logo\/image\/"},"sameAs":["https:\/\/www.facebook.com\/erihsIT","https:\/\/x.com\/ErihsIt","https:\/\/www.youtube.com\/channel\/UC4h0G3wcxmlicWpoLUFmb-Q"]}]}},"_links":{"self":[{"href":"https:\/\/www.e-rihs.it\/en\/wp-json\/wp\/v2\/pages\/6293","targetHints":{"allow":["GET"]}}],"collection":[{"href":"https:\/\/www.e-rihs.it\/en\/wp-json\/wp\/v2\/pages"}],"about":[{"href":"https:\/\/www.e-rihs.it\/en\/wp-json\/wp\/v2\/types\/page"}],"author":[{"embeddable":true,"href":"https:\/\/www.e-rihs.it\/en\/wp-json\/wp\/v2\/users\/17"}],"replies":[{"embeddable":true,"href":"https:\/\/www.e-rihs.it\/en\/wp-json\/wp\/v2\/comments?post=6293"}],"version-history":[{"count":16,"href":"https:\/\/www.e-rihs.it\/en\/wp-json\/wp\/v2\/pages\/6293\/revisions"}],"predecessor-version":[{"id":7131,"href":"https:\/\/www.e-rihs.it\/en\/wp-json\/wp\/v2\/pages\/6293\/revisions\/7131"}],"wp:attachment":[{"href":"https:\/\/www.e-rihs.it\/en\/wp-json\/wp\/v2\/media?parent=6293"}],"curies":[{"name":"wp","href":"https:\/\/api.w.org\/{rel}","templated":true}]}}