{"id":5880,"date":"2022-12-16T11:50:06","date_gmt":"2022-12-16T10:50:06","guid":{"rendered":"http:\/\/www.e-rihs.it\/?page_id=5880"},"modified":"2024-04-10T10:00:45","modified_gmt":"2024-04-10T09:00:45","slug":"360-photo-shooting-and-video-recording","status":"publish","type":"page","link":"https:\/\/www.e-rihs.it\/en\/360-photo-shooting-and-video-recording\/","title":{"rendered":"360\u00b0 photo shooting and video recording"},"content":{"rendered":"<p>[et_pb_section fb_built=&#8221;1&#8243; _builder_version=&#8221;4.7.7&#8243; _module_preset=&#8221;default&#8221;][et_pb_row column_structure=&#8221;2_5,3_5&#8243; _builder_version=&#8221;4.7.7&#8243; _module_preset=&#8221;default&#8221;][et_pb_column type=&#8221;2_5&#8243; _builder_version=&#8221;4.7.7&#8243; _module_preset=&#8221;default&#8221;][et_pb_image src=&#8221;http:\/\/www.e-rihs.it\/wp-content\/uploads\/2023\/01\/Spheric-photo_videocamera-Insta-360.jpg&#8221; title_text=&#8221;Spheric photo_videocamera Insta 360&#8243; _builder_version=&#8221;4.7.7&#8243; _module_preset=&#8221;default&#8221;][\/et_pb_image][\/et_pb_column][et_pb_column type=&#8221;3_5&#8243; _builder_version=&#8221;4.7.7&#8243; _module_preset=&#8221;default&#8221;][et_pb_text _builder_version=&#8221;4.7.7&#8243; _module_preset=&#8221;default&#8221; hover_enabled=&#8221;0&#8243; sticky_enabled=&#8221;0&#8243;]<\/p>\n<p><strong>LABORATORIO: CNR ISPC<\/strong><\/p>\n<p><strong><\/strong><\/p>\n<p><strong>NOME STRUMENTO<\/strong><\/p>\n<p>Foto\/Videocamera sferica Insta 360 Pro2<\/p>\n<p>&nbsp;<\/p>\n<p><strong>INFORMAZIONI GENERALI:<\/strong><\/p>\n<p>La fotocamera Insta 360 Pro2 consente la ripresa di immagini e filmati a 360 gradi con risoluzione fino a 12k, utilizzabili in vario modo: per la creazione di virtual tour interattivi e non; per rilievi in fotogrammetria sferica, con la possibilit\u00e0 di acquisire in breve tempo modelli tridimensionali (funzione particolarmente utile in ambienti chiusi); nonch\u00e9 per la realizzazione di effetti di Realt\u00e0 Aumentata (ad esempio in relazione a pannellistica con QR code) e di video immersivi in time lapse. Prevede una fase di acquisizione sul campo ed una di post-processing dei dati.\u00a0 Lo strumento effettua la cattura video e fotografica con restituzione di fotogrammi equirettangolari in risoluzione standard a 8k (per le foto sono raggiungibili i 12k in particolari condizioni), nonch\u00e9 la cattura audio con microfono quadridirezionale. Possibilit\u00e0 di output in formato raw con informazioni colorimetriche e possibilit\u00e0 di editing avanzato.<\/p>\n<p>&nbsp;<\/p>\n<p><strong>DETTAGLI TECNICI:<br \/> <\/strong><\/p>\n<ul>\n<li>Risoluzione standard 8k<\/li>\n<li>Risoluzione massima 12k (burst)<\/li>\n<li>Funzioni di esposizione:\u00a0 HDR e bracketing multiesposizione<\/li>\n<li>Possibilit\u00e0 di output monoscopico o stereoscopico. Opzioni di streaming video. Comando a distanza tramite tablet. Funzione di time lapse<\/li>\n<li>ISO range: 100-6400<\/li>\n<li>Lenti: 6 x 200\u00b0 F2.4 fish-eye<\/li>\n<li>Foto:<\/li>\n<li>Real-time Stitching:<br \/> 7680 x 7680 (8K 3D)<br \/> 7680 x 3840 (8K 2D)<br \/> Post-processing Stitching:<br \/> 7680 x 7680 (8K 3D)<br \/> 7680 x 3840 (8K 2D)<\/li>\n<li>Video:<\/li>\n<li>Post-processing Stitching:<br \/> 7680 x 3840 @30 FPS HDR (8K 2D)<br \/> 7680 x 7680 @30 FPS (8K 3D)<br \/> 7680 x 3840 @60 FPS (8K 2D)<br \/> 6400 x 6400 @60 FPS (6K 3D\/2D)<br \/> 3840 x 3840 @120 FPS (4K 3D\/2D Binning)<br \/> Real-time Stitching:<br \/> 3840&#215;3840@30fps (4K 3D)<br \/> 3840&#215;1920@30fps (4K 2D)<\/li>\n<li>Formati di output: .jpg, .dng, .mp4<\/li>\n<li>Condizioni di operativit\u00e0: 0\u00b0-40\u00b0. Non impermeabile<strong><br \/> <\/strong><\/li>\n<\/ul>\n<p>&nbsp;<\/p>\n<p>Referente:<\/p>\n<p>Augusto Palombini\u00a0 <a href=\"mailto:augusto.palombini@cnr.it\">augusto.palombini@cnr.it<\/a><\/p>\n<p>&nbsp;<\/p>\n<p><a href=\"http:\/\/www.e-rihs.it\/wp-content\/uploads\/2022\/12\/MOLAB_EQUIPMENT_Foto_Videocamera-sferica-Insta-360_ita.pdf\" rel=\"attachment wp-att-5883\">Scarica la scheda completa<\/a><\/p>\n<p>&nbsp;<\/p>\n<p>&nbsp;<\/p>\n<p>[\/et_pb_text][\/et_pb_column][\/et_pb_row][\/et_pb_section]<\/p>\n","protected":false},"excerpt":{"rendered":"<p>LABORATORIO: CNR ISPC NOME STRUMENTO Foto\/Videocamera sferica Insta 360 Pro2 &nbsp; INFORMAZIONI GENERALI: La fotocamera Insta 360 Pro2 consente la [&hellip;]<\/p>\n","protected":false},"author":17,"featured_media":0,"parent":0,"menu_order":0,"comment_status":"closed","ping_status":"closed","template":"","meta":{"_et_pb_use_builder":"on","_et_pb_old_content":"","_et_gb_content_width":"","footnotes":""},"class_list":["post-5880","page","type-page","status-publish","hentry"],"yoast_head":"<!-- This site is optimized with the Yoast SEO plugin v27.4 - https:\/\/yoast.com\/product\/yoast-seo-wordpress\/ -->\n<title>360\u00b0 photo shooting and video recording | E-RIHS.it<\/title>\n<meta name=\"robots\" content=\"index, follow, max-snippet:-1, max-image-preview:large, max-video-preview:-1\" \/>\n<link rel=\"canonical\" href=\"https:\/\/www.e-rihs.it\/en\/360-photo-shooting-and-video-recording\/\" \/>\n<meta property=\"og:locale\" content=\"en_GB\" \/>\n<meta property=\"og:type\" content=\"article\" \/>\n<meta property=\"og:title\" content=\"360\u00b0 photo shooting and video recording | E-RIHS.it\" \/>\n<meta property=\"og:description\" content=\"LABORATORIO: CNR ISPC NOME STRUMENTO Foto\/Videocamera sferica Insta 360 Pro2 &nbsp; INFORMAZIONI GENERALI: La fotocamera Insta 360 Pro2 consente la [&hellip;]\" \/>\n<meta property=\"og:url\" content=\"https:\/\/www.e-rihs.it\/en\/360-photo-shooting-and-video-recording\/\" \/>\n<meta property=\"og:site_name\" content=\"E-RIHS.it\" \/>\n<meta property=\"article:publisher\" content=\"https:\/\/www.facebook.com\/erihsIT\" \/>\n<meta property=\"article:modified_time\" content=\"2024-04-10T09:00:45+00:00\" \/>\n<meta name=\"twitter:card\" content=\"summary_large_image\" \/>\n<meta name=\"twitter:site\" content=\"@ErihsIt\" \/>\n<script type=\"application\/ld+json\" class=\"yoast-schema-graph\">{\"@context\":\"https:\\\/\\\/schema.org\",\"@graph\":[{\"@type\":\"WebPage\",\"@id\":\"https:\\\/\\\/www.e-rihs.it\\\/en\\\/360-photo-shooting-and-video-recording\\\/\",\"url\":\"https:\\\/\\\/www.e-rihs.it\\\/en\\\/360-photo-shooting-and-video-recording\\\/\",\"name\":\"360\u00b0 photo shooting and video recording | E-RIHS.it\",\"isPartOf\":{\"@id\":\"https:\\\/\\\/www.e-rihs.it\\\/#website\"},\"datePublished\":\"2022-12-16T10:50:06+00:00\",\"dateModified\":\"2024-04-10T09:00:45+00:00\",\"breadcrumb\":{\"@id\":\"https:\\\/\\\/www.e-rihs.it\\\/en\\\/360-photo-shooting-and-video-recording\\\/#breadcrumb\"},\"inLanguage\":\"en-GB\",\"potentialAction\":[{\"@type\":\"ReadAction\",\"target\":[\"https:\\\/\\\/www.e-rihs.it\\\/en\\\/360-photo-shooting-and-video-recording\\\/\"]}]},{\"@type\":\"BreadcrumbList\",\"@id\":\"https:\\\/\\\/www.e-rihs.it\\\/en\\\/360-photo-shooting-and-video-recording\\\/#breadcrumb\",\"itemListElement\":[{\"@type\":\"ListItem\",\"position\":1,\"name\":\"Home\",\"item\":\"https:\\\/\\\/www.e-rihs.it\\\/\"},{\"@type\":\"ListItem\",\"position\":2,\"name\":\"360\u00b0 photo shooting and video recording\"}]},{\"@type\":\"WebSite\",\"@id\":\"https:\\\/\\\/www.e-rihs.it\\\/#website\",\"url\":\"https:\\\/\\\/www.e-rihs.it\\\/\",\"name\":\"E-RIHS.it\",\"description\":\"The Italian node of the European Research Infrastructure for Heritage Science\",\"publisher\":{\"@id\":\"https:\\\/\\\/www.e-rihs.it\\\/#organization\"},\"potentialAction\":[{\"@type\":\"SearchAction\",\"target\":{\"@type\":\"EntryPoint\",\"urlTemplate\":\"https:\\\/\\\/www.e-rihs.it\\\/?s={search_term_string}\"},\"query-input\":{\"@type\":\"PropertyValueSpecification\",\"valueRequired\":true,\"valueName\":\"search_term_string\"}}],\"inLanguage\":\"en-GB\"},{\"@type\":\"Organization\",\"@id\":\"https:\\\/\\\/www.e-rihs.it\\\/#organization\",\"name\":\"The Italian node of the European Research Infrastructure for Heritage Science\",\"url\":\"https:\\\/\\\/www.e-rihs.it\\\/\",\"logo\":{\"@type\":\"ImageObject\",\"inLanguage\":\"en-GB\",\"@id\":\"https:\\\/\\\/www.e-rihs.it\\\/#\\\/schema\\\/logo\\\/image\\\/\",\"url\":\"https:\\\/\\\/www.e-rihs.it\\\/wp-content\\\/uploads\\\/2018\\\/01\\\/e-rihsit-logo.png\",\"contentUrl\":\"https:\\\/\\\/www.e-rihs.it\\\/wp-content\\\/uploads\\\/2018\\\/01\\\/e-rihsit-logo.png\",\"width\":620,\"height\":107,\"caption\":\"The Italian node of the European Research Infrastructure for Heritage Science\"},\"image\":{\"@id\":\"https:\\\/\\\/www.e-rihs.it\\\/#\\\/schema\\\/logo\\\/image\\\/\"},\"sameAs\":[\"https:\\\/\\\/www.facebook.com\\\/erihsIT\",\"https:\\\/\\\/x.com\\\/ErihsIt\",\"https:\\\/\\\/www.youtube.com\\\/channel\\\/UC4h0G3wcxmlicWpoLUFmb-Q\"]}]}<\/script>\n<!-- \/ Yoast SEO plugin. -->","yoast_head_json":{"title":"360\u00b0 photo shooting and video recording | E-RIHS.it","robots":{"index":"index","follow":"follow","max-snippet":"max-snippet:-1","max-image-preview":"max-image-preview:large","max-video-preview":"max-video-preview:-1"},"canonical":"https:\/\/www.e-rihs.it\/en\/360-photo-shooting-and-video-recording\/","og_locale":"en_GB","og_type":"article","og_title":"360\u00b0 photo shooting and video recording | E-RIHS.it","og_description":"LABORATORIO: CNR ISPC NOME STRUMENTO Foto\/Videocamera sferica Insta 360 Pro2 &nbsp; INFORMAZIONI GENERALI: La fotocamera Insta 360 Pro2 consente la [&hellip;]","og_url":"https:\/\/www.e-rihs.it\/en\/360-photo-shooting-and-video-recording\/","og_site_name":"E-RIHS.it","article_publisher":"https:\/\/www.facebook.com\/erihsIT","article_modified_time":"2024-04-10T09:00:45+00:00","twitter_card":"summary_large_image","twitter_site":"@ErihsIt","schema":{"@context":"https:\/\/schema.org","@graph":[{"@type":"WebPage","@id":"https:\/\/www.e-rihs.it\/en\/360-photo-shooting-and-video-recording\/","url":"https:\/\/www.e-rihs.it\/en\/360-photo-shooting-and-video-recording\/","name":"360\u00b0 photo shooting and video recording | E-RIHS.it","isPartOf":{"@id":"https:\/\/www.e-rihs.it\/#website"},"datePublished":"2022-12-16T10:50:06+00:00","dateModified":"2024-04-10T09:00:45+00:00","breadcrumb":{"@id":"https:\/\/www.e-rihs.it\/en\/360-photo-shooting-and-video-recording\/#breadcrumb"},"inLanguage":"en-GB","potentialAction":[{"@type":"ReadAction","target":["https:\/\/www.e-rihs.it\/en\/360-photo-shooting-and-video-recording\/"]}]},{"@type":"BreadcrumbList","@id":"https:\/\/www.e-rihs.it\/en\/360-photo-shooting-and-video-recording\/#breadcrumb","itemListElement":[{"@type":"ListItem","position":1,"name":"Home","item":"https:\/\/www.e-rihs.it\/"},{"@type":"ListItem","position":2,"name":"360\u00b0 photo shooting and video recording"}]},{"@type":"WebSite","@id":"https:\/\/www.e-rihs.it\/#website","url":"https:\/\/www.e-rihs.it\/","name":"E-RIHS.it","description":"The Italian node of the European Research Infrastructure for Heritage Science","publisher":{"@id":"https:\/\/www.e-rihs.it\/#organization"},"potentialAction":[{"@type":"SearchAction","target":{"@type":"EntryPoint","urlTemplate":"https:\/\/www.e-rihs.it\/?s={search_term_string}"},"query-input":{"@type":"PropertyValueSpecification","valueRequired":true,"valueName":"search_term_string"}}],"inLanguage":"en-GB"},{"@type":"Organization","@id":"https:\/\/www.e-rihs.it\/#organization","name":"The Italian node of the European Research Infrastructure for Heritage Science","url":"https:\/\/www.e-rihs.it\/","logo":{"@type":"ImageObject","inLanguage":"en-GB","@id":"https:\/\/www.e-rihs.it\/#\/schema\/logo\/image\/","url":"https:\/\/www.e-rihs.it\/wp-content\/uploads\/2018\/01\/e-rihsit-logo.png","contentUrl":"https:\/\/www.e-rihs.it\/wp-content\/uploads\/2018\/01\/e-rihsit-logo.png","width":620,"height":107,"caption":"The Italian node of the European Research Infrastructure for Heritage Science"},"image":{"@id":"https:\/\/www.e-rihs.it\/#\/schema\/logo\/image\/"},"sameAs":["https:\/\/www.facebook.com\/erihsIT","https:\/\/x.com\/ErihsIt","https:\/\/www.youtube.com\/channel\/UC4h0G3wcxmlicWpoLUFmb-Q"]}]}},"_links":{"self":[{"href":"https:\/\/www.e-rihs.it\/en\/wp-json\/wp\/v2\/pages\/5880","targetHints":{"allow":["GET"]}}],"collection":[{"href":"https:\/\/www.e-rihs.it\/en\/wp-json\/wp\/v2\/pages"}],"about":[{"href":"https:\/\/www.e-rihs.it\/en\/wp-json\/wp\/v2\/types\/page"}],"author":[{"embeddable":true,"href":"https:\/\/www.e-rihs.it\/en\/wp-json\/wp\/v2\/users\/17"}],"replies":[{"embeddable":true,"href":"https:\/\/www.e-rihs.it\/en\/wp-json\/wp\/v2\/comments?post=5880"}],"version-history":[{"count":8,"href":"https:\/\/www.e-rihs.it\/en\/wp-json\/wp\/v2\/pages\/5880\/revisions"}],"predecessor-version":[{"id":7152,"href":"https:\/\/www.e-rihs.it\/en\/wp-json\/wp\/v2\/pages\/5880\/revisions\/7152"}],"wp:attachment":[{"href":"https:\/\/www.e-rihs.it\/en\/wp-json\/wp\/v2\/media?parent=5880"}],"curies":[{"name":"wp","href":"https:\/\/api.w.org\/{rel}","templated":true}]}}