{"id":5837,"date":"2022-12-12T18:17:49","date_gmt":"2022-12-12T17:17:49","guid":{"rendered":"http:\/\/www.e-rihs.it\/?page_id=5837"},"modified":"2024-04-24T13:11:53","modified_gmt":"2024-04-24T12:11:53","slug":"2d-digitization-using-planetary-scanner-and-large-format-scanner","status":"publish","type":"page","link":"https:\/\/www.e-rihs.it\/en\/2d-digitization-using-planetary-scanner-and-large-format-scanner\/","title":{"rendered":"2D digitization using planetary scanner and large format scanner"},"content":{"rendered":"<p>[et_pb_section fb_built=&#8221;1&#8243; _builder_version=&#8221;4.7.7&#8243; _module_preset=&#8221;default&#8221;][et_pb_row column_structure=&#8221;2_5,3_5&#8243; _builder_version=&#8221;4.7.7&#8243; _module_preset=&#8221;default&#8221;][et_pb_column type=&#8221;2_5&#8243; _builder_version=&#8221;4.7.7&#8243; _module_preset=&#8221;default&#8221;][et_pb_image src=&#8221;http:\/\/www.e-rihs.it\/wp-content\/uploads\/2022\/12\/scannerplanetario.jpg&#8221; title_text=&#8221;scannerplanetario&#8221; _builder_version=&#8221;4.7.7&#8243; _module_preset=&#8221;default&#8221;][\/et_pb_image][\/et_pb_column][et_pb_column type=&#8221;3_5&#8243; _builder_version=&#8221;4.7.7&#8243; _module_preset=&#8221;default&#8221;][et_pb_text _builder_version=&#8221;4.7.7&#8243; _module_preset=&#8221;default&#8221; hover_enabled=&#8221;0&#8243; sticky_enabled=&#8221;0&#8243;]<\/p>\n<p><strong>LABORATORIO: CNR ISPC<\/strong><\/p>\n<p><strong><\/strong><\/p>\n<p><strong>NOME STRUMENTO<\/strong><\/p>\n<p>Scanner Planetario da tavolo<\/p>\n<p>&nbsp;<\/p>\n<p><strong>INFORMAZIONI GENERALI:<\/strong><\/p>\n<p>Lo scanner planetario disponibile nel MOLAB \u00e8 un sistema di scansione in grado di acquisire digitalmente documenti e volumi realizzati con supporti di diversa natura, anche in stato precario di conservazione, con formati fino a A2+ (625 mm x 420 mm), sia a colori che in scala di grigio. Il processo di digitalizzazione avviene velocemente, con ridotte distorsioni geometriche e alta fedelt\u00e0 nella riproduzione dei colori; viene inoltre garantita la preservazione dell\u2019integrit\u00e0 degli originali. Il sistema, integrato da una fotocamera digitale professionale, consente infatti di riprodurre l\u2019oggetto evitando il contatto diretto con esso, senza che sia necessario il capovolgimento dei volumi per girare pagina, poich\u00e9 lo scanner \u00e8 equipaggiato di un supporto adattabile e a correzione integrata delle immagini angolate a V, funzionale alla gestione di libri che possono essere aperti a 120\u00b0 o anche solo a 90\u00b0.<\/p>\n<p>Lo strumento \u00e8 inoltre dotato di un computer integrato con software professionale che consente di controllare il processo di scansione con un\u2019ampia gamma di opzioni e funzionalit\u00e0 per la digitalizzazione massiva. Tra le numerose funzioni di post-produzione vi sono l\u2019ottimizzazione e la correzione delle immagini; sono inoltre possibili diversi formati di output, come .tiff, .jpg, .raw o .pdf multipagina, con testo OCR in 51 lingue diverse.<\/p>\n<p>&nbsp;<\/p>\n<p><strong>DETTAGLI TECNICI<\/strong><strong>: <\/strong><\/p>\n<ul>\n<li>Modello: ElarScan A2-400(600)KS<\/li>\n<li>Area scansione (max): \u04102+ (625 mm x 420 mm)<\/li>\n<li>Risoluzione: fino a 400 dpi (fino a 750 dpi in modalit\u00e0 macro su A5+)<\/li>\n<li>Sistema di scansione: sensore integrato fotocamera DSLR (Digital Single-Lens Reflex) da 24MP (sensore da 50MP per i modelli A2-600)<\/li>\n<li>Tempo di scansione: a formato intero: 0,5 secondi per acquisizione, meno di 4 secondi per l\u2019intero ciclo di salvataggio in modalit\u00e0 continua<\/li>\n<li>Illuminazione: illuminazione LED priva di UV\/IR regolabile dall\u2019utente, selezionabile centrale o laterale<\/li>\n<li>Luci laterali: tipo \u201cRepro\u201d<\/li>\n<li>Completo di tecnologia di appiattimento FGA (con vetro sollevabile a movimentazione automatica) che pu\u00f2 essere disattivata per eseguire scansioni anche senza vetro.<\/li>\n<li>Software: \u201cELAR ScanImage\u201d sotware per scansioni in batch e post-produzione<\/li>\n<li>Caratteristiche: vetro di appiattimento sollevabile<\/li>\n<li>L\u2019originale viene sollevato a contatto con il vetro da un sistema motorizzato sensibile.<\/li>\n<li>Rimuovendo il vetro, lo scanner pu\u00f2 operare al 100% delle sue capacit\u00e0, anche con modalit\u00e0 di scansione a V<\/li>\n<\/ul>\n<p>&nbsp;<\/p>\n<p>Referente:<\/p>\n<p>Giuseppe Scardozzi:\u00a0 <a href=\"mailto:giuseppe.scardozzi@cnr.it\">giuseppe.scardozzi@cnr.it<\/a><\/p>\n<p>&nbsp;<\/p>\n<p><a href=\"http:\/\/www.e-rihs.it\/wp-content\/uploads\/2022\/12\/MOLAB_EQUIPMENT_Scanner-planetario_ita.pdf\" rel=\"attachment wp-att-5840\">Scarica la scheda completa<\/a><\/p>\n<p>[\/et_pb_text][\/et_pb_column][\/et_pb_row][et_pb_row column_structure=&#8221;2_5,3_5&#8243; _builder_version=&#8221;4.7.7&#8243; _module_preset=&#8221;default&#8221; min_height=&#8221;1244.6px&#8221; custom_padding=&#8221;||9px|||&#8221;][et_pb_column type=&#8221;2_5&#8243; _builder_version=&#8221;4.7.7&#8243; _module_preset=&#8221;default&#8221;][et_pb_image src=&#8221;http:\/\/www.e-rihs.it\/wp-content\/uploads\/2024\/04\/Scanner-per-grandi-formati_.jpg&#8221; title_text=&#8221;Scanner per grandi formati_&#8221; _builder_version=&#8221;4.7.7&#8243; _module_preset=&#8221;default&#8221;][\/et_pb_image][\/et_pb_column][et_pb_column type=&#8221;3_5&#8243; _builder_version=&#8221;4.7.7&#8243; _module_preset=&#8221;default&#8221;][et_pb_text _builder_version=&#8221;4.7.7&#8243; _module_preset=&#8221;default&#8221; min_height=&#8221;1183.7px&#8221; custom_margin=&#8221;||-18px|||&#8221;]<\/p>\n<p><strong>LABORATORIO: CNR ISPC<\/strong><\/p>\n<p><strong><\/strong><\/p>\n<p><strong>NOME STRUMENTO: <\/strong><\/p>\n<p>Scanner per grandi formati<\/p>\n<p>&nbsp;<\/p>\n<p><strong>INFORMAZIONI GENERALI:<\/strong><\/p>\n<p>Lo scanner per grandi formati in dotazione del MOLAB \u00e8 uno scanner dotato di un ampio piano di ripresa e consente la digitalizzazione professionale di documenti cartacei (e non solo), spessi e di grande formato, ovvero cartografie, mappe, disegni, tavole ecc. La presenza di speciali rulli di trasporto, che fungono da punti morbidi di pressione, consente lo scivolamento sicuro dei documenti. L\u2019acquisizione \u00e8 a colori, b\/n e toni di grigio, con un\u2019elevata risoluzione ottica, accuratezza del colore e ottima velocit\u00e0 di produzione. La tecnologia di scansione CIS (Contact Image Sensor) permette la riproduzione nitida e netta di dettagli e linee. I file di output sono gestiti da un piccolo controller touchscreen per le elaborazioni rapide di post-produzione e possono essere archiviati direttamente su server FTP, hot folder, unit\u00e0 USB, applicazioni cloud in Internet.<\/p>\n<p>&nbsp;<\/p>\n<p><strong>DETTAGLI TECNICI:<\/strong><\/p>\n<ul>\n<li>modello: Scanner HP SD Pro 44<\/li>\n<li>larghezza massima scansione: 1118 mm<\/li>\n<li>dimensione massima scansione: 915 mm<\/li>\n<li>tipi di supporti: carta non abrasiva, seppia, cianografie, pellicola in plastica, laminato plastico, pannelli di polistirolo, cartone, giornale<\/li>\n<li>risoluzione ottica: 1200&#215;1200 dpi<\/li>\n<li>velocit\u00e0 di scansione: a colori = 15 m\/min a 200 dpi; scala di grigio = 22,9 m\/min a 200 dpi<\/li>\n<li>tecnologia: tecnologia di scansione CIS<\/li>\n<li>accuratezza di scansione: 0,1% \u00b1 1 pixel<\/li>\n<li>acquisizione dati (colore\/mono): 48 bit\/16 bit<\/li>\n<li>formato scansione: PDF, PDF\/A, TIFF, JPG, JPG2000, DWF, generazione PDF multi-pagina<\/li>\n<li>PC: ampio touchscreen da 396 mm (15,6\u201d); Windows 10; Intel Core i7; memoria 4 GB; disco rigido 500 GB<\/li>\n<\/ul>\n<p>&nbsp;<\/p>\n<p>Referente:<\/p>\n<p>Giuseppe Scardozzi\u00a0 <a href=\"mailto:giuseppe.scardozzi@cnr.it\">giuseppe.scardozzi@cnr.it<\/a><\/p>\n<p>&nbsp;<\/p>\n<p><a href=\"http:\/\/www.e-rihs.it\/wp-content\/uploads\/2022\/12\/MOLAB_EQUIPMENT_Scanner-grandi-formati_ita.pdf\" rel=\"attachment wp-att-5841\">Scarica la scheda completa<\/a><\/p>\n<p>gs.<\/p>\n<p>[\/et_pb_text][\/et_pb_column][\/et_pb_row][\/et_pb_section]<\/p>\n","protected":false},"excerpt":{"rendered":"<p>LABORATORIO: CNR ISPC NOME STRUMENTO Scanner Planetario da tavolo &nbsp; INFORMAZIONI GENERALI: Lo scanner planetario disponibile nel MOLAB \u00e8 un [&hellip;]<\/p>\n","protected":false},"author":17,"featured_media":0,"parent":0,"menu_order":0,"comment_status":"closed","ping_status":"closed","template":"","meta":{"_et_pb_use_builder":"on","_et_pb_old_content":"","_et_gb_content_width":"","footnotes":""},"class_list":["post-5837","page","type-page","status-publish"],"yoast_head":"<!-- This site is optimized with the Yoast SEO plugin v27.0 - https:\/\/yoast.com\/product\/yoast-seo-wordpress\/ -->\n<title>2D digitization using planetary scanner and large format scanner | E-RIHS.it<\/title>\n<meta name=\"robots\" content=\"index, follow, max-snippet:-1, max-image-preview:large, max-video-preview:-1\" \/>\n<link rel=\"canonical\" href=\"https:\/\/www.e-rihs.it\/en\/2d-digitization-using-planetary-scanner-and-large-format-scanner\/\" \/>\n<meta property=\"og:locale\" content=\"en_GB\" \/>\n<meta property=\"og:type\" content=\"article\" \/>\n<meta property=\"og:title\" content=\"2D digitization using planetary scanner and large format scanner | E-RIHS.it\" \/>\n<meta property=\"og:description\" content=\"LABORATORIO: CNR ISPC NOME STRUMENTO Scanner Planetario da tavolo &nbsp; INFORMAZIONI GENERALI: Lo scanner planetario disponibile nel MOLAB \u00e8 un [&hellip;]\" \/>\n<meta property=\"og:url\" content=\"https:\/\/www.e-rihs.it\/en\/2d-digitization-using-planetary-scanner-and-large-format-scanner\/\" \/>\n<meta property=\"og:site_name\" content=\"E-RIHS.it\" \/>\n<meta property=\"article:publisher\" content=\"https:\/\/www.facebook.com\/erihsIT\" \/>\n<meta property=\"article:modified_time\" content=\"2024-04-24T12:11:53+00:00\" \/>\n<meta name=\"twitter:card\" content=\"summary_large_image\" \/>\n<meta name=\"twitter:site\" content=\"@ErihsIt\" \/>\n<script type=\"application\/ld+json\" class=\"yoast-schema-graph\">{\"@context\":\"https:\/\/schema.org\",\"@graph\":[{\"@type\":\"WebPage\",\"@id\":\"https:\/\/www.e-rihs.it\/2d-digitization-using-planetary-scanner-and-large-format-scanner\/\",\"url\":\"https:\/\/www.e-rihs.it\/2d-digitization-using-planetary-scanner-and-large-format-scanner\/\",\"name\":\"2D digitization using planetary scanner and large format scanner | E-RIHS.it\",\"isPartOf\":{\"@id\":\"https:\/\/www.e-rihs.it\/#website\"},\"datePublished\":\"2022-12-12T17:17:49+00:00\",\"dateModified\":\"2024-04-24T12:11:53+00:00\",\"breadcrumb\":{\"@id\":\"https:\/\/www.e-rihs.it\/2d-digitization-using-planetary-scanner-and-large-format-scanner\/#breadcrumb\"},\"inLanguage\":\"en-GB\",\"potentialAction\":[{\"@type\":\"ReadAction\",\"target\":[\"https:\/\/www.e-rihs.it\/2d-digitization-using-planetary-scanner-and-large-format-scanner\/\"]}]},{\"@type\":\"BreadcrumbList\",\"@id\":\"https:\/\/www.e-rihs.it\/2d-digitization-using-planetary-scanner-and-large-format-scanner\/#breadcrumb\",\"itemListElement\":[{\"@type\":\"ListItem\",\"position\":1,\"name\":\"Home\",\"item\":\"https:\/\/www.e-rihs.it\/\"},{\"@type\":\"ListItem\",\"position\":2,\"name\":\"2D digitization using planetary scanner and large format scanner\"}]},{\"@type\":\"WebSite\",\"@id\":\"https:\/\/www.e-rihs.it\/#website\",\"url\":\"https:\/\/www.e-rihs.it\/\",\"name\":\"E-RIHS.it\",\"description\":\"The Italian node of the European Research Infrastructure for Heritage Science\",\"publisher\":{\"@id\":\"https:\/\/www.e-rihs.it\/#organization\"},\"potentialAction\":[{\"@type\":\"SearchAction\",\"target\":{\"@type\":\"EntryPoint\",\"urlTemplate\":\"https:\/\/www.e-rihs.it\/?s={search_term_string}\"},\"query-input\":{\"@type\":\"PropertyValueSpecification\",\"valueRequired\":true,\"valueName\":\"search_term_string\"}}],\"inLanguage\":\"en-GB\"},{\"@type\":\"Organization\",\"@id\":\"https:\/\/www.e-rihs.it\/#organization\",\"name\":\"The Italian node of the European Research Infrastructure for Heritage Science\",\"url\":\"https:\/\/www.e-rihs.it\/\",\"logo\":{\"@type\":\"ImageObject\",\"inLanguage\":\"en-GB\",\"@id\":\"https:\/\/www.e-rihs.it\/#\/schema\/logo\/image\/\",\"url\":\"https:\/\/www.e-rihs.it\/wp-content\/uploads\/2018\/01\/e-rihsit-logo.png\",\"contentUrl\":\"https:\/\/www.e-rihs.it\/wp-content\/uploads\/2018\/01\/e-rihsit-logo.png\",\"width\":620,\"height\":107,\"caption\":\"The Italian node of the European Research Infrastructure for Heritage Science\"},\"image\":{\"@id\":\"https:\/\/www.e-rihs.it\/#\/schema\/logo\/image\/\"},\"sameAs\":[\"https:\/\/www.facebook.com\/erihsIT\",\"https:\/\/x.com\/ErihsIt\",\"https:\/\/www.youtube.com\/channel\/UC4h0G3wcxmlicWpoLUFmb-Q\"]}]}<\/script>\n<!-- \/ Yoast SEO plugin. -->","yoast_head_json":{"title":"2D digitization using planetary scanner and large format scanner | E-RIHS.it","robots":{"index":"index","follow":"follow","max-snippet":"max-snippet:-1","max-image-preview":"max-image-preview:large","max-video-preview":"max-video-preview:-1"},"canonical":"https:\/\/www.e-rihs.it\/en\/2d-digitization-using-planetary-scanner-and-large-format-scanner\/","og_locale":"en_GB","og_type":"article","og_title":"2D digitization using planetary scanner and large format scanner | E-RIHS.it","og_description":"LABORATORIO: CNR ISPC NOME STRUMENTO Scanner Planetario da tavolo &nbsp; INFORMAZIONI GENERALI: Lo scanner planetario disponibile nel MOLAB \u00e8 un [&hellip;]","og_url":"https:\/\/www.e-rihs.it\/en\/2d-digitization-using-planetary-scanner-and-large-format-scanner\/","og_site_name":"E-RIHS.it","article_publisher":"https:\/\/www.facebook.com\/erihsIT","article_modified_time":"2024-04-24T12:11:53+00:00","twitter_card":"summary_large_image","twitter_site":"@ErihsIt","schema":{"@context":"https:\/\/schema.org","@graph":[{"@type":"WebPage","@id":"https:\/\/www.e-rihs.it\/2d-digitization-using-planetary-scanner-and-large-format-scanner\/","url":"https:\/\/www.e-rihs.it\/2d-digitization-using-planetary-scanner-and-large-format-scanner\/","name":"2D digitization using planetary scanner and large format scanner | E-RIHS.it","isPartOf":{"@id":"https:\/\/www.e-rihs.it\/#website"},"datePublished":"2022-12-12T17:17:49+00:00","dateModified":"2024-04-24T12:11:53+00:00","breadcrumb":{"@id":"https:\/\/www.e-rihs.it\/2d-digitization-using-planetary-scanner-and-large-format-scanner\/#breadcrumb"},"inLanguage":"en-GB","potentialAction":[{"@type":"ReadAction","target":["https:\/\/www.e-rihs.it\/2d-digitization-using-planetary-scanner-and-large-format-scanner\/"]}]},{"@type":"BreadcrumbList","@id":"https:\/\/www.e-rihs.it\/2d-digitization-using-planetary-scanner-and-large-format-scanner\/#breadcrumb","itemListElement":[{"@type":"ListItem","position":1,"name":"Home","item":"https:\/\/www.e-rihs.it\/"},{"@type":"ListItem","position":2,"name":"2D digitization using planetary scanner and large format scanner"}]},{"@type":"WebSite","@id":"https:\/\/www.e-rihs.it\/#website","url":"https:\/\/www.e-rihs.it\/","name":"E-RIHS.it","description":"The Italian node of the European Research Infrastructure for Heritage Science","publisher":{"@id":"https:\/\/www.e-rihs.it\/#organization"},"potentialAction":[{"@type":"SearchAction","target":{"@type":"EntryPoint","urlTemplate":"https:\/\/www.e-rihs.it\/?s={search_term_string}"},"query-input":{"@type":"PropertyValueSpecification","valueRequired":true,"valueName":"search_term_string"}}],"inLanguage":"en-GB"},{"@type":"Organization","@id":"https:\/\/www.e-rihs.it\/#organization","name":"The Italian node of the European Research Infrastructure for Heritage Science","url":"https:\/\/www.e-rihs.it\/","logo":{"@type":"ImageObject","inLanguage":"en-GB","@id":"https:\/\/www.e-rihs.it\/#\/schema\/logo\/image\/","url":"https:\/\/www.e-rihs.it\/wp-content\/uploads\/2018\/01\/e-rihsit-logo.png","contentUrl":"https:\/\/www.e-rihs.it\/wp-content\/uploads\/2018\/01\/e-rihsit-logo.png","width":620,"height":107,"caption":"The Italian node of the European Research Infrastructure for Heritage Science"},"image":{"@id":"https:\/\/www.e-rihs.it\/#\/schema\/logo\/image\/"},"sameAs":["https:\/\/www.facebook.com\/erihsIT","https:\/\/x.com\/ErihsIt","https:\/\/www.youtube.com\/channel\/UC4h0G3wcxmlicWpoLUFmb-Q"]}]}},"_links":{"self":[{"href":"https:\/\/www.e-rihs.it\/en\/wp-json\/wp\/v2\/pages\/5837","targetHints":{"allow":["GET"]}}],"collection":[{"href":"https:\/\/www.e-rihs.it\/en\/wp-json\/wp\/v2\/pages"}],"about":[{"href":"https:\/\/www.e-rihs.it\/en\/wp-json\/wp\/v2\/types\/page"}],"author":[{"embeddable":true,"href":"https:\/\/www.e-rihs.it\/en\/wp-json\/wp\/v2\/users\/17"}],"replies":[{"embeddable":true,"href":"https:\/\/www.e-rihs.it\/en\/wp-json\/wp\/v2\/comments?post=5837"}],"version-history":[{"count":7,"href":"https:\/\/www.e-rihs.it\/en\/wp-json\/wp\/v2\/pages\/5837\/revisions"}],"predecessor-version":[{"id":7421,"href":"https:\/\/www.e-rihs.it\/en\/wp-json\/wp\/v2\/pages\/5837\/revisions\/7421"}],"wp:attachment":[{"href":"https:\/\/www.e-rihs.it\/en\/wp-json\/wp\/v2\/media?parent=5837"}],"curies":[{"name":"wp","href":"https:\/\/api.w.org\/{rel}","templated":true}]}}