{"id":5624,"date":"2022-11-24T10:49:17","date_gmt":"2022-11-24T09:49:17","guid":{"rendered":"http:\/\/www.e-rihs.it\/?page_id=5624"},"modified":"2022-12-07T13:10:57","modified_gmt":"2022-12-07T12:10:57","slug":"multi-depth-electromagnetic-conductivity-meters-2","status":"publish","type":"page","link":"https:\/\/www.e-rihs.it\/en\/multi-depth-electromagnetic-conductivity-meters-2\/","title":{"rendered":"Multi-depth electromagnetic conductivity meters"},"content":{"rendered":"<p>[et_pb_section fb_built=&#8221;1&#8243; _builder_version=&#8221;4.7.7&#8243; _module_preset=&#8221;default&#8221;][et_pb_row column_structure=&#8221;2_5,3_5&#8243; _builder_version=&#8221;4.7.7&#8243; _module_preset=&#8221;default&#8221;][et_pb_column type=&#8221;2_5&#8243; _builder_version=&#8221;4.7.7&#8243; _module_preset=&#8221;default&#8221;][et_pb_image src=&#8221;http:\/\/www.e-rihs.it\/wp-content\/uploads\/2022\/12\/Multi-depth-electromagnetic-conductivity-meters2.jpg&#8221; title_text=&#8221;Multi-depth electromagnetic conductivity meters2&#8243; _builder_version=&#8221;4.7.7&#8243; _module_preset=&#8221;default&#8221; hover_enabled=&#8221;0&#8243; sticky_enabled=&#8221;0&#8243;][\/et_pb_image][\/et_pb_column][et_pb_column type=&#8221;3_5&#8243; _builder_version=&#8221;4.7.7&#8243; _module_preset=&#8221;default&#8221;][et_pb_text _builder_version=&#8221;4.7.7&#8243; _module_preset=&#8221;default&#8221;]<\/p>\n<p><strong>LABORATORIO: CNR ISPC<\/strong><\/p>\n<p>&nbsp;<\/p>\n<p><strong>NOME STRUMENTO<\/strong><\/p>\n<p>CMD \u2013 conduttivimetro elettromagnetico<\/p>\n<p>&nbsp;<\/p>\n<p><strong>INFORMAZIONI GENERALI:<\/strong><br \/> Il misuratore di conducibilit\u00e0 elettromagnetica CMD Explorer \u00e8 progettato per intervalli di profondit\u00e0 di rilevamento che vanno da 1,1m a 6,7 m. Il sistema utilizza un metodo, che evita il contatto con il suolo, che consente misurazioni rapide di conducibilit\u00e0 e in fase in tutte le condizioni di campagna (incluso terreno molto secco e ghiacciato). La sonda Explorer \u00e8 dotata di 3 ricevitori con eccellente stabilit\u00e0 di temperatura. In questo modo \u00e8 possibile ottenere una mappatura graduata in profondit\u00e0 ad alta risoluzione e l&#8217;immagine di sezioni, utili per un&#8217;ampia gamma di applicazioni.<\/p>\n<p><strong><br \/> DETTAGLI TECNICI:<\/strong><br \/> Profilatura e mappatura <em>multi-profondit\u00e0<\/em> (1,1 \u2013 6,7 m), campionamento rapido (fino a 10 Hz), elevata stabilit\u00e0 della temperatura. Modalit\u00e0 di misurazione manuale e continua con GPS. Due canali Bluetooth (per sonda e GPS esterno). Orologio in tempo reale, anteprima della mappa della copertura dell&#8217;area.<\/p>\n<p>&nbsp;<\/p>\n<p>Referente:<\/p>\n<p>Giovanni Leucci\u00a0 <a href=\"mailto:giovanni.leucci@cnr.it\">giovanni.leucci@cnr.it<\/a><\/p>\n<p>&nbsp;<\/p>\n<p><a href=\"http:\/\/www.e-rihs.it\/wp-content\/uploads\/2022\/11\/MOLAB_EQUIPMENT_elettromagnetometro_ita.pdf\" rel=\"attachment wp-att-5629\">Scarica la scheda completa<\/a><\/p>\n<p>&nbsp;<\/p>\n<p>&nbsp;<\/p>\n<p>[\/et_pb_text][\/et_pb_column][\/et_pb_row][\/et_pb_section]<\/p>\n","protected":false},"excerpt":{"rendered":"<p>LABORATORIO: CNR ISPC &nbsp; NOME STRUMENTO CMD \u2013 conduttivimetro elettromagnetico &nbsp; INFORMAZIONI GENERALI: Il misuratore di conducibilit\u00e0 elettromagnetica CMD Explorer [&hellip;]<\/p>\n","protected":false},"author":17,"featured_media":0,"parent":0,"menu_order":0,"comment_status":"closed","ping_status":"closed","template":"","meta":{"_et_pb_use_builder":"on","_et_pb_old_content":"","_et_gb_content_width":"","footnotes":""},"class_list":["post-5624","page","type-page","status-publish","hentry"],"yoast_head":"<!-- This site is optimized with the Yoast SEO plugin v27.4 - https:\/\/yoast.com\/product\/yoast-seo-wordpress\/ -->\n<title>Multi-depth electromagnetic conductivity meters | E-RIHS.it<\/title>\n<meta name=\"robots\" content=\"index, follow, max-snippet:-1, max-image-preview:large, max-video-preview:-1\" \/>\n<link rel=\"canonical\" href=\"https:\/\/www.e-rihs.it\/en\/multi-depth-electromagnetic-conductivity-meters-2\/\" \/>\n<meta property=\"og:locale\" content=\"en_GB\" \/>\n<meta property=\"og:type\" content=\"article\" \/>\n<meta property=\"og:title\" content=\"Multi-depth electromagnetic conductivity meters | E-RIHS.it\" \/>\n<meta property=\"og:description\" content=\"LABORATORIO: CNR ISPC &nbsp; NOME STRUMENTO CMD \u2013 conduttivimetro elettromagnetico &nbsp; INFORMAZIONI GENERALI: Il misuratore di conducibilit\u00e0 elettromagnetica CMD Explorer [&hellip;]\" \/>\n<meta property=\"og:url\" content=\"https:\/\/www.e-rihs.it\/en\/multi-depth-electromagnetic-conductivity-meters-2\/\" \/>\n<meta property=\"og:site_name\" content=\"E-RIHS.it\" \/>\n<meta property=\"article:publisher\" content=\"https:\/\/www.facebook.com\/erihsIT\" \/>\n<meta property=\"article:modified_time\" content=\"2022-12-07T12:10:57+00:00\" \/>\n<meta name=\"twitter:card\" content=\"summary_large_image\" \/>\n<meta name=\"twitter:site\" content=\"@ErihsIt\" \/>\n<script type=\"application\/ld+json\" class=\"yoast-schema-graph\">{\"@context\":\"https:\\\/\\\/schema.org\",\"@graph\":[{\"@type\":\"WebPage\",\"@id\":\"https:\\\/\\\/www.e-rihs.it\\\/multi-depth-electromagnetic-conductivity-meters-2\\\/\",\"url\":\"https:\\\/\\\/www.e-rihs.it\\\/multi-depth-electromagnetic-conductivity-meters-2\\\/\",\"name\":\"Multi-depth electromagnetic conductivity meters | E-RIHS.it\",\"isPartOf\":{\"@id\":\"https:\\\/\\\/www.e-rihs.it\\\/#website\"},\"datePublished\":\"2022-11-24T09:49:17+00:00\",\"dateModified\":\"2022-12-07T12:10:57+00:00\",\"breadcrumb\":{\"@id\":\"https:\\\/\\\/www.e-rihs.it\\\/multi-depth-electromagnetic-conductivity-meters-2\\\/#breadcrumb\"},\"inLanguage\":\"en-GB\",\"potentialAction\":[{\"@type\":\"ReadAction\",\"target\":[\"https:\\\/\\\/www.e-rihs.it\\\/multi-depth-electromagnetic-conductivity-meters-2\\\/\"]}]},{\"@type\":\"BreadcrumbList\",\"@id\":\"https:\\\/\\\/www.e-rihs.it\\\/multi-depth-electromagnetic-conductivity-meters-2\\\/#breadcrumb\",\"itemListElement\":[{\"@type\":\"ListItem\",\"position\":1,\"name\":\"Home\",\"item\":\"https:\\\/\\\/www.e-rihs.it\\\/\"},{\"@type\":\"ListItem\",\"position\":2,\"name\":\"Multi-depth electromagnetic conductivity meters\"}]},{\"@type\":\"WebSite\",\"@id\":\"https:\\\/\\\/www.e-rihs.it\\\/#website\",\"url\":\"https:\\\/\\\/www.e-rihs.it\\\/\",\"name\":\"E-RIHS.it\",\"description\":\"The Italian node of the European Research Infrastructure for Heritage Science\",\"publisher\":{\"@id\":\"https:\\\/\\\/www.e-rihs.it\\\/#organization\"},\"potentialAction\":[{\"@type\":\"SearchAction\",\"target\":{\"@type\":\"EntryPoint\",\"urlTemplate\":\"https:\\\/\\\/www.e-rihs.it\\\/?s={search_term_string}\"},\"query-input\":{\"@type\":\"PropertyValueSpecification\",\"valueRequired\":true,\"valueName\":\"search_term_string\"}}],\"inLanguage\":\"en-GB\"},{\"@type\":\"Organization\",\"@id\":\"https:\\\/\\\/www.e-rihs.it\\\/#organization\",\"name\":\"The Italian node of the European Research Infrastructure for Heritage Science\",\"url\":\"https:\\\/\\\/www.e-rihs.it\\\/\",\"logo\":{\"@type\":\"ImageObject\",\"inLanguage\":\"en-GB\",\"@id\":\"https:\\\/\\\/www.e-rihs.it\\\/#\\\/schema\\\/logo\\\/image\\\/\",\"url\":\"https:\\\/\\\/www.e-rihs.it\\\/wp-content\\\/uploads\\\/2018\\\/01\\\/e-rihsit-logo.png\",\"contentUrl\":\"https:\\\/\\\/www.e-rihs.it\\\/wp-content\\\/uploads\\\/2018\\\/01\\\/e-rihsit-logo.png\",\"width\":620,\"height\":107,\"caption\":\"The Italian node of the European Research Infrastructure for Heritage Science\"},\"image\":{\"@id\":\"https:\\\/\\\/www.e-rihs.it\\\/#\\\/schema\\\/logo\\\/image\\\/\"},\"sameAs\":[\"https:\\\/\\\/www.facebook.com\\\/erihsIT\",\"https:\\\/\\\/x.com\\\/ErihsIt\",\"https:\\\/\\\/www.youtube.com\\\/channel\\\/UC4h0G3wcxmlicWpoLUFmb-Q\"]}]}<\/script>\n<!-- \/ Yoast SEO plugin. -->","yoast_head_json":{"title":"Multi-depth electromagnetic conductivity meters | E-RIHS.it","robots":{"index":"index","follow":"follow","max-snippet":"max-snippet:-1","max-image-preview":"max-image-preview:large","max-video-preview":"max-video-preview:-1"},"canonical":"https:\/\/www.e-rihs.it\/en\/multi-depth-electromagnetic-conductivity-meters-2\/","og_locale":"en_GB","og_type":"article","og_title":"Multi-depth electromagnetic conductivity meters | E-RIHS.it","og_description":"LABORATORIO: CNR ISPC &nbsp; NOME STRUMENTO CMD \u2013 conduttivimetro elettromagnetico &nbsp; INFORMAZIONI GENERALI: Il misuratore di conducibilit\u00e0 elettromagnetica CMD Explorer [&hellip;]","og_url":"https:\/\/www.e-rihs.it\/en\/multi-depth-electromagnetic-conductivity-meters-2\/","og_site_name":"E-RIHS.it","article_publisher":"https:\/\/www.facebook.com\/erihsIT","article_modified_time":"2022-12-07T12:10:57+00:00","twitter_card":"summary_large_image","twitter_site":"@ErihsIt","schema":{"@context":"https:\/\/schema.org","@graph":[{"@type":"WebPage","@id":"https:\/\/www.e-rihs.it\/multi-depth-electromagnetic-conductivity-meters-2\/","url":"https:\/\/www.e-rihs.it\/multi-depth-electromagnetic-conductivity-meters-2\/","name":"Multi-depth electromagnetic conductivity meters | E-RIHS.it","isPartOf":{"@id":"https:\/\/www.e-rihs.it\/#website"},"datePublished":"2022-11-24T09:49:17+00:00","dateModified":"2022-12-07T12:10:57+00:00","breadcrumb":{"@id":"https:\/\/www.e-rihs.it\/multi-depth-electromagnetic-conductivity-meters-2\/#breadcrumb"},"inLanguage":"en-GB","potentialAction":[{"@type":"ReadAction","target":["https:\/\/www.e-rihs.it\/multi-depth-electromagnetic-conductivity-meters-2\/"]}]},{"@type":"BreadcrumbList","@id":"https:\/\/www.e-rihs.it\/multi-depth-electromagnetic-conductivity-meters-2\/#breadcrumb","itemListElement":[{"@type":"ListItem","position":1,"name":"Home","item":"https:\/\/www.e-rihs.it\/"},{"@type":"ListItem","position":2,"name":"Multi-depth electromagnetic conductivity meters"}]},{"@type":"WebSite","@id":"https:\/\/www.e-rihs.it\/#website","url":"https:\/\/www.e-rihs.it\/","name":"E-RIHS.it","description":"The Italian node of the European Research Infrastructure for Heritage Science","publisher":{"@id":"https:\/\/www.e-rihs.it\/#organization"},"potentialAction":[{"@type":"SearchAction","target":{"@type":"EntryPoint","urlTemplate":"https:\/\/www.e-rihs.it\/?s={search_term_string}"},"query-input":{"@type":"PropertyValueSpecification","valueRequired":true,"valueName":"search_term_string"}}],"inLanguage":"en-GB"},{"@type":"Organization","@id":"https:\/\/www.e-rihs.it\/#organization","name":"The Italian node of the European Research Infrastructure for Heritage Science","url":"https:\/\/www.e-rihs.it\/","logo":{"@type":"ImageObject","inLanguage":"en-GB","@id":"https:\/\/www.e-rihs.it\/#\/schema\/logo\/image\/","url":"https:\/\/www.e-rihs.it\/wp-content\/uploads\/2018\/01\/e-rihsit-logo.png","contentUrl":"https:\/\/www.e-rihs.it\/wp-content\/uploads\/2018\/01\/e-rihsit-logo.png","width":620,"height":107,"caption":"The Italian node of the European Research Infrastructure for Heritage Science"},"image":{"@id":"https:\/\/www.e-rihs.it\/#\/schema\/logo\/image\/"},"sameAs":["https:\/\/www.facebook.com\/erihsIT","https:\/\/x.com\/ErihsIt","https:\/\/www.youtube.com\/channel\/UC4h0G3wcxmlicWpoLUFmb-Q"]}]}},"_links":{"self":[{"href":"https:\/\/www.e-rihs.it\/en\/wp-json\/wp\/v2\/pages\/5624","targetHints":{"allow":["GET"]}}],"collection":[{"href":"https:\/\/www.e-rihs.it\/en\/wp-json\/wp\/v2\/pages"}],"about":[{"href":"https:\/\/www.e-rihs.it\/en\/wp-json\/wp\/v2\/types\/page"}],"author":[{"embeddable":true,"href":"https:\/\/www.e-rihs.it\/en\/wp-json\/wp\/v2\/users\/17"}],"replies":[{"embeddable":true,"href":"https:\/\/www.e-rihs.it\/en\/wp-json\/wp\/v2\/comments?post=5624"}],"version-history":[{"count":4,"href":"https:\/\/www.e-rihs.it\/en\/wp-json\/wp\/v2\/pages\/5624\/revisions"}],"predecessor-version":[{"id":5795,"href":"https:\/\/www.e-rihs.it\/en\/wp-json\/wp\/v2\/pages\/5624\/revisions\/5795"}],"wp:attachment":[{"href":"https:\/\/www.e-rihs.it\/en\/wp-json\/wp\/v2\/media?parent=5624"}],"curies":[{"name":"wp","href":"https:\/\/api.w.org\/{rel}","templated":true}]}}