{"id":4614,"date":"2022-02-04T11:31:33","date_gmt":"2022-02-04T10:31:33","guid":{"rendered":"http:\/\/www.e-rihs.it\/?page_id=4614"},"modified":"2023-02-17T16:54:54","modified_gmt":"2023-02-17T15:54:54","slug":"politica-di-accesso","status":"publish","type":"page","link":"https:\/\/www.e-rihs.it\/en\/politica-di-accesso\/","title":{"rendered":"Access policy"},"content":{"rendered":"<p>[et_pb_section fb_built=&#8221;1&#8243; fullwidth=&#8221;on&#8221; _builder_version=&#8221;4.7.7&#8243; _module_preset=&#8221;default&#8221;][et_pb_fullwidth_header title=&#8221;Politica di accesso&#8221; _builder_version=&#8221;4.7.7&#8243; _module_preset=&#8221;default&#8221; background_color=&#8221;#ffffff&#8221; background_image=&#8221;http:\/\/www.e-rihs.it\/wp-content\/uploads\/2018\/02\/0088.jpg&#8221;][\/et_pb_fullwidth_header][\/et_pb_section][et_pb_section fb_built=&#8221;1&#8243; _builder_version=&#8221;4.7.7&#8243; _module_preset=&#8221;default&#8221;][et_pb_row column_structure=&#8221;1_4,3_4&#8243; _builder_version=&#8221;4.7.7&#8243; _module_preset=&#8221;default&#8221;][et_pb_column type=&#8221;1_4&#8243; _builder_version=&#8221;4.7.7&#8243; _module_preset=&#8221;default&#8221;][et_pb_sidebar area=&#8221;et_pb_widget_area_19&#8243; _builder_version=&#8221;4.7.7&#8243; _module_preset=&#8221;default&#8221;][\/et_pb_sidebar][\/et_pb_column][et_pb_column type=&#8221;3_4&#8243; _builder_version=&#8221;4.7.7&#8243; _module_preset=&#8221;default&#8221;][et_pb_text _builder_version=&#8221;4.7.7&#8243; _module_preset=&#8221;default&#8221; hover_enabled=&#8221;0&#8243; sticky_enabled=&#8221;0&#8243;]<\/p>\n<p><strong>POLITICA DI ACCESSO<\/strong><\/p>\n<p>Questa Sezione definisce le condizioni di accesso ai servizi di E-RIHS.it.<\/p>\n<p>Per la terminologia utilizzata nel presente paragrafo si rimanda al <a href=\"http:\/\/www.e-rihs.it\/glossario\/\" target=\"_blank\" rel=\"noopener noreferrer\">Glossario<\/a>.<\/p>\n<p>L\u2019Utente che intenda avvalersi dei servizi offerti dall\u2019Infrastruttura di Ricerca E-RIHS.it \u00e8 tenuto al rigoroso rispetto delle condizioni di seguito indicate.<\/p>\n<ol>\n<li>I servizi di E-RIHS.it devono essere utilizzati solo per attivit\u00e0 riconducibili al settore dell\u2019<em>Heritage Science<\/em> e devono essere conformi alle buone prassi di Gestione del Patrimonio Culturale.<\/li>\n<li>I servizi forniti da E-RIHS.it, cos\u00ec come qualsiasi contributo scientifico fornito dai <em>provider<\/em>, devono essere necessariamente riconosciuti di supporto all\u2019attivit\u00e0 scientifica dell\u2019Utente.<\/li>\n<li>Gli Utenti non possono utilizzare le risorse o i servizi per scopi illeciti e\/o fraudolenti e non possono in alcun modo tenere comportamenti elusivi dei controlli amministrativi e\/o di sicurezza che si rendano necessari.<\/li>\n<li>Gli utenti devono rispettare i diritti di propriet\u00e0 intellettuale, eventuali accordi di riservatezza e i principi dell\u2019<a href=\"https:\/\/ec.europa.eu\/research\/participants\/docs\/h2020-funding-guide\/cross-cutting-issues\/open-access-data-management\/open-access_en.htm\" target=\"_blank\" rel=\"noopener noreferrer\"><em>Open Access<\/em><\/a>.<\/li>\n<li>La presentazione della richiesta di accesso a E-RIHS.it da parte dell\u2019Utente non offre alcuna garanzia che gli stessi vengano erogati fino a quando non sia concluso il processo<em>\u00a0<\/em>di valutazione e fattibilit\u00e0. Non vi \u00e8 alcuna garanzia che i servizi siano disponibili in qualsiasi momento, n\u00e9 che gli stessi possano essere utilizzati per qualsiasi finalit\u00e0 differente da quella oggetto della specifica richiesta. I provider possono richiedere all\u2019Utente, prima di procedere alla fornitura del servizio richiesto, una polizza assicurativa inerente agli oggetti e\/o ai manufatti coinvolti nell\u2019iniziativa progettuale. La polizza assicurativa, cos\u00ec come le spese legate alla movimentazione dell&#8217;opera\/oggetto e del personale coinvolto per tutta la durata della campagna di accesso, sono a carico dell&#8217;Utente.<\/li>\n<li>L\u2019Utente accetta che le informazioni fornite, inclusi i dati personali forniti nel <em>proposal form<\/em>, possano essere utilizzati per scopi amministrativi, operativi, contabili, di monitoraggio e di sicurezza. L\u2019Utente accetta che queste informazioni registrate possano essere divulgate ad altri partecipanti autorizzati tramite meccanismi protetti, solo per gli stessi scopi e solo nella misura necessaria per fornire i servizi (per approfondimenti si veda l<a href=\"http:\/\/www.e-rihs.it\/informativa-privacy\/\" target=\"_blank\" rel=\"noopener noreferrer\">\u2019Informativa privacy<\/a>).<\/li>\n<li>E-RIHS.it e i suoi <em>provider<\/em>, nell&#8217;ambito dell\u2019esercizio delle proprie competenze, hanno il diritto di regolamentare, sospendere o terminare l&#8217;accesso senza preavviso e senza che l\u2019utente possa vantare alcun diritto a titolo di indennizzo o di risarcimento. Gli utenti devono immediatamente attenersi alle istruzioni in qualsiasi momento fornite da E-RIHS.it e dai suoi <em>provider<\/em>.<\/li>\n<li>Gli utenti sono responsabili per le conseguenze derivanti dalla violazione di quanto indicato nelle presenti condizioni d&#8217;uso. Tutte le violazioni di legge e\/o i comportamenti illeciti o comunque tali da determinare situazioni di pericolo per le persone e per le cose saranno tempestivamente segnalati alle autorit\u00e0 competenti.<\/li>\n<li>La legge applicabile \u00e8 la legge italiana e il Foro competente per qualsiasi controversia relativa alla interpretazione e applicazione delle presenti condizioni, qualora non sia possibile addivenire a una soluzione bonaria e amichevole, \u00e8 il Foro di Roma.<\/li>\n<\/ol>\n<p>[\/et_pb_text][\/et_pb_column][\/et_pb_row][\/et_pb_section]<\/p>\n","protected":false},"excerpt":{"rendered":"<p>POLITICA DI ACCESSO Questa Sezione definisce le condizioni di accesso ai servizi di E-RIHS.it. Per la terminologia utilizzata nel presente [&hellip;]<\/p>\n","protected":false},"author":17,"featured_media":0,"parent":0,"menu_order":0,"comment_status":"closed","ping_status":"closed","template":"","meta":{"_et_pb_use_builder":"on","_et_pb_old_content":"","_et_gb_content_width":"","footnotes":""},"class_list":["post-4614","page","type-page","status-publish"],"yoast_head":"<!-- This site is optimized with the Yoast SEO plugin v27.0 - https:\/\/yoast.com\/product\/yoast-seo-wordpress\/ -->\n<title>Politica di accesso | E-RIHS.it<\/title>\n<meta name=\"robots\" content=\"index, follow, max-snippet:-1, max-image-preview:large, max-video-preview:-1\" \/>\n<link rel=\"canonical\" href=\"https:\/\/www.e-rihs.it\/en\/politica-di-accesso\/\" \/>\n<meta property=\"og:locale\" content=\"en_GB\" \/>\n<meta property=\"og:type\" content=\"article\" \/>\n<meta property=\"og:title\" content=\"Politica di accesso | E-RIHS.it\" \/>\n<meta property=\"og:description\" content=\"POLITICA DI ACCESSO Questa Sezione definisce le condizioni di accesso ai servizi di E-RIHS.it. Per la terminologia utilizzata nel presente [&hellip;]\" \/>\n<meta property=\"og:url\" content=\"https:\/\/www.e-rihs.it\/en\/politica-di-accesso\/\" \/>\n<meta property=\"og:site_name\" content=\"E-RIHS.it\" \/>\n<meta property=\"article:publisher\" content=\"https:\/\/www.facebook.com\/erihsIT\" \/>\n<meta property=\"article:modified_time\" content=\"2023-02-17T15:54:54+00:00\" \/>\n<meta name=\"twitter:card\" content=\"summary_large_image\" \/>\n<meta name=\"twitter:site\" content=\"@ErihsIt\" \/>\n<meta name=\"twitter:label1\" content=\"Estimated reading time\" \/>\n\t<meta name=\"twitter:data1\" content=\"3 minutes\" \/>\n<script type=\"application\/ld+json\" class=\"yoast-schema-graph\">{\"@context\":\"https:\/\/schema.org\",\"@graph\":[{\"@type\":\"WebPage\",\"@id\":\"https:\/\/www.e-rihs.it\/politica-di-accesso\/\",\"url\":\"https:\/\/www.e-rihs.it\/politica-di-accesso\/\",\"name\":\"Politica di accesso | E-RIHS.it\",\"isPartOf\":{\"@id\":\"https:\/\/www.e-rihs.it\/#website\"},\"datePublished\":\"2022-02-04T10:31:33+00:00\",\"dateModified\":\"2023-02-17T15:54:54+00:00\",\"breadcrumb\":{\"@id\":\"https:\/\/www.e-rihs.it\/politica-di-accesso\/#breadcrumb\"},\"inLanguage\":\"en-GB\",\"potentialAction\":[{\"@type\":\"ReadAction\",\"target\":[\"https:\/\/www.e-rihs.it\/politica-di-accesso\/\"]}]},{\"@type\":\"BreadcrumbList\",\"@id\":\"https:\/\/www.e-rihs.it\/politica-di-accesso\/#breadcrumb\",\"itemListElement\":[{\"@type\":\"ListItem\",\"position\":1,\"name\":\"Home\",\"item\":\"https:\/\/www.e-rihs.it\/\"},{\"@type\":\"ListItem\",\"position\":2,\"name\":\"Politica di accesso\"}]},{\"@type\":\"WebSite\",\"@id\":\"https:\/\/www.e-rihs.it\/#website\",\"url\":\"https:\/\/www.e-rihs.it\/\",\"name\":\"E-RIHS.it\",\"description\":\"The Italian node of the European Research Infrastructure for Heritage Science\",\"publisher\":{\"@id\":\"https:\/\/www.e-rihs.it\/#organization\"},\"potentialAction\":[{\"@type\":\"SearchAction\",\"target\":{\"@type\":\"EntryPoint\",\"urlTemplate\":\"https:\/\/www.e-rihs.it\/?s={search_term_string}\"},\"query-input\":{\"@type\":\"PropertyValueSpecification\",\"valueRequired\":true,\"valueName\":\"search_term_string\"}}],\"inLanguage\":\"en-GB\"},{\"@type\":\"Organization\",\"@id\":\"https:\/\/www.e-rihs.it\/#organization\",\"name\":\"The Italian node of the European Research Infrastructure for Heritage Science\",\"url\":\"https:\/\/www.e-rihs.it\/\",\"logo\":{\"@type\":\"ImageObject\",\"inLanguage\":\"en-GB\",\"@id\":\"https:\/\/www.e-rihs.it\/#\/schema\/logo\/image\/\",\"url\":\"https:\/\/www.e-rihs.it\/wp-content\/uploads\/2018\/01\/e-rihsit-logo.png\",\"contentUrl\":\"https:\/\/www.e-rihs.it\/wp-content\/uploads\/2018\/01\/e-rihsit-logo.png\",\"width\":620,\"height\":107,\"caption\":\"The Italian node of the European Research Infrastructure for Heritage Science\"},\"image\":{\"@id\":\"https:\/\/www.e-rihs.it\/#\/schema\/logo\/image\/\"},\"sameAs\":[\"https:\/\/www.facebook.com\/erihsIT\",\"https:\/\/x.com\/ErihsIt\",\"https:\/\/www.youtube.com\/channel\/UC4h0G3wcxmlicWpoLUFmb-Q\"]}]}<\/script>\n<!-- \/ Yoast SEO plugin. -->","yoast_head_json":{"title":"Politica di accesso | E-RIHS.it","robots":{"index":"index","follow":"follow","max-snippet":"max-snippet:-1","max-image-preview":"max-image-preview:large","max-video-preview":"max-video-preview:-1"},"canonical":"https:\/\/www.e-rihs.it\/en\/politica-di-accesso\/","og_locale":"en_GB","og_type":"article","og_title":"Politica di accesso | E-RIHS.it","og_description":"POLITICA DI ACCESSO Questa Sezione definisce le condizioni di accesso ai servizi di E-RIHS.it. Per la terminologia utilizzata nel presente [&hellip;]","og_url":"https:\/\/www.e-rihs.it\/en\/politica-di-accesso\/","og_site_name":"E-RIHS.it","article_publisher":"https:\/\/www.facebook.com\/erihsIT","article_modified_time":"2023-02-17T15:54:54+00:00","twitter_card":"summary_large_image","twitter_site":"@ErihsIt","twitter_misc":{"Estimated reading time":"3 minutes"},"schema":{"@context":"https:\/\/schema.org","@graph":[{"@type":"WebPage","@id":"https:\/\/www.e-rihs.it\/politica-di-accesso\/","url":"https:\/\/www.e-rihs.it\/politica-di-accesso\/","name":"Politica di accesso | E-RIHS.it","isPartOf":{"@id":"https:\/\/www.e-rihs.it\/#website"},"datePublished":"2022-02-04T10:31:33+00:00","dateModified":"2023-02-17T15:54:54+00:00","breadcrumb":{"@id":"https:\/\/www.e-rihs.it\/politica-di-accesso\/#breadcrumb"},"inLanguage":"en-GB","potentialAction":[{"@type":"ReadAction","target":["https:\/\/www.e-rihs.it\/politica-di-accesso\/"]}]},{"@type":"BreadcrumbList","@id":"https:\/\/www.e-rihs.it\/politica-di-accesso\/#breadcrumb","itemListElement":[{"@type":"ListItem","position":1,"name":"Home","item":"https:\/\/www.e-rihs.it\/"},{"@type":"ListItem","position":2,"name":"Politica di accesso"}]},{"@type":"WebSite","@id":"https:\/\/www.e-rihs.it\/#website","url":"https:\/\/www.e-rihs.it\/","name":"E-RIHS.it","description":"The Italian node of the European Research Infrastructure for Heritage Science","publisher":{"@id":"https:\/\/www.e-rihs.it\/#organization"},"potentialAction":[{"@type":"SearchAction","target":{"@type":"EntryPoint","urlTemplate":"https:\/\/www.e-rihs.it\/?s={search_term_string}"},"query-input":{"@type":"PropertyValueSpecification","valueRequired":true,"valueName":"search_term_string"}}],"inLanguage":"en-GB"},{"@type":"Organization","@id":"https:\/\/www.e-rihs.it\/#organization","name":"The Italian node of the European Research Infrastructure for Heritage Science","url":"https:\/\/www.e-rihs.it\/","logo":{"@type":"ImageObject","inLanguage":"en-GB","@id":"https:\/\/www.e-rihs.it\/#\/schema\/logo\/image\/","url":"https:\/\/www.e-rihs.it\/wp-content\/uploads\/2018\/01\/e-rihsit-logo.png","contentUrl":"https:\/\/www.e-rihs.it\/wp-content\/uploads\/2018\/01\/e-rihsit-logo.png","width":620,"height":107,"caption":"The Italian node of the European Research Infrastructure for Heritage Science"},"image":{"@id":"https:\/\/www.e-rihs.it\/#\/schema\/logo\/image\/"},"sameAs":["https:\/\/www.facebook.com\/erihsIT","https:\/\/x.com\/ErihsIt","https:\/\/www.youtube.com\/channel\/UC4h0G3wcxmlicWpoLUFmb-Q"]}]}},"_links":{"self":[{"href":"https:\/\/www.e-rihs.it\/en\/wp-json\/wp\/v2\/pages\/4614","targetHints":{"allow":["GET"]}}],"collection":[{"href":"https:\/\/www.e-rihs.it\/en\/wp-json\/wp\/v2\/pages"}],"about":[{"href":"https:\/\/www.e-rihs.it\/en\/wp-json\/wp\/v2\/types\/page"}],"author":[{"embeddable":true,"href":"https:\/\/www.e-rihs.it\/en\/wp-json\/wp\/v2\/users\/17"}],"replies":[{"embeddable":true,"href":"https:\/\/www.e-rihs.it\/en\/wp-json\/wp\/v2\/comments?post=4614"}],"version-history":[{"count":21,"href":"https:\/\/www.e-rihs.it\/en\/wp-json\/wp\/v2\/pages\/4614\/revisions"}],"predecessor-version":[{"id":6311,"href":"https:\/\/www.e-rihs.it\/en\/wp-json\/wp\/v2\/pages\/4614\/revisions\/6311"}],"wp:attachment":[{"href":"https:\/\/www.e-rihs.it\/en\/wp-json\/wp\/v2\/media?parent=4614"}],"curies":[{"name":"wp","href":"https:\/\/api.w.org\/{rel}","templated":true}]}}