{"id":4604,"date":"2022-02-04T10:52:19","date_gmt":"2022-02-04T09:52:19","guid":{"rendered":"http:\/\/www.e-rihs.it\/?page_id=4604"},"modified":"2024-05-28T11:57:59","modified_gmt":"2024-05-28T10:57:59","slug":"doveri-degli-utenti","status":"publish","type":"page","link":"https:\/\/www.e-rihs.it\/en\/doveri-degli-utenti\/","title":{"rendered":"Post-access duties"},"content":{"rendered":"<p>[et_pb_section fb_built=&#8221;1&#8243; fullwidth=&#8221;on&#8221; _builder_version=&#8221;4.7.7&#8243; _module_preset=&#8221;default&#8221;][et_pb_fullwidth_header title=&#8221;Obblighi degli utenti&#8221; _builder_version=&#8221;4.7.7&#8243; _module_preset=&#8221;default&#8221; title_text_color=&#8221;#ffffff&#8221; background_color=&#8221;#5685dd&#8221; use_background_color_gradient=&#8221;on&#8221; background_image=&#8221;http:\/\/www.e-rihs.it\/wp-content\/uploads\/2023\/01\/utenti-1.jpg&#8221;][\/et_pb_fullwidth_header][\/et_pb_section][et_pb_section fb_built=&#8221;1&#8243; _builder_version=&#8221;4.7.7&#8243; _module_preset=&#8221;default&#8221;][et_pb_row column_structure=&#8221;1_4,3_4&#8243; _builder_version=&#8221;4.7.7&#8243; _module_preset=&#8221;default&#8221;][et_pb_column type=&#8221;1_4&#8243; _builder_version=&#8221;4.7.7&#8243; _module_preset=&#8221;default&#8221;][et_pb_sidebar area=&#8221;et_pb_widget_area_19&#8243; _builder_version=&#8221;4.7.7&#8243; _module_preset=&#8221;default&#8221;][\/et_pb_sidebar][\/et_pb_column][et_pb_column type=&#8221;3_4&#8243; _builder_version=&#8221;4.7.7&#8243; _module_preset=&#8221;default&#8221;][et_pb_text _builder_version=&#8221;4.7.7&#8243; _module_preset=&#8221;default&#8221; hover_enabled=&#8221;0&#8243; sticky_enabled=&#8221;0&#8243;]<\/p>\n<p><strong>OBBLIGHI DEGLI UTENTI<\/strong><\/p>\n<p>La campagna di indagini deve essere iniziata entro un anno dalla notifica di selezione . L\u2019accesso sar\u00e0 concordato ed organizzato in base alla disponibilit\u00e0 dei laboratori coinvolti.\u00a0<\/p>\n<p>La campagna di indagini MOLAB \u00e8 intesa da svolgersi in un solo luogo\/sito. Pertanto, una proposta di progetto pu\u00f2 includere pi\u00f9 beni\/oggetti, ma essi devono essere presenti nel medesimo luogo\/sito per lo svolgimento delle indagini. Proposte MOLAB che includono oggetti conservati in luoghi\/siti diversi, anche se in una stessa citt\u00e0, saranno automaticamente escluse.\u00a0<\/p>\n<p>A conclusione dell\u2019accesso l\u2019utente dovr\u00e0 fornire un breve report che evidenzi gli obiettivi ed i risultati scientifici dell&#8217;accesso ricevuto (preferibilmente con una\/due immagini) seguendo il template fornito. Il report potr\u00e0 essere pubblicato sul sito Web E-RIHS.it e sar\u00e0 reso disponibile al MUR, ove richiesto. Il report dovr\u00e0 essere inviato entro due mesi dalla conclusione dell\u2019accesso al seguente indirizzo\u00a0<a href=\"mailto:e-rihs.ispc@ispc.cnr.it\">e-rihs.ispc@ispc.cnr.it<\/a>. Gli utenti saranno anche consultati per ricevere feedback sulla qualit\u00e0 dei servizi alla ricerca dei laboratori della piattaforma, ad uso interno del nodo italiano di ERIHS.<\/p>\n<p>L\u2019utente dovr\u00e0 pubblicare i risultati entro un termine ragionevole di tempo, preferibilmente in formato Open Access (anche attraverso il conferimento alla piattaforma Zenodo) ed in riviste indicizzate, specificando che il progetto che ha portato alla pubblicazione ha ricevuto finanziamenti dal MUR, attraverso il nodo italiano di ERIHS.<\/p>\n<p>Una copia elettronica di tali documenti deve essere inviata a <a href=\"mailto:e-rihs.ispc@ispc.cnr.it\">e-rihs.ispc@ispc.cnr.it<\/a>\u00a0immediatamente dopo la pubblicazione.<\/p>\n<p>L\u2019utente dovr\u00e0 essere disponibile a depositare, dopo la pubblicazione, i dati prodotti dall\u2019accesso ai laboratori mobili nel repository ERIHS.it che andr\u00e0 a costituire la piattaforma digitale dell\u2019infrastruttura.<\/p>\n<p>Nel malaugurato caso in cui un utente non possa avvalersi dell&#8217;accesso concesso, \u00e8 necessaria una dichiarazione scritta e firmata dal responsabile del gruppo di utenti.<\/p>\n<p>[\/et_pb_text][\/et_pb_column][\/et_pb_row][\/et_pb_section]<\/p>\n","protected":false},"excerpt":{"rendered":"<p>OBBLIGHI DEGLI UTENTI La campagna di indagini deve essere iniziata entro un anno dalla notifica di selezione . L\u2019accesso sar\u00e0 [&hellip;]<\/p>\n","protected":false},"author":17,"featured_media":0,"parent":0,"menu_order":0,"comment_status":"closed","ping_status":"closed","template":"","meta":{"_et_pb_use_builder":"on","_et_pb_old_content":"","_et_gb_content_width":"","footnotes":""},"class_list":["post-4604","page","type-page","status-publish"],"yoast_head":"<!-- This site is optimized with the Yoast SEO plugin v27.0 - https:\/\/yoast.com\/product\/yoast-seo-wordpress\/ -->\n<title>Obblighi degli utenti | E-RIHS.it<\/title>\n<meta name=\"robots\" content=\"index, follow, max-snippet:-1, max-image-preview:large, max-video-preview:-1\" \/>\n<link rel=\"canonical\" href=\"https:\/\/www.e-rihs.it\/en\/doveri-degli-utenti\/\" \/>\n<meta property=\"og:locale\" content=\"en_GB\" \/>\n<meta property=\"og:type\" content=\"article\" \/>\n<meta property=\"og:title\" content=\"Obblighi degli utenti | E-RIHS.it\" \/>\n<meta property=\"og:description\" content=\"OBBLIGHI DEGLI UTENTI La campagna di indagini deve essere iniziata entro un anno dalla notifica di selezione . L\u2019accesso sar\u00e0 [&hellip;]\" \/>\n<meta property=\"og:url\" content=\"https:\/\/www.e-rihs.it\/en\/doveri-degli-utenti\/\" \/>\n<meta property=\"og:site_name\" content=\"E-RIHS.it\" \/>\n<meta property=\"article:publisher\" content=\"https:\/\/www.facebook.com\/erihsIT\" \/>\n<meta property=\"article:modified_time\" content=\"2024-05-28T10:57:59+00:00\" \/>\n<meta name=\"twitter:card\" content=\"summary_large_image\" \/>\n<meta name=\"twitter:site\" content=\"@ErihsIt\" \/>\n<meta name=\"twitter:label1\" content=\"Estimated reading time\" \/>\n\t<meta name=\"twitter:data1\" content=\"1 minute\" \/>\n<script type=\"application\/ld+json\" class=\"yoast-schema-graph\">{\"@context\":\"https:\/\/schema.org\",\"@graph\":[{\"@type\":\"WebPage\",\"@id\":\"https:\/\/www.e-rihs.it\/en\/doveri-degli-utenti\/\",\"url\":\"https:\/\/www.e-rihs.it\/en\/doveri-degli-utenti\/\",\"name\":\"Obblighi degli utenti | E-RIHS.it\",\"isPartOf\":{\"@id\":\"https:\/\/www.e-rihs.it\/#website\"},\"datePublished\":\"2022-02-04T09:52:19+00:00\",\"dateModified\":\"2024-05-28T10:57:59+00:00\",\"breadcrumb\":{\"@id\":\"https:\/\/www.e-rihs.it\/en\/doveri-degli-utenti\/#breadcrumb\"},\"inLanguage\":\"en-GB\",\"potentialAction\":[{\"@type\":\"ReadAction\",\"target\":[\"https:\/\/www.e-rihs.it\/en\/doveri-degli-utenti\/\"]}]},{\"@type\":\"BreadcrumbList\",\"@id\":\"https:\/\/www.e-rihs.it\/en\/doveri-degli-utenti\/#breadcrumb\",\"itemListElement\":[{\"@type\":\"ListItem\",\"position\":1,\"name\":\"Home\",\"item\":\"https:\/\/www.e-rihs.it\/\"},{\"@type\":\"ListItem\",\"position\":2,\"name\":\"Obblighi degli utenti\"}]},{\"@type\":\"WebSite\",\"@id\":\"https:\/\/www.e-rihs.it\/#website\",\"url\":\"https:\/\/www.e-rihs.it\/\",\"name\":\"E-RIHS.it\",\"description\":\"The Italian node of the European Research Infrastructure for Heritage Science\",\"publisher\":{\"@id\":\"https:\/\/www.e-rihs.it\/#organization\"},\"potentialAction\":[{\"@type\":\"SearchAction\",\"target\":{\"@type\":\"EntryPoint\",\"urlTemplate\":\"https:\/\/www.e-rihs.it\/?s={search_term_string}\"},\"query-input\":{\"@type\":\"PropertyValueSpecification\",\"valueRequired\":true,\"valueName\":\"search_term_string\"}}],\"inLanguage\":\"en-GB\"},{\"@type\":\"Organization\",\"@id\":\"https:\/\/www.e-rihs.it\/#organization\",\"name\":\"The Italian node of the European Research Infrastructure for Heritage Science\",\"url\":\"https:\/\/www.e-rihs.it\/\",\"logo\":{\"@type\":\"ImageObject\",\"inLanguage\":\"en-GB\",\"@id\":\"https:\/\/www.e-rihs.it\/#\/schema\/logo\/image\/\",\"url\":\"https:\/\/www.e-rihs.it\/wp-content\/uploads\/2018\/01\/e-rihsit-logo.png\",\"contentUrl\":\"https:\/\/www.e-rihs.it\/wp-content\/uploads\/2018\/01\/e-rihsit-logo.png\",\"width\":620,\"height\":107,\"caption\":\"The Italian node of the European Research Infrastructure for Heritage Science\"},\"image\":{\"@id\":\"https:\/\/www.e-rihs.it\/#\/schema\/logo\/image\/\"},\"sameAs\":[\"https:\/\/www.facebook.com\/erihsIT\",\"https:\/\/x.com\/ErihsIt\",\"https:\/\/www.youtube.com\/channel\/UC4h0G3wcxmlicWpoLUFmb-Q\"]}]}<\/script>\n<!-- \/ Yoast SEO plugin. -->","yoast_head_json":{"title":"Obblighi degli utenti | E-RIHS.it","robots":{"index":"index","follow":"follow","max-snippet":"max-snippet:-1","max-image-preview":"max-image-preview:large","max-video-preview":"max-video-preview:-1"},"canonical":"https:\/\/www.e-rihs.it\/en\/doveri-degli-utenti\/","og_locale":"en_GB","og_type":"article","og_title":"Obblighi degli utenti | E-RIHS.it","og_description":"OBBLIGHI DEGLI UTENTI La campagna di indagini deve essere iniziata entro un anno dalla notifica di selezione . L\u2019accesso sar\u00e0 [&hellip;]","og_url":"https:\/\/www.e-rihs.it\/en\/doveri-degli-utenti\/","og_site_name":"E-RIHS.it","article_publisher":"https:\/\/www.facebook.com\/erihsIT","article_modified_time":"2024-05-28T10:57:59+00:00","twitter_card":"summary_large_image","twitter_site":"@ErihsIt","twitter_misc":{"Estimated reading time":"1 minute"},"schema":{"@context":"https:\/\/schema.org","@graph":[{"@type":"WebPage","@id":"https:\/\/www.e-rihs.it\/en\/doveri-degli-utenti\/","url":"https:\/\/www.e-rihs.it\/en\/doveri-degli-utenti\/","name":"Obblighi degli utenti | E-RIHS.it","isPartOf":{"@id":"https:\/\/www.e-rihs.it\/#website"},"datePublished":"2022-02-04T09:52:19+00:00","dateModified":"2024-05-28T10:57:59+00:00","breadcrumb":{"@id":"https:\/\/www.e-rihs.it\/en\/doveri-degli-utenti\/#breadcrumb"},"inLanguage":"en-GB","potentialAction":[{"@type":"ReadAction","target":["https:\/\/www.e-rihs.it\/en\/doveri-degli-utenti\/"]}]},{"@type":"BreadcrumbList","@id":"https:\/\/www.e-rihs.it\/en\/doveri-degli-utenti\/#breadcrumb","itemListElement":[{"@type":"ListItem","position":1,"name":"Home","item":"https:\/\/www.e-rihs.it\/"},{"@type":"ListItem","position":2,"name":"Obblighi degli utenti"}]},{"@type":"WebSite","@id":"https:\/\/www.e-rihs.it\/#website","url":"https:\/\/www.e-rihs.it\/","name":"E-RIHS.it","description":"The Italian node of the European Research Infrastructure for Heritage Science","publisher":{"@id":"https:\/\/www.e-rihs.it\/#organization"},"potentialAction":[{"@type":"SearchAction","target":{"@type":"EntryPoint","urlTemplate":"https:\/\/www.e-rihs.it\/?s={search_term_string}"},"query-input":{"@type":"PropertyValueSpecification","valueRequired":true,"valueName":"search_term_string"}}],"inLanguage":"en-GB"},{"@type":"Organization","@id":"https:\/\/www.e-rihs.it\/#organization","name":"The Italian node of the European Research Infrastructure for Heritage Science","url":"https:\/\/www.e-rihs.it\/","logo":{"@type":"ImageObject","inLanguage":"en-GB","@id":"https:\/\/www.e-rihs.it\/#\/schema\/logo\/image\/","url":"https:\/\/www.e-rihs.it\/wp-content\/uploads\/2018\/01\/e-rihsit-logo.png","contentUrl":"https:\/\/www.e-rihs.it\/wp-content\/uploads\/2018\/01\/e-rihsit-logo.png","width":620,"height":107,"caption":"The Italian node of the European Research Infrastructure for Heritage Science"},"image":{"@id":"https:\/\/www.e-rihs.it\/#\/schema\/logo\/image\/"},"sameAs":["https:\/\/www.facebook.com\/erihsIT","https:\/\/x.com\/ErihsIt","https:\/\/www.youtube.com\/channel\/UC4h0G3wcxmlicWpoLUFmb-Q"]}]}},"_links":{"self":[{"href":"https:\/\/www.e-rihs.it\/en\/wp-json\/wp\/v2\/pages\/4604","targetHints":{"allow":["GET"]}}],"collection":[{"href":"https:\/\/www.e-rihs.it\/en\/wp-json\/wp\/v2\/pages"}],"about":[{"href":"https:\/\/www.e-rihs.it\/en\/wp-json\/wp\/v2\/types\/page"}],"author":[{"embeddable":true,"href":"https:\/\/www.e-rihs.it\/en\/wp-json\/wp\/v2\/users\/17"}],"replies":[{"embeddable":true,"href":"https:\/\/www.e-rihs.it\/en\/wp-json\/wp\/v2\/comments?post=4604"}],"version-history":[{"count":14,"href":"https:\/\/www.e-rihs.it\/en\/wp-json\/wp\/v2\/pages\/4604\/revisions"}],"predecessor-version":[{"id":7586,"href":"https:\/\/www.e-rihs.it\/en\/wp-json\/wp\/v2\/pages\/4604\/revisions\/7586"}],"wp:attachment":[{"href":"https:\/\/www.e-rihs.it\/en\/wp-json\/wp\/v2\/media?parent=4604"}],"curies":[{"name":"wp","href":"https:\/\/api.w.org\/{rel}","templated":true}]}}