{"id":4515,"date":"2021-11-24T13:21:48","date_gmt":"2021-11-24T12:21:48","guid":{"rendered":"http:\/\/www.e-rihs.it\/?page_id=4515"},"modified":"2024-05-07T12:33:08","modified_gmt":"2024-05-07T11:33:08","slug":"xrd-mapping-2","status":"publish","type":"page","link":"https:\/\/www.e-rihs.it\/en\/xrd-mapping-2\/","title":{"rendered":"XRD Mapping"},"content":{"rendered":"<p>[et_pb_section fb_built=&#8221;1&#8243; _builder_version=&#8221;4.7.7&#8243; _module_preset=&#8221;default&#8221;][et_pb_row column_structure=&#8221;2_5,3_5&#8243; _builder_version=&#8221;4.7.7&#8243; _module_preset=&#8221;default&#8221; hover_enabled=&#8221;0&#8243; sticky_enabled=&#8221;0&#8243;][et_pb_column type=&#8221;2_5&#8243; _builder_version=&#8221;4.7.7&#8243; _module_preset=&#8221;default&#8221;][et_pb_image src=&#8221;http:\/\/www.e-rihs.it\/wp-content\/uploads\/2023\/01\/XRD-mapping.jpg&#8221; title_text=&#8221;XRD mapping&#8221; _builder_version=&#8221;4.7.7&#8243; _module_preset=&#8221;default&#8221;][\/et_pb_image][\/et_pb_column][et_pb_column type=&#8221;3_5&#8243; _builder_version=&#8221;4.7.7&#8243; _module_preset=&#8221;default&#8221;][et_pb_text _builder_version=&#8221;4.7.7&#8243; _module_preset=&#8221;default&#8221;]<\/p>\n<p><strong>LABORATORIO: CNR ISPC &#8211; XRAYLab<\/strong><o:p><\/o:p><\/p>\n<p><o:p><\/o:p><\/p>\n<p><strong>NOME STRUMENTO <\/strong><o:p><\/o:p><\/p>\n<p>Scanner per XRD imaging sviluppato da XRAYLab<\/p>\n<p>&nbsp;<\/p>\n<p><strong>INFORMAZIONI GENERALI<\/strong><o:p><\/o:p><\/p>\n<p>La diffrazione a raggi X (XRD) consente di determinare le fasi mineralogiche caratterizzanti i materiali oggetto di studio. A differenza delle tecniche analitiche elementali come la tecnica XRF, la tecnica XRD fornice informazioni sulla natura dei composti chimici (anche in miscele complesse) e sulla loro struttura. Data la natura cristallina di differenti tipologie di materiali antichi, la tecnica XRD \u00e8 particolarmente indicata nelle analisi di campioni archeologici e di interesse storico artistico e dei loro prodotti di degrado. Il principale limite della tecnica XRD generalmente applicata in situ o in laboratorio \u00e8 quello si essere puntuale e di fornire solo informazioni locali. Il laboratorio XRAYlab di ISPC ha recentemente sviluppato un innovativo sistema di imaging XRD mobile in grado di fornire le immagini della distribuzione delle fasi cristalline su campioni macroscopici. Tali informazioni risultano cruciali ai fini di una migliore conoscenza dei materiali e delle tecniche di manifattura e per lo studio dei processi di degrado.<\/p>\n<p>Il sistema mobile XRD mapping sviluppato da XRAYLab di ISPC opera la diffrazione di campioni policristallini in geometria radente e a raggi paralleli con il vantaggio di tenere la sorgente X, rivelatore e il campione fissi e senza l\u2019esigenza di operare la scansione angolare degli angoli di Bragg. Questa configurazione sperimentale permette di ottenere pattern XRD accurati, meno affetti da shift angolari e una pi\u00f9 elevata risoluzione. La tecnica \u00e8 non-invasiva e non \u00e8 necessaria alcuna preparazione dei campioni.<br \/> La indagini possono essere effettuate su materiali policristallini.\u00a0Casi ottimali di applicazione sono: pitture su qualsiasi supporto, metalli, patine di corrosione e degrado.<\/p>\n<p>&nbsp;<\/p>\n<p><strong>DETTAGLI TECNICI<\/strong><o:p><\/o:p><\/p>\n<p>Il sistema di imaging XRD sviluppato dal laboratorio XRAYLab di ISPC \u00e8 un sistema mobile ottimizzato per operare <em>in situ<\/em>. Il sistema consiste di 3 assi lineari XYZ con corsa pari a 50x50x20cm sui quali viene montata di una testa la misura XRD\/XRF. Questa \u00e8 equipaggiata con una sorgente X microfocus da 30W con anodo di Cu accoppiata ad un\u2019ottica policapillare collimata con una slitta rettangolare. Le dimensioni del fascio sul punto di misura sono pari a 0.2x1mm. La rivelazione del pattern di diffrazione diffuso dai campioni avviene mediante un rivelatore Si-strip sensibile alla posizione e all\u2019energia che copre un range angolare da 15 a 60 gradi in 2theta. Durante le misure \u00e8 possibile acquisire simultaneamente il pattern XRD e lo spettro XRF per lo stesso punto di misura. Questa modalit\u00e0 viene ottenuta mediante un rivelatore SDD ancillare per XRF posizionato sempre sulla testa di misura e che opera in parallelo, mediante elettronica dedicata, al rivelatore Si-strip della diffrazione. Infine, sulla testa di misura \u00e8 presente un sensore laser che monitora istante per istante la distanza del fascio dal campione e corregge dinamicamente la posizione seguendo la morfologia sella superfice in esame. Le misure XRD\/XRF avvengono mediante una scansione (aria massima 50x50cm) ste-by-step con un tempo di acquisizione per step pari a 1s. L\u2019analisi dei dati XRD e XRF e la produzione delle immagini della distribuzione delle fasi (XRD) e degli elementi (XRF) avviene mediante software proprietario programmato sul sistema.<\/p>\n<p>&nbsp;<\/p>\n<p>Referente:<o:p><\/o:p><\/p>\n<p>Paolo Romano <a href=\"mailto:francescopaolo.romano@cnr.it\"><span>francescopaolo.<\/span>romano@cnr.it<\/a><\/p>\n<p>&nbsp;<\/p>\n<p><a href=\"http:\/\/www.e-rihs.it\/wp-content\/uploads\/2022\/03\/MOLAB_XRD_MAPPING_ita.pdf\" rel=\"attachment wp-att-5263\">Scarica la scheda completa<\/a><\/p>\n<p>&nbsp;<\/p>\n<p>[\/et_pb_text][\/et_pb_column][\/et_pb_row][\/et_pb_section]<\/p>\n","protected":false},"excerpt":{"rendered":"<p>LABORATORIO: CNR ISPC &#8211; XRAYLab NOME STRUMENTO Scanner per XRD imaging sviluppato da XRAYLab &nbsp; INFORMAZIONI GENERALI La diffrazione a [&hellip;]<\/p>\n","protected":false},"author":17,"featured_media":0,"parent":0,"menu_order":0,"comment_status":"closed","ping_status":"closed","template":"","meta":{"_et_pb_use_builder":"on","_et_pb_old_content":"","_et_gb_content_width":"","footnotes":""},"class_list":["post-4515","page","type-page","status-publish","hentry"],"yoast_head":"<!-- This site is optimized with the Yoast SEO plugin v27.4 - https:\/\/yoast.com\/product\/yoast-seo-wordpress\/ -->\n<title>XRD Mapping | E-RIHS.it<\/title>\n<meta name=\"robots\" content=\"index, follow, max-snippet:-1, max-image-preview:large, max-video-preview:-1\" \/>\n<link rel=\"canonical\" href=\"https:\/\/www.e-rihs.it\/en\/xrd-mapping-2\/\" \/>\n<meta property=\"og:locale\" content=\"en_GB\" \/>\n<meta property=\"og:type\" content=\"article\" \/>\n<meta property=\"og:title\" content=\"XRD Mapping | E-RIHS.it\" \/>\n<meta property=\"og:description\" content=\"LABORATORIO: CNR ISPC - XRAYLab NOME STRUMENTO Scanner per XRD imaging sviluppato da XRAYLab &nbsp; INFORMAZIONI GENERALI La diffrazione a [&hellip;]\" \/>\n<meta property=\"og:url\" content=\"https:\/\/www.e-rihs.it\/en\/xrd-mapping-2\/\" \/>\n<meta property=\"og:site_name\" content=\"E-RIHS.it\" \/>\n<meta property=\"article:publisher\" content=\"https:\/\/www.facebook.com\/erihsIT\" \/>\n<meta property=\"article:modified_time\" content=\"2024-05-07T11:33:08+00:00\" \/>\n<meta name=\"twitter:card\" content=\"summary_large_image\" \/>\n<meta name=\"twitter:site\" content=\"@ErihsIt\" \/>\n<script type=\"application\/ld+json\" class=\"yoast-schema-graph\">{\"@context\":\"https:\\\/\\\/schema.org\",\"@graph\":[{\"@type\":\"WebPage\",\"@id\":\"https:\\\/\\\/www.e-rihs.it\\\/xrd-mapping-2\\\/\",\"url\":\"https:\\\/\\\/www.e-rihs.it\\\/xrd-mapping-2\\\/\",\"name\":\"XRD Mapping | E-RIHS.it\",\"isPartOf\":{\"@id\":\"https:\\\/\\\/www.e-rihs.it\\\/#website\"},\"datePublished\":\"2021-11-24T12:21:48+00:00\",\"dateModified\":\"2024-05-07T11:33:08+00:00\",\"breadcrumb\":{\"@id\":\"https:\\\/\\\/www.e-rihs.it\\\/xrd-mapping-2\\\/#breadcrumb\"},\"inLanguage\":\"en-GB\",\"potentialAction\":[{\"@type\":\"ReadAction\",\"target\":[\"https:\\\/\\\/www.e-rihs.it\\\/xrd-mapping-2\\\/\"]}]},{\"@type\":\"BreadcrumbList\",\"@id\":\"https:\\\/\\\/www.e-rihs.it\\\/xrd-mapping-2\\\/#breadcrumb\",\"itemListElement\":[{\"@type\":\"ListItem\",\"position\":1,\"name\":\"Home\",\"item\":\"https:\\\/\\\/www.e-rihs.it\\\/\"},{\"@type\":\"ListItem\",\"position\":2,\"name\":\"XRD Mapping\"}]},{\"@type\":\"WebSite\",\"@id\":\"https:\\\/\\\/www.e-rihs.it\\\/#website\",\"url\":\"https:\\\/\\\/www.e-rihs.it\\\/\",\"name\":\"E-RIHS.it\",\"description\":\"The Italian node of the European Research Infrastructure for Heritage Science\",\"publisher\":{\"@id\":\"https:\\\/\\\/www.e-rihs.it\\\/#organization\"},\"potentialAction\":[{\"@type\":\"SearchAction\",\"target\":{\"@type\":\"EntryPoint\",\"urlTemplate\":\"https:\\\/\\\/www.e-rihs.it\\\/?s={search_term_string}\"},\"query-input\":{\"@type\":\"PropertyValueSpecification\",\"valueRequired\":true,\"valueName\":\"search_term_string\"}}],\"inLanguage\":\"en-GB\"},{\"@type\":\"Organization\",\"@id\":\"https:\\\/\\\/www.e-rihs.it\\\/#organization\",\"name\":\"The Italian node of the European Research Infrastructure for Heritage Science\",\"url\":\"https:\\\/\\\/www.e-rihs.it\\\/\",\"logo\":{\"@type\":\"ImageObject\",\"inLanguage\":\"en-GB\",\"@id\":\"https:\\\/\\\/www.e-rihs.it\\\/#\\\/schema\\\/logo\\\/image\\\/\",\"url\":\"https:\\\/\\\/www.e-rihs.it\\\/wp-content\\\/uploads\\\/2018\\\/01\\\/e-rihsit-logo.png\",\"contentUrl\":\"https:\\\/\\\/www.e-rihs.it\\\/wp-content\\\/uploads\\\/2018\\\/01\\\/e-rihsit-logo.png\",\"width\":620,\"height\":107,\"caption\":\"The Italian node of the European Research Infrastructure for Heritage Science\"},\"image\":{\"@id\":\"https:\\\/\\\/www.e-rihs.it\\\/#\\\/schema\\\/logo\\\/image\\\/\"},\"sameAs\":[\"https:\\\/\\\/www.facebook.com\\\/erihsIT\",\"https:\\\/\\\/x.com\\\/ErihsIt\",\"https:\\\/\\\/www.youtube.com\\\/channel\\\/UC4h0G3wcxmlicWpoLUFmb-Q\"]}]}<\/script>\n<!-- \/ Yoast SEO plugin. -->","yoast_head_json":{"title":"XRD Mapping | E-RIHS.it","robots":{"index":"index","follow":"follow","max-snippet":"max-snippet:-1","max-image-preview":"max-image-preview:large","max-video-preview":"max-video-preview:-1"},"canonical":"https:\/\/www.e-rihs.it\/en\/xrd-mapping-2\/","og_locale":"en_GB","og_type":"article","og_title":"XRD Mapping | E-RIHS.it","og_description":"LABORATORIO: CNR ISPC - XRAYLab NOME STRUMENTO Scanner per XRD imaging sviluppato da XRAYLab &nbsp; INFORMAZIONI GENERALI La diffrazione a [&hellip;]","og_url":"https:\/\/www.e-rihs.it\/en\/xrd-mapping-2\/","og_site_name":"E-RIHS.it","article_publisher":"https:\/\/www.facebook.com\/erihsIT","article_modified_time":"2024-05-07T11:33:08+00:00","twitter_card":"summary_large_image","twitter_site":"@ErihsIt","schema":{"@context":"https:\/\/schema.org","@graph":[{"@type":"WebPage","@id":"https:\/\/www.e-rihs.it\/xrd-mapping-2\/","url":"https:\/\/www.e-rihs.it\/xrd-mapping-2\/","name":"XRD Mapping | E-RIHS.it","isPartOf":{"@id":"https:\/\/www.e-rihs.it\/#website"},"datePublished":"2021-11-24T12:21:48+00:00","dateModified":"2024-05-07T11:33:08+00:00","breadcrumb":{"@id":"https:\/\/www.e-rihs.it\/xrd-mapping-2\/#breadcrumb"},"inLanguage":"en-GB","potentialAction":[{"@type":"ReadAction","target":["https:\/\/www.e-rihs.it\/xrd-mapping-2\/"]}]},{"@type":"BreadcrumbList","@id":"https:\/\/www.e-rihs.it\/xrd-mapping-2\/#breadcrumb","itemListElement":[{"@type":"ListItem","position":1,"name":"Home","item":"https:\/\/www.e-rihs.it\/"},{"@type":"ListItem","position":2,"name":"XRD Mapping"}]},{"@type":"WebSite","@id":"https:\/\/www.e-rihs.it\/#website","url":"https:\/\/www.e-rihs.it\/","name":"E-RIHS.it","description":"The Italian node of the European Research Infrastructure for Heritage Science","publisher":{"@id":"https:\/\/www.e-rihs.it\/#organization"},"potentialAction":[{"@type":"SearchAction","target":{"@type":"EntryPoint","urlTemplate":"https:\/\/www.e-rihs.it\/?s={search_term_string}"},"query-input":{"@type":"PropertyValueSpecification","valueRequired":true,"valueName":"search_term_string"}}],"inLanguage":"en-GB"},{"@type":"Organization","@id":"https:\/\/www.e-rihs.it\/#organization","name":"The Italian node of the European Research Infrastructure for Heritage Science","url":"https:\/\/www.e-rihs.it\/","logo":{"@type":"ImageObject","inLanguage":"en-GB","@id":"https:\/\/www.e-rihs.it\/#\/schema\/logo\/image\/","url":"https:\/\/www.e-rihs.it\/wp-content\/uploads\/2018\/01\/e-rihsit-logo.png","contentUrl":"https:\/\/www.e-rihs.it\/wp-content\/uploads\/2018\/01\/e-rihsit-logo.png","width":620,"height":107,"caption":"The Italian node of the European Research Infrastructure for Heritage Science"},"image":{"@id":"https:\/\/www.e-rihs.it\/#\/schema\/logo\/image\/"},"sameAs":["https:\/\/www.facebook.com\/erihsIT","https:\/\/x.com\/ErihsIt","https:\/\/www.youtube.com\/channel\/UC4h0G3wcxmlicWpoLUFmb-Q"]}]}},"_links":{"self":[{"href":"https:\/\/www.e-rihs.it\/en\/wp-json\/wp\/v2\/pages\/4515","targetHints":{"allow":["GET"]}}],"collection":[{"href":"https:\/\/www.e-rihs.it\/en\/wp-json\/wp\/v2\/pages"}],"about":[{"href":"https:\/\/www.e-rihs.it\/en\/wp-json\/wp\/v2\/types\/page"}],"author":[{"embeddable":true,"href":"https:\/\/www.e-rihs.it\/en\/wp-json\/wp\/v2\/users\/17"}],"replies":[{"embeddable":true,"href":"https:\/\/www.e-rihs.it\/en\/wp-json\/wp\/v2\/comments?post=4515"}],"version-history":[{"count":17,"href":"https:\/\/www.e-rihs.it\/en\/wp-json\/wp\/v2\/pages\/4515\/revisions"}],"predecessor-version":[{"id":7546,"href":"https:\/\/www.e-rihs.it\/en\/wp-json\/wp\/v2\/pages\/4515\/revisions\/7546"}],"wp:attachment":[{"href":"https:\/\/www.e-rihs.it\/en\/wp-json\/wp\/v2\/media?parent=4515"}],"curies":[{"name":"wp","href":"https:\/\/api.w.org\/{rel}","templated":true}]}}