{"id":3225,"date":"2020-12-17T15:31:34","date_gmt":"2020-12-17T14:31:34","guid":{"rendered":"http:\/\/www.e-rihs.it\/?page_id=3225"},"modified":"2024-05-03T12:08:35","modified_gmt":"2024-05-03T11:08:35","slug":"ground-penetrating-radar","status":"publish","type":"page","link":"https:\/\/www.e-rihs.it\/en\/ground-penetrating-radar\/","title":{"rendered":"Ground Penetrating Radar"},"content":{"rendered":"<p>[et_pb_section fb_built=&#8221;1&#8243; _builder_version=&#8221;4.7.7&#8243; _module_preset=&#8221;default&#8221;][et_pb_row column_structure=&#8221;1_3,2_3&#8243; _builder_version=&#8221;4.7.7&#8243; _module_preset=&#8221;default&#8221;][et_pb_column type=&#8221;1_3&#8243; _builder_version=&#8221;4.7.7&#8243; _module_preset=&#8221;default&#8221;][et_pb_image src=&#8221;http:\/\/www.e-rihs.it\/wp-content\/uploads\/2024\/05\/Georadar.jpg&#8221; title_text=&#8221;Georadar&#8221; _builder_version=&#8221;4.7.7&#8243; _module_preset=&#8221;default&#8221; hover_enabled=&#8221;0&#8243; sticky_enabled=&#8221;0&#8243;][\/et_pb_image][\/et_pb_column][et_pb_column type=&#8221;2_3&#8243; _builder_version=&#8221;4.7.7&#8243; _module_preset=&#8221;default&#8221;][et_pb_text _builder_version=&#8221;4.7.7&#8243; _module_preset=&#8221;default&#8221;]<\/p>\n<p><strong>LABORATORIO: CNR ISPC<\/strong><\/p>\n<p>&nbsp;<\/p>\n<p><strong>NOME STRUMENTO<\/strong><\/p>\n<p>Georadar Ris Hi-Mod, IDS System<\/p>\n<p>&nbsp;<\/p>\n<p><strong>INFORMAZIONI GENERALI<\/strong><\/p>\n<p>Lo strumento georadar disponibile nel MOLAB \u00e8 utilizzato per le indagini in situ essendo estremamente maneggevole, veloce e completamente non invasivo. Il metodo georadar (conosciuto anche con il nome anglosassone Ground Penetrating Radar \u2013 GPR) \u00e8 una tecnica ad elevata risoluzione che consente di raccogliere una grande quantit\u00e0 di informazioni su vaste aree nei primi metri del sottosuolo, riferibili alla presenza di corpi sepolti, cavit\u00e0, strutture di interesse archeologico, stratificazioni del sottosuolo, ecc. Un apparato radar strumentale opera mediante la generazione di onde impulsive ad elevata frequenza (tipicamente tra 10 MHz a qualche GHz), che vengono trasmesse nel sottosuolo mediante un\u2019opportuna \u201cantenna trasmittente\u201d disposta sulla superficie del terreno. Il segnale elettromagnetico si propaga nel mezzo e subisce delle riflessioni se incontra un mezzo con discontinuit\u00e0 dei parametri elettromagnetici. L\u2019onda riflessa che torna in superficie viene registrata da una \u201cantenna ricevente\u201d. Il segnale captato viene poi trasmesso all\u2019unit\u00e0 di controllo che provvede ad amplificarlo e registrarlo in formato digitale. La possibilit\u00e0 di utilizzare le altre frequenze e quindi una alta risoluzione rende la tecnica applicabile anche su strutture legate al patrimonio culturale costruito e non solo.<\/p>\n<p>&nbsp;<\/p>\n<p><strong>DETTAGLI TECNICI<\/strong><\/p>\n<p>Lo strumento georadar portatile \u00e8 dotato di un sistema di controllo, una serie di antenne con frequenze 200MHz, 600MHz, 900MHz e 2000MHz.<\/p>\n<p>&nbsp;<\/p>\n<p>Referente:<\/p>\n<p>Giovanni Leucci <a href=\"giovanni.leucci@cnr.it\">giovanni.leucci@cnr.it<\/a><\/p>\n<p>&nbsp;<\/p>\n<p><a href=\"http:\/\/www.e-rihs.it\/wp-content\/uploads\/2022\/02\/MOLAB_EQUIPMENT_georadar_itaL.pdf\" rel=\"attachment wp-att-4885\">Scarica la scheda completa<\/a><\/p>\n<p>[\/et_pb_text][\/et_pb_column][\/et_pb_row][\/et_pb_section]<\/p>\n","protected":false},"excerpt":{"rendered":"<p>LABORATORIO: CNR ISPC &nbsp; NOME STRUMENTO Georadar Ris Hi-Mod, IDS System &nbsp; INFORMAZIONI GENERALI Lo strumento georadar disponibile nel MOLAB [&hellip;]<\/p>\n","protected":false},"author":17,"featured_media":0,"parent":0,"menu_order":0,"comment_status":"closed","ping_status":"closed","template":"","meta":{"_et_pb_use_builder":"on","_et_pb_old_content":"","_et_gb_content_width":"","footnotes":""},"class_list":["post-3225","page","type-page","status-publish"],"yoast_head":"<!-- This site is optimized with the Yoast SEO plugin v27.0 - https:\/\/yoast.com\/product\/yoast-seo-wordpress\/ -->\n<title>Ground Penetrating Radar | E-RIHS.it<\/title>\n<meta name=\"robots\" content=\"index, follow, max-snippet:-1, max-image-preview:large, max-video-preview:-1\" \/>\n<link rel=\"canonical\" href=\"https:\/\/www.e-rihs.it\/en\/ground-penetrating-radar\/\" \/>\n<meta property=\"og:locale\" content=\"en_GB\" \/>\n<meta property=\"og:type\" content=\"article\" \/>\n<meta property=\"og:title\" content=\"Ground Penetrating Radar | E-RIHS.it\" \/>\n<meta property=\"og:description\" content=\"LABORATORIO: CNR ISPC &nbsp; NOME STRUMENTO Georadar Ris Hi-Mod, IDS System &nbsp; INFORMAZIONI GENERALI Lo strumento georadar disponibile nel MOLAB [&hellip;]\" \/>\n<meta property=\"og:url\" content=\"https:\/\/www.e-rihs.it\/en\/ground-penetrating-radar\/\" \/>\n<meta property=\"og:site_name\" content=\"E-RIHS.it\" \/>\n<meta property=\"article:publisher\" content=\"https:\/\/www.facebook.com\/erihsIT\" \/>\n<meta property=\"article:modified_time\" content=\"2024-05-03T11:08:35+00:00\" \/>\n<meta name=\"twitter:card\" content=\"summary_large_image\" \/>\n<meta name=\"twitter:site\" content=\"@ErihsIt\" \/>\n<meta name=\"twitter:label1\" content=\"Estimated reading time\" \/>\n\t<meta name=\"twitter:data1\" content=\"2 minutes\" \/>\n<script type=\"application\/ld+json\" class=\"yoast-schema-graph\">{\"@context\":\"https:\/\/schema.org\",\"@graph\":[{\"@type\":\"WebPage\",\"@id\":\"https:\/\/www.e-rihs.it\/en\/ground-penetrating-radar\/\",\"url\":\"https:\/\/www.e-rihs.it\/en\/ground-penetrating-radar\/\",\"name\":\"Ground Penetrating Radar | E-RIHS.it\",\"isPartOf\":{\"@id\":\"https:\/\/www.e-rihs.it\/#website\"},\"datePublished\":\"2020-12-17T14:31:34+00:00\",\"dateModified\":\"2024-05-03T11:08:35+00:00\",\"breadcrumb\":{\"@id\":\"https:\/\/www.e-rihs.it\/en\/ground-penetrating-radar\/#breadcrumb\"},\"inLanguage\":\"en-GB\",\"potentialAction\":[{\"@type\":\"ReadAction\",\"target\":[\"https:\/\/www.e-rihs.it\/en\/ground-penetrating-radar\/\"]}]},{\"@type\":\"BreadcrumbList\",\"@id\":\"https:\/\/www.e-rihs.it\/en\/ground-penetrating-radar\/#breadcrumb\",\"itemListElement\":[{\"@type\":\"ListItem\",\"position\":1,\"name\":\"Home\",\"item\":\"https:\/\/www.e-rihs.it\/\"},{\"@type\":\"ListItem\",\"position\":2,\"name\":\"Ground Penetrating Radar\"}]},{\"@type\":\"WebSite\",\"@id\":\"https:\/\/www.e-rihs.it\/#website\",\"url\":\"https:\/\/www.e-rihs.it\/\",\"name\":\"E-RIHS.it\",\"description\":\"The Italian node of the European Research Infrastructure for Heritage Science\",\"publisher\":{\"@id\":\"https:\/\/www.e-rihs.it\/#organization\"},\"potentialAction\":[{\"@type\":\"SearchAction\",\"target\":{\"@type\":\"EntryPoint\",\"urlTemplate\":\"https:\/\/www.e-rihs.it\/?s={search_term_string}\"},\"query-input\":{\"@type\":\"PropertyValueSpecification\",\"valueRequired\":true,\"valueName\":\"search_term_string\"}}],\"inLanguage\":\"en-GB\"},{\"@type\":\"Organization\",\"@id\":\"https:\/\/www.e-rihs.it\/#organization\",\"name\":\"The Italian node of the European Research Infrastructure for Heritage Science\",\"url\":\"https:\/\/www.e-rihs.it\/\",\"logo\":{\"@type\":\"ImageObject\",\"inLanguage\":\"en-GB\",\"@id\":\"https:\/\/www.e-rihs.it\/#\/schema\/logo\/image\/\",\"url\":\"https:\/\/www.e-rihs.it\/wp-content\/uploads\/2018\/01\/e-rihsit-logo.png\",\"contentUrl\":\"https:\/\/www.e-rihs.it\/wp-content\/uploads\/2018\/01\/e-rihsit-logo.png\",\"width\":620,\"height\":107,\"caption\":\"The Italian node of the European Research Infrastructure for Heritage Science\"},\"image\":{\"@id\":\"https:\/\/www.e-rihs.it\/#\/schema\/logo\/image\/\"},\"sameAs\":[\"https:\/\/www.facebook.com\/erihsIT\",\"https:\/\/x.com\/ErihsIt\",\"https:\/\/www.youtube.com\/channel\/UC4h0G3wcxmlicWpoLUFmb-Q\"]}]}<\/script>\n<!-- \/ Yoast SEO plugin. -->","yoast_head_json":{"title":"Ground Penetrating Radar | E-RIHS.it","robots":{"index":"index","follow":"follow","max-snippet":"max-snippet:-1","max-image-preview":"max-image-preview:large","max-video-preview":"max-video-preview:-1"},"canonical":"https:\/\/www.e-rihs.it\/en\/ground-penetrating-radar\/","og_locale":"en_GB","og_type":"article","og_title":"Ground Penetrating Radar | E-RIHS.it","og_description":"LABORATORIO: CNR ISPC &nbsp; NOME STRUMENTO Georadar Ris Hi-Mod, IDS System &nbsp; INFORMAZIONI GENERALI Lo strumento georadar disponibile nel MOLAB [&hellip;]","og_url":"https:\/\/www.e-rihs.it\/en\/ground-penetrating-radar\/","og_site_name":"E-RIHS.it","article_publisher":"https:\/\/www.facebook.com\/erihsIT","article_modified_time":"2024-05-03T11:08:35+00:00","twitter_card":"summary_large_image","twitter_site":"@ErihsIt","twitter_misc":{"Estimated reading time":"2 minutes"},"schema":{"@context":"https:\/\/schema.org","@graph":[{"@type":"WebPage","@id":"https:\/\/www.e-rihs.it\/en\/ground-penetrating-radar\/","url":"https:\/\/www.e-rihs.it\/en\/ground-penetrating-radar\/","name":"Ground Penetrating Radar | E-RIHS.it","isPartOf":{"@id":"https:\/\/www.e-rihs.it\/#website"},"datePublished":"2020-12-17T14:31:34+00:00","dateModified":"2024-05-03T11:08:35+00:00","breadcrumb":{"@id":"https:\/\/www.e-rihs.it\/en\/ground-penetrating-radar\/#breadcrumb"},"inLanguage":"en-GB","potentialAction":[{"@type":"ReadAction","target":["https:\/\/www.e-rihs.it\/en\/ground-penetrating-radar\/"]}]},{"@type":"BreadcrumbList","@id":"https:\/\/www.e-rihs.it\/en\/ground-penetrating-radar\/#breadcrumb","itemListElement":[{"@type":"ListItem","position":1,"name":"Home","item":"https:\/\/www.e-rihs.it\/"},{"@type":"ListItem","position":2,"name":"Ground Penetrating Radar"}]},{"@type":"WebSite","@id":"https:\/\/www.e-rihs.it\/#website","url":"https:\/\/www.e-rihs.it\/","name":"E-RIHS.it","description":"The Italian node of the European Research Infrastructure for Heritage Science","publisher":{"@id":"https:\/\/www.e-rihs.it\/#organization"},"potentialAction":[{"@type":"SearchAction","target":{"@type":"EntryPoint","urlTemplate":"https:\/\/www.e-rihs.it\/?s={search_term_string}"},"query-input":{"@type":"PropertyValueSpecification","valueRequired":true,"valueName":"search_term_string"}}],"inLanguage":"en-GB"},{"@type":"Organization","@id":"https:\/\/www.e-rihs.it\/#organization","name":"The Italian node of the European Research Infrastructure for Heritage Science","url":"https:\/\/www.e-rihs.it\/","logo":{"@type":"ImageObject","inLanguage":"en-GB","@id":"https:\/\/www.e-rihs.it\/#\/schema\/logo\/image\/","url":"https:\/\/www.e-rihs.it\/wp-content\/uploads\/2018\/01\/e-rihsit-logo.png","contentUrl":"https:\/\/www.e-rihs.it\/wp-content\/uploads\/2018\/01\/e-rihsit-logo.png","width":620,"height":107,"caption":"The Italian node of the European Research Infrastructure for Heritage Science"},"image":{"@id":"https:\/\/www.e-rihs.it\/#\/schema\/logo\/image\/"},"sameAs":["https:\/\/www.facebook.com\/erihsIT","https:\/\/x.com\/ErihsIt","https:\/\/www.youtube.com\/channel\/UC4h0G3wcxmlicWpoLUFmb-Q"]}]}},"_links":{"self":[{"href":"https:\/\/www.e-rihs.it\/en\/wp-json\/wp\/v2\/pages\/3225","targetHints":{"allow":["GET"]}}],"collection":[{"href":"https:\/\/www.e-rihs.it\/en\/wp-json\/wp\/v2\/pages"}],"about":[{"href":"https:\/\/www.e-rihs.it\/en\/wp-json\/wp\/v2\/types\/page"}],"author":[{"embeddable":true,"href":"https:\/\/www.e-rihs.it\/en\/wp-json\/wp\/v2\/users\/17"}],"replies":[{"embeddable":true,"href":"https:\/\/www.e-rihs.it\/en\/wp-json\/wp\/v2\/comments?post=3225"}],"version-history":[{"count":9,"href":"https:\/\/www.e-rihs.it\/en\/wp-json\/wp\/v2\/pages\/3225\/revisions"}],"predecessor-version":[{"id":7462,"href":"https:\/\/www.e-rihs.it\/en\/wp-json\/wp\/v2\/pages\/3225\/revisions\/7462"}],"wp:attachment":[{"href":"https:\/\/www.e-rihs.it\/en\/wp-json\/wp\/v2\/media?parent=3225"}],"curies":[{"name":"wp","href":"https:\/\/api.w.org\/{rel}","templated":true}]}}