{"id":3160,"date":"2020-12-17T12:29:44","date_gmt":"2020-12-17T11:29:44","guid":{"rendered":"http:\/\/www.e-rihs.it\/?page_id=3160"},"modified":"2024-05-07T12:31:16","modified_gmt":"2024-05-07T11:31:16","slug":"vis-hyperspectral-imaging-reflection-emission","status":"publish","type":"page","link":"https:\/\/www.e-rihs.it\/en\/vis-hyperspectral-imaging-reflection-emission\/","title":{"rendered":"VIS hyperspectral imaging (reflection &#038; emission)"},"content":{"rendered":"<p>[et_pb_section fb_built=&#8221;1&#8243; _builder_version=&#8221;4.7.7&#8243; _module_preset=&#8221;default&#8221;][et_pb_row column_structure=&#8221;2_5,3_5&#8243; _builder_version=&#8221;4.7.7&#8243; _module_preset=&#8221;default&#8221; hover_enabled=&#8221;0&#8243; sticky_enabled=&#8221;0&#8243;][et_pb_column type=&#8221;2_5&#8243; _builder_version=&#8221;4.7.7&#8243; _module_preset=&#8221;default&#8221;][et_pb_image src=&#8221;http:\/\/www.e-rihs.it\/wp-content\/uploads\/2022\/03\/VIS-hyperspectral.jpg&#8221; title_text=&#8221;VIS hyperspectral&#8221; _builder_version=&#8221;4.7.7&#8243; _module_preset=&#8221;default&#8221;][\/et_pb_image][\/et_pb_column][et_pb_column type=&#8221;3_5&#8243; _builder_version=&#8221;4.7.7&#8243; _module_preset=&#8221;default&#8221;][et_pb_text _builder_version=&#8221;4.7.7&#8243; _module_preset=&#8221;default&#8221;]<\/p>\n<p><strong>LABORATORIO: SMAArt UNIPG<\/strong><\/p>\n<p><strong><\/strong><\/p>\n<p><strong>NOME STRUMENTO\u00a0<\/strong><\/p>\n<p>Sistema portatile per imaging iper-spettrale nel visible (VIS) (Surface Optics SOC710-VP Hyperspectral Imager)<\/p>\n<p>&nbsp;<\/p>\n<p><strong>INFORMAZIONI GENERALI<\/strong><\/p>\n<p>L\u2019imaging iper-spettrale si basa sulla spettroscopia in riflessione che consente di registrare sia la luce riflessa che quella emessa da una superficie opportunamente illuminata, permettendo la raccolta di spettri di in ogni punto del campo visivo. Il cubo, che costituisce l\u2019immagine iper-spettrale, cos\u00ec ottenuto contiene sia gli spettri (di riflettanza o di fluorescenza) che la distribuzione spaziale di materiali diversi sulla superficie analizzata.<\/p>\n<p>Il sistema di scansione integrato caratterizza questo strumento che pu\u00f2 registrare l&#8217;immagine e gli spettri direttamente da un treppiedi fotografico posto di fronte all&#8217;oggetto analizzato, senza parti esterne in movimento.<\/p>\n<p>L&#8217;informazione spettrale ottenuta permette l\u2019identificazione di coloranti e pigmenti per confronto con una banca dati di spettri di riflettanza e fluorescenza raccolti sui materiali utilizzati nei diversi periodi storici per produrre oggetti policromi. Inoltre, le immagini iper-spettrali permettono di evidenziare disomogeneit\u00e0 superficiali nella composizione, fornendo una mappatura di eventuali zone di degrado e\/o interventi di restauro effettuati in passato e non documentati.<\/p>\n<p>L\u2019imaging iper-spettrale nella regione del visibile \u00e8 utilizzabile al meglio su opere d&#8217;arte quasi piane come dipinti, manoscritti, disegni, ecc, \u00e8 completamente non invasivo e facilmente utilizzabile <em>in situ <\/em>direttamente sull\u2019opera d&#8217;arte tal quale.<\/p>\n<p>&nbsp;<\/p>\n<p><strong>DETTAGLI TECNICI<\/strong><\/p>\n<p>Il sistema di imaging iper-spettrale SOC710 \u00e8 uno strumento di alta precisione che utilizza un CCD a base di silicio a basso rumore e ad alta velocit\u00e0 di acquisizione come spettrometro di elevata qualit\u00e0 nell\u2019intervallo 400-1000 nm; \u00e8 caratterizzato da un sistema di scansione integrato, e da un software di raccolta ed analisi dell\u2019immagine. Il SOC710 pu\u00f2 registrare immagini iper-spettrali ad una velocit\u00e0 di 4 megabyte di dati al secondo (128 elementi di banda al secondo con risoluzione a 12 bit, 520 pixel per riga, fino a 33 righe al secondo). Al fine di ottenere spettri di riflettanza ben definiti su tutta la gamma spettrale, vengono normalmente utilizzate lampade alogene fotografiche come sorgenti luminose, nonostante lo strumento possa essere utilizzato anche in condizioni di luce ambiente aggiustando opportunamente tempi di esposizione e di integrazione del segnale. Per l\u2019ottenimento delle immagini iper-spettrali in fluorescenza, la superficie esaminata viene illuminata con LEDs monocromatici emittenti a 405 nm ed \u00e8 richiesta una scarsa o assente illuminazione ambientale.<\/p>\n<p>&nbsp;<\/p>\n<p>Referente:<br \/> Aldo Romani <a href=\"aldo.romani@unipg.it\">aldo.romani@unipg.it<\/a><\/p>\n<p>&nbsp;<\/p>\n<p><a href=\"http:\/\/www.e-rihs.it\/wp-content\/uploads\/2022\/02\/MOLAB_EQUIPMENT_VIS-Hyperspectral_REFLEMIS_ita.pdf\" rel=\"attachment wp-att-4732\">Scarica la scheda completa<\/a><\/p>\n<p>[\/et_pb_text][\/et_pb_column][\/et_pb_row][\/et_pb_section]<\/p>\n","protected":false},"excerpt":{"rendered":"<p>LABORATORIO: SMAArt UNIPG NOME STRUMENTO\u00a0 Sistema portatile per imaging iper-spettrale nel visible (VIS) (Surface Optics SOC710-VP Hyperspectral Imager) &nbsp; INFORMAZIONI [&hellip;]<\/p>\n","protected":false},"author":17,"featured_media":0,"parent":0,"menu_order":0,"comment_status":"closed","ping_status":"closed","template":"","meta":{"_et_pb_use_builder":"on","_et_pb_old_content":"","_et_gb_content_width":"","footnotes":""},"class_list":["post-3160","page","type-page","status-publish","hentry"],"yoast_head":"<!-- This site is optimized with the Yoast SEO plugin v27.4 - https:\/\/yoast.com\/product\/yoast-seo-wordpress\/ -->\n<title>VIS hyperspectral imaging (reflection &amp; emission) | E-RIHS.it<\/title>\n<meta name=\"robots\" content=\"index, follow, max-snippet:-1, max-image-preview:large, max-video-preview:-1\" \/>\n<link rel=\"canonical\" href=\"https:\/\/www.e-rihs.it\/en\/vis-hyperspectral-imaging-reflection-emission\/\" \/>\n<meta property=\"og:locale\" content=\"en_GB\" \/>\n<meta property=\"og:type\" content=\"article\" \/>\n<meta property=\"og:title\" content=\"VIS hyperspectral imaging (reflection &amp; emission) | E-RIHS.it\" \/>\n<meta property=\"og:description\" content=\"LABORATORIO: SMAArt UNIPG NOME STRUMENTO\u00a0 Sistema portatile per imaging iper-spettrale nel visible (VIS) (Surface Optics SOC710-VP Hyperspectral Imager) &nbsp; INFORMAZIONI [&hellip;]\" \/>\n<meta property=\"og:url\" content=\"https:\/\/www.e-rihs.it\/en\/vis-hyperspectral-imaging-reflection-emission\/\" \/>\n<meta property=\"og:site_name\" content=\"E-RIHS.it\" \/>\n<meta property=\"article:publisher\" content=\"https:\/\/www.facebook.com\/erihsIT\" \/>\n<meta property=\"article:modified_time\" content=\"2024-05-07T11:31:16+00:00\" \/>\n<meta name=\"twitter:card\" content=\"summary_large_image\" \/>\n<meta name=\"twitter:site\" content=\"@ErihsIt\" \/>\n<meta name=\"twitter:label1\" content=\"Estimated reading time\" \/>\n\t<meta name=\"twitter:data1\" content=\"2 minutes\" \/>\n<script type=\"application\/ld+json\" class=\"yoast-schema-graph\">{\"@context\":\"https:\\\/\\\/schema.org\",\"@graph\":[{\"@type\":\"WebPage\",\"@id\":\"https:\\\/\\\/www.e-rihs.it\\\/vis-hyperspectral-imaging-reflection-emission\\\/\",\"url\":\"https:\\\/\\\/www.e-rihs.it\\\/vis-hyperspectral-imaging-reflection-emission\\\/\",\"name\":\"VIS hyperspectral imaging (reflection & emission) | E-RIHS.it\",\"isPartOf\":{\"@id\":\"https:\\\/\\\/www.e-rihs.it\\\/#website\"},\"datePublished\":\"2020-12-17T11:29:44+00:00\",\"dateModified\":\"2024-05-07T11:31:16+00:00\",\"breadcrumb\":{\"@id\":\"https:\\\/\\\/www.e-rihs.it\\\/vis-hyperspectral-imaging-reflection-emission\\\/#breadcrumb\"},\"inLanguage\":\"en-GB\",\"potentialAction\":[{\"@type\":\"ReadAction\",\"target\":[\"https:\\\/\\\/www.e-rihs.it\\\/vis-hyperspectral-imaging-reflection-emission\\\/\"]}]},{\"@type\":\"BreadcrumbList\",\"@id\":\"https:\\\/\\\/www.e-rihs.it\\\/vis-hyperspectral-imaging-reflection-emission\\\/#breadcrumb\",\"itemListElement\":[{\"@type\":\"ListItem\",\"position\":1,\"name\":\"Home\",\"item\":\"https:\\\/\\\/www.e-rihs.it\\\/\"},{\"@type\":\"ListItem\",\"position\":2,\"name\":\"VIS hyperspectral imaging (reflection &#038; emission)\"}]},{\"@type\":\"WebSite\",\"@id\":\"https:\\\/\\\/www.e-rihs.it\\\/#website\",\"url\":\"https:\\\/\\\/www.e-rihs.it\\\/\",\"name\":\"E-RIHS.it\",\"description\":\"The Italian node of the European Research Infrastructure for Heritage Science\",\"publisher\":{\"@id\":\"https:\\\/\\\/www.e-rihs.it\\\/#organization\"},\"potentialAction\":[{\"@type\":\"SearchAction\",\"target\":{\"@type\":\"EntryPoint\",\"urlTemplate\":\"https:\\\/\\\/www.e-rihs.it\\\/?s={search_term_string}\"},\"query-input\":{\"@type\":\"PropertyValueSpecification\",\"valueRequired\":true,\"valueName\":\"search_term_string\"}}],\"inLanguage\":\"en-GB\"},{\"@type\":\"Organization\",\"@id\":\"https:\\\/\\\/www.e-rihs.it\\\/#organization\",\"name\":\"The Italian node of the European Research Infrastructure for Heritage Science\",\"url\":\"https:\\\/\\\/www.e-rihs.it\\\/\",\"logo\":{\"@type\":\"ImageObject\",\"inLanguage\":\"en-GB\",\"@id\":\"https:\\\/\\\/www.e-rihs.it\\\/#\\\/schema\\\/logo\\\/image\\\/\",\"url\":\"https:\\\/\\\/www.e-rihs.it\\\/wp-content\\\/uploads\\\/2018\\\/01\\\/e-rihsit-logo.png\",\"contentUrl\":\"https:\\\/\\\/www.e-rihs.it\\\/wp-content\\\/uploads\\\/2018\\\/01\\\/e-rihsit-logo.png\",\"width\":620,\"height\":107,\"caption\":\"The Italian node of the European Research Infrastructure for Heritage Science\"},\"image\":{\"@id\":\"https:\\\/\\\/www.e-rihs.it\\\/#\\\/schema\\\/logo\\\/image\\\/\"},\"sameAs\":[\"https:\\\/\\\/www.facebook.com\\\/erihsIT\",\"https:\\\/\\\/x.com\\\/ErihsIt\",\"https:\\\/\\\/www.youtube.com\\\/channel\\\/UC4h0G3wcxmlicWpoLUFmb-Q\"]}]}<\/script>\n<!-- \/ Yoast SEO plugin. -->","yoast_head_json":{"title":"VIS hyperspectral imaging (reflection & emission) | E-RIHS.it","robots":{"index":"index","follow":"follow","max-snippet":"max-snippet:-1","max-image-preview":"max-image-preview:large","max-video-preview":"max-video-preview:-1"},"canonical":"https:\/\/www.e-rihs.it\/en\/vis-hyperspectral-imaging-reflection-emission\/","og_locale":"en_GB","og_type":"article","og_title":"VIS hyperspectral imaging (reflection & emission) | E-RIHS.it","og_description":"LABORATORIO: SMAArt UNIPG NOME STRUMENTO\u00a0 Sistema portatile per imaging iper-spettrale nel visible (VIS) (Surface Optics SOC710-VP Hyperspectral Imager) &nbsp; INFORMAZIONI [&hellip;]","og_url":"https:\/\/www.e-rihs.it\/en\/vis-hyperspectral-imaging-reflection-emission\/","og_site_name":"E-RIHS.it","article_publisher":"https:\/\/www.facebook.com\/erihsIT","article_modified_time":"2024-05-07T11:31:16+00:00","twitter_card":"summary_large_image","twitter_site":"@ErihsIt","twitter_misc":{"Estimated reading time":"2 minutes"},"schema":{"@context":"https:\/\/schema.org","@graph":[{"@type":"WebPage","@id":"https:\/\/www.e-rihs.it\/vis-hyperspectral-imaging-reflection-emission\/","url":"https:\/\/www.e-rihs.it\/vis-hyperspectral-imaging-reflection-emission\/","name":"VIS hyperspectral imaging (reflection & emission) | E-RIHS.it","isPartOf":{"@id":"https:\/\/www.e-rihs.it\/#website"},"datePublished":"2020-12-17T11:29:44+00:00","dateModified":"2024-05-07T11:31:16+00:00","breadcrumb":{"@id":"https:\/\/www.e-rihs.it\/vis-hyperspectral-imaging-reflection-emission\/#breadcrumb"},"inLanguage":"en-GB","potentialAction":[{"@type":"ReadAction","target":["https:\/\/www.e-rihs.it\/vis-hyperspectral-imaging-reflection-emission\/"]}]},{"@type":"BreadcrumbList","@id":"https:\/\/www.e-rihs.it\/vis-hyperspectral-imaging-reflection-emission\/#breadcrumb","itemListElement":[{"@type":"ListItem","position":1,"name":"Home","item":"https:\/\/www.e-rihs.it\/"},{"@type":"ListItem","position":2,"name":"VIS hyperspectral imaging (reflection &#038; emission)"}]},{"@type":"WebSite","@id":"https:\/\/www.e-rihs.it\/#website","url":"https:\/\/www.e-rihs.it\/","name":"E-RIHS.it","description":"The Italian node of the European Research Infrastructure for Heritage Science","publisher":{"@id":"https:\/\/www.e-rihs.it\/#organization"},"potentialAction":[{"@type":"SearchAction","target":{"@type":"EntryPoint","urlTemplate":"https:\/\/www.e-rihs.it\/?s={search_term_string}"},"query-input":{"@type":"PropertyValueSpecification","valueRequired":true,"valueName":"search_term_string"}}],"inLanguage":"en-GB"},{"@type":"Organization","@id":"https:\/\/www.e-rihs.it\/#organization","name":"The Italian node of the European Research Infrastructure for Heritage Science","url":"https:\/\/www.e-rihs.it\/","logo":{"@type":"ImageObject","inLanguage":"en-GB","@id":"https:\/\/www.e-rihs.it\/#\/schema\/logo\/image\/","url":"https:\/\/www.e-rihs.it\/wp-content\/uploads\/2018\/01\/e-rihsit-logo.png","contentUrl":"https:\/\/www.e-rihs.it\/wp-content\/uploads\/2018\/01\/e-rihsit-logo.png","width":620,"height":107,"caption":"The Italian node of the European Research Infrastructure for Heritage Science"},"image":{"@id":"https:\/\/www.e-rihs.it\/#\/schema\/logo\/image\/"},"sameAs":["https:\/\/www.facebook.com\/erihsIT","https:\/\/x.com\/ErihsIt","https:\/\/www.youtube.com\/channel\/UC4h0G3wcxmlicWpoLUFmb-Q"]}]}},"_links":{"self":[{"href":"https:\/\/www.e-rihs.it\/en\/wp-json\/wp\/v2\/pages\/3160","targetHints":{"allow":["GET"]}}],"collection":[{"href":"https:\/\/www.e-rihs.it\/en\/wp-json\/wp\/v2\/pages"}],"about":[{"href":"https:\/\/www.e-rihs.it\/en\/wp-json\/wp\/v2\/types\/page"}],"author":[{"embeddable":true,"href":"https:\/\/www.e-rihs.it\/en\/wp-json\/wp\/v2\/users\/17"}],"replies":[{"embeddable":true,"href":"https:\/\/www.e-rihs.it\/en\/wp-json\/wp\/v2\/comments?post=3160"}],"version-history":[{"count":12,"href":"https:\/\/www.e-rihs.it\/en\/wp-json\/wp\/v2\/pages\/3160\/revisions"}],"predecessor-version":[{"id":7543,"href":"https:\/\/www.e-rihs.it\/en\/wp-json\/wp\/v2\/pages\/3160\/revisions\/7543"}],"wp:attachment":[{"href":"https:\/\/www.e-rihs.it\/en\/wp-json\/wp\/v2\/media?parent=3160"}],"curies":[{"name":"wp","href":"https:\/\/api.w.org\/{rel}","templated":true}]}}