{"id":3138,"date":"2020-12-17T12:07:49","date_gmt":"2020-12-17T11:07:49","guid":{"rendered":"http:\/\/www.e-rihs.it\/?page_id=3138"},"modified":"2024-05-07T12:29:34","modified_gmt":"2024-05-07T11:29:34","slug":"optical-coherence-tomography-2","status":"publish","type":"page","link":"https:\/\/www.e-rihs.it\/en\/optical-coherence-tomography-2\/","title":{"rendered":"Optical Coherence Tomography"},"content":{"rendered":"<p>[et_pb_section fb_built=&#8221;1&#8243; _builder_version=&#8221;4.7.7&#8243; _module_preset=&#8221;default&#8221;][et_pb_row column_structure=&#8221;2_5,3_5&#8243; _builder_version=&#8221;4.7.7&#8243; _module_preset=&#8221;default&#8221; hover_enabled=&#8221;0&#8243; sticky_enabled=&#8221;0&#8243;][et_pb_column type=&#8221;2_5&#8243; _builder_version=&#8221;4.7.7&#8243; _module_preset=&#8221;default&#8221;][et_pb_image src=&#8221;http:\/\/www.e-rihs.it\/wp-content\/uploads\/2022\/03\/OCT.jpg&#8221; title_text=&#8221;OCT&#8221; _builder_version=&#8221;4.7.7&#8243; _module_preset=&#8221;default&#8221;][\/et_pb_image][\/et_pb_column][et_pb_column type=&#8221;3_5&#8243; _builder_version=&#8221;4.7.7&#8243; _module_preset=&#8221;default&#8221;][et_pb_text _builder_version=&#8221;4.7.7&#8243; _module_preset=&#8221;default&#8221;]<\/p>\n<p><strong>LABORATORIO: CNR INO<\/strong><\/p>\n<p>&nbsp;<\/p>\n<p><strong>NOME STRUMENTO<\/strong><\/p>\n<p>Strumento FD-OCT;\u00a0strumento TD-OCT<\/p>\n<p>&nbsp;<\/p>\n<p><strong>INFORMAZIONI GENERALI<\/strong><\/p>\n<p>La tomografia ottica coerente (OCT), tipicamente impiegata in campo biomedicale, \u00e8 una tecnica interferometrica che fornisce sezioni stratigrafiche ad alta risoluzione di oggetti diffondenti o semi-trasparenti. Essa fa uso di una sorgente con emissione nel visibile o nel vicino infrarosso, la cui larghezza spettrale determina la risoluzione in profondit\u00e0. Nel campo della diagnostica dei dipinti, l\u2019OCT ha trovato valida applicazione nella misura in profondit\u00e0 di stratificazioni di materiali pittorici in modo completamente non-invasivo. Tale analisi si rivela particolarmente utile per il monitoraggio e la documentazione di variazioni di spessore micrometriche durante interventi di restauro come la pulitura, che prevede la rimozione selettiva di patine deteriorate o depositi (vernici, ossalati, ridipinture) presenti sulle superfici pittoriche. La visualizzazione di stratificazioni mediante OCT pu\u00f2 tuttavia essere ostacolata in presenza di interfacce altamente diffondenti, che impediscono la propagazione in profondit\u00e0 della radiazione incidente. Allo scopo di superare tale limite, la tecnica OCT \u00e8 stata accoppiata alla microscopia confocale a scansione, consentendo cos\u00ec di focalizzare il fascio incidente sull\u2019interfaccia di interesse (anche all\u2019interno del materiale) e massimizzare il segnale retro-diffuso.<\/p>\n<p>&nbsp;<\/p>\n<p><strong>DETTAGLI TECNICI<\/strong><\/p>\n<p>La capacit\u00e0 della radiazione di penetrare la materia dipende sia dalle propriet\u00e0 di quest\u2019ultima (composizione chimica, spessore, \u2026) sia dalla lunghezza d\u2019onda della radiazione utilizzata. A tale proposito, CNR-INO mette a disposizione due dispositivi per OCT, operanti rispettivamente a 1300 nm (dominio della frequenza, FD-OCT) e 1550 nm (dominio del tempo in modalit\u00e0 confocale, confocal TD-OCT). L\u2019output degli strumenti \u00e8 un set di immagini stratigrafiche del campione, anche dette immagini tomografiche, che costituiscono il cosiddetto <em>tumocube<\/em>. Esso pu\u00f2 essere analizzato secondo una qualsiasi sezione (<em>xz, yz, xy<\/em>). Lo strumento FD-OCT consente di acquisire volumi di dimensione massima 10 mm \u00d7 10 mm \u00d7 3.5 mm con una risoluzione laterale di 13 micron e assiale (in profondit\u00e0) di 5.5 micron in aria. Lo strumento TD-OCT, invece, volumi di dimensione massima 25 mm \u00d7 25 mm \u00d7 1 mm con una risoluzione laterale di circa 2.5 micron e assiale di circa 10 micron in aria. I valori della risoluzione assiale sono dati per funzionamento in aria e sono, dunque, da dividere per l\u2019indice di rifrazione della sostanza attraversata.<\/p>\n<p>A seconda delle caratteristiche dell\u2019opera da analizzare, viene utilizzato l\u2019uno o l\u2019altro dei due sistemi.<\/p>\n<p>&nbsp;<\/p>\n<p>Referente:<br \/> Raffaella Fontana <a href=\"mailto:raffaella.fontana@ino.cnr.it\">raffaella.fontana@ino.cnr.it<\/a><\/p>\n<p>&nbsp;<\/p>\n<p><a href=\"http:\/\/www.e-rihs.it\/wp-content\/uploads\/2022\/02\/MOLAB_EQUIPMENT_INO_OCTs_ita.pdf\" rel=\"attachment wp-att-4854\">Scarica la scheda completa<\/a><\/p>\n<p>&nbsp;<\/p>\n<p>[\/et_pb_text][\/et_pb_column][\/et_pb_row][\/et_pb_section]<\/p>\n","protected":false},"excerpt":{"rendered":"<p>LABORATORIO: CNR INO &nbsp; NOME STRUMENTO Strumento FD-OCT;\u00a0strumento TD-OCT &nbsp; INFORMAZIONI GENERALI La tomografia ottica coerente (OCT), tipicamente impiegata in [&hellip;]<\/p>\n","protected":false},"author":17,"featured_media":0,"parent":0,"menu_order":0,"comment_status":"closed","ping_status":"closed","template":"","meta":{"_et_pb_use_builder":"on","_et_pb_old_content":"","_et_gb_content_width":"","footnotes":""},"class_list":["post-3138","page","type-page","status-publish"],"yoast_head":"<!-- This site is optimized with the Yoast SEO plugin v27.0 - https:\/\/yoast.com\/product\/yoast-seo-wordpress\/ -->\n<title>Optical Coherence Tomography | E-RIHS.it<\/title>\n<meta name=\"robots\" content=\"index, follow, max-snippet:-1, max-image-preview:large, max-video-preview:-1\" \/>\n<link rel=\"canonical\" href=\"https:\/\/www.e-rihs.it\/en\/optical-coherence-tomography-2\/\" \/>\n<meta property=\"og:locale\" content=\"en_GB\" \/>\n<meta property=\"og:type\" content=\"article\" \/>\n<meta property=\"og:title\" content=\"Optical Coherence Tomography | E-RIHS.it\" \/>\n<meta property=\"og:description\" content=\"LABORATORIO: CNR INO &nbsp; NOME STRUMENTO Strumento FD-OCT;\u00a0strumento TD-OCT &nbsp; INFORMAZIONI GENERALI La tomografia ottica coerente (OCT), tipicamente impiegata in [&hellip;]\" \/>\n<meta property=\"og:url\" content=\"https:\/\/www.e-rihs.it\/en\/optical-coherence-tomography-2\/\" \/>\n<meta property=\"og:site_name\" content=\"E-RIHS.it\" \/>\n<meta property=\"article:publisher\" content=\"https:\/\/www.facebook.com\/erihsIT\" \/>\n<meta property=\"article:modified_time\" content=\"2024-05-07T11:29:34+00:00\" \/>\n<meta name=\"twitter:card\" content=\"summary_large_image\" \/>\n<meta name=\"twitter:site\" content=\"@ErihsIt\" \/>\n<meta name=\"twitter:label1\" content=\"Estimated reading time\" \/>\n\t<meta name=\"twitter:data1\" content=\"2 minutes\" \/>\n<script type=\"application\/ld+json\" class=\"yoast-schema-graph\">{\"@context\":\"https:\/\/schema.org\",\"@graph\":[{\"@type\":\"WebPage\",\"@id\":\"https:\/\/www.e-rihs.it\/en\/optical-coherence-tomography-2\/\",\"url\":\"https:\/\/www.e-rihs.it\/en\/optical-coherence-tomography-2\/\",\"name\":\"Optical Coherence Tomography | E-RIHS.it\",\"isPartOf\":{\"@id\":\"https:\/\/www.e-rihs.it\/#website\"},\"datePublished\":\"2020-12-17T11:07:49+00:00\",\"dateModified\":\"2024-05-07T11:29:34+00:00\",\"breadcrumb\":{\"@id\":\"https:\/\/www.e-rihs.it\/en\/optical-coherence-tomography-2\/#breadcrumb\"},\"inLanguage\":\"en-GB\",\"potentialAction\":[{\"@type\":\"ReadAction\",\"target\":[\"https:\/\/www.e-rihs.it\/en\/optical-coherence-tomography-2\/\"]}]},{\"@type\":\"BreadcrumbList\",\"@id\":\"https:\/\/www.e-rihs.it\/en\/optical-coherence-tomography-2\/#breadcrumb\",\"itemListElement\":[{\"@type\":\"ListItem\",\"position\":1,\"name\":\"Home\",\"item\":\"https:\/\/www.e-rihs.it\/\"},{\"@type\":\"ListItem\",\"position\":2,\"name\":\"Optical Coherence Tomography\"}]},{\"@type\":\"WebSite\",\"@id\":\"https:\/\/www.e-rihs.it\/#website\",\"url\":\"https:\/\/www.e-rihs.it\/\",\"name\":\"E-RIHS.it\",\"description\":\"The Italian node of the European Research Infrastructure for Heritage Science\",\"publisher\":{\"@id\":\"https:\/\/www.e-rihs.it\/#organization\"},\"potentialAction\":[{\"@type\":\"SearchAction\",\"target\":{\"@type\":\"EntryPoint\",\"urlTemplate\":\"https:\/\/www.e-rihs.it\/?s={search_term_string}\"},\"query-input\":{\"@type\":\"PropertyValueSpecification\",\"valueRequired\":true,\"valueName\":\"search_term_string\"}}],\"inLanguage\":\"en-GB\"},{\"@type\":\"Organization\",\"@id\":\"https:\/\/www.e-rihs.it\/#organization\",\"name\":\"The Italian node of the European Research Infrastructure for Heritage Science\",\"url\":\"https:\/\/www.e-rihs.it\/\",\"logo\":{\"@type\":\"ImageObject\",\"inLanguage\":\"en-GB\",\"@id\":\"https:\/\/www.e-rihs.it\/#\/schema\/logo\/image\/\",\"url\":\"https:\/\/www.e-rihs.it\/wp-content\/uploads\/2018\/01\/e-rihsit-logo.png\",\"contentUrl\":\"https:\/\/www.e-rihs.it\/wp-content\/uploads\/2018\/01\/e-rihsit-logo.png\",\"width\":620,\"height\":107,\"caption\":\"The Italian node of the European Research Infrastructure for Heritage Science\"},\"image\":{\"@id\":\"https:\/\/www.e-rihs.it\/#\/schema\/logo\/image\/\"},\"sameAs\":[\"https:\/\/www.facebook.com\/erihsIT\",\"https:\/\/x.com\/ErihsIt\",\"https:\/\/www.youtube.com\/channel\/UC4h0G3wcxmlicWpoLUFmb-Q\"]}]}<\/script>\n<!-- \/ Yoast SEO plugin. -->","yoast_head_json":{"title":"Optical Coherence Tomography | E-RIHS.it","robots":{"index":"index","follow":"follow","max-snippet":"max-snippet:-1","max-image-preview":"max-image-preview:large","max-video-preview":"max-video-preview:-1"},"canonical":"https:\/\/www.e-rihs.it\/en\/optical-coherence-tomography-2\/","og_locale":"en_GB","og_type":"article","og_title":"Optical Coherence Tomography | E-RIHS.it","og_description":"LABORATORIO: CNR INO &nbsp; NOME STRUMENTO Strumento FD-OCT;\u00a0strumento TD-OCT &nbsp; INFORMAZIONI GENERALI La tomografia ottica coerente (OCT), tipicamente impiegata in [&hellip;]","og_url":"https:\/\/www.e-rihs.it\/en\/optical-coherence-tomography-2\/","og_site_name":"E-RIHS.it","article_publisher":"https:\/\/www.facebook.com\/erihsIT","article_modified_time":"2024-05-07T11:29:34+00:00","twitter_card":"summary_large_image","twitter_site":"@ErihsIt","twitter_misc":{"Estimated reading time":"2 minutes"},"schema":{"@context":"https:\/\/schema.org","@graph":[{"@type":"WebPage","@id":"https:\/\/www.e-rihs.it\/en\/optical-coherence-tomography-2\/","url":"https:\/\/www.e-rihs.it\/en\/optical-coherence-tomography-2\/","name":"Optical Coherence Tomography | E-RIHS.it","isPartOf":{"@id":"https:\/\/www.e-rihs.it\/#website"},"datePublished":"2020-12-17T11:07:49+00:00","dateModified":"2024-05-07T11:29:34+00:00","breadcrumb":{"@id":"https:\/\/www.e-rihs.it\/en\/optical-coherence-tomography-2\/#breadcrumb"},"inLanguage":"en-GB","potentialAction":[{"@type":"ReadAction","target":["https:\/\/www.e-rihs.it\/en\/optical-coherence-tomography-2\/"]}]},{"@type":"BreadcrumbList","@id":"https:\/\/www.e-rihs.it\/en\/optical-coherence-tomography-2\/#breadcrumb","itemListElement":[{"@type":"ListItem","position":1,"name":"Home","item":"https:\/\/www.e-rihs.it\/"},{"@type":"ListItem","position":2,"name":"Optical Coherence Tomography"}]},{"@type":"WebSite","@id":"https:\/\/www.e-rihs.it\/#website","url":"https:\/\/www.e-rihs.it\/","name":"E-RIHS.it","description":"The Italian node of the European Research Infrastructure for Heritage Science","publisher":{"@id":"https:\/\/www.e-rihs.it\/#organization"},"potentialAction":[{"@type":"SearchAction","target":{"@type":"EntryPoint","urlTemplate":"https:\/\/www.e-rihs.it\/?s={search_term_string}"},"query-input":{"@type":"PropertyValueSpecification","valueRequired":true,"valueName":"search_term_string"}}],"inLanguage":"en-GB"},{"@type":"Organization","@id":"https:\/\/www.e-rihs.it\/#organization","name":"The Italian node of the European Research Infrastructure for Heritage Science","url":"https:\/\/www.e-rihs.it\/","logo":{"@type":"ImageObject","inLanguage":"en-GB","@id":"https:\/\/www.e-rihs.it\/#\/schema\/logo\/image\/","url":"https:\/\/www.e-rihs.it\/wp-content\/uploads\/2018\/01\/e-rihsit-logo.png","contentUrl":"https:\/\/www.e-rihs.it\/wp-content\/uploads\/2018\/01\/e-rihsit-logo.png","width":620,"height":107,"caption":"The Italian node of the European Research Infrastructure for Heritage Science"},"image":{"@id":"https:\/\/www.e-rihs.it\/#\/schema\/logo\/image\/"},"sameAs":["https:\/\/www.facebook.com\/erihsIT","https:\/\/x.com\/ErihsIt","https:\/\/www.youtube.com\/channel\/UC4h0G3wcxmlicWpoLUFmb-Q"]}]}},"_links":{"self":[{"href":"https:\/\/www.e-rihs.it\/en\/wp-json\/wp\/v2\/pages\/3138","targetHints":{"allow":["GET"]}}],"collection":[{"href":"https:\/\/www.e-rihs.it\/en\/wp-json\/wp\/v2\/pages"}],"about":[{"href":"https:\/\/www.e-rihs.it\/en\/wp-json\/wp\/v2\/types\/page"}],"author":[{"embeddable":true,"href":"https:\/\/www.e-rihs.it\/en\/wp-json\/wp\/v2\/users\/17"}],"replies":[{"embeddable":true,"href":"https:\/\/www.e-rihs.it\/en\/wp-json\/wp\/v2\/comments?post=3138"}],"version-history":[{"count":9,"href":"https:\/\/www.e-rihs.it\/en\/wp-json\/wp\/v2\/pages\/3138\/revisions"}],"predecessor-version":[{"id":7539,"href":"https:\/\/www.e-rihs.it\/en\/wp-json\/wp\/v2\/pages\/3138\/revisions\/7539"}],"wp:attachment":[{"href":"https:\/\/www.e-rihs.it\/en\/wp-json\/wp\/v2\/media?parent=3138"}],"curies":[{"name":"wp","href":"https:\/\/api.w.org\/{rel}","templated":true}]}}