{"id":3124,"date":"2020-12-17T11:57:06","date_gmt":"2020-12-17T10:57:06","guid":{"rendered":"http:\/\/www.e-rihs.it\/?page_id=3124"},"modified":"2024-05-07T12:28:06","modified_gmt":"2024-05-07T11:28:06","slug":"microprofilometry-2","status":"publish","type":"page","link":"https:\/\/www.e-rihs.it\/en\/microprofilometry-2\/","title":{"rendered":"Microprofilometry"},"content":{"rendered":"<p>[et_pb_section fb_built=&#8221;1&#8243; _builder_version=&#8221;4.7.7&#8243; _module_preset=&#8221;default&#8221;][et_pb_row column_structure=&#8221;2_5,3_5&#8243; _builder_version=&#8221;4.7.7&#8243; _module_preset=&#8221;default&#8221; hover_enabled=&#8221;0&#8243; sticky_enabled=&#8221;0&#8243;][et_pb_column type=&#8221;2_5&#8243; _builder_version=&#8221;4.7.7&#8243; _module_preset=&#8221;default&#8221;][et_pb_image src=&#8221;http:\/\/www.e-rihs.it\/wp-content\/uploads\/2022\/03\/microprofilometro.jpg&#8221; title_text=&#8221;microprofilometro&#8221; _builder_version=&#8221;4.7.7&#8243; _module_preset=&#8221;default&#8221;][\/et_pb_image][\/et_pb_column][et_pb_column type=&#8221;3_5&#8243; _builder_version=&#8221;4.7.7&#8243; _module_preset=&#8221;default&#8221;][et_pb_text _builder_version=&#8221;4.7.7&#8243; _module_preset=&#8221;default&#8221;]<\/p>\n<p><strong>LABORATORIO: CNR INO<\/strong><\/p>\n<p><strong>\u00a0\u00a0\u00a0\u00a0\u00a0\u00a0\u00a0\u00a0\u00a0\u00a0\u00a0\u00a0\u00a0\u00a0\u00a0\u00a0\u00a0\u00a0\u00a0\u00a0\u00a0\u00a0\u00a0\u00a0\u00a0\u00a0\u00a0\u00a0\u00a0\u00a0\u00a0\u00a0\u00a0\u00a0\u00a0\u00a0\u00a0\u00a0\u00a0\u00a0\u00a0\u00a0\u00a0\u00a0\u00a0\u00a0\u00a0\u00a0\u00a0\u00a0\u00a0\u00a0\u00a0\u00a0\u00a0\u00a0\u00a0\u00a0\u00a0\u00a0\u00a0\u00a0\u00a0\u00a0\u00a0\u00a0\u00a0\u00a0 <\/strong><\/p>\n<p><strong>NOME STRUMENTO <\/strong><\/p>\n<p>Micro-profilometro laser a scansione<\/p>\n<p>&nbsp;<\/p>\n<p><strong>INFORMAZIONI GENERALI<\/strong><\/p>\n<p>I sistemi per l\u2019acquisizione di dati 3D hanno raggiunto, negli ultimi anni, un elevato grado di precisione grazie all&#8217;evoluzione della tecnologia laser. Questo ha reso possibile ottenere mappe topografiche a risoluzione micrometrica che consentono di quantificare dettagli tridimensionali delle superfici analizzate prima impensati. Il rilievo topografico ad alta risoluzione di superfici quasi piane si \u00e8 dimostrato estremamente utile per quantificare l&#8217;entit\u00e0 dei distacchi e della <em>craquelure<\/em> nello strato pittorico, per documentare lo stato di conservazione del dipinto, per monitorare le deformazioni del supporto dovute ad agenti ambientali o i cambiamenti morfologici conseguenti a interventi di restauro. Mediante la micro-profilometria \u00e8 possibile effettuare, in maniera completamente non a contatto e non-invasiva, il rilievo di una variet\u00e0 di superfici, indipendentemente dalle loro propriet\u00e0 cromatiche, di riflessione e diffusione.<\/p>\n<p>&nbsp;<\/p>\n<p><strong>DETTAGLI TECNICI<\/strong><\/p>\n<p>Il micro-profilometro ottico realizzato presso CNR-INO \u00e8 composto da una sonda conoscopica commerciale montata su due traslazioni lineari motorizzate ad alta precisione che scansionano una superficie di area massima 30&#215;30 cm<sup>2<\/sup>\u00a0ad una distanza di misura di 4 cm. Il risultato \u00e8 una mappa topografica costituita da una griglia regolare di punti che contengono l\u2019informazione di quota entro un intervallo di profondit\u00e0 (range di misura dello strumento) di 8 mm. Lo strumento ha una risoluzione assiale (in quota) di quasi 1 <span>\u03bc<\/span>m con una precisione complessiva migliore di 6\u00a0<span>\u03bc<\/span>m, e una risoluzione laterale di 20 <span>\u03bc<\/span>m.<\/p>\n<p>L&#8217;intero sistema \u00e8 controllato via computer: \u00e8 possibile impostare la dimensione dell\u2019area di misura, la distanza di campionamento nelle due direzioni di scansione, la potenza del laser e la frequenza di acquisizione. Il tempo di acquisizione dipende dai parametri di misura impostati, e aumenta all\u2019aumentare della distanza di campionamento (ad esempio, alla massima velocit\u00e0 di scansione, per l\u2019acquisizione di un\u2019area di 30&#215;30 cm<sup>2<\/sup>\u00a0con passo di campionamento 100 <span>\u03bc<\/span>m occorrono circa 2.5 h).<\/p>\n<p>Lo strumento consente il rilievo di superfici di varia riflettivit\u00e0, con un angolo di incidenza molto vicino all&#8217;angolo radente (cio\u00e8 \u00e8 possibile effettuare scansioni con un&#8217;incidenza quasi parallela alla superficie). Inoltre, non essendo sensibile ai gradienti di colore, la misura \u00e8 efficace anche su superfici caratterizzate da un elevato contrasto cromatico. Le mappe topografiche possono essere visualizzate sia mediante software per l\u2019analisi di modelli 3D sia come immagini in scala di grigio o mappe a colori. \u00c8 poi possibile elaborare tali immagini in modo da simulare la direzione di provenienza della luce, ottenendo un risultato molto simile alla tradizionale fotografia in luce radente senza per\u00f2 l\u2019informazione di colore che pu\u00f2 essere sovrapposta in un secondo tempo.<\/p>\n<p>Il dato 3D ottenuto, infatti, pu\u00f2 essere efficacemente integrato con le informazioni provenienti da altre tecniche di analisi ad immagine (immagine a colori, riflettografia IR, immagine UV, \u2026). Ci\u00f2 facilita l&#8217;interpretazione dei risultati, permettendo un&#8217;identificazione immediata delle caratteristiche misurate. La mappa topografica pu\u00f2 anche essere utilizzata per valutare la rugosit\u00e0 della superficie misurata.<\/p>\n<p>&nbsp;<\/p>\n<p>Referente:<br \/> Raffaella Fontana <a href=\"mailto:raffaella.fontana@ino.cnr.it\">raffaella.fontana@ino.cnr.it<\/a><\/p>\n<p>&nbsp;<\/p>\n<p><a href=\"http:\/\/www.e-rihs.it\/wp-content\/uploads\/2022\/02\/MOLAB_EQUIPMENT_microprofilometro_ita.pdf\" rel=\"attachment wp-att-4875\">Scarica la scheda completa<\/a><\/p>\n<p>[\/et_pb_text][\/et_pb_column][\/et_pb_row][\/et_pb_section]<\/p>\n","protected":false},"excerpt":{"rendered":"<p>LABORATORIO: CNR INO \u00a0\u00a0\u00a0\u00a0\u00a0\u00a0\u00a0\u00a0\u00a0\u00a0\u00a0\u00a0\u00a0\u00a0\u00a0\u00a0\u00a0\u00a0\u00a0\u00a0\u00a0\u00a0\u00a0\u00a0\u00a0\u00a0\u00a0\u00a0\u00a0\u00a0\u00a0\u00a0\u00a0\u00a0\u00a0\u00a0\u00a0\u00a0\u00a0\u00a0\u00a0\u00a0\u00a0\u00a0\u00a0\u00a0\u00a0\u00a0\u00a0\u00a0\u00a0\u00a0\u00a0\u00a0\u00a0\u00a0\u00a0\u00a0\u00a0\u00a0\u00a0\u00a0\u00a0\u00a0\u00a0\u00a0\u00a0\u00a0 NOME STRUMENTO Micro-profilometro laser a scansione &nbsp; INFORMAZIONI GENERALI I sistemi per l\u2019acquisizione di dati 3D [&hellip;]<\/p>\n","protected":false},"author":17,"featured_media":0,"parent":0,"menu_order":0,"comment_status":"closed","ping_status":"closed","template":"","meta":{"_et_pb_use_builder":"on","_et_pb_old_content":"","_et_gb_content_width":"","footnotes":""},"class_list":["post-3124","page","type-page","status-publish","hentry"],"yoast_head":"<!-- This site is optimized with the Yoast SEO plugin v27.4 - https:\/\/yoast.com\/product\/yoast-seo-wordpress\/ -->\n<title>Microprofilometry | E-RIHS.it<\/title>\n<meta name=\"robots\" content=\"index, follow, max-snippet:-1, max-image-preview:large, max-video-preview:-1\" \/>\n<link rel=\"canonical\" href=\"https:\/\/www.e-rihs.it\/en\/microprofilometry-2\/\" \/>\n<meta property=\"og:locale\" content=\"en_GB\" \/>\n<meta property=\"og:type\" content=\"article\" \/>\n<meta property=\"og:title\" content=\"Microprofilometry | E-RIHS.it\" \/>\n<meta property=\"og:description\" content=\"LABORATORIO: CNR INO \u00a0\u00a0\u00a0\u00a0\u00a0\u00a0\u00a0\u00a0\u00a0\u00a0\u00a0\u00a0\u00a0\u00a0\u00a0\u00a0\u00a0\u00a0\u00a0\u00a0\u00a0\u00a0\u00a0\u00a0\u00a0\u00a0\u00a0\u00a0\u00a0\u00a0\u00a0\u00a0\u00a0\u00a0\u00a0\u00a0\u00a0\u00a0\u00a0\u00a0\u00a0\u00a0\u00a0\u00a0\u00a0\u00a0\u00a0\u00a0\u00a0\u00a0\u00a0\u00a0\u00a0\u00a0\u00a0\u00a0\u00a0\u00a0\u00a0\u00a0\u00a0\u00a0\u00a0\u00a0\u00a0\u00a0\u00a0\u00a0 NOME STRUMENTO Micro-profilometro laser a scansione &nbsp; INFORMAZIONI GENERALI I sistemi per l\u2019acquisizione di dati 3D [&hellip;]\" \/>\n<meta property=\"og:url\" content=\"https:\/\/www.e-rihs.it\/en\/microprofilometry-2\/\" \/>\n<meta property=\"og:site_name\" content=\"E-RIHS.it\" \/>\n<meta property=\"article:publisher\" content=\"https:\/\/www.facebook.com\/erihsIT\" \/>\n<meta property=\"article:modified_time\" content=\"2024-05-07T11:28:06+00:00\" \/>\n<meta name=\"twitter:card\" content=\"summary_large_image\" \/>\n<meta name=\"twitter:site\" content=\"@ErihsIt\" \/>\n<meta name=\"twitter:label1\" content=\"Estimated reading time\" \/>\n\t<meta name=\"twitter:data1\" content=\"3 minutes\" \/>\n<script type=\"application\/ld+json\" class=\"yoast-schema-graph\">{\"@context\":\"https:\\\/\\\/schema.org\",\"@graph\":[{\"@type\":\"WebPage\",\"@id\":\"https:\\\/\\\/www.e-rihs.it\\\/microprofilometry-2\\\/\",\"url\":\"https:\\\/\\\/www.e-rihs.it\\\/microprofilometry-2\\\/\",\"name\":\"Microprofilometry | E-RIHS.it\",\"isPartOf\":{\"@id\":\"https:\\\/\\\/www.e-rihs.it\\\/#website\"},\"datePublished\":\"2020-12-17T10:57:06+00:00\",\"dateModified\":\"2024-05-07T11:28:06+00:00\",\"breadcrumb\":{\"@id\":\"https:\\\/\\\/www.e-rihs.it\\\/microprofilometry-2\\\/#breadcrumb\"},\"inLanguage\":\"en-GB\",\"potentialAction\":[{\"@type\":\"ReadAction\",\"target\":[\"https:\\\/\\\/www.e-rihs.it\\\/microprofilometry-2\\\/\"]}]},{\"@type\":\"BreadcrumbList\",\"@id\":\"https:\\\/\\\/www.e-rihs.it\\\/microprofilometry-2\\\/#breadcrumb\",\"itemListElement\":[{\"@type\":\"ListItem\",\"position\":1,\"name\":\"Home\",\"item\":\"https:\\\/\\\/www.e-rihs.it\\\/\"},{\"@type\":\"ListItem\",\"position\":2,\"name\":\"Microprofilometry\"}]},{\"@type\":\"WebSite\",\"@id\":\"https:\\\/\\\/www.e-rihs.it\\\/#website\",\"url\":\"https:\\\/\\\/www.e-rihs.it\\\/\",\"name\":\"E-RIHS.it\",\"description\":\"The Italian node of the European Research Infrastructure for Heritage Science\",\"publisher\":{\"@id\":\"https:\\\/\\\/www.e-rihs.it\\\/#organization\"},\"potentialAction\":[{\"@type\":\"SearchAction\",\"target\":{\"@type\":\"EntryPoint\",\"urlTemplate\":\"https:\\\/\\\/www.e-rihs.it\\\/?s={search_term_string}\"},\"query-input\":{\"@type\":\"PropertyValueSpecification\",\"valueRequired\":true,\"valueName\":\"search_term_string\"}}],\"inLanguage\":\"en-GB\"},{\"@type\":\"Organization\",\"@id\":\"https:\\\/\\\/www.e-rihs.it\\\/#organization\",\"name\":\"The Italian node of the European Research Infrastructure for Heritage Science\",\"url\":\"https:\\\/\\\/www.e-rihs.it\\\/\",\"logo\":{\"@type\":\"ImageObject\",\"inLanguage\":\"en-GB\",\"@id\":\"https:\\\/\\\/www.e-rihs.it\\\/#\\\/schema\\\/logo\\\/image\\\/\",\"url\":\"https:\\\/\\\/www.e-rihs.it\\\/wp-content\\\/uploads\\\/2018\\\/01\\\/e-rihsit-logo.png\",\"contentUrl\":\"https:\\\/\\\/www.e-rihs.it\\\/wp-content\\\/uploads\\\/2018\\\/01\\\/e-rihsit-logo.png\",\"width\":620,\"height\":107,\"caption\":\"The Italian node of the European Research Infrastructure for Heritage Science\"},\"image\":{\"@id\":\"https:\\\/\\\/www.e-rihs.it\\\/#\\\/schema\\\/logo\\\/image\\\/\"},\"sameAs\":[\"https:\\\/\\\/www.facebook.com\\\/erihsIT\",\"https:\\\/\\\/x.com\\\/ErihsIt\",\"https:\\\/\\\/www.youtube.com\\\/channel\\\/UC4h0G3wcxmlicWpoLUFmb-Q\"]}]}<\/script>\n<!-- \/ Yoast SEO plugin. -->","yoast_head_json":{"title":"Microprofilometry | E-RIHS.it","robots":{"index":"index","follow":"follow","max-snippet":"max-snippet:-1","max-image-preview":"max-image-preview:large","max-video-preview":"max-video-preview:-1"},"canonical":"https:\/\/www.e-rihs.it\/en\/microprofilometry-2\/","og_locale":"en_GB","og_type":"article","og_title":"Microprofilometry | E-RIHS.it","og_description":"LABORATORIO: CNR INO \u00a0\u00a0\u00a0\u00a0\u00a0\u00a0\u00a0\u00a0\u00a0\u00a0\u00a0\u00a0\u00a0\u00a0\u00a0\u00a0\u00a0\u00a0\u00a0\u00a0\u00a0\u00a0\u00a0\u00a0\u00a0\u00a0\u00a0\u00a0\u00a0\u00a0\u00a0\u00a0\u00a0\u00a0\u00a0\u00a0\u00a0\u00a0\u00a0\u00a0\u00a0\u00a0\u00a0\u00a0\u00a0\u00a0\u00a0\u00a0\u00a0\u00a0\u00a0\u00a0\u00a0\u00a0\u00a0\u00a0\u00a0\u00a0\u00a0\u00a0\u00a0\u00a0\u00a0\u00a0\u00a0\u00a0\u00a0\u00a0 NOME STRUMENTO Micro-profilometro laser a scansione &nbsp; INFORMAZIONI GENERALI I sistemi per l\u2019acquisizione di dati 3D [&hellip;]","og_url":"https:\/\/www.e-rihs.it\/en\/microprofilometry-2\/","og_site_name":"E-RIHS.it","article_publisher":"https:\/\/www.facebook.com\/erihsIT","article_modified_time":"2024-05-07T11:28:06+00:00","twitter_card":"summary_large_image","twitter_site":"@ErihsIt","twitter_misc":{"Estimated reading time":"3 minutes"},"schema":{"@context":"https:\/\/schema.org","@graph":[{"@type":"WebPage","@id":"https:\/\/www.e-rihs.it\/microprofilometry-2\/","url":"https:\/\/www.e-rihs.it\/microprofilometry-2\/","name":"Microprofilometry | E-RIHS.it","isPartOf":{"@id":"https:\/\/www.e-rihs.it\/#website"},"datePublished":"2020-12-17T10:57:06+00:00","dateModified":"2024-05-07T11:28:06+00:00","breadcrumb":{"@id":"https:\/\/www.e-rihs.it\/microprofilometry-2\/#breadcrumb"},"inLanguage":"en-GB","potentialAction":[{"@type":"ReadAction","target":["https:\/\/www.e-rihs.it\/microprofilometry-2\/"]}]},{"@type":"BreadcrumbList","@id":"https:\/\/www.e-rihs.it\/microprofilometry-2\/#breadcrumb","itemListElement":[{"@type":"ListItem","position":1,"name":"Home","item":"https:\/\/www.e-rihs.it\/"},{"@type":"ListItem","position":2,"name":"Microprofilometry"}]},{"@type":"WebSite","@id":"https:\/\/www.e-rihs.it\/#website","url":"https:\/\/www.e-rihs.it\/","name":"E-RIHS.it","description":"The Italian node of the European Research Infrastructure for Heritage Science","publisher":{"@id":"https:\/\/www.e-rihs.it\/#organization"},"potentialAction":[{"@type":"SearchAction","target":{"@type":"EntryPoint","urlTemplate":"https:\/\/www.e-rihs.it\/?s={search_term_string}"},"query-input":{"@type":"PropertyValueSpecification","valueRequired":true,"valueName":"search_term_string"}}],"inLanguage":"en-GB"},{"@type":"Organization","@id":"https:\/\/www.e-rihs.it\/#organization","name":"The Italian node of the European Research Infrastructure for Heritage Science","url":"https:\/\/www.e-rihs.it\/","logo":{"@type":"ImageObject","inLanguage":"en-GB","@id":"https:\/\/www.e-rihs.it\/#\/schema\/logo\/image\/","url":"https:\/\/www.e-rihs.it\/wp-content\/uploads\/2018\/01\/e-rihsit-logo.png","contentUrl":"https:\/\/www.e-rihs.it\/wp-content\/uploads\/2018\/01\/e-rihsit-logo.png","width":620,"height":107,"caption":"The Italian node of the European Research Infrastructure for Heritage Science"},"image":{"@id":"https:\/\/www.e-rihs.it\/#\/schema\/logo\/image\/"},"sameAs":["https:\/\/www.facebook.com\/erihsIT","https:\/\/x.com\/ErihsIt","https:\/\/www.youtube.com\/channel\/UC4h0G3wcxmlicWpoLUFmb-Q"]}]}},"_links":{"self":[{"href":"https:\/\/www.e-rihs.it\/en\/wp-json\/wp\/v2\/pages\/3124","targetHints":{"allow":["GET"]}}],"collection":[{"href":"https:\/\/www.e-rihs.it\/en\/wp-json\/wp\/v2\/pages"}],"about":[{"href":"https:\/\/www.e-rihs.it\/en\/wp-json\/wp\/v2\/types\/page"}],"author":[{"embeddable":true,"href":"https:\/\/www.e-rihs.it\/en\/wp-json\/wp\/v2\/users\/17"}],"replies":[{"embeddable":true,"href":"https:\/\/www.e-rihs.it\/en\/wp-json\/wp\/v2\/comments?post=3124"}],"version-history":[{"count":11,"href":"https:\/\/www.e-rihs.it\/en\/wp-json\/wp\/v2\/pages\/3124\/revisions"}],"predecessor-version":[{"id":7536,"href":"https:\/\/www.e-rihs.it\/en\/wp-json\/wp\/v2\/pages\/3124\/revisions\/7536"}],"wp:attachment":[{"href":"https:\/\/www.e-rihs.it\/en\/wp-json\/wp\/v2\/media?parent=3124"}],"curies":[{"name":"wp","href":"https:\/\/api.w.org\/{rel}","templated":true}]}}