{"id":3117,"date":"2020-12-17T11:51:49","date_gmt":"2020-12-17T10:51:49","guid":{"rendered":"http:\/\/www.e-rihs.it\/?page_id=3117"},"modified":"2024-07-25T15:33:03","modified_gmt":"2024-07-25T14:33:03","slug":"ir-thermography","status":"publish","type":"page","link":"https:\/\/www.e-rihs.it\/en\/ir-thermography\/","title":{"rendered":"IR Thermography"},"content":{"rendered":"<p>[et_pb_section fb_built=&#8221;1&#8243; _builder_version=&#8221;4.7.7&#8243; _module_preset=&#8221;default&#8221;][et_pb_row column_structure=&#8221;2_5,3_5&#8243; _builder_version=&#8221;4.7.7&#8243; _module_preset=&#8221;default&#8221;][et_pb_column type=&#8221;2_5&#8243; _builder_version=&#8221;4.7.7&#8243; _module_preset=&#8221;default&#8221;][et_pb_image src=&#8221;http:\/\/www.e-rihs.it\/wp-content\/uploads\/2023\/01\/termocamera-IR.jpg&#8221; title_text=&#8221;termocamera IR&#8221; _builder_version=&#8221;4.7.7&#8243; _module_preset=&#8221;default&#8221;][\/et_pb_image][\/et_pb_column][et_pb_column type=&#8221;3_5&#8243; _builder_version=&#8221;4.7.7&#8243; _module_preset=&#8221;default&#8221;][et_pb_text _builder_version=&#8221;4.7.7&#8243; _module_preset=&#8221;default&#8221;]<\/p>\n<p><strong>LABORATORIO: CNR ISPC\u00a0<\/strong><\/p>\n<p>&nbsp;<\/p>\n<p><strong>NOME STRUMENTO<\/strong><\/p>\n<p>Termocamera IR: FLIR, model B425<\/p>\n<p>&nbsp;<\/p>\n<p><strong>INFORMAZIONI GENERALI<\/strong><\/p>\n<p>La termocamera in dotazione \u00e8 uno strumento particolarmente maneggevole e adatto per applicazioni on site. La metodologia con la quale viene utilizzata pi\u00f9 di frequente \u00e8 per termografia passiva, pi\u00f9 raramente le applicazioni della tecnica attiva si prestano all\u2019impiego nell\u2019ambito dei Beni Culturali. Le riprese termografiche sono utilizzate ai seguenti scopi:<\/p>\n<p>\u2022\u00a0\u00a0\u00a0\u00a0\u00a0 Rilevazione dei difetti\/anomalie strutturali nelle murature<\/p>\n<p>\u2022\u00a0\u00a0\u00a0\u00a0\u00a0 Mappe termiche correlabile a fenomeni di umidit\u00e0 (di risalita capillare e infiltrazione di varia natura)<\/p>\n<p>\u2022\u00a0\u00a0\u00a0\u00a0\u00a0 Rilevazione di distacchi di intonaci, o altri paramenti murari.<\/p>\n<p>\u2022\u00a0 \u00a0 \u00a0 L\u2019integrazione delle riprese termografiche con misure del contenuto di umidit\u00e0 del supporto consentono di ottenere delle mappe sulla reale distribuzione del contenuto di umidit\u00e0.<\/p>\n<p>&nbsp;<\/p>\n<p><strong>DETTAGLI TECNICI<\/strong><\/p>\n<p>La termocamera IR model B425 (FLIR) ha una risoluzione dell\u2019immagine IR di 320&#215;240 pixels resolution e un\u2019accuratezza di +\/- 0.5\u00b0C. Permette di realizzare mappe termiche una volta nota la temperatura e l\u2019umidit\u00e0 relativa dell\u2019ambinete, la distanza dalla superfcie di ripresa e l\u2019emissivit\u00e0 della superfice.<\/p>\n<p>Le immagini IR possono essere \u00ecanalizzate ed elaborate mediante il software ThermaCAM QuickReport 1.1.<\/p>\n<p>&nbsp;<\/p>\n<p>Referente:<br \/> Cristiano Riminesi <a href=\"Referente:%20Cristiano Riminesi (cristiano.riminesi@cnr.it)\">cristiano.riminesi@cnr.it<\/a><\/p>\n<p>&nbsp;<\/p>\n<p><a href=\"http:\/\/www.e-rihs.it\/wp-content\/uploads\/2022\/02\/MOLAB-1_EQUIPMENT_termografiaIR_itaL.pdf\" rel=\"attachment wp-att-4700\">Scarica la scheda completa<\/a><\/p>\n<p>&nbsp;<\/p>\n<p><a href=\"http:\/\/www.e-rihs.it\/wp-content\/uploads\/2024\/02\/MOLAB_EQUIPMENT_termocamera_TESTO890_ita.pdf\" rel=\"attachment wp-att-6883\"><\/a><\/p>\n<p>&nbsp;<\/p>\n<p>&nbsp;<\/p>\n<p>[\/et_pb_text][\/et_pb_column][\/et_pb_row][et_pb_row column_structure=&#8221;2_5,3_5&#8243; _builder_version=&#8221;4.7.7&#8243; _module_preset=&#8221;default&#8221; min_height=&#8221;1459.8px&#8221; custom_padding=&#8221;0px|||||&#8221;][et_pb_column type=&#8221;2_5&#8243; _builder_version=&#8221;4.7.7&#8243; _module_preset=&#8221;default&#8221;][et_pb_image src=&#8221;http:\/\/www.e-rihs.it\/wp-content\/uploads\/2024\/07\/Termo-camera-TESTO_CNR-INO.jpg&#8221; title_text=&#8221;Termo camera TESTO_CNR INO&#8221; _builder_version=&#8221;4.7.7&#8243; _module_preset=&#8221;default&#8221; hover_enabled=&#8221;0&#8243; sticky_enabled=&#8221;0&#8243;][\/et_pb_image][\/et_pb_column][et_pb_column type=&#8221;3_5&#8243; _builder_version=&#8221;4.7.7&#8243; _module_preset=&#8221;default&#8221;][et_pb_text _builder_version=&#8221;4.7.7&#8243; _module_preset=&#8221;default&#8221;]<\/p>\n<p><strong>LABORATORIO CNR INO<\/strong><\/p>\n<p><strong><\/strong><\/p>\n<p><strong>NOME STRUMENTO<\/strong><\/p>\n<p>Termocamera TESTO 890<\/p>\n<p>&nbsp;<\/p>\n<p><strong>INFORMAZIONI GENERALI<\/strong><\/p>\n<p>Lo strumento Termocamera TESTO \u00a0disponibile nel MOLAB \u00e8 utilizzabile per le indagini in situ essendo estremamente maneggevole (253 x 132 x 111 mm ed un\u00a0 peso &lt;2Kg).<\/p>\n<p>La telecamera riesce a convertire l\u2019infrarosso (non visibile), in un\u2019immagine visibile mostrando la distribuzione delle temperature sulla superficie dell\u2019oggetto misurato senza contatto diretto tra l\u2019oggetto da analizzare e la termocamera.<\/p>\n<p>A seconda della temperatura, viene assegnato un colore differente e la matrice risultante viene inviata alla memoria ed al display della termocamera come immagine di temperatura (termica) dell\u2019oggetto.<\/p>\n<p>Nell\u2019ambito dei Beni Culturali\u00a0 \u00e8 possibile acquisire termogrammi di qualit\u00e0 anche a distanze notevoli, oppure quando serve un\u2019altissima risoluzione termica dei pixel per rilevare quadri fessurativi o tessiture murarie.<\/p>\n<p>Insieme a ciascuna immagine termica \u00e8 possibile acquisire anche un\u2019immagine reale ben illuminata.<\/p>\n<p>La termocamera pu\u00f2 essere utilizzata in congiuntura con il sistema olografico DHSPI.<\/p>\n<p>&nbsp;<\/p>\n<p><strong>DETTAGLI TECNICI:<\/strong><\/p>\n<ul>\n<li>Risoluzione IR 640x480pixel ( Super risoluzione 1280\u00d7960<\/li>\n<li>Sensibilit\u00e0 termica (NETD) &lt; 40 mK a +30\u00a0\u00b0C<\/li>\n<li>Campo visivo \/ Distanza min. di messa a fuoco 25\u00b0 x 19\u00b0 \/ 0,2 m (obiettivo da 25\u00b0)<\/li>\n<li>SuperResolution 1280 x 960 Pixel \/ 0,43 mrad (obiettivo da 25\u00b0)<\/li>\n<\/ul>\n<p>&nbsp;<\/p>\n<p>Referente:<\/p>\n<p>Alessandra Rocco <a href=\"mailto:alessandra.rocco@ino.cnr.it\">alessandra.rocco@ino.cnr.it<\/a><\/p>\n<p>&nbsp;<\/p>\n<p><a href=\"http:\/\/www.e-rihs.it\/wp-content\/uploads\/2024\/02\/MOLAB_EQUIPMENT_termocamera_TESTO890_ita.pdf\" rel=\"attachment wp-att-6883\">Scarica la scheda completa<\/a><\/p>\n<p>[\/et_pb_text][\/et_pb_column][\/et_pb_row][\/et_pb_section]<\/p>\n","protected":false},"excerpt":{"rendered":"<p>LABORATORIO: CNR ISPC\u00a0 &nbsp; NOME STRUMENTO Termocamera IR: FLIR, model B425 &nbsp; INFORMAZIONI GENERALI La termocamera in dotazione \u00e8 uno [&hellip;]<\/p>\n","protected":false},"author":17,"featured_media":0,"parent":0,"menu_order":0,"comment_status":"closed","ping_status":"closed","template":"","meta":{"_et_pb_use_builder":"on","_et_pb_old_content":"","_et_gb_content_width":"","footnotes":""},"class_list":["post-3117","page","type-page","status-publish"],"yoast_head":"<!-- This site is optimized with the Yoast SEO plugin v27.0 - https:\/\/yoast.com\/product\/yoast-seo-wordpress\/ -->\n<title>IR Thermography | E-RIHS.it<\/title>\n<meta name=\"robots\" content=\"index, follow, max-snippet:-1, max-image-preview:large, max-video-preview:-1\" \/>\n<link rel=\"canonical\" href=\"https:\/\/www.e-rihs.it\/en\/ir-thermography\/\" \/>\n<meta property=\"og:locale\" content=\"en_GB\" \/>\n<meta property=\"og:type\" content=\"article\" \/>\n<meta property=\"og:title\" content=\"IR Thermography | E-RIHS.it\" \/>\n<meta property=\"og:description\" content=\"LABORATORIO: CNR ISPC\u00a0 &nbsp; NOME STRUMENTO Termocamera IR: FLIR, model B425 &nbsp; INFORMAZIONI GENERALI La termocamera in dotazione \u00e8 uno [&hellip;]\" \/>\n<meta property=\"og:url\" content=\"https:\/\/www.e-rihs.it\/en\/ir-thermography\/\" \/>\n<meta property=\"og:site_name\" content=\"E-RIHS.it\" \/>\n<meta property=\"article:publisher\" content=\"https:\/\/www.facebook.com\/erihsIT\" \/>\n<meta property=\"article:modified_time\" content=\"2024-07-25T14:33:03+00:00\" \/>\n<meta name=\"twitter:card\" content=\"summary_large_image\" \/>\n<meta name=\"twitter:site\" content=\"@ErihsIt\" \/>\n<meta name=\"twitter:label1\" content=\"Estimated reading time\" \/>\n\t<meta name=\"twitter:data1\" content=\"3 minutes\" \/>\n<script type=\"application\/ld+json\" class=\"yoast-schema-graph\">{\"@context\":\"https:\/\/schema.org\",\"@graph\":[{\"@type\":\"WebPage\",\"@id\":\"https:\/\/www.e-rihs.it\/ir-thermography\/\",\"url\":\"https:\/\/www.e-rihs.it\/ir-thermography\/\",\"name\":\"IR Thermography | E-RIHS.it\",\"isPartOf\":{\"@id\":\"https:\/\/www.e-rihs.it\/#website\"},\"datePublished\":\"2020-12-17T10:51:49+00:00\",\"dateModified\":\"2024-07-25T14:33:03+00:00\",\"breadcrumb\":{\"@id\":\"https:\/\/www.e-rihs.it\/ir-thermography\/#breadcrumb\"},\"inLanguage\":\"en-GB\",\"potentialAction\":[{\"@type\":\"ReadAction\",\"target\":[\"https:\/\/www.e-rihs.it\/ir-thermography\/\"]}]},{\"@type\":\"BreadcrumbList\",\"@id\":\"https:\/\/www.e-rihs.it\/ir-thermography\/#breadcrumb\",\"itemListElement\":[{\"@type\":\"ListItem\",\"position\":1,\"name\":\"Home\",\"item\":\"https:\/\/www.e-rihs.it\/\"},{\"@type\":\"ListItem\",\"position\":2,\"name\":\"IR Thermography\"}]},{\"@type\":\"WebSite\",\"@id\":\"https:\/\/www.e-rihs.it\/#website\",\"url\":\"https:\/\/www.e-rihs.it\/\",\"name\":\"E-RIHS.it\",\"description\":\"The Italian node of the European Research Infrastructure for Heritage Science\",\"publisher\":{\"@id\":\"https:\/\/www.e-rihs.it\/#organization\"},\"potentialAction\":[{\"@type\":\"SearchAction\",\"target\":{\"@type\":\"EntryPoint\",\"urlTemplate\":\"https:\/\/www.e-rihs.it\/?s={search_term_string}\"},\"query-input\":{\"@type\":\"PropertyValueSpecification\",\"valueRequired\":true,\"valueName\":\"search_term_string\"}}],\"inLanguage\":\"en-GB\"},{\"@type\":\"Organization\",\"@id\":\"https:\/\/www.e-rihs.it\/#organization\",\"name\":\"The Italian node of the European Research Infrastructure for Heritage Science\",\"url\":\"https:\/\/www.e-rihs.it\/\",\"logo\":{\"@type\":\"ImageObject\",\"inLanguage\":\"en-GB\",\"@id\":\"https:\/\/www.e-rihs.it\/#\/schema\/logo\/image\/\",\"url\":\"https:\/\/www.e-rihs.it\/wp-content\/uploads\/2018\/01\/e-rihsit-logo.png\",\"contentUrl\":\"https:\/\/www.e-rihs.it\/wp-content\/uploads\/2018\/01\/e-rihsit-logo.png\",\"width\":620,\"height\":107,\"caption\":\"The Italian node of the European Research Infrastructure for Heritage Science\"},\"image\":{\"@id\":\"https:\/\/www.e-rihs.it\/#\/schema\/logo\/image\/\"},\"sameAs\":[\"https:\/\/www.facebook.com\/erihsIT\",\"https:\/\/x.com\/ErihsIt\",\"https:\/\/www.youtube.com\/channel\/UC4h0G3wcxmlicWpoLUFmb-Q\"]}]}<\/script>\n<!-- \/ Yoast SEO plugin. -->","yoast_head_json":{"title":"IR Thermography | E-RIHS.it","robots":{"index":"index","follow":"follow","max-snippet":"max-snippet:-1","max-image-preview":"max-image-preview:large","max-video-preview":"max-video-preview:-1"},"canonical":"https:\/\/www.e-rihs.it\/en\/ir-thermography\/","og_locale":"en_GB","og_type":"article","og_title":"IR Thermography | E-RIHS.it","og_description":"LABORATORIO: CNR ISPC\u00a0 &nbsp; NOME STRUMENTO Termocamera IR: FLIR, model B425 &nbsp; INFORMAZIONI GENERALI La termocamera in dotazione \u00e8 uno [&hellip;]","og_url":"https:\/\/www.e-rihs.it\/en\/ir-thermography\/","og_site_name":"E-RIHS.it","article_publisher":"https:\/\/www.facebook.com\/erihsIT","article_modified_time":"2024-07-25T14:33:03+00:00","twitter_card":"summary_large_image","twitter_site":"@ErihsIt","twitter_misc":{"Estimated reading time":"3 minutes"},"schema":{"@context":"https:\/\/schema.org","@graph":[{"@type":"WebPage","@id":"https:\/\/www.e-rihs.it\/ir-thermography\/","url":"https:\/\/www.e-rihs.it\/ir-thermography\/","name":"IR Thermography | E-RIHS.it","isPartOf":{"@id":"https:\/\/www.e-rihs.it\/#website"},"datePublished":"2020-12-17T10:51:49+00:00","dateModified":"2024-07-25T14:33:03+00:00","breadcrumb":{"@id":"https:\/\/www.e-rihs.it\/ir-thermography\/#breadcrumb"},"inLanguage":"en-GB","potentialAction":[{"@type":"ReadAction","target":["https:\/\/www.e-rihs.it\/ir-thermography\/"]}]},{"@type":"BreadcrumbList","@id":"https:\/\/www.e-rihs.it\/ir-thermography\/#breadcrumb","itemListElement":[{"@type":"ListItem","position":1,"name":"Home","item":"https:\/\/www.e-rihs.it\/"},{"@type":"ListItem","position":2,"name":"IR Thermography"}]},{"@type":"WebSite","@id":"https:\/\/www.e-rihs.it\/#website","url":"https:\/\/www.e-rihs.it\/","name":"E-RIHS.it","description":"The Italian node of the European Research Infrastructure for Heritage Science","publisher":{"@id":"https:\/\/www.e-rihs.it\/#organization"},"potentialAction":[{"@type":"SearchAction","target":{"@type":"EntryPoint","urlTemplate":"https:\/\/www.e-rihs.it\/?s={search_term_string}"},"query-input":{"@type":"PropertyValueSpecification","valueRequired":true,"valueName":"search_term_string"}}],"inLanguage":"en-GB"},{"@type":"Organization","@id":"https:\/\/www.e-rihs.it\/#organization","name":"The Italian node of the European Research Infrastructure for Heritage Science","url":"https:\/\/www.e-rihs.it\/","logo":{"@type":"ImageObject","inLanguage":"en-GB","@id":"https:\/\/www.e-rihs.it\/#\/schema\/logo\/image\/","url":"https:\/\/www.e-rihs.it\/wp-content\/uploads\/2018\/01\/e-rihsit-logo.png","contentUrl":"https:\/\/www.e-rihs.it\/wp-content\/uploads\/2018\/01\/e-rihsit-logo.png","width":620,"height":107,"caption":"The Italian node of the European Research Infrastructure for Heritage Science"},"image":{"@id":"https:\/\/www.e-rihs.it\/#\/schema\/logo\/image\/"},"sameAs":["https:\/\/www.facebook.com\/erihsIT","https:\/\/x.com\/ErihsIt","https:\/\/www.youtube.com\/channel\/UC4h0G3wcxmlicWpoLUFmb-Q"]}]}},"_links":{"self":[{"href":"https:\/\/www.e-rihs.it\/en\/wp-json\/wp\/v2\/pages\/3117","targetHints":{"allow":["GET"]}}],"collection":[{"href":"https:\/\/www.e-rihs.it\/en\/wp-json\/wp\/v2\/pages"}],"about":[{"href":"https:\/\/www.e-rihs.it\/en\/wp-json\/wp\/v2\/types\/page"}],"author":[{"embeddable":true,"href":"https:\/\/www.e-rihs.it\/en\/wp-json\/wp\/v2\/users\/17"}],"replies":[{"embeddable":true,"href":"https:\/\/www.e-rihs.it\/en\/wp-json\/wp\/v2\/comments?post=3117"}],"version-history":[{"count":20,"href":"https:\/\/www.e-rihs.it\/en\/wp-json\/wp\/v2\/pages\/3117\/revisions"}],"predecessor-version":[{"id":7792,"href":"https:\/\/www.e-rihs.it\/en\/wp-json\/wp\/v2\/pages\/3117\/revisions\/7792"}],"wp:attachment":[{"href":"https:\/\/www.e-rihs.it\/en\/wp-json\/wp\/v2\/media?parent=3117"}],"curies":[{"name":"wp","href":"https:\/\/api.w.org\/{rel}","templated":true}]}}