{"id":3073,"date":"2020-12-17T10:47:15","date_gmt":"2020-12-17T09:47:15","guid":{"rendered":"http:\/\/www.e-rihs.it\/?page_id=3073"},"modified":"2024-05-07T12:28:29","modified_gmt":"2024-05-07T11:28:29","slug":"micro-xrf-mapping","status":"publish","type":"page","link":"https:\/\/www.e-rihs.it\/en\/micro-xrf-mapping\/","title":{"rendered":"Micro XRF mapping"},"content":{"rendered":"<p>[et_pb_section fb_built=&#8221;1&#8243; _builder_version=&#8221;4.7.7&#8243; _module_preset=&#8221;default&#8221;][et_pb_row column_structure=&#8221;2_5,3_5&#8243; _builder_version=&#8221;4.7.7&#8243; _module_preset=&#8221;default&#8221; hover_enabled=&#8221;0&#8243; sticky_enabled=&#8221;0&#8243;][et_pb_column type=&#8221;2_5&#8243; _builder_version=&#8221;4.7.7&#8243; _module_preset=&#8221;default&#8221;][et_pb_image src=&#8221;http:\/\/www.e-rihs.it\/wp-content\/uploads\/2022\/03\/micro-XRF-mapping.jpg&#8221; title_text=&#8221;micro XRF mapping&#8221; _builder_version=&#8221;4.7.7&#8243; _module_preset=&#8221;default&#8221;][\/et_pb_image][\/et_pb_column][et_pb_column type=&#8221;3_5&#8243; _builder_version=&#8221;4.7.7&#8243; _module_preset=&#8221;default&#8221;][et_pb_text _builder_version=&#8221;4.7.7&#8243; _module_preset=&#8221;default&#8221;]<\/p>\n<p><strong>LABORATORIO: CNR ISPC<\/strong><\/p>\n<p><strong>\u00a0<\/strong><\/p>\n<p><strong>NOME STRUMENTO <\/strong><\/p>\n<p>Scanner MICRO-XRF sviluppato presso il laboratorio XRAYLab di CNR ISPC<\/p>\n<p>&nbsp;<\/p>\n<p><strong>INFORMAZIONI GENERALI<\/strong><\/p>\n<p>La micro-XRF mapping \u00e8 una tecnica analitica non-distruttiva basata sulla scansione della superficie del campione impiegando un fascio di raggi X fortemente focalizzato sulla scala micrometrica che fornisce le immagini delle distribuzioni elementali con elevata risoluzione laterale.<\/p>\n<p>La tecnica micro-XRF \u00e8 non distruttiva, pu\u00f2 essere applicata in situ ed \u00e8 indicata per tutte quelle applicazioni in cui l\u2019analisi elementale di materiali (tipicamente inorganici) \u00e8 rivolta a studi di provenienza (ricerca di inclusioni caratterizzanti), natura dei materiali e loro stato di conservazione (ricerca delle associazioni chimiche elementali), tecnica di produzione o processo artistico. Ad esempio, la tecnica pu\u00f2 essere impiegata nella ricerca di inclusi dei metalli del platino (PGM) in oggetti archeologici in oro nativo o, vista l\u2019elevata risoluzione spaziale, per gli studi della dinamica delle pennellate di un artista in una composizione pittorica.<\/p>\n<p>La tecnica micro-XRF di ISPC si basa sull\u2019irraggiamento della superficie del campione operando una scansione continua con velocit\u00e0 fino a 50mm\/sec con un fascio primario di raggi X avente dimensioni dell\u2019ordine di 10 micron su un\u2019area di 50&#215;50 cm<sup>2<\/sup>. Viste le dimensioni dell\u2019area di scansione, per la prima volta la tecnica micro-XRF pu\u00f2 essere applicata in situ anche su contesti macroscopici. La fluorescenza a raggi X emessa dalle specie atomiche di cui \u00e8 composto il campione viene opportunamente rivelata in funzione della posizione da un sistema multi-rivelatore (fino a 6 elementi) che consente di operare con grande efficienza e, conseguentemente, con tempi di permanenza per pixel dell\u2019ordine del ms. Tale caratteristica riduce drasticamente i tempi di misura. Le indagini sono video guidate da un microscopio ottico ad alta risoluzione e le immagini delle distribuzioni elementali nei campioni in studio vengono fornite ed elaborate in tempo reale, gi\u00e0 durante la misura.<\/p>\n<p>Pssono essere indagati tutti i materiali di natura inorganica. Casi ottimali di applicazione sono: opere pittoriche su qualsiasi supporto anche di grandi dimensioni, metalli (anche piccoli oggetti decorati o incisi), ceramica dipinta o invetriata, materiale mineralogico o petrografico, etc.<\/p>\n<p>&nbsp;<\/p>\n<p><strong>DETTAGLI TECNICI<\/strong><\/p>\n<p>Lo scanner mobile micro-XRF sviluppato presso il laboratorio XRAYLab di CNR-ISPC \u00e8 un sistema meccatronico operante in tecnologia real-time. Il sistema consta di una testa di misura spettrometrica equipaggiata con tubo a raggi X microfocus con anodo di Mo da 30W accoppiato ad un\u2019ottica policapillare focalizzante. Una seconda sorgente primaria di raggi X con anodo di Cr pu\u00f2 essere alternata a quella di Rh per una migliore acquisizione delle immagini degli elementi chimici con righe spettroscopiche nella regione di bassa energia. Inoltre, l\u2019uso combinato delle due sorgenti permette di separare le distribuzioni di uno stesso elemento chimico presente a diverse profondit\u00e0 stratigrafiche dell\u2019opera. La fluorescenza X indotta dalla radiazione primaria \u00e8 rivelata in modalit\u00e0 evento da un sistema multi-rivelatore che contiene fino a 6 elementi SDD da 50mm<sup>2<\/sup> e risoluzione energetica &lt;130eV a 5.9 keV, che operano in parallelo. La testa spettrometrica \u00e8 montata su un sistema a 3 assi (XYZ) con corsa 50x50x20cm<sup>3<\/sup> che permette di operare la scansione in modalit\u00e0 continua ad alta velocit\u00e0 (fino a 50 mm\/sec) e con un tempo di permanenza per pixel fino a 1msec.<\/p>\n<p>Il sistema \u00e8 dotato di una CPU centrale per il controllo dei parametri operativi di misura e dei sistemi di scurezza. La CPU gestisce: la sequenza di scansione; regola automaticamente i parametri della sorgente X e dei rivelatori per evitare degrado del tempo morto e risoluzione energetica negli spettri XRF dei singoli pixel; gestisce un interferometro laser a 750 frames\/sec per la correzione dinamica della distanza di misura, in modo da evitare urti accidentali dello scanner con l\u2019opera in esame; conserva le coordinate di scansione in modo da riprendere le analisi dalla stessa posizione in caso di pause prolungate o di fermo del sistema (ad es. pause notturne). Inoltre, la CPU opera l\u2019analisi dinamica degli spettri-pixel applicando un\u2019accurata procedura di fit e fornendo le immagini elementali in real-time senza artefatti. Il sistema a scansione \u00e8 anche fornito di un software per l\u2019analisi real-time delle immagini attraverso il quale \u00e8 possibile effettuare la correlazione delle immagini (RGB), applicare strumenti logici-matematici, applicare analisi statistiche (ad es. PCA, ICA e NNMF), generare scatter-plot ed esportare singoli spettri XRF selezionando una qualunque area (ROI) dell\u2019immagine. Lo scanner \u00e8 assemblabile in due diverse configurazioni della testa spettrometrica consentendo di analizzare ampie superfici che possono essere posizionate sia in posizione verticale che orizzontale.<\/p>\n<p>&nbsp;<\/p>\n<p>Referente:<br \/> Paolo Romano <span><a href=\"mailto:francescopaolo.romano@cnr.it\">francescopaolo.romano@cnr.it<\/a><\/span><\/p>\n<p>&nbsp;<\/p>\n<p><a href=\"http:\/\/www.e-rihs.it\/wp-content\/uploads\/2022\/03\/MOLAB_MicroXRF_MAPPING_ita.pdf\" rel=\"attachment wp-att-5255\">Scarica la scheda completa<\/a><\/p>\n<p>&nbsp;<\/p>\n<p><span><\/span><\/p>\n<p>[\/et_pb_text][\/et_pb_column][\/et_pb_row][\/et_pb_section]<\/p>\n","protected":false},"excerpt":{"rendered":"<p>LABORATORIO: CNR ISPC \u00a0 NOME STRUMENTO Scanner MICRO-XRF sviluppato presso il laboratorio XRAYLab di CNR ISPC &nbsp; INFORMAZIONI GENERALI La [&hellip;]<\/p>\n","protected":false},"author":17,"featured_media":0,"parent":0,"menu_order":0,"comment_status":"closed","ping_status":"closed","template":"","meta":{"_et_pb_use_builder":"on","_et_pb_old_content":"","_et_gb_content_width":"","footnotes":""},"class_list":["post-3073","page","type-page","status-publish","hentry"],"yoast_head":"<!-- This site is optimized with the Yoast SEO plugin v27.4 - https:\/\/yoast.com\/product\/yoast-seo-wordpress\/ -->\n<title>Micro XRF mapping | E-RIHS.it<\/title>\n<meta name=\"robots\" content=\"index, follow, max-snippet:-1, max-image-preview:large, max-video-preview:-1\" \/>\n<link rel=\"canonical\" href=\"https:\/\/www.e-rihs.it\/en\/micro-xrf-mapping\/\" \/>\n<meta property=\"og:locale\" content=\"en_GB\" \/>\n<meta property=\"og:type\" content=\"article\" \/>\n<meta property=\"og:title\" content=\"Micro XRF mapping | E-RIHS.it\" \/>\n<meta property=\"og:description\" content=\"LABORATORIO: CNR ISPC \u00a0 NOME STRUMENTO Scanner MICRO-XRF sviluppato presso il laboratorio XRAYLab di CNR ISPC &nbsp; INFORMAZIONI GENERALI La [&hellip;]\" \/>\n<meta property=\"og:url\" content=\"https:\/\/www.e-rihs.it\/en\/micro-xrf-mapping\/\" \/>\n<meta property=\"og:site_name\" content=\"E-RIHS.it\" \/>\n<meta property=\"article:publisher\" content=\"https:\/\/www.facebook.com\/erihsIT\" \/>\n<meta property=\"article:modified_time\" content=\"2024-05-07T11:28:29+00:00\" \/>\n<meta name=\"twitter:card\" content=\"summary_large_image\" \/>\n<meta name=\"twitter:site\" content=\"@ErihsIt\" \/>\n<meta name=\"twitter:label1\" content=\"Estimated reading time\" \/>\n\t<meta name=\"twitter:data1\" content=\"4 minutes\" \/>\n<script type=\"application\/ld+json\" class=\"yoast-schema-graph\">{\"@context\":\"https:\\\/\\\/schema.org\",\"@graph\":[{\"@type\":\"WebPage\",\"@id\":\"https:\\\/\\\/www.e-rihs.it\\\/micro-xrf-mapping\\\/\",\"url\":\"https:\\\/\\\/www.e-rihs.it\\\/micro-xrf-mapping\\\/\",\"name\":\"Micro XRF mapping | E-RIHS.it\",\"isPartOf\":{\"@id\":\"https:\\\/\\\/www.e-rihs.it\\\/#website\"},\"datePublished\":\"2020-12-17T09:47:15+00:00\",\"dateModified\":\"2024-05-07T11:28:29+00:00\",\"breadcrumb\":{\"@id\":\"https:\\\/\\\/www.e-rihs.it\\\/micro-xrf-mapping\\\/#breadcrumb\"},\"inLanguage\":\"en-GB\",\"potentialAction\":[{\"@type\":\"ReadAction\",\"target\":[\"https:\\\/\\\/www.e-rihs.it\\\/micro-xrf-mapping\\\/\"]}]},{\"@type\":\"BreadcrumbList\",\"@id\":\"https:\\\/\\\/www.e-rihs.it\\\/micro-xrf-mapping\\\/#breadcrumb\",\"itemListElement\":[{\"@type\":\"ListItem\",\"position\":1,\"name\":\"Home\",\"item\":\"https:\\\/\\\/www.e-rihs.it\\\/\"},{\"@type\":\"ListItem\",\"position\":2,\"name\":\"Micro XRF mapping\"}]},{\"@type\":\"WebSite\",\"@id\":\"https:\\\/\\\/www.e-rihs.it\\\/#website\",\"url\":\"https:\\\/\\\/www.e-rihs.it\\\/\",\"name\":\"E-RIHS.it\",\"description\":\"The Italian node of the European Research Infrastructure for Heritage Science\",\"publisher\":{\"@id\":\"https:\\\/\\\/www.e-rihs.it\\\/#organization\"},\"potentialAction\":[{\"@type\":\"SearchAction\",\"target\":{\"@type\":\"EntryPoint\",\"urlTemplate\":\"https:\\\/\\\/www.e-rihs.it\\\/?s={search_term_string}\"},\"query-input\":{\"@type\":\"PropertyValueSpecification\",\"valueRequired\":true,\"valueName\":\"search_term_string\"}}],\"inLanguage\":\"en-GB\"},{\"@type\":\"Organization\",\"@id\":\"https:\\\/\\\/www.e-rihs.it\\\/#organization\",\"name\":\"The Italian node of the European Research Infrastructure for Heritage Science\",\"url\":\"https:\\\/\\\/www.e-rihs.it\\\/\",\"logo\":{\"@type\":\"ImageObject\",\"inLanguage\":\"en-GB\",\"@id\":\"https:\\\/\\\/www.e-rihs.it\\\/#\\\/schema\\\/logo\\\/image\\\/\",\"url\":\"https:\\\/\\\/www.e-rihs.it\\\/wp-content\\\/uploads\\\/2018\\\/01\\\/e-rihsit-logo.png\",\"contentUrl\":\"https:\\\/\\\/www.e-rihs.it\\\/wp-content\\\/uploads\\\/2018\\\/01\\\/e-rihsit-logo.png\",\"width\":620,\"height\":107,\"caption\":\"The Italian node of the European Research Infrastructure for Heritage Science\"},\"image\":{\"@id\":\"https:\\\/\\\/www.e-rihs.it\\\/#\\\/schema\\\/logo\\\/image\\\/\"},\"sameAs\":[\"https:\\\/\\\/www.facebook.com\\\/erihsIT\",\"https:\\\/\\\/x.com\\\/ErihsIt\",\"https:\\\/\\\/www.youtube.com\\\/channel\\\/UC4h0G3wcxmlicWpoLUFmb-Q\"]}]}<\/script>\n<!-- \/ Yoast SEO plugin. -->","yoast_head_json":{"title":"Micro XRF mapping | E-RIHS.it","robots":{"index":"index","follow":"follow","max-snippet":"max-snippet:-1","max-image-preview":"max-image-preview:large","max-video-preview":"max-video-preview:-1"},"canonical":"https:\/\/www.e-rihs.it\/en\/micro-xrf-mapping\/","og_locale":"en_GB","og_type":"article","og_title":"Micro XRF mapping | E-RIHS.it","og_description":"LABORATORIO: CNR ISPC \u00a0 NOME STRUMENTO Scanner MICRO-XRF sviluppato presso il laboratorio XRAYLab di CNR ISPC &nbsp; INFORMAZIONI GENERALI La [&hellip;]","og_url":"https:\/\/www.e-rihs.it\/en\/micro-xrf-mapping\/","og_site_name":"E-RIHS.it","article_publisher":"https:\/\/www.facebook.com\/erihsIT","article_modified_time":"2024-05-07T11:28:29+00:00","twitter_card":"summary_large_image","twitter_site":"@ErihsIt","twitter_misc":{"Estimated reading time":"4 minutes"},"schema":{"@context":"https:\/\/schema.org","@graph":[{"@type":"WebPage","@id":"https:\/\/www.e-rihs.it\/micro-xrf-mapping\/","url":"https:\/\/www.e-rihs.it\/micro-xrf-mapping\/","name":"Micro XRF mapping | E-RIHS.it","isPartOf":{"@id":"https:\/\/www.e-rihs.it\/#website"},"datePublished":"2020-12-17T09:47:15+00:00","dateModified":"2024-05-07T11:28:29+00:00","breadcrumb":{"@id":"https:\/\/www.e-rihs.it\/micro-xrf-mapping\/#breadcrumb"},"inLanguage":"en-GB","potentialAction":[{"@type":"ReadAction","target":["https:\/\/www.e-rihs.it\/micro-xrf-mapping\/"]}]},{"@type":"BreadcrumbList","@id":"https:\/\/www.e-rihs.it\/micro-xrf-mapping\/#breadcrumb","itemListElement":[{"@type":"ListItem","position":1,"name":"Home","item":"https:\/\/www.e-rihs.it\/"},{"@type":"ListItem","position":2,"name":"Micro XRF mapping"}]},{"@type":"WebSite","@id":"https:\/\/www.e-rihs.it\/#website","url":"https:\/\/www.e-rihs.it\/","name":"E-RIHS.it","description":"The Italian node of the European Research Infrastructure for Heritage Science","publisher":{"@id":"https:\/\/www.e-rihs.it\/#organization"},"potentialAction":[{"@type":"SearchAction","target":{"@type":"EntryPoint","urlTemplate":"https:\/\/www.e-rihs.it\/?s={search_term_string}"},"query-input":{"@type":"PropertyValueSpecification","valueRequired":true,"valueName":"search_term_string"}}],"inLanguage":"en-GB"},{"@type":"Organization","@id":"https:\/\/www.e-rihs.it\/#organization","name":"The Italian node of the European Research Infrastructure for Heritage Science","url":"https:\/\/www.e-rihs.it\/","logo":{"@type":"ImageObject","inLanguage":"en-GB","@id":"https:\/\/www.e-rihs.it\/#\/schema\/logo\/image\/","url":"https:\/\/www.e-rihs.it\/wp-content\/uploads\/2018\/01\/e-rihsit-logo.png","contentUrl":"https:\/\/www.e-rihs.it\/wp-content\/uploads\/2018\/01\/e-rihsit-logo.png","width":620,"height":107,"caption":"The Italian node of the European Research Infrastructure for Heritage Science"},"image":{"@id":"https:\/\/www.e-rihs.it\/#\/schema\/logo\/image\/"},"sameAs":["https:\/\/www.facebook.com\/erihsIT","https:\/\/x.com\/ErihsIt","https:\/\/www.youtube.com\/channel\/UC4h0G3wcxmlicWpoLUFmb-Q"]}]}},"_links":{"self":[{"href":"https:\/\/www.e-rihs.it\/en\/wp-json\/wp\/v2\/pages\/3073","targetHints":{"allow":["GET"]}}],"collection":[{"href":"https:\/\/www.e-rihs.it\/en\/wp-json\/wp\/v2\/pages"}],"about":[{"href":"https:\/\/www.e-rihs.it\/en\/wp-json\/wp\/v2\/types\/page"}],"author":[{"embeddable":true,"href":"https:\/\/www.e-rihs.it\/en\/wp-json\/wp\/v2\/users\/17"}],"replies":[{"embeddable":true,"href":"https:\/\/www.e-rihs.it\/en\/wp-json\/wp\/v2\/comments?post=3073"}],"version-history":[{"count":15,"href":"https:\/\/www.e-rihs.it\/en\/wp-json\/wp\/v2\/pages\/3073\/revisions"}],"predecessor-version":[{"id":7537,"href":"https:\/\/www.e-rihs.it\/en\/wp-json\/wp\/v2\/pages\/3073\/revisions\/7537"}],"wp:attachment":[{"href":"https:\/\/www.e-rihs.it\/en\/wp-json\/wp\/v2\/media?parent=3073"}],"curies":[{"name":"wp","href":"https:\/\/api.w.org\/{rel}","templated":true}]}}