{"id":3007,"date":"2020-12-17T09:30:33","date_gmt":"2020-12-17T08:30:33","guid":{"rendered":"http:\/\/www.e-rihs.it\/?page_id=3007"},"modified":"2024-05-07T12:09:23","modified_gmt":"2024-05-07T11:09:23","slug":"uv-vis-nir-reflectance-2","status":"publish","type":"page","link":"https:\/\/www.e-rihs.it\/en\/uv-vis-nir-reflectance-2\/","title":{"rendered":"UV-Vis-NIR reflectance"},"content":{"rendered":"<p>[et_pb_section fb_built=&#8221;1&#8243; _builder_version=&#8221;4.7.7&#8243; _module_preset=&#8221;default&#8221;][et_pb_row column_structure=&#8221;2_5,3_5&#8243; _builder_version=&#8221;4.7.7&#8243; _module_preset=&#8221;default&#8221; hover_enabled=&#8221;0&#8243; sticky_enabled=&#8221;0&#8243;][et_pb_column type=&#8221;2_5&#8243; _builder_version=&#8221;4.7.7&#8243; _module_preset=&#8221;default&#8221;][et_pb_image src=&#8221;http:\/\/www.e-rihs.it\/wp-content\/uploads\/2023\/01\/VIS-NIR-Reflectance_Codice-Cospi.jpg&#8221; title_text=&#8221;VIS NIR Reflectance_Codice Cospi&#8221; _builder_version=&#8221;4.7.7&#8243; _module_preset=&#8221;default&#8221;][\/et_pb_image][\/et_pb_column][et_pb_column type=&#8221;3_5&#8243; _builder_version=&#8221;4.7.7&#8243; _module_preset=&#8221;default&#8221;][et_pb_text _builder_version=&#8221;4.7.7&#8243; _module_preset=&#8221;default&#8221;]<\/p>\n<p><strong>LABORATORI: SMAArt-UNIPG\u00a0<\/strong><\/p>\n<p><strong><\/strong><\/p>\n<p><strong>NOME STRUMENTO<\/strong><\/p>\n<p>Sistema spettroscopico integrato per Riflettanza e Fluorescenza UV-VIS-NIR (prototipo)<\/p>\n<p><strong>\u00a0<\/strong><\/p>\n<p><strong>INFORMAZIONI GENERALI<\/strong><\/p>\n<p>Le spettroscopie di riflettanza e fluorescenza UV-VIS-NIR <em>in situ <\/em>sono diventate, negli ultimi anni, una tecnica non invasiva efficace per l&#8217;identificazione di diversi materiali organici e inorganici utilizzati nella produzione di oggetti d&#8217;arte come dipinti, manoscritti, tessuti, ecc. A tal fine, le misure di fluorescenza sono particolarmente indicate per la caratterizzazione di coloranti organici e pigmenti luminescenti come, ad esempio, l&#8217;ossido di zinco, i pigmenti a base di cadmio ed il Blu Egizio. Inoltre, fluorofori diversi con spettri di emissione simile possono essere talvolta separati e riconosciuti sulla base del loro tempo di vita di emissione.<\/p>\n<p>&nbsp;<\/p>\n<p><strong>DETTAGLI TECNICI<\/strong><\/p>\n<p>Il prototipo strumentale portatile \u00e8 composto da diverse sorgenti luminose: una lampada deuterio- alogena compatta per le misure di riflettanza; laser a stato solido e diodi laser per le misure di fluorescenza in stato stazionario; Diodi e LED pulsati per misure di tempi di vita di emissione nell\u2019intervallo temporale dai ns ai ms.<\/p>\n<p>Le sorgenti sono accoppiate con spettrometri CCD ad alta sensibilit\u00e0 che lavorano nell\u2019intervallo spettrale UV-VIS-NIR e che permettono di acquisire spettri di riflettanza tra 200-1600 nm e spettri di luminescenza nell&#8217;intervallo 300-1600 nm. I tempi di vita possono essere misurati per le specie che emettono nell&#8217;intervallo spettrale 350-850 nm.<\/p>\n<p>Un sistema in fibra ottica dedicato consente di effettuare misure su qualsiasi superficie con una risoluzione spaziale inferiore a 2 mm<sup>2<\/sup>.<\/p>\n<p>&nbsp;<\/p>\n<p>Referenti:<\/p>\n<p>Aldo Romani <a href=\"mailto:aldo.romani@unipg.it\">aldo.romani@unipg.it<\/a><\/p>\n<p>&nbsp;<\/p>\n<p><a href=\"http:\/\/www.e-rihs.it\/wp-content\/uploads\/2024\/04\/MOLAB_SMAArt_UV-VIS-NIR_REFLECTANCE_ita.pdf\" rel=\"attachment wp-att-7063\">Scarica la scheda completa<\/a><\/p>\n<p>[\/et_pb_text][\/et_pb_column][\/et_pb_row][et_pb_row column_structure=&#8221;1_3,2_3&#8243; _builder_version=&#8221;4.7.7&#8243; _module_preset=&#8221;default&#8221;][et_pb_column type=&#8221;1_3&#8243; _builder_version=&#8221;4.7.7&#8243; _module_preset=&#8221;default&#8221;][et_pb_image src=&#8221;http:\/\/www.e-rihs.it\/wp-content\/uploads\/2024\/04\/CNR-SCITEC_uv-vis-nir-reflectance.jpg&#8221; title_text=&#8221;CNR SCITEC_uv-vis-nir-reflectance&#8221; _builder_version=&#8221;4.7.7&#8243; _module_preset=&#8221;default&#8221;][\/et_pb_image][\/et_pb_column][et_pb_column type=&#8221;2_3&#8243; _builder_version=&#8221;4.7.7&#8243; _module_preset=&#8221;default&#8221;][et_pb_text _builder_version=&#8221;4.7.7&#8243; _module_preset=&#8221;default&#8221;]<\/p>\n<p><strong>LABORATORIO:\u00a0<\/strong><strong>CNR-SCITEC<\/strong><\/p>\n<p><strong><\/strong><\/p>\n<p><strong>NOME STRUMENTO<\/strong><\/p>\n<p>Spettrometro ad alta risoluzione ASD FieldSpec\u00ae 4 Hi-Res (350-2500 nm)<\/p>\n<p><strong>\u00a0<\/strong><\/p>\n<p><strong>INFORMAZIONI GENERALI<\/strong><\/p>\n<p>La spettroscopia di riflettanza nella finestra spettrale UV-VIS-NIR \u00e8 ampiamente utilizzata come tecnica portatile e non invasiva per l&#8217;identificazione di diversi materiali organici e inorganici utilizzati nella produzione di oggetti d&#8217;arte come dipinti, manoscritti, tessuti, ecc. Sfruttando gli assorbimenti dovute alle transizioni elettroniche e vibrazionali in corrispondenza dell\u2019ampia finestra spettrale che va dal visibile fino allo SWIR (400-2500 nm) \u00e8 possibile identificare la maggior parte dei pigmenti e caratterizzare numerosi materiali organici.<\/p>\n<p>&nbsp;<\/p>\n<p><strong>DETTAGLI TECNICI<\/strong><\/p>\n<p>Lo strumento \u00e8 costituito da tre detector: un array composto da 512 elementi al silicio che copre \u00a0\u00a0\u00a0\u00a0l\u2019intervallo spettrale 350-1000 nm, e due fotodiodi InGaAs per l\u2019intervallo spettrale 1000-1800 nm \u00a0e 1800-2500 nm. La risoluzione spettrale dello strumento \u00e8 di 3 nm nel campo del VNIR (350-1000 nm) e di 10 nm nel campo dello SWIR (1000-2500 nm). Uno spettro completo pu\u00f2 essere acquisito in 0.1 secondi.<\/p>\n<p>Lo strumento \u00e8 fornito di una fibra ottica lunga 1 m direttamente connessa allo spettrofotometro con FOV di 25\u00b0. Utilizzando una illuminazione esterna costituita da una lampada al quarzo-tungsteno da 12V con raffreddamento ventilato (posta a 45\u00b0 rispetto alla superficie) e la fibra permanente (posta perpendicolarmente alla superficie), si possono effettuare misure con geometria CIE 45\/0. La risoluzione laterale in questo assetto \u00e8 dettata dalla distanza di lavoro: indicativamente, l\u2019area di misura \u00e8 circa la met\u00e0 della distanza di lavoro. Alternativamente, lo strumento \u00e8 dotato di due sistemi di fibre ottiche biforcate (con grande e piccolo diametro) che possono essere collegate alla fibra permanente e ad una sorgente esterna con potenza nominale 12VDC, 30W. La sonda a fibre ottiche biforcate di grande diametro (<em>large diameter reflectance probe<\/em>), \u00e8 costituita da 156 fibre (nucleo 200 micron), 78 fibre per la sorgente di eccitazione e 78 per la raccolta della luce riflessa, l\u2019estremit\u00e0 d\u2019acciaio inossidabile ha un diametro di 6,3 mm. La fibra a largo diametro pu\u00f2 essere utilizzata con una sonda di raccolta per luce diffusa a circa 20\u00b0. La sonda a fibre ottiche biforcate di piccolo diametro (<em>small diameter reflectance probe<\/em>) \u00e8 costituita invece da 6 fibre di illuminazione (600 micron) che circondano una singola fibra di raccolta (600 micron), l\u2019estremit\u00e0 d\u2019acciaio inossidabile ha un diametro di 3,1mm.<\/p>\n<p>Lo SpectralonTM viene impiegato per la calibrazione del bianco. RS3 Software Package \u00e8 utilizzato per l\u2019acquisizione dei dati. Lo strumento \u00e8 compatto ed equipaggiato con zaino e batterie per condurre misure in piedi in autonomia.<\/p>\n<p>&nbsp;<\/p>\n<p>Referente:<\/p>\n<p>Francesca Rosi <a href=\"mailto:francesca.rosi@cnr.it\">francesca.rosi@cnr.it<\/a><\/p>\n<p>&nbsp;<\/p>\n<p><a href=\"http:\/\/www.e-rihs.it\/wp-content\/uploads\/2024\/04\/MOLAB_SCITEC_UV-VIS-NIR_REFLECTANCE_ita.pdf\" rel=\"attachment wp-att-7065\">Scarica la scheda completa<\/a><\/p>\n<p>[\/et_pb_text][\/et_pb_column][\/et_pb_row][\/et_pb_section]<\/p>\n","protected":false},"excerpt":{"rendered":"<p>LABORATORI: SMAArt-UNIPG\u00a0 NOME STRUMENTO Sistema spettroscopico integrato per Riflettanza e Fluorescenza UV-VIS-NIR (prototipo) \u00a0 INFORMAZIONI GENERALI Le spettroscopie di riflettanza [&hellip;]<\/p>\n","protected":false},"author":17,"featured_media":0,"parent":0,"menu_order":0,"comment_status":"closed","ping_status":"closed","template":"","meta":{"_et_pb_use_builder":"on","_et_pb_old_content":"","_et_gb_content_width":"","footnotes":""},"class_list":["post-3007","page","type-page","status-publish","hentry"],"yoast_head":"<!-- This site is optimized with the Yoast SEO plugin v27.4 - https:\/\/yoast.com\/product\/yoast-seo-wordpress\/ -->\n<title>UV-Vis-NIR reflectance | E-RIHS.it<\/title>\n<meta name=\"robots\" content=\"index, follow, max-snippet:-1, max-image-preview:large, max-video-preview:-1\" \/>\n<link rel=\"canonical\" href=\"https:\/\/www.e-rihs.it\/en\/uv-vis-nir-reflectance-2\/\" \/>\n<meta property=\"og:locale\" content=\"en_GB\" \/>\n<meta property=\"og:type\" content=\"article\" \/>\n<meta property=\"og:title\" content=\"UV-Vis-NIR reflectance | E-RIHS.it\" \/>\n<meta property=\"og:description\" content=\"LABORATORI: SMAArt-UNIPG\u00a0 NOME STRUMENTO Sistema spettroscopico integrato per Riflettanza e Fluorescenza UV-VIS-NIR (prototipo) \u00a0 INFORMAZIONI GENERALI Le spettroscopie di riflettanza [&hellip;]\" \/>\n<meta property=\"og:url\" content=\"https:\/\/www.e-rihs.it\/en\/uv-vis-nir-reflectance-2\/\" \/>\n<meta property=\"og:site_name\" content=\"E-RIHS.it\" \/>\n<meta property=\"article:publisher\" content=\"https:\/\/www.facebook.com\/erihsIT\" \/>\n<meta property=\"article:modified_time\" content=\"2024-05-07T11:09:23+00:00\" \/>\n<meta name=\"twitter:card\" content=\"summary_large_image\" \/>\n<meta name=\"twitter:site\" content=\"@ErihsIt\" \/>\n<meta name=\"twitter:label1\" content=\"Estimated reading time\" \/>\n\t<meta name=\"twitter:data1\" content=\"4 minutes\" \/>\n<script type=\"application\/ld+json\" class=\"yoast-schema-graph\">{\"@context\":\"https:\\\/\\\/schema.org\",\"@graph\":[{\"@type\":\"WebPage\",\"@id\":\"https:\\\/\\\/www.e-rihs.it\\\/uv-vis-nir-reflectance-2\\\/\",\"url\":\"https:\\\/\\\/www.e-rihs.it\\\/uv-vis-nir-reflectance-2\\\/\",\"name\":\"UV-Vis-NIR reflectance | E-RIHS.it\",\"isPartOf\":{\"@id\":\"https:\\\/\\\/www.e-rihs.it\\\/#website\"},\"datePublished\":\"2020-12-17T08:30:33+00:00\",\"dateModified\":\"2024-05-07T11:09:23+00:00\",\"breadcrumb\":{\"@id\":\"https:\\\/\\\/www.e-rihs.it\\\/uv-vis-nir-reflectance-2\\\/#breadcrumb\"},\"inLanguage\":\"en-GB\",\"potentialAction\":[{\"@type\":\"ReadAction\",\"target\":[\"https:\\\/\\\/www.e-rihs.it\\\/uv-vis-nir-reflectance-2\\\/\"]}]},{\"@type\":\"BreadcrumbList\",\"@id\":\"https:\\\/\\\/www.e-rihs.it\\\/uv-vis-nir-reflectance-2\\\/#breadcrumb\",\"itemListElement\":[{\"@type\":\"ListItem\",\"position\":1,\"name\":\"Home\",\"item\":\"https:\\\/\\\/www.e-rihs.it\\\/\"},{\"@type\":\"ListItem\",\"position\":2,\"name\":\"UV-Vis-NIR reflectance\"}]},{\"@type\":\"WebSite\",\"@id\":\"https:\\\/\\\/www.e-rihs.it\\\/#website\",\"url\":\"https:\\\/\\\/www.e-rihs.it\\\/\",\"name\":\"E-RIHS.it\",\"description\":\"The Italian node of the European Research Infrastructure for Heritage Science\",\"publisher\":{\"@id\":\"https:\\\/\\\/www.e-rihs.it\\\/#organization\"},\"potentialAction\":[{\"@type\":\"SearchAction\",\"target\":{\"@type\":\"EntryPoint\",\"urlTemplate\":\"https:\\\/\\\/www.e-rihs.it\\\/?s={search_term_string}\"},\"query-input\":{\"@type\":\"PropertyValueSpecification\",\"valueRequired\":true,\"valueName\":\"search_term_string\"}}],\"inLanguage\":\"en-GB\"},{\"@type\":\"Organization\",\"@id\":\"https:\\\/\\\/www.e-rihs.it\\\/#organization\",\"name\":\"The Italian node of the European Research Infrastructure for Heritage Science\",\"url\":\"https:\\\/\\\/www.e-rihs.it\\\/\",\"logo\":{\"@type\":\"ImageObject\",\"inLanguage\":\"en-GB\",\"@id\":\"https:\\\/\\\/www.e-rihs.it\\\/#\\\/schema\\\/logo\\\/image\\\/\",\"url\":\"https:\\\/\\\/www.e-rihs.it\\\/wp-content\\\/uploads\\\/2018\\\/01\\\/e-rihsit-logo.png\",\"contentUrl\":\"https:\\\/\\\/www.e-rihs.it\\\/wp-content\\\/uploads\\\/2018\\\/01\\\/e-rihsit-logo.png\",\"width\":620,\"height\":107,\"caption\":\"The Italian node of the European Research Infrastructure for Heritage Science\"},\"image\":{\"@id\":\"https:\\\/\\\/www.e-rihs.it\\\/#\\\/schema\\\/logo\\\/image\\\/\"},\"sameAs\":[\"https:\\\/\\\/www.facebook.com\\\/erihsIT\",\"https:\\\/\\\/x.com\\\/ErihsIt\",\"https:\\\/\\\/www.youtube.com\\\/channel\\\/UC4h0G3wcxmlicWpoLUFmb-Q\"]}]}<\/script>\n<!-- \/ Yoast SEO plugin. -->","yoast_head_json":{"title":"UV-Vis-NIR reflectance | E-RIHS.it","robots":{"index":"index","follow":"follow","max-snippet":"max-snippet:-1","max-image-preview":"max-image-preview:large","max-video-preview":"max-video-preview:-1"},"canonical":"https:\/\/www.e-rihs.it\/en\/uv-vis-nir-reflectance-2\/","og_locale":"en_GB","og_type":"article","og_title":"UV-Vis-NIR reflectance | E-RIHS.it","og_description":"LABORATORI: SMAArt-UNIPG\u00a0 NOME STRUMENTO Sistema spettroscopico integrato per Riflettanza e Fluorescenza UV-VIS-NIR (prototipo) \u00a0 INFORMAZIONI GENERALI Le spettroscopie di riflettanza [&hellip;]","og_url":"https:\/\/www.e-rihs.it\/en\/uv-vis-nir-reflectance-2\/","og_site_name":"E-RIHS.it","article_publisher":"https:\/\/www.facebook.com\/erihsIT","article_modified_time":"2024-05-07T11:09:23+00:00","twitter_card":"summary_large_image","twitter_site":"@ErihsIt","twitter_misc":{"Estimated reading time":"4 minutes"},"schema":{"@context":"https:\/\/schema.org","@graph":[{"@type":"WebPage","@id":"https:\/\/www.e-rihs.it\/uv-vis-nir-reflectance-2\/","url":"https:\/\/www.e-rihs.it\/uv-vis-nir-reflectance-2\/","name":"UV-Vis-NIR reflectance | E-RIHS.it","isPartOf":{"@id":"https:\/\/www.e-rihs.it\/#website"},"datePublished":"2020-12-17T08:30:33+00:00","dateModified":"2024-05-07T11:09:23+00:00","breadcrumb":{"@id":"https:\/\/www.e-rihs.it\/uv-vis-nir-reflectance-2\/#breadcrumb"},"inLanguage":"en-GB","potentialAction":[{"@type":"ReadAction","target":["https:\/\/www.e-rihs.it\/uv-vis-nir-reflectance-2\/"]}]},{"@type":"BreadcrumbList","@id":"https:\/\/www.e-rihs.it\/uv-vis-nir-reflectance-2\/#breadcrumb","itemListElement":[{"@type":"ListItem","position":1,"name":"Home","item":"https:\/\/www.e-rihs.it\/"},{"@type":"ListItem","position":2,"name":"UV-Vis-NIR reflectance"}]},{"@type":"WebSite","@id":"https:\/\/www.e-rihs.it\/#website","url":"https:\/\/www.e-rihs.it\/","name":"E-RIHS.it","description":"The Italian node of the European Research Infrastructure for Heritage Science","publisher":{"@id":"https:\/\/www.e-rihs.it\/#organization"},"potentialAction":[{"@type":"SearchAction","target":{"@type":"EntryPoint","urlTemplate":"https:\/\/www.e-rihs.it\/?s={search_term_string}"},"query-input":{"@type":"PropertyValueSpecification","valueRequired":true,"valueName":"search_term_string"}}],"inLanguage":"en-GB"},{"@type":"Organization","@id":"https:\/\/www.e-rihs.it\/#organization","name":"The Italian node of the European Research Infrastructure for Heritage Science","url":"https:\/\/www.e-rihs.it\/","logo":{"@type":"ImageObject","inLanguage":"en-GB","@id":"https:\/\/www.e-rihs.it\/#\/schema\/logo\/image\/","url":"https:\/\/www.e-rihs.it\/wp-content\/uploads\/2018\/01\/e-rihsit-logo.png","contentUrl":"https:\/\/www.e-rihs.it\/wp-content\/uploads\/2018\/01\/e-rihsit-logo.png","width":620,"height":107,"caption":"The Italian node of the European Research Infrastructure for Heritage Science"},"image":{"@id":"https:\/\/www.e-rihs.it\/#\/schema\/logo\/image\/"},"sameAs":["https:\/\/www.facebook.com\/erihsIT","https:\/\/x.com\/ErihsIt","https:\/\/www.youtube.com\/channel\/UC4h0G3wcxmlicWpoLUFmb-Q"]}]}},"_links":{"self":[{"href":"https:\/\/www.e-rihs.it\/en\/wp-json\/wp\/v2\/pages\/3007","targetHints":{"allow":["GET"]}}],"collection":[{"href":"https:\/\/www.e-rihs.it\/en\/wp-json\/wp\/v2\/pages"}],"about":[{"href":"https:\/\/www.e-rihs.it\/en\/wp-json\/wp\/v2\/types\/page"}],"author":[{"embeddable":true,"href":"https:\/\/www.e-rihs.it\/en\/wp-json\/wp\/v2\/users\/17"}],"replies":[{"embeddable":true,"href":"https:\/\/www.e-rihs.it\/en\/wp-json\/wp\/v2\/comments?post=3007"}],"version-history":[{"count":17,"href":"https:\/\/www.e-rihs.it\/en\/wp-json\/wp\/v2\/pages\/3007\/revisions"}],"predecessor-version":[{"id":7525,"href":"https:\/\/www.e-rihs.it\/en\/wp-json\/wp\/v2\/pages\/3007\/revisions\/7525"}],"wp:attachment":[{"href":"https:\/\/www.e-rihs.it\/en\/wp-json\/wp\/v2\/media?parent=3007"}],"curies":[{"name":"wp","href":"https:\/\/api.w.org\/{rel}","templated":true}]}}