{"id":3000,"date":"2020-12-17T09:24:01","date_gmt":"2020-12-17T08:24:01","guid":{"rendered":"http:\/\/www.e-rihs.it\/?page_id=3000"},"modified":"2022-03-17T10:28:58","modified_gmt":"2022-03-17T09:28:58","slug":"raman-7851064-nm-sors-2","status":"publish","type":"page","link":"https:\/\/www.e-rihs.it\/en\/raman-7851064-nm-sors-2\/","title":{"rendered":"Raman (785&#038;1064 nm, SORS)"},"content":{"rendered":"<p>[et_pb_section fb_built=&#8221;1&#8243; _builder_version=&#8221;4.7.7&#8243; _module_preset=&#8221;default&#8221;][et_pb_row column_structure=&#8221;1_3,2_3&#8243; _builder_version=&#8221;4.7.7&#8243; _module_preset=&#8221;default&#8221;][et_pb_column type=&#8221;1_3&#8243; _builder_version=&#8221;4.7.7&#8243; _module_preset=&#8221;default&#8221;][et_pb_image src=&#8221;http:\/\/www.e-rihs.it\/wp-content\/uploads\/2022\/03\/Raman-SORS.jpg&#8221; title_text=&#8221;Raman SORS&#8221; _builder_version=&#8221;4.7.7&#8243; _module_preset=&#8221;default&#8221;][\/et_pb_image][\/et_pb_column][et_pb_column type=&#8221;2_3&#8243; _builder_version=&#8221;4.7.7&#8243; _module_preset=&#8221;default&#8221;][et_pb_text _builder_version=&#8221;4.7.7&#8243; _module_preset=&#8221;default&#8221; hover_enabled=&#8221;0&#8243; sticky_enabled=&#8221;0&#8243;]<\/p>\n<p><strong>LABORATORIO: CNR ISPC<\/strong><\/p>\n<p>&nbsp;<\/p>\n<p><strong>NOME STRUMENTO<\/strong><\/p>\n<p>Spettrometro Raman portatile Rigaku Xantus-2\u2122<\/p>\n<p>&nbsp;<\/p>\n<p><strong>INFORMAZIONI GENERALI<\/strong><\/p>\n<p>Lo spettrometro Raman portatile disponibile nel MOLAB si utilizza per analizzare in situ in modo non invasivo la composizione molecolare delle sostanze presenti sulla superficie dei materiali. Nel campo dei Beni Culturali la spettroscopia Raman rappresenta una delle tecniche di elezione per la caratterizzazione dei pigmenti (inorganici ed organici) impiegati per la realizzazione di dipinti, pitture murali, oggetti decorati. Il vantaggio di questa tecnica consiste nella possibilit\u00e0 di identificare in modo univoco il tipo di molecola in esame, e di conseguenza il tipo di pigmento.<\/p>\n<p>I risultati che si ottengono permettono di ricostruire la tecnica esecutiva con cui \u00e8 stata realizzata l\u2019opera, oltre che il suo stato di conservazione. Infatti, oltre alla tavolozza pittorica, si possono ricavare informazioni anche sulla presenza di prodotti di degrado o di sostanze applicate sulla superficie dei beni per fini conservativi.<\/p>\n<p>Al fine di ricavare informazioni anche delle porzioni pi\u00f9 interne dei materiali in modo non-invasivo, \u00e8 stata sviluppata una tecnica Raman, micro-Spatially Offset Raman Spectroscopy (micro-SORS), in grado di rilevare in modo non invasivo la presenza di composti situati al di sotto della superficie. Il metodo \u00e8 stato recentemente ottimizzato su strumentazione portatile, utilizzando lo spettrometro Xantus 2<sup>TM<\/sup> Rigaku e uno stage motorizzato per movimenti micrometrici in grado di muovere lo strumento sull\u2019asse perpendicolare alla superficie del bene. Le misure consistono nell\u2019acquisizione di una serie di spettri Raman a distanza crescente dall\u2019oggetto in modo da defocalizzare l\u2019area di indagine e quella di raccolta e rilevare cos\u00ec i fotoni Raman pi\u00f9 profondi che riemergono lateralmente in superficie. La tecnica micro-SORS ha un forte impatto nell\u2019ambito dei Beni Culturali in quanto permette di ricostruire, seppur parzialmente, stratigrafie pittoriche o di evidenziare la presenza di prodotti di degrado nascosti dalla superficie.<\/p>\n<p>&nbsp;<\/p>\n<p><strong>DETTAGLI TECNICI<\/strong><\/p>\n<p>Lo spettrometro Raman portatile Rigaku Xantus-2\u2122 \u00a0\u00e8 dotato di due linee di eccitazione laser (785 nm e 1064 nm) ed un detector CCD 2000 \u00d7 256 Pixel termoelettricamente raffreddato. La risoluzione spettrale \u00e8 di 7-10 cm<sup>-1<\/sup> ed il range spettrale da 200 a 2200 cm<sup>-1<\/sup>. E\u2019 possibile modulare l\u2019intensit\u00e0 dei laser da un minimo di 30 mW ad un massimo di 490 mW, cos\u00ec come i tempi di acquisizione possono variare da pochi secondi a pochi minuti. Il fascio laser si pu\u00f2 focalizzare sia tramite la lente a basso ingrandimento di dotazione allo strumento che con un obiettivo da microscopio a pi\u00f9 alto ingrandimento che viene applicato allo strumento tramite un adattatore metallico appositamente realizzato nei nostri laboratori. Lo strumento \u00e8 piuttosto compatto (dimensioni 138x274x98 cm) e viene solitamente posizionato uno stage motorizzato per permettere una agevole movimentazione sull\u2019asse perpendicolare alla superficie, necessaria per la corretta messa a fuoco del fascio laser. Lo strumento e il microstage sono posizionati su un cavalletto regolabile in altezza per assicurare una maggiore stabilit\u00e0 e accuratezza delle misure.<\/p>\n<p>La modalit\u00e0 micro-SORS viene realizzata allontanando lo strumento dalla posizione di fuoco tramite movimenti micrometrici sequenziali regolati da software. L\u2019elaborazione spettrale viene effettuata utilizzando software dedicati come Origin-Pro e OPUS.<\/p>\n<p>&nbsp;<\/p>\n<p>Referente:<\/p>\n<p>Claudia Conti\u00a0 <a href=\"claudia.conti@cnr.it\">claudia.conti@cnr.it<\/a><\/p>\n<p>&nbsp;<\/p>\n<p><a href=\"http:\/\/www.e-rihs.it\/wp-content\/uploads\/2022\/02\/MOLAB_EQUIPMENT_RAMAN-SORS_ita.pdf\" rel=\"attachment wp-att-4887\">Scarica la scheda completa<\/a><\/p>\n<p>[\/et_pb_text][\/et_pb_column][\/et_pb_row][\/et_pb_section]<\/p>\n","protected":false},"excerpt":{"rendered":"<p>LABORATORIO: CNR ISPC &nbsp; NOME STRUMENTO Spettrometro Raman portatile Rigaku Xantus-2\u2122 &nbsp; INFORMAZIONI GENERALI Lo spettrometro Raman portatile disponibile nel [&hellip;]<\/p>\n","protected":false},"author":17,"featured_media":0,"parent":0,"menu_order":0,"comment_status":"closed","ping_status":"closed","template":"","meta":{"_et_pb_use_builder":"on","_et_pb_old_content":"","_et_gb_content_width":"","footnotes":""},"class_list":["post-3000","page","type-page","status-publish","hentry"],"yoast_head":"<!-- This site is optimized with the Yoast SEO plugin v27.4 - https:\/\/yoast.com\/product\/yoast-seo-wordpress\/ -->\n<title>Raman (785&amp;1064 nm, SORS) | E-RIHS.it<\/title>\n<meta name=\"robots\" content=\"index, follow, max-snippet:-1, max-image-preview:large, max-video-preview:-1\" \/>\n<link rel=\"canonical\" href=\"https:\/\/www.e-rihs.it\/en\/raman-7851064-nm-sors-2\/\" \/>\n<meta property=\"og:locale\" content=\"en_GB\" \/>\n<meta property=\"og:type\" content=\"article\" \/>\n<meta property=\"og:title\" content=\"Raman (785&amp;1064 nm, SORS) | E-RIHS.it\" \/>\n<meta property=\"og:description\" content=\"LABORATORIO: CNR ISPC &nbsp; NOME STRUMENTO Spettrometro Raman portatile Rigaku Xantus-2\u2122 &nbsp; INFORMAZIONI GENERALI Lo spettrometro Raman portatile disponibile nel [&hellip;]\" \/>\n<meta property=\"og:url\" content=\"https:\/\/www.e-rihs.it\/en\/raman-7851064-nm-sors-2\/\" \/>\n<meta property=\"og:site_name\" content=\"E-RIHS.it\" \/>\n<meta property=\"article:publisher\" content=\"https:\/\/www.facebook.com\/erihsIT\" \/>\n<meta property=\"article:modified_time\" content=\"2022-03-17T09:28:58+00:00\" \/>\n<meta name=\"twitter:card\" content=\"summary_large_image\" \/>\n<meta name=\"twitter:site\" content=\"@ErihsIt\" \/>\n<meta name=\"twitter:label1\" content=\"Estimated reading time\" \/>\n\t<meta name=\"twitter:data1\" content=\"3 minutes\" \/>\n<script type=\"application\/ld+json\" class=\"yoast-schema-graph\">{\"@context\":\"https:\\\/\\\/schema.org\",\"@graph\":[{\"@type\":\"WebPage\",\"@id\":\"https:\\\/\\\/www.e-rihs.it\\\/raman-7851064-nm-sors-2\\\/\",\"url\":\"https:\\\/\\\/www.e-rihs.it\\\/raman-7851064-nm-sors-2\\\/\",\"name\":\"Raman (785&1064 nm, SORS) | E-RIHS.it\",\"isPartOf\":{\"@id\":\"https:\\\/\\\/www.e-rihs.it\\\/#website\"},\"datePublished\":\"2020-12-17T08:24:01+00:00\",\"dateModified\":\"2022-03-17T09:28:58+00:00\",\"breadcrumb\":{\"@id\":\"https:\\\/\\\/www.e-rihs.it\\\/raman-7851064-nm-sors-2\\\/#breadcrumb\"},\"inLanguage\":\"en-GB\",\"potentialAction\":[{\"@type\":\"ReadAction\",\"target\":[\"https:\\\/\\\/www.e-rihs.it\\\/raman-7851064-nm-sors-2\\\/\"]}]},{\"@type\":\"BreadcrumbList\",\"@id\":\"https:\\\/\\\/www.e-rihs.it\\\/raman-7851064-nm-sors-2\\\/#breadcrumb\",\"itemListElement\":[{\"@type\":\"ListItem\",\"position\":1,\"name\":\"Home\",\"item\":\"https:\\\/\\\/www.e-rihs.it\\\/\"},{\"@type\":\"ListItem\",\"position\":2,\"name\":\"Raman (785&#038;1064 nm, SORS)\"}]},{\"@type\":\"WebSite\",\"@id\":\"https:\\\/\\\/www.e-rihs.it\\\/#website\",\"url\":\"https:\\\/\\\/www.e-rihs.it\\\/\",\"name\":\"E-RIHS.it\",\"description\":\"The Italian node of the European Research Infrastructure for Heritage Science\",\"publisher\":{\"@id\":\"https:\\\/\\\/www.e-rihs.it\\\/#organization\"},\"potentialAction\":[{\"@type\":\"SearchAction\",\"target\":{\"@type\":\"EntryPoint\",\"urlTemplate\":\"https:\\\/\\\/www.e-rihs.it\\\/?s={search_term_string}\"},\"query-input\":{\"@type\":\"PropertyValueSpecification\",\"valueRequired\":true,\"valueName\":\"search_term_string\"}}],\"inLanguage\":\"en-GB\"},{\"@type\":\"Organization\",\"@id\":\"https:\\\/\\\/www.e-rihs.it\\\/#organization\",\"name\":\"The Italian node of the European Research Infrastructure for Heritage Science\",\"url\":\"https:\\\/\\\/www.e-rihs.it\\\/\",\"logo\":{\"@type\":\"ImageObject\",\"inLanguage\":\"en-GB\",\"@id\":\"https:\\\/\\\/www.e-rihs.it\\\/#\\\/schema\\\/logo\\\/image\\\/\",\"url\":\"https:\\\/\\\/www.e-rihs.it\\\/wp-content\\\/uploads\\\/2018\\\/01\\\/e-rihsit-logo.png\",\"contentUrl\":\"https:\\\/\\\/www.e-rihs.it\\\/wp-content\\\/uploads\\\/2018\\\/01\\\/e-rihsit-logo.png\",\"width\":620,\"height\":107,\"caption\":\"The Italian node of the European Research Infrastructure for Heritage Science\"},\"image\":{\"@id\":\"https:\\\/\\\/www.e-rihs.it\\\/#\\\/schema\\\/logo\\\/image\\\/\"},\"sameAs\":[\"https:\\\/\\\/www.facebook.com\\\/erihsIT\",\"https:\\\/\\\/x.com\\\/ErihsIt\",\"https:\\\/\\\/www.youtube.com\\\/channel\\\/UC4h0G3wcxmlicWpoLUFmb-Q\"]}]}<\/script>\n<!-- \/ Yoast SEO plugin. -->","yoast_head_json":{"title":"Raman (785&1064 nm, SORS) | E-RIHS.it","robots":{"index":"index","follow":"follow","max-snippet":"max-snippet:-1","max-image-preview":"max-image-preview:large","max-video-preview":"max-video-preview:-1"},"canonical":"https:\/\/www.e-rihs.it\/en\/raman-7851064-nm-sors-2\/","og_locale":"en_GB","og_type":"article","og_title":"Raman (785&1064 nm, SORS) | E-RIHS.it","og_description":"LABORATORIO: CNR ISPC &nbsp; NOME STRUMENTO Spettrometro Raman portatile Rigaku Xantus-2\u2122 &nbsp; INFORMAZIONI GENERALI Lo spettrometro Raman portatile disponibile nel [&hellip;]","og_url":"https:\/\/www.e-rihs.it\/en\/raman-7851064-nm-sors-2\/","og_site_name":"E-RIHS.it","article_publisher":"https:\/\/www.facebook.com\/erihsIT","article_modified_time":"2022-03-17T09:28:58+00:00","twitter_card":"summary_large_image","twitter_site":"@ErihsIt","twitter_misc":{"Estimated reading time":"3 minutes"},"schema":{"@context":"https:\/\/schema.org","@graph":[{"@type":"WebPage","@id":"https:\/\/www.e-rihs.it\/raman-7851064-nm-sors-2\/","url":"https:\/\/www.e-rihs.it\/raman-7851064-nm-sors-2\/","name":"Raman (785&1064 nm, SORS) | E-RIHS.it","isPartOf":{"@id":"https:\/\/www.e-rihs.it\/#website"},"datePublished":"2020-12-17T08:24:01+00:00","dateModified":"2022-03-17T09:28:58+00:00","breadcrumb":{"@id":"https:\/\/www.e-rihs.it\/raman-7851064-nm-sors-2\/#breadcrumb"},"inLanguage":"en-GB","potentialAction":[{"@type":"ReadAction","target":["https:\/\/www.e-rihs.it\/raman-7851064-nm-sors-2\/"]}]},{"@type":"BreadcrumbList","@id":"https:\/\/www.e-rihs.it\/raman-7851064-nm-sors-2\/#breadcrumb","itemListElement":[{"@type":"ListItem","position":1,"name":"Home","item":"https:\/\/www.e-rihs.it\/"},{"@type":"ListItem","position":2,"name":"Raman (785&#038;1064 nm, SORS)"}]},{"@type":"WebSite","@id":"https:\/\/www.e-rihs.it\/#website","url":"https:\/\/www.e-rihs.it\/","name":"E-RIHS.it","description":"The Italian node of the European Research Infrastructure for Heritage Science","publisher":{"@id":"https:\/\/www.e-rihs.it\/#organization"},"potentialAction":[{"@type":"SearchAction","target":{"@type":"EntryPoint","urlTemplate":"https:\/\/www.e-rihs.it\/?s={search_term_string}"},"query-input":{"@type":"PropertyValueSpecification","valueRequired":true,"valueName":"search_term_string"}}],"inLanguage":"en-GB"},{"@type":"Organization","@id":"https:\/\/www.e-rihs.it\/#organization","name":"The Italian node of the European Research Infrastructure for Heritage Science","url":"https:\/\/www.e-rihs.it\/","logo":{"@type":"ImageObject","inLanguage":"en-GB","@id":"https:\/\/www.e-rihs.it\/#\/schema\/logo\/image\/","url":"https:\/\/www.e-rihs.it\/wp-content\/uploads\/2018\/01\/e-rihsit-logo.png","contentUrl":"https:\/\/www.e-rihs.it\/wp-content\/uploads\/2018\/01\/e-rihsit-logo.png","width":620,"height":107,"caption":"The Italian node of the European Research Infrastructure for Heritage Science"},"image":{"@id":"https:\/\/www.e-rihs.it\/#\/schema\/logo\/image\/"},"sameAs":["https:\/\/www.facebook.com\/erihsIT","https:\/\/x.com\/ErihsIt","https:\/\/www.youtube.com\/channel\/UC4h0G3wcxmlicWpoLUFmb-Q"]}]}},"_links":{"self":[{"href":"https:\/\/www.e-rihs.it\/en\/wp-json\/wp\/v2\/pages\/3000","targetHints":{"allow":["GET"]}}],"collection":[{"href":"https:\/\/www.e-rihs.it\/en\/wp-json\/wp\/v2\/pages"}],"about":[{"href":"https:\/\/www.e-rihs.it\/en\/wp-json\/wp\/v2\/types\/page"}],"author":[{"embeddable":true,"href":"https:\/\/www.e-rihs.it\/en\/wp-json\/wp\/v2\/users\/17"}],"replies":[{"embeddable":true,"href":"https:\/\/www.e-rihs.it\/en\/wp-json\/wp\/v2\/comments?post=3000"}],"version-history":[{"count":9,"href":"https:\/\/www.e-rihs.it\/en\/wp-json\/wp\/v2\/pages\/3000\/revisions"}],"predecessor-version":[{"id":5180,"href":"https:\/\/www.e-rihs.it\/en\/wp-json\/wp\/v2\/pages\/3000\/revisions\/5180"}],"wp:attachment":[{"href":"https:\/\/www.e-rihs.it\/en\/wp-json\/wp\/v2\/media?parent=3000"}],"curies":[{"name":"wp","href":"https:\/\/api.w.org\/{rel}","templated":true}]}}