{"id":2956,"date":"2020-12-17T07:50:59","date_gmt":"2020-12-17T06:50:59","guid":{"rendered":"http:\/\/www.e-rihs.it\/?page_id=2956"},"modified":"2024-05-07T12:10:33","modified_gmt":"2024-05-07T11:10:33","slug":"xrf-2","status":"publish","type":"page","link":"https:\/\/www.e-rihs.it\/en\/xrf-2\/","title":{"rendered":"XRF"},"content":{"rendered":"<p>[et_pb_section fb_built=&#8221;1&#8243; _builder_version=&#8221;4.7.7&#8243; _module_preset=&#8221;default&#8221;][et_pb_row column_structure=&#8221;2_5,3_5&#8243; _builder_version=&#8221;4.7.7&#8243; _module_preset=&#8221;default&#8221; hover_enabled=&#8221;0&#8243; sticky_enabled=&#8221;0&#8243;][et_pb_column type=&#8221;2_5&#8243; _builder_version=&#8221;4.7.7&#8243; _module_preset=&#8221;default&#8221;][et_pb_image src=&#8221;http:\/\/www.e-rihs.it\/wp-content\/uploads\/2022\/03\/XRF.jpg&#8221; title_text=&#8221;XRF&#8221; _builder_version=&#8221;4.7.7&#8243; _module_preset=&#8221;default&#8221;][\/et_pb_image][\/et_pb_column][et_pb_column type=&#8221;3_5&#8243; _builder_version=&#8221;4.7.7&#8243; _module_preset=&#8221;default&#8221;][et_pb_text _builder_version=&#8221;4.7.7&#8243; _module_preset=&#8221;default&#8221;]<\/p>\n<p><strong>LABORATORIO: CNR SCITEC<\/strong><\/p>\n<p>&nbsp;<\/p>\n<p><strong>NOME STRUMENTO<\/strong><\/p>\n<p><span>Strumento XRF portatile XGLab ELIO<\/span><\/p>\n<p>&nbsp;<\/p>\n<p><strong>INFORMAZIONI GENERALI<\/strong><\/p>\n<p>Il nuovo strumento XRF portatile disponibile nel MOLAB \u00e8 progettato per analisi in situ essendo estremamente maneggevole, veloce e completamente non invasivo. La tecnica XRF permette la determinazione della composizione elementale (Z&gt;12) dei materiali, ed il suo utilizzo \u00e8 di grande interesse nel campo dei beni culturali per l&#8217;analisi di dipinti, manoscritti, monumenti, metalli etc.<\/p>\n<p>L&#8217;informazione ottenuta \u00e8 utile per formulare prime ipotesi riguardo l&#8217;identificazione dei pigmenti inorganici presenti, evidenziando anche la presenza di <em>pentimenti<\/em>, ritocchi etc.<\/p>\n<p>&nbsp;<\/p>\n<p><strong>DETTAGLI TECNICI<\/strong><\/p>\n<p>Lo strumento XRF portatile ELIO \u00e8 dotato di un rivelatore di tipo Silicon Drift Detector (SDD) con un&#8217;area attiva di 25mm<sup>2<\/sup> e una risoluzione in energia alla riga K\u03b1 del Mn di 130 eV con 10 kcps di fotoni in ingresso (modalit\u00e0 di alta risoluzione), o di 170 eV con 200 kcps di fotoni in ingresso (modalit\u00e0 veloce). Lo strumento \u00e8 dotato di un analizzatore multicanale (MCA) ad 8k canali molto veloce (USB 2.0) caratterizzato da alta risoluzione ed elevata capacit\u00e0 di conteggio. La sorgente di eccitazione \u00e8 un tubo a raggi X a trasmissione dotato di un anodo di Rh, con una corrente tra i 5 e i 200 \u00b5A, un voltaggio che pu\u00f2 andare da 10 a 40 kV, e collimatore di 1mm. ELIO \u00e8 inoltre dotato di due puntatori laser (assiale e focale) e una micro-camera interna che permette la messa a fuoco della regione specifica di analisi. Il prototipo \u00e8 inoltre provvisto di cavalletto regolabile in altezza (43- 188cm).<\/p>\n<p>&nbsp;<\/p>\n<p>Referente:<\/p>\n<p>Laura Cartechini <a href=\"laura.cartechini@scitec.cnr.it\">laura.cartechini@scitec.cnr.it<\/a><\/p>\n<p>&nbsp;<\/p>\n<p><a href=\"http:\/\/www.e-rihs.it\/wp-content\/uploads\/2022\/02\/MOLAB_EQUIPMENT_XRF_itaL-1.pdf\" rel=\"attachment wp-att-4849\">Scarica la scheda completa<\/a><\/p>\n<p>&nbsp;<\/p>\n<p>&nbsp;<\/p>\n<p>&nbsp;<\/p>\n<p>&nbsp;<\/p>\n<p>&nbsp;<\/p>\n<p>&nbsp;<\/p>\n<p>[\/et_pb_text][\/et_pb_column][\/et_pb_row][\/et_pb_section]<\/p>\n","protected":false},"excerpt":{"rendered":"<p>LABORATORIO: CNR SCITEC &nbsp; NOME STRUMENTO Strumento XRF portatile XGLab ELIO &nbsp; INFORMAZIONI GENERALI Il nuovo strumento XRF portatile disponibile [&hellip;]<\/p>\n","protected":false},"author":17,"featured_media":0,"parent":0,"menu_order":0,"comment_status":"closed","ping_status":"closed","template":"","meta":{"_et_pb_use_builder":"on","_et_pb_old_content":"","_et_gb_content_width":"","footnotes":""},"class_list":["post-2956","page","type-page","status-publish"],"yoast_head":"<!-- This site is optimized with the Yoast SEO plugin v27.0 - https:\/\/yoast.com\/product\/yoast-seo-wordpress\/ -->\n<title>XRF | E-RIHS.it<\/title>\n<meta name=\"robots\" content=\"index, follow, max-snippet:-1, max-image-preview:large, max-video-preview:-1\" \/>\n<link rel=\"canonical\" href=\"https:\/\/www.e-rihs.it\/en\/xrf-2\/\" \/>\n<meta property=\"og:locale\" content=\"en_GB\" \/>\n<meta property=\"og:type\" content=\"article\" \/>\n<meta property=\"og:title\" content=\"XRF | E-RIHS.it\" \/>\n<meta property=\"og:description\" content=\"LABORATORIO: CNR SCITEC &nbsp; NOME STRUMENTO Strumento XRF portatile XGLab ELIO &nbsp; INFORMAZIONI GENERALI Il nuovo strumento XRF portatile disponibile [&hellip;]\" \/>\n<meta property=\"og:url\" content=\"https:\/\/www.e-rihs.it\/en\/xrf-2\/\" \/>\n<meta property=\"og:site_name\" content=\"E-RIHS.it\" \/>\n<meta property=\"article:publisher\" content=\"https:\/\/www.facebook.com\/erihsIT\" \/>\n<meta property=\"article:modified_time\" content=\"2024-05-07T11:10:33+00:00\" \/>\n<meta name=\"twitter:card\" content=\"summary_large_image\" \/>\n<meta name=\"twitter:site\" content=\"@ErihsIt\" \/>\n<meta name=\"twitter:label1\" content=\"Estimated reading time\" \/>\n\t<meta name=\"twitter:data1\" content=\"2 minutes\" \/>\n<script type=\"application\/ld+json\" class=\"yoast-schema-graph\">{\"@context\":\"https:\/\/schema.org\",\"@graph\":[{\"@type\":\"WebPage\",\"@id\":\"https:\/\/www.e-rihs.it\/xrf-2\/\",\"url\":\"https:\/\/www.e-rihs.it\/xrf-2\/\",\"name\":\"XRF | E-RIHS.it\",\"isPartOf\":{\"@id\":\"https:\/\/www.e-rihs.it\/#website\"},\"datePublished\":\"2020-12-17T06:50:59+00:00\",\"dateModified\":\"2024-05-07T11:10:33+00:00\",\"breadcrumb\":{\"@id\":\"https:\/\/www.e-rihs.it\/xrf-2\/#breadcrumb\"},\"inLanguage\":\"en-GB\",\"potentialAction\":[{\"@type\":\"ReadAction\",\"target\":[\"https:\/\/www.e-rihs.it\/xrf-2\/\"]}]},{\"@type\":\"BreadcrumbList\",\"@id\":\"https:\/\/www.e-rihs.it\/xrf-2\/#breadcrumb\",\"itemListElement\":[{\"@type\":\"ListItem\",\"position\":1,\"name\":\"Home\",\"item\":\"https:\/\/www.e-rihs.it\/\"},{\"@type\":\"ListItem\",\"position\":2,\"name\":\"XRF\"}]},{\"@type\":\"WebSite\",\"@id\":\"https:\/\/www.e-rihs.it\/#website\",\"url\":\"https:\/\/www.e-rihs.it\/\",\"name\":\"E-RIHS.it\",\"description\":\"The Italian node of the European Research Infrastructure for Heritage Science\",\"publisher\":{\"@id\":\"https:\/\/www.e-rihs.it\/#organization\"},\"potentialAction\":[{\"@type\":\"SearchAction\",\"target\":{\"@type\":\"EntryPoint\",\"urlTemplate\":\"https:\/\/www.e-rihs.it\/?s={search_term_string}\"},\"query-input\":{\"@type\":\"PropertyValueSpecification\",\"valueRequired\":true,\"valueName\":\"search_term_string\"}}],\"inLanguage\":\"en-GB\"},{\"@type\":\"Organization\",\"@id\":\"https:\/\/www.e-rihs.it\/#organization\",\"name\":\"The Italian node of the European Research Infrastructure for Heritage Science\",\"url\":\"https:\/\/www.e-rihs.it\/\",\"logo\":{\"@type\":\"ImageObject\",\"inLanguage\":\"en-GB\",\"@id\":\"https:\/\/www.e-rihs.it\/#\/schema\/logo\/image\/\",\"url\":\"https:\/\/www.e-rihs.it\/wp-content\/uploads\/2018\/01\/e-rihsit-logo.png\",\"contentUrl\":\"https:\/\/www.e-rihs.it\/wp-content\/uploads\/2018\/01\/e-rihsit-logo.png\",\"width\":620,\"height\":107,\"caption\":\"The Italian node of the European Research Infrastructure for Heritage Science\"},\"image\":{\"@id\":\"https:\/\/www.e-rihs.it\/#\/schema\/logo\/image\/\"},\"sameAs\":[\"https:\/\/www.facebook.com\/erihsIT\",\"https:\/\/x.com\/ErihsIt\",\"https:\/\/www.youtube.com\/channel\/UC4h0G3wcxmlicWpoLUFmb-Q\"]}]}<\/script>\n<!-- \/ Yoast SEO plugin. -->","yoast_head_json":{"title":"XRF | E-RIHS.it","robots":{"index":"index","follow":"follow","max-snippet":"max-snippet:-1","max-image-preview":"max-image-preview:large","max-video-preview":"max-video-preview:-1"},"canonical":"https:\/\/www.e-rihs.it\/en\/xrf-2\/","og_locale":"en_GB","og_type":"article","og_title":"XRF | E-RIHS.it","og_description":"LABORATORIO: CNR SCITEC &nbsp; NOME STRUMENTO Strumento XRF portatile XGLab ELIO &nbsp; INFORMAZIONI GENERALI Il nuovo strumento XRF portatile disponibile [&hellip;]","og_url":"https:\/\/www.e-rihs.it\/en\/xrf-2\/","og_site_name":"E-RIHS.it","article_publisher":"https:\/\/www.facebook.com\/erihsIT","article_modified_time":"2024-05-07T11:10:33+00:00","twitter_card":"summary_large_image","twitter_site":"@ErihsIt","twitter_misc":{"Estimated reading time":"2 minutes"},"schema":{"@context":"https:\/\/schema.org","@graph":[{"@type":"WebPage","@id":"https:\/\/www.e-rihs.it\/xrf-2\/","url":"https:\/\/www.e-rihs.it\/xrf-2\/","name":"XRF | E-RIHS.it","isPartOf":{"@id":"https:\/\/www.e-rihs.it\/#website"},"datePublished":"2020-12-17T06:50:59+00:00","dateModified":"2024-05-07T11:10:33+00:00","breadcrumb":{"@id":"https:\/\/www.e-rihs.it\/xrf-2\/#breadcrumb"},"inLanguage":"en-GB","potentialAction":[{"@type":"ReadAction","target":["https:\/\/www.e-rihs.it\/xrf-2\/"]}]},{"@type":"BreadcrumbList","@id":"https:\/\/www.e-rihs.it\/xrf-2\/#breadcrumb","itemListElement":[{"@type":"ListItem","position":1,"name":"Home","item":"https:\/\/www.e-rihs.it\/"},{"@type":"ListItem","position":2,"name":"XRF"}]},{"@type":"WebSite","@id":"https:\/\/www.e-rihs.it\/#website","url":"https:\/\/www.e-rihs.it\/","name":"E-RIHS.it","description":"The Italian node of the European Research Infrastructure for Heritage Science","publisher":{"@id":"https:\/\/www.e-rihs.it\/#organization"},"potentialAction":[{"@type":"SearchAction","target":{"@type":"EntryPoint","urlTemplate":"https:\/\/www.e-rihs.it\/?s={search_term_string}"},"query-input":{"@type":"PropertyValueSpecification","valueRequired":true,"valueName":"search_term_string"}}],"inLanguage":"en-GB"},{"@type":"Organization","@id":"https:\/\/www.e-rihs.it\/#organization","name":"The Italian node of the European Research Infrastructure for Heritage Science","url":"https:\/\/www.e-rihs.it\/","logo":{"@type":"ImageObject","inLanguage":"en-GB","@id":"https:\/\/www.e-rihs.it\/#\/schema\/logo\/image\/","url":"https:\/\/www.e-rihs.it\/wp-content\/uploads\/2018\/01\/e-rihsit-logo.png","contentUrl":"https:\/\/www.e-rihs.it\/wp-content\/uploads\/2018\/01\/e-rihsit-logo.png","width":620,"height":107,"caption":"The Italian node of the European Research Infrastructure for Heritage Science"},"image":{"@id":"https:\/\/www.e-rihs.it\/#\/schema\/logo\/image\/"},"sameAs":["https:\/\/www.facebook.com\/erihsIT","https:\/\/x.com\/ErihsIt","https:\/\/www.youtube.com\/channel\/UC4h0G3wcxmlicWpoLUFmb-Q"]}]}},"_links":{"self":[{"href":"https:\/\/www.e-rihs.it\/en\/wp-json\/wp\/v2\/pages\/2956","targetHints":{"allow":["GET"]}}],"collection":[{"href":"https:\/\/www.e-rihs.it\/en\/wp-json\/wp\/v2\/pages"}],"about":[{"href":"https:\/\/www.e-rihs.it\/en\/wp-json\/wp\/v2\/types\/page"}],"author":[{"embeddable":true,"href":"https:\/\/www.e-rihs.it\/en\/wp-json\/wp\/v2\/users\/17"}],"replies":[{"embeddable":true,"href":"https:\/\/www.e-rihs.it\/en\/wp-json\/wp\/v2\/comments?post=2956"}],"version-history":[{"count":20,"href":"https:\/\/www.e-rihs.it\/en\/wp-json\/wp\/v2\/pages\/2956\/revisions"}],"predecessor-version":[{"id":7527,"href":"https:\/\/www.e-rihs.it\/en\/wp-json\/wp\/v2\/pages\/2956\/revisions\/7527"}],"wp:attachment":[{"href":"https:\/\/www.e-rihs.it\/en\/wp-json\/wp\/v2\/media?parent=2956"}],"curies":[{"name":"wp","href":"https:\/\/api.w.org\/{rel}","templated":true}]}}