{"id":1581,"date":"2017-09-19T10:54:48","date_gmt":"2017-09-19T09:54:48","guid":{"rendered":"http:\/\/www.e-rihs.it\/?page_id=1581"},"modified":"2026-04-14T13:45:38","modified_gmt":"2026-04-14T12:45:38","slug":"accesso_ai_laboratori","status":"publish","type":"page","link":"https:\/\/www.e-rihs.it\/en\/accesso_ai_laboratori\/","title":{"rendered":"How to access"},"content":{"rendered":"<p>[et_pb_section fb_built=&#8221;1&#8243; fullwidth=&#8221;on&#8221; admin_label=&#8221;Section&#8221; _builder_version=&#8221;4.16&#8243; max_height=&#8221;1000px&#8221; global_colors_info=&#8221;{}&#8221;][et_pb_fullwidth_header title=&#8221;Accesso ai laboratori&#8221; admin_label=&#8221;Fullwidth Header&#8221; _builder_version=&#8221;4.27.5&#8243; background_color=&#8221;rgba(255, 255, 255, 0)&#8221; background_image=&#8221;http:\/\/www.e-rihs.it\/wp-content\/uploads\/2016\/03\/bg-img-1.jpg&#8221; hover_enabled=&#8221;0&#8243; background_url=&#8221;http:\/\/www.e-rihs.it\/wp-content\/uploads\/2016\/03\/bg-img-1.jpg&#8221; button_one_letter_spacing_hover=&#8221;0&#8243; button_two_letter_spacing_hover=&#8221;0&#8243; global_colors_info=&#8221;{}&#8221; button_one_text_size__hover_enabled=&#8221;off&#8221; button_two_text_size__hover_enabled=&#8221;off&#8221; button_one_text_color__hover_enabled=&#8221;off&#8221; button_two_text_color__hover_enabled=&#8221;off&#8221; button_one_border_width__hover_enabled=&#8221;off&#8221; button_two_border_width__hover_enabled=&#8221;off&#8221; button_one_border_color__hover_enabled=&#8221;off&#8221; button_two_border_color__hover_enabled=&#8221;off&#8221; button_one_border_radius__hover_enabled=&#8221;off&#8221; button_two_border_radius__hover_enabled=&#8221;off&#8221; button_one_letter_spacing__hover_enabled=&#8221;on&#8221; button_one_letter_spacing__hover=&#8221;0&#8243; button_two_letter_spacing__hover_enabled=&#8221;on&#8221; button_two_letter_spacing__hover=&#8221;0&#8243; button_one_bg_color__hover_enabled=&#8221;off&#8221; button_two_bg_color__hover_enabled=&#8221;off&#8221; sticky_enabled=&#8221;0&#8243;][\/et_pb_fullwidth_header][\/et_pb_section][et_pb_section fb_built=&#8221;1&#8243; admin_label=&#8221;section&#8221; _builder_version=&#8221;4.16&#8243; global_colors_info=&#8221;{}&#8221; min_height=&#8221;3682.9px&#8221; custom_margin=&#8221;-1px|||||&#8221; hover_enabled=&#8221;0&#8243; sticky_enabled=&#8221;0&#8243;][et_pb_row column_structure=&#8221;1_4,3_4&#8243; admin_label=&#8221;row&#8221; _builder_version=&#8221;4.16&#8243; background_size=&#8221;initial&#8221; background_position=&#8221;top_left&#8221; background_repeat=&#8221;repeat&#8221; global_colors_info=&#8221;{}&#8221;][et_pb_column type=&#8221;1_4&#8243; _builder_version=&#8221;4.16&#8243; custom_padding=&#8221;|||&#8221; global_colors_info=&#8221;{}&#8221; custom_padding__hover=&#8221;|||&#8221;][et_pb_sidebar area=&#8221;et_pb_widget_area_19&#8243; _builder_version=&#8221;4.16&#8243; global_colors_info=&#8221;{}&#8221;][\/et_pb_sidebar][\/et_pb_column][et_pb_column type=&#8221;3_4&#8243; _builder_version=&#8221;4.16&#8243; custom_padding=&#8221;|||&#8221; global_colors_info=&#8221;{}&#8221; custom_padding__hover=&#8221;|||&#8221;][et_pb_text content_tablet=&#8221;&#8221; content_phone=&#8221;&#8221; content_last_edited=&#8221;on|desktop&#8221; admin_label=&#8221;Text&#8221; _builder_version=&#8221;4.16&#8243; background_size=&#8221;initial&#8221; background_position=&#8221;top_left&#8221; background_repeat=&#8221;repeat&#8221; min_height=&#8221;2573.8px&#8221; use_border_color=&#8221;off&#8221; global_colors_info=&#8221;{}&#8221;]<\/p>\n<p><strong>ACCESSO AI LABORATORI<\/strong><\/p>\n<p><strong>Lavori nel settore dell\u2019Heritage Science?<\/strong><\/p>\n<p>Con E-RIHS.it puoi accedere alla pi\u00f9 sofisticata strumentazione scientifica e usufruire delle pi\u00f9 innovative metodologie fino ad ora sviluppate e distribuite su tutto il territorio nazionale, per una migliore interpretazione, conoscenza, conservazione e restauro del patrimonio culturale.<\/p>\n<p>E-RIHS.it \u00e8 l\u2019unica rete nazionale che abbraccia l\u2019eccellenza scientifica in tema di beni culturali: mette a disposizione metodi analitici e competenze all\u2019avanguardia maturati dai ricercatori della rete e offre libero accesso a laboratori e strumentazioni.<\/p>\n<p>Con il supporto finanziario del Ministero dell&#8217;Universit\u00e0 e della Ricerca (MUR), l\u2019obiettivo \u00e8 quello di promuovere e sostenere il progresso della ricerca scientifica sia per la conoscenza che per la conservazione dei Beni Culturali. Archeologi, conservatori, storici dell\u2019arte, restauratori, studiosi dei beni culturali in generale, possono chiedere l\u2019intervento dei ricercatori e degli strumenti dei laboratori mobili di E-RIHS.it per lo studio di opere d\u2019arte, monumenti e siti archeologici presenti sul territorio italiano, presentando domanda attraverso una call lanciata ogni anno da E-RIHS.it.<br \/>Le proposte di progetto possono essere presentate esclusivamente da proponenti affiliati ad istituzioni e enti italiani. Tuttavia, il bene o il sito possono essere situati anche all&#8217;estero. E-RIHS.it si riserva di finanziare totalmente o parzialmente la campagna in base al budget di spesa, indipendentemente dalla valutazione scientifica.<\/p>\n<p>Il nodo italiano di E-RIHS rispetta i principi espressi nella <a href=\"http:\/\/www.e-rihs.it\/wp-content\/uploads\/2021\/02\/KI0415085ENN.en_.pdf\" rel=\"attachment wp-att-3498\">European Charter for Access to Research Infrastructures<br \/><\/a><\/p>\n<p><strong>La call per l\u2019accesso\u00a0<\/strong><\/p>\n<p>Tramite una call annuale, E-RIHS.it raccoglie e seleziona, sulla base della qualit\u00e0 scientifica, progetti di ricerca per lo studio di beni d\u2019interesse storico, artistico e archeologico, mobili e immobili, basati su un approccio non invasivo in-situ.<\/p>\n<p><strong>Ciascun proponente pu\u00f2 presentare a proprio nome un solo\u00a0progetto per call.<\/strong><\/p>\n<p>I proponenti dei progetti selezionati usufruiscono gratuitamente dell\u2019accesso a strumentazioni mobili non-invasive (tecniche spettroscopiche puntuali, di imaging e di geofisica, remote sensing e digitalizzazione) per lo studio di opere d\u2019arte, monumenti e siti archeologici presenti sul territorio italiano.<\/p>\n<p>I progetti di ricerca sono selezionati da un panel di esperti revisori esterni all\u2019infrastruttura.<\/p>\n<p><strong>Modalit\u00e0 di presentazione della domanda per l\u2019accesso\u00a0<\/strong><\/p>\n<p>La domanda di accesso deve essere scritta in inglese \u00a0e pu\u00f2 essere inviata ogni anno via e-mail al MOLAB helpdesk (<a href=\"mailto:e-rihs.ispc@ispc.cnr.it\"><strong>e-rihs.ispc@ispc.cnr.it<\/strong><\/a>) entro la deadline indicata nella call.<\/p>\n<p>L\u2019oggetto della e-mail deve contenere il testo \u201cDomanda di accesso per + Acronimo del progetto + Cognome del Responsabile del progetto\u201d.<\/p>\n<p><strong>La domanda di accesso deve essere inviata entro il\u00a0 30 settembre 2024.<\/strong><\/p>\n<p><em>Il MOLAB helpdesk pu\u00f2 essere consultato per qualunque dubbio o necessit\u00e0 di approfondimento durante la compilazione della domanda di accesso.<\/em><\/p>\n<p>Clicca <a href=\"http:\/\/www.e-rihs.it\/laboratori-mobili\/\" target=\"_blank\" rel=\"noopener\"><strong>QUI<\/strong><\/a> per accedere alle schede di dettaglio delle tecniche offerte dai laboratori mobili ed elabora la tua proposta scientifica.<\/p>\n<p><a href=\"https:\/\/cnrsc-my.sharepoint.com\/:w:\/g\/personal\/silvia_iachello_cnr_it\/ETJAhENIQCxAqR7kB_SqFJEBZYwmgBM8DN2VFvihJqqOIQ?e=3K2XVM\" target=\"_blank\" rel=\"noopener\"><strong>SCARICA QUI<\/strong><\/a> il modulo per la presentazione del progetto.\u00a0<\/p>\n<p><strong>SOSTEGNO FINANZIARIO<\/strong><\/p>\n<p>L&#8217;accesso gratuito alle facility ERIHS \u00e8 su base competitiva. Possono partecipare alla call studiosi\/ricercatori\/specialisti italiani nel settore del Patrimonio Culturale appartenenti ad istituzioni pubbliche (Enti di Ricerca, Universit\u00e0, Sovrintendenze Musei) ed imprese culturali e creative\u00a0italiane. I beni culturali di interesse per i progetti proposti dovranno essere di propriet\u00e0 pubblica.<\/p>\n<p>Il grant di accesso MOLAB include:<\/p>\n<ul>\n<li>Assicurazione di trasporto e viaggio di tutti gli strumenti;<\/li>\n<li>Viaggio e alloggio dello staff MOLAB;<\/li>\n<li>Supporto tecnologico e scientifico per lo sviluppo dei progetti di ricerca.<\/li>\n<\/ul>\n<p>Gli utenti sono responsabili di:<\/p>\n<ul>\n<li>fornire un&#8217;assicurazione per l&#8217;opera d&#8217;arte \/ oggetto in esame e il proprio personale per la durata della campagna MOLAB<\/li>\n<li>fornire qualsiasi logistica specifica (ponteggi, requisiti di salute e sicurezza) al fine di sfruttare le attrezzature MOLAB nelle migliori condizioni e sicurezza.<\/li>\n<\/ul>\n<p><strong>PERMESSI<\/strong><\/p>\n<p>Qualsiasi tipologia di permesso necessario per lo svolgimento della campagna diagnostica, relativo iter burocratico ed eventuale, relativa\u00a0 quota \u00e8 a carico dell&#8217;utente.<\/p>\n<p><strong>CRITERI DI VALUTAZIONE<\/strong><\/p>\n<p>Dopo la presentazione delle domande, l&#8217;helpdesk di ERIHS e i coordinatori delle piattaforme ne verificheranno l\u2019idoneit\u00e0. Dopo questo primo controllo, le proposte vengono valutate:<\/p>\n<p><strong>Da un punto di vista tecnico<\/strong>. Questa valutazione viene eseguita dallo\/gli scienziato\/i responsabile\/i degli strumenti richiesti e mira a determinare la fattibilit\u00e0 tecnica dell&#8217;analisi e la coerenza delle date di accesso richieste. Nel caso in cui responsabile del gruppo di utenti abbia presentato una proposta di multi-analisi, la sua fattibilit\u00e0 sar\u00e0 verificata da tutti gli scienziati responsabili degli strumenti. Nel caso in cui la proposta sar\u00e0 considerata fattibile per tutti gli strumenti, la proposta sar\u00e0 inviata al Peer Review Panel (PRP) per la valutazione scientifica. Nel caso in cui\u00a0la proposta per uno o pi\u00f9 strumenti venga considerata non fattibile, il responsabile del gruppo di utenti ricever\u00e0 un&#8217;e-mail per essere informato di eventuali modifiche.<\/p>\n<p><strong>Da un punto di vista scientifico<\/strong>. Questa valutazione \u00e8 eseguita da un gruppo di esperti internazionali indipendenti (PRP), riconosciuti per la loro esperienza nel campo della conservazione e degli studi scientifici sui beni culturali. Le proposte di progetto saranno selezionate su base competitiva. I criteri includono:<\/p>\n<p>&#8211; Eccellenza scientifica<\/p>\n<p>&#8211; Inter\/multidisciplinarit\u00e0<\/p>\n<p>&#8211; Piano di valorizzazione e diffusione dei risultati<\/p>\n<p>&#8211; Competenza del gruppo utenti<\/p>\n<p>Le domande dovrebbero mirare ad aumentare la produzione scientifica (qualitativamente e quantitativamente), ottimizzare l&#8217;uso delle competenze locali delle attivit\u00e0 e delle strutture di ricerca in corso e promuovere una cooperazione scientifica a livello nazionale (ed internazionale) duratura.<\/p>\n<p>Il Peer Review Panel valuta il contenuto scientifico del progetto e classifica le proposte.<\/p>\n<p>Al termine della valutazione (che richiede un periodo di circa 3-4 mesi), lo User Helpdesk invier\u00e0 un\u2019e-mail al responsabile del gruppo di utenti\u00a0 comunicando il risultato.<\/p>\n<p>[\/et_pb_text][\/et_pb_column][\/et_pb_row][et_pb_row column_structure=&#8221;1_5,3_5,1_5&#8243; _builder_version=&#8221;4.16&#8243; background_size=&#8221;initial&#8221; background_position=&#8221;top_left&#8221; background_repeat=&#8221;repeat&#8221; width=&#8221;95.7%&#8221; custom_padding=&#8221;|0px||231px||&#8221; global_colors_info=&#8221;{}&#8221;][et_pb_column type=&#8221;1_5&#8243; _builder_version=&#8221;4.16&#8243; custom_padding=&#8221;|||&#8221; global_colors_info=&#8221;{}&#8221; custom_padding__hover=&#8221;|||&#8221;][\/et_pb_column][et_pb_column type=&#8221;3_5&#8243; _builder_version=&#8221;4.16&#8243; custom_padding=&#8221;|||&#8221; global_colors_info=&#8221;{}&#8221; custom_padding__hover=&#8221;|||&#8221;][et_pb_gallery gallery_ids=&#8221;1724,2584,2296,1848&#8243; zoom_icon_color=&#8221;#2a4169&#8243; _builder_version=&#8221;4.16&#8243; width=&#8221;161.1%&#8221; custom_margin=&#8221;|||-128px||&#8221; custom_padding=&#8221;0px|0px||0px||&#8221; pagination_font_size_tablet=&#8221;51&#8243; pagination_line_height_tablet=&#8221;2&#8243; global_colors_info=&#8221;{}&#8221;][\/et_pb_gallery][\/et_pb_column][et_pb_column type=&#8221;1_5&#8243; _builder_version=&#8221;4.16&#8243; custom_padding=&#8221;|||&#8221; global_colors_info=&#8221;{}&#8221; custom_padding__hover=&#8221;|||&#8221;][\/et_pb_column][\/et_pb_row][\/et_pb_section]<\/p>\n","protected":false},"excerpt":{"rendered":"<p>ACCESSO AI LABORATORI Lavori nel settore dell\u2019Heritage Science? Con E-RIHS.it puoi accedere alla pi\u00f9 sofisticata strumentazione scientifica e usufruire delle [&hellip;]<\/p>\n","protected":false},"author":17,"featured_media":0,"parent":0,"menu_order":0,"comment_status":"closed","ping_status":"closed","template":"","meta":{"_et_pb_use_builder":"on","_et_pb_old_content":"E-RIHS.it consente l\u2019accesso nazionale a strumenti scientifici e a&nbsp;metodologie all\u2019avanguardia per &nbsp;tutti coloro che operano nel settore dell\u2019Heritage Science.\n\nCon il supporto finanziario del MIUR, l\u2019infrastruttura di ricerca italiana E-RIHS.it (gi\u00e0 IPERION CH.it) offre la possibilit\u00e0 di accedere ai propri laboratori e alle relative competenze tecnico-scientifiche a coloro che operano nel settore dello studio, conservazione e restauro del patrimonio culturale. Archeologi, conservatori, storici dell\u2019arte, restauratori, ricercatori, studiosi dei beni culturali potranno presentare \u201cdomanda per l\u2019accesso\u201d per chiedere l\u2019intervento di E-RIHS.it nello studio di opere d\u2019arte, monumenti e siti archeologici del territorio italiano.\n\nOgni anno E-RIHS.it lancia delle call competitive e peer-reviewed per accedere ai laboratori fissi e mobili.\n\nL\u2019accesso ha caratteristiche di eccellenza e unicit\u00e0. Offre agli utenti strumentazioni, metodi analitici e competenze all\u2019avanguardia, frutto di una costante e consolidata attivit\u00e0 di ricerca e sviluppo nel settore, che non sarebbero altrimenti disponibili per le strutture, pubbliche o private. L\u2019obiettivo \u00e8 quello di promuovere e sostenere la ricerca di alta qualit\u00e0 sia per la conoscenza, sia per la conservazione dei beni culturali.\n<h5><strong>La domanda per l\u2019accesso<\/strong><\/h5>\nTramite le call annuali, E-RIHS.it raccoglie e seleziona, sulla base della qualit\u00e0 scientifica, progetti di ricerca per lo studio di beni d\u2019interesse storico, artistico e archeologico mobili e immobili basati su un approccio non invasivo&nbsp;<em>in-situ<\/em>&nbsp;completato, se necessario, da analisi micro-distruttive su campioni.\n\nI proponenti dei progetti selezionati usufruiscono gratuitamente dell\u2019accesso a strumentazioni mobili non-invasive (tecniche spettroscopiche puntuali, di&nbsp;<em>imaging<\/em>&nbsp;e di digitalizzazione) e dell\u2019accesso remoto a metodi di indagine micro-distruttivi (datazioni, analisi cromatografiche ed analisi spettroscopiche in sezione stratigrafica, analisi paleogenetiche, ecc.).\n\nI progetti sono selezionati sulla base dell\u2019eccellenza scientifica da un panel di revisori esterni all\u2019infrastruttura.\n<h5><strong>Modalit\u00e0 di presentazione della domanda per l\u2019accesso<\/strong><\/h5>\nLa domanda di accesso deve essere&nbsp;inviata via email a <a href=\"mailto:co@e-rihs.eu\">co@e-rihs.eu<\/a>&nbsp;entro la deadline prevista.\n\nL\u2019oggetto della email deve contenere il testo \u201cDomanda di accesso per +&nbsp;<em>Acronimo del progetto<\/em>&nbsp;+&nbsp;<em>Cognome del Responsabile del progetto<\/em>\u201d\n\nClicca&nbsp;<a href=\"http:\/\/www.e-rihs.it\/laboratori-mobili\/\"><strong>qui<\/strong>&nbsp;<\/a>per accedere alle schede di dettaglio delle tecniche offerte dai laboratori mobili\n\nClicca&nbsp;<strong><a href=\"http:\/\/www.e-rihs.it\/laboratori-fissi\/\">qui<\/a><\/strong><strong>&nbsp;<\/strong>per accedere alle schede di dettaglio&nbsp;delle tecniche offerte dai&nbsp;laboratori fissi\n\n<a href=\"http:\/\/www.e-rihs.it\/wp-content\/uploads\/2023\/01\/ERIHS-IT_proposal-template_12-01-23_ver2-97.docx\">Modulo Word compilabile della domanda di accesso<\/a>","_et_gb_content_width":"","footnotes":""},"class_list":["post-1581","page","type-page","status-publish","hentry"],"yoast_head":"<!-- This site is optimized with the Yoast SEO plugin v27.4 - https:\/\/yoast.com\/product\/yoast-seo-wordpress\/ -->\n<title>Accesso ai laboratori | E-RIHS.it<\/title>\n<meta name=\"robots\" content=\"index, follow, max-snippet:-1, max-image-preview:large, max-video-preview:-1\" \/>\n<link rel=\"canonical\" href=\"https:\/\/www.e-rihs.it\/en\/accesso_ai_laboratori\/\" \/>\n<meta property=\"og:locale\" content=\"en_GB\" \/>\n<meta property=\"og:type\" content=\"article\" \/>\n<meta property=\"og:title\" content=\"Accesso ai laboratori | E-RIHS.it\" \/>\n<meta property=\"og:description\" content=\"ACCESSO AI LABORATORI Lavori nel settore dell\u2019Heritage Science? Con E-RIHS.it puoi accedere alla pi\u00f9 sofisticata strumentazione scientifica e usufruire delle [&hellip;]\" \/>\n<meta property=\"og:url\" content=\"https:\/\/www.e-rihs.it\/en\/accesso_ai_laboratori\/\" \/>\n<meta property=\"og:site_name\" content=\"E-RIHS.it\" \/>\n<meta property=\"article:publisher\" content=\"https:\/\/www.facebook.com\/erihsIT\" \/>\n<meta property=\"article:modified_time\" content=\"2026-04-14T12:45:38+00:00\" \/>\n<meta name=\"twitter:card\" content=\"summary_large_image\" \/>\n<meta name=\"twitter:site\" content=\"@ErihsIt\" \/>\n<meta name=\"twitter:label1\" content=\"Estimated reading time\" \/>\n\t<meta name=\"twitter:data1\" content=\"6 minutes\" \/>\n<script type=\"application\/ld+json\" class=\"yoast-schema-graph\">{\"@context\":\"https:\\\/\\\/schema.org\",\"@graph\":[{\"@type\":\"WebPage\",\"@id\":\"https:\\\/\\\/www.e-rihs.it\\\/accesso_ai_laboratori\\\/\",\"url\":\"https:\\\/\\\/www.e-rihs.it\\\/accesso_ai_laboratori\\\/\",\"name\":\"Accesso ai laboratori | E-RIHS.it\",\"isPartOf\":{\"@id\":\"https:\\\/\\\/www.e-rihs.it\\\/#website\"},\"datePublished\":\"2017-09-19T09:54:48+00:00\",\"dateModified\":\"2026-04-14T12:45:38+00:00\",\"breadcrumb\":{\"@id\":\"https:\\\/\\\/www.e-rihs.it\\\/accesso_ai_laboratori\\\/#breadcrumb\"},\"inLanguage\":\"en-GB\",\"potentialAction\":[{\"@type\":\"ReadAction\",\"target\":[\"https:\\\/\\\/www.e-rihs.it\\\/accesso_ai_laboratori\\\/\"]}]},{\"@type\":\"BreadcrumbList\",\"@id\":\"https:\\\/\\\/www.e-rihs.it\\\/accesso_ai_laboratori\\\/#breadcrumb\",\"itemListElement\":[{\"@type\":\"ListItem\",\"position\":1,\"name\":\"Home\",\"item\":\"https:\\\/\\\/www.e-rihs.it\\\/\"},{\"@type\":\"ListItem\",\"position\":2,\"name\":\"Accesso ai laboratori\"}]},{\"@type\":\"WebSite\",\"@id\":\"https:\\\/\\\/www.e-rihs.it\\\/#website\",\"url\":\"https:\\\/\\\/www.e-rihs.it\\\/\",\"name\":\"E-RIHS.it\",\"description\":\"The Italian node of the European Research Infrastructure for Heritage Science\",\"publisher\":{\"@id\":\"https:\\\/\\\/www.e-rihs.it\\\/#organization\"},\"potentialAction\":[{\"@type\":\"SearchAction\",\"target\":{\"@type\":\"EntryPoint\",\"urlTemplate\":\"https:\\\/\\\/www.e-rihs.it\\\/?s={search_term_string}\"},\"query-input\":{\"@type\":\"PropertyValueSpecification\",\"valueRequired\":true,\"valueName\":\"search_term_string\"}}],\"inLanguage\":\"en-GB\"},{\"@type\":\"Organization\",\"@id\":\"https:\\\/\\\/www.e-rihs.it\\\/#organization\",\"name\":\"The Italian node of the European Research Infrastructure for Heritage Science\",\"url\":\"https:\\\/\\\/www.e-rihs.it\\\/\",\"logo\":{\"@type\":\"ImageObject\",\"inLanguage\":\"en-GB\",\"@id\":\"https:\\\/\\\/www.e-rihs.it\\\/#\\\/schema\\\/logo\\\/image\\\/\",\"url\":\"https:\\\/\\\/www.e-rihs.it\\\/wp-content\\\/uploads\\\/2018\\\/01\\\/e-rihsit-logo.png\",\"contentUrl\":\"https:\\\/\\\/www.e-rihs.it\\\/wp-content\\\/uploads\\\/2018\\\/01\\\/e-rihsit-logo.png\",\"width\":620,\"height\":107,\"caption\":\"The Italian node of the European Research Infrastructure for Heritage Science\"},\"image\":{\"@id\":\"https:\\\/\\\/www.e-rihs.it\\\/#\\\/schema\\\/logo\\\/image\\\/\"},\"sameAs\":[\"https:\\\/\\\/www.facebook.com\\\/erihsIT\",\"https:\\\/\\\/x.com\\\/ErihsIt\",\"https:\\\/\\\/www.youtube.com\\\/channel\\\/UC4h0G3wcxmlicWpoLUFmb-Q\"]}]}<\/script>\n<!-- \/ Yoast SEO plugin. -->","yoast_head_json":{"title":"Accesso ai laboratori | E-RIHS.it","robots":{"index":"index","follow":"follow","max-snippet":"max-snippet:-1","max-image-preview":"max-image-preview:large","max-video-preview":"max-video-preview:-1"},"canonical":"https:\/\/www.e-rihs.it\/en\/accesso_ai_laboratori\/","og_locale":"en_GB","og_type":"article","og_title":"Accesso ai laboratori | E-RIHS.it","og_description":"ACCESSO AI LABORATORI Lavori nel settore dell\u2019Heritage Science? Con E-RIHS.it puoi accedere alla pi\u00f9 sofisticata strumentazione scientifica e usufruire delle [&hellip;]","og_url":"https:\/\/www.e-rihs.it\/en\/accesso_ai_laboratori\/","og_site_name":"E-RIHS.it","article_publisher":"https:\/\/www.facebook.com\/erihsIT","article_modified_time":"2026-04-14T12:45:38+00:00","twitter_card":"summary_large_image","twitter_site":"@ErihsIt","twitter_misc":{"Estimated reading time":"6 minutes"},"schema":{"@context":"https:\/\/schema.org","@graph":[{"@type":"WebPage","@id":"https:\/\/www.e-rihs.it\/accesso_ai_laboratori\/","url":"https:\/\/www.e-rihs.it\/accesso_ai_laboratori\/","name":"Accesso ai laboratori | E-RIHS.it","isPartOf":{"@id":"https:\/\/www.e-rihs.it\/#website"},"datePublished":"2017-09-19T09:54:48+00:00","dateModified":"2026-04-14T12:45:38+00:00","breadcrumb":{"@id":"https:\/\/www.e-rihs.it\/accesso_ai_laboratori\/#breadcrumb"},"inLanguage":"en-GB","potentialAction":[{"@type":"ReadAction","target":["https:\/\/www.e-rihs.it\/accesso_ai_laboratori\/"]}]},{"@type":"BreadcrumbList","@id":"https:\/\/www.e-rihs.it\/accesso_ai_laboratori\/#breadcrumb","itemListElement":[{"@type":"ListItem","position":1,"name":"Home","item":"https:\/\/www.e-rihs.it\/"},{"@type":"ListItem","position":2,"name":"Accesso ai laboratori"}]},{"@type":"WebSite","@id":"https:\/\/www.e-rihs.it\/#website","url":"https:\/\/www.e-rihs.it\/","name":"E-RIHS.it","description":"The Italian node of the European Research Infrastructure for Heritage Science","publisher":{"@id":"https:\/\/www.e-rihs.it\/#organization"},"potentialAction":[{"@type":"SearchAction","target":{"@type":"EntryPoint","urlTemplate":"https:\/\/www.e-rihs.it\/?s={search_term_string}"},"query-input":{"@type":"PropertyValueSpecification","valueRequired":true,"valueName":"search_term_string"}}],"inLanguage":"en-GB"},{"@type":"Organization","@id":"https:\/\/www.e-rihs.it\/#organization","name":"The Italian node of the European Research Infrastructure for Heritage Science","url":"https:\/\/www.e-rihs.it\/","logo":{"@type":"ImageObject","inLanguage":"en-GB","@id":"https:\/\/www.e-rihs.it\/#\/schema\/logo\/image\/","url":"https:\/\/www.e-rihs.it\/wp-content\/uploads\/2018\/01\/e-rihsit-logo.png","contentUrl":"https:\/\/www.e-rihs.it\/wp-content\/uploads\/2018\/01\/e-rihsit-logo.png","width":620,"height":107,"caption":"The Italian node of the European Research Infrastructure for Heritage Science"},"image":{"@id":"https:\/\/www.e-rihs.it\/#\/schema\/logo\/image\/"},"sameAs":["https:\/\/www.facebook.com\/erihsIT","https:\/\/x.com\/ErihsIt","https:\/\/www.youtube.com\/channel\/UC4h0G3wcxmlicWpoLUFmb-Q"]}]}},"_links":{"self":[{"href":"https:\/\/www.e-rihs.it\/en\/wp-json\/wp\/v2\/pages\/1581","targetHints":{"allow":["GET"]}}],"collection":[{"href":"https:\/\/www.e-rihs.it\/en\/wp-json\/wp\/v2\/pages"}],"about":[{"href":"https:\/\/www.e-rihs.it\/en\/wp-json\/wp\/v2\/types\/page"}],"author":[{"embeddable":true,"href":"https:\/\/www.e-rihs.it\/en\/wp-json\/wp\/v2\/users\/17"}],"replies":[{"embeddable":true,"href":"https:\/\/www.e-rihs.it\/en\/wp-json\/wp\/v2\/comments?post=1581"}],"version-history":[{"count":152,"href":"https:\/\/www.e-rihs.it\/en\/wp-json\/wp\/v2\/pages\/1581\/revisions"}],"predecessor-version":[{"id":8429,"href":"https:\/\/www.e-rihs.it\/en\/wp-json\/wp\/v2\/pages\/1581\/revisions\/8429"}],"wp:attachment":[{"href":"https:\/\/www.e-rihs.it\/en\/wp-json\/wp\/v2\/media?parent=1581"}],"curies":[{"name":"wp","href":"https:\/\/api.w.org\/{rel}","templated":true}]}}