{"id":1076,"date":"2017-03-08T10:28:32","date_gmt":"2017-03-08T10:28:32","guid":{"rendered":"http:\/\/www-e-rihs-eu.infn.it\/?page_id=1076"},"modified":"2024-06-20T11:21:52","modified_gmt":"2024-06-20T10:21:52","slug":"informativa-privacy","status":"publish","type":"page","link":"https:\/\/www.e-rihs.it\/en\/informativa-privacy\/","title":{"rendered":"Privacy Policy"},"content":{"rendered":"<p>[et_pb_section fb_built=&#8221;1&#8243; _builder_version=&#8221;3.22&#8243;][et_pb_row _builder_version=&#8221;3.25&#8243; background_size=&#8221;initial&#8221; background_position=&#8221;top_left&#8221; background_repeat=&#8221;repeat&#8221; min_height=&#8221;875px&#8221;][et_pb_column type=&#8221;4_4&#8243; _builder_version=&#8221;3.25&#8243; custom_padding=&#8221;|||&#8221; custom_padding__hover=&#8221;|||&#8221;][et_pb_text admin_label=&#8221;Testo&#8221; _builder_version=&#8221;4.7.7&#8243; background_size=&#8221;initial&#8221; background_position=&#8221;top_left&#8221; background_repeat=&#8221;repeat&#8221; hover_enabled=&#8221;0&#8243; sticky_enabled=&#8221;0&#8243;]<\/p>\n<h2>Privacy Policy<\/h2>\n<p>La presente Privacy Policy \u00e8 resa nel rispetto dell\u2019articolo 13 del GDPR 2016\/679 (General Data Protection Regulation, Regolamento europeo in materia di protezione dei dati personali) e delle Linee guida del Garante in merito a cookie e altri strumenti di tracciamento \u2013 10 giugno 2021. L&#8217;informativa \u00e8 resa solo per questo sito (www.e-rihs.it) e non anche per altri siti web eventualmente raggiunti dall&#8217;utente tramite link.<\/p>\n<h3>Chi siamo<\/h3>\n<p>E-RIHS.it \u00e8 il Nodo Nazionale di E-RIHS IP, un progetto europeo finanziato dal Programma Horizon Europe dell&#8217;Unione Europea in risposta alla call HORIZON-INFRA-2021-DEV-02, Grant Agreement n.101079148. Il CNR-Consiglio Nazionale delle Ricerche coordina il progetto e pertanto la presente informativa sulla privacy \u00e8 conforme all&#8217;informativa sulla privacy del CNR in attesa che E-RIHS si costituisca come ERIC.<\/p>\n<h3>Titolare del trattamento dei dati<\/h3>\n<p>Il titolare del trattamento dei dati personali \u00e8 il CNR &#8211; Consiglio Nazionale delle Ricerche con sede legale in Roma, Piazzale Aldo Moro 7, 00185 Roma, Italia.<\/p>\n<h3>Responsabile per la Protezione dei Dati (RPD o DPO)<\/h3>\n<p>Il Responsabile della Protezione dei Dati, nominato con provvedimento 91\/2023 del 04\/07\/2023, \u00e8 raggiungibile al seguente indirizzo e-mail: rpd@cnr.it.<\/p>\n<h3>Finalit\u00e0 e trattamento dei dati<\/h3>\n<p>Il trattamento dei dati personali effettuato tramite www.e-rihs.eu riguarda esclusivamente i dati di navigazione normalmente ricevuti dal servizio HTTP (come l&#8217;indirizzo IP, il sistema operativo e qualsiasi altro dato normalmente trasmesso dal client al server tramite il protocollo HTTP). Questi dati vengono conservati per un anno, poi anonimizzati e conservati a tempo indeterminato solo per fini statistici e di sicurezza.<\/p>\n<p>I dati sono trattati dal CNR in relazione al raggiungimento dei fini istituzionali dell\u2019Ente, o comunque connessi all\u2019esercizio dei compiti di interesse pubblico e all\u2019esercizio di pubblici poteri cui \u00e8 chiamato, incluse le finalit\u00e0 di ricerca scientifica e analisi per scopi statistici, di didattica e di amministrazione, dall&#8217;art. 6, comma 1, lett. e) e, in particolare, al fine di fornire e migliorare i servizi web offerti.<\/p>\n<p>Tali dati sono trattati da personale interno preventivamente istruito in modo lecito, corretto, pertinente, limitatamente a quanto necessario per il perseguimento delle finalit\u00e0 del trattamento in base ai principi di cui all&#8217;art. 5 del Regolamento UE 2016\/679. I dati vengono conservati solo per eventuali necessit\u00e0 di accertamento di reati da parte dell&#8217;autorit\u00e0 giudiziaria. Specifiche misure di sicurezza sono osservate per prevenire la perdita dei dati, usi illeciti o non corretti ed accessi non autorizzati.<\/p>\n<h3>Diritti degli interessati<\/h3>\n<p>Gli interessati hanno il diritto di chiedere al titolare del trattamento l\u2019accesso ai dati personali e la rettifica o la cancellazione degli stessi o la limitazione del trattamento che li riguarda o di opporsi al trattamento secondo quanto previsto dagli art. 15 e ss. del Regolamento UE 2016\/679. L\u2019interessato ha diritto di presentare la propria istanza al Titolare del trattamento dati. Le istanze dovranno essere indirizzate a:\u00a0ufficiostampa@cnr.it<\/p>\n<p>Agli interessati, ricorrendone i presupposti, \u00e8 riconosciuto altres\u00ec il diritto di proporre reclamo al Garante quale autorit\u00e0 di controllo.<br \/>\nAi sensi del Reg. 2016\/679, il Titolare del trattamento dati \u00e8 il CNR \u2013 Consiglio nazionale delle ricerche con sede legale a Roma, Piazzale Aldo Moro 7, 00185 Roma, Italia.<br \/>\nAi sensi del Reg. 2016\/679, Responsabile del trattamento dei dati personali effettuato tramite www.e-rihs.it \u00e8 il CNR-Istituto di Scienze del Patrimonio Culturale (ISPC), contattabile al seguente indirizzo email:\u00a0direttore@ispc.cnr.it<br \/>\nAi sensi degli artt. 37 e ss. del predetto Regolamento relativo alla protezione delle persone fisiche con riguardo al trattamento dei dati, il CNR con \u00a0<a href=\"https:\/\/www.urp.cnr.it\/copertine\/ente\/ente_normativa\/ordinamento\/2023\/091.pdf\">provvedimento 91\/2023 del 04\/07\/2023<\/a>\u00a0ha designato il Responsabile per la Protezione dei Dati (RPD o DPO), email:\u00a0rpd@cnr.it<\/p>\n<h3>Cookie policy<\/h3>\n<p>Un \u201ccookie\u201d \u00e8 un piccolo file di testo creato da alcuni siti web sul computer dell\u2019utente al momento in cui questo accede a un determinato sito, con lo scopo di immagazzinare e trasportare informazioni. I cookies sono inviati da un server web (che \u00e8 il computer sul quale \u00e8 in esecuzione il sito web visitato) al browser dell\u2019utente (Internet Explorer, Mozilla Firefox, Google Chrome, ecc\u2026) e memorizzati sul computer di quest\u2019ultimo; vengono, quindi, re-inviati al sito web al momento delle visite successive.<br \/>\nAlcune operazioni non potrebbero essere compiute senza l\u2019uso dei cookie, che, in alcuni casi, sono quindi tecnicamente necessari. In altri casi il sito visualizzato utilizza cookie per facilitare e agevolare la navigazione da parte dell\u2019utente o per consentire a questi di usufruire di servizi specificamente richiesti.<br \/>\nI cookies possono rimanere nel sistema anche per lunghi periodi e possono contenere anche un codice identificativo unico. Ci\u00f2 consente ai siti che li utilizzano di tenere traccia della navigazione dell\u2019utente all\u2019interno del sito stesso, per finalit\u00e0 statistiche o pubblicitarie, per creare cio\u00e8 un profilo personalizzato dell\u2019utente a partire dalle pagine che lo stesso ha visitato e mostrargli e\/o inviargli quindi pubblicit\u00e0 mirate (c.d.\u00a0Behavioural Advertising).<\/p>\n<h3>Cookies utilizzati in questo sito web<\/h3>\n<p>Questo sito Web utilizza esclusivamente cookies di sessione strettamente necessari per consentire specifiche funzioni richieste che garantiscono la normale navigazione e l\u2019uso del sito web e vengono cancellati automaticamente alla fine di ogni navigazione.<\/p>\n<h3>Trasferimento dei dati in paesi extra UE<\/h3>\n<p>Il presente sito potrebbe condividere alcuni dei dati raccolti con servizi localizzati al di fuori dell\u2019area dell\u2019Unione Europea. In particolare con Google, Youtube, Facebook e X tramite i social plugin. Il trasferimento \u00e8 autorizzato in base a specifiche decisioni della Commissione europea, oppure in base alle clausole contrattuali standard dei singoli servizi.<\/p>\n<h3>Misure di sicurezza<\/h3>\n<p>Trattiamo i dati dei visitatori\/utenti in maniera lecita e corretta, adottando le opportune misure di sicurezza volte ad impedire accessi non autorizzati, divulgazione, modifica o distruzione non autorizzata dei dati. Ci impegniamo a tutelare la sicurezza dei tuoi dati personali durante il loro invio, utilizzando la tecnologia Secure Sockets Layer (SSL), che cripta le informazioni in transito. Il trattamento viene effettuato mediante strumenti informatici e\/o telematici, con modalit\u00e0 organizzative e con logiche strettamente correlate alle finalit\u00e0 indicate.<\/p>\n<h3>Disabilitazione cookie<\/h3>\n<p>L\u2019utente pu\u00f2 rifiutare l\u2019utilizzo dei cookie e in qualsiasi momento pu\u00f2 revocare un consenso gi\u00e0 fornito. Poich\u00e9 i cookie sono collegati al browser utilizzato,\u00a0possono essere disabilitati direttamente dal browser, cos\u00ec rifiutando\/revocando il consenso all\u2019uso dei cookie, oppure tramite il banner posto a fondo pagina.<\/p>\n<p>La disabilitazione dei cookie potrebbe impedire il corretto utilizzo di alcune funzioni del sito stesso, in particolare i servizi forniti da terze parti potrebbero non essere accessibili, e quindi potrebbero non essere visualizzabili:<\/p>\n<ul>\n<li>video di YouTube o altri servizi di condivisione video;<\/li>\n<li>le mappe di Google;<\/li>\n<li>i social buttons dei social network;<\/li>\n<\/ul>\n<p>Le istruzioni per la disabilitazione dei cookies si trovano alle seguenti pagine web:<\/p>\n<p><a href=\"https:\/\/support.mozilla.org\/it\/kb\/Attivare%20e%20disattivare%20i%20cookie\" target=\"_blank\" rel=\"noopener noreferrer\">Mozilla Firefox<\/a>\u00a0&#8211;\u00a0<a href=\"https:\/\/support.microsoft.com\/it-it\/help\/17442\/windows-internet-explorer-delete-manage-cookies\" target=\"_blank\" rel=\"noopener noreferrer\">Microsoft Internet Explorer<\/a>\u00a0&#8211;<a href=\"https:\/\/support.microsoft.com\/it-it\/windows\/gestire-i-cookie-in-microsoft-edge-visualizzare-consentire-bloccare-eliminare-e-usare-168dab11-0753-043d-7c16-ede5947fc64d\" target=\"_blank\" rel=\"noopener noreferrer\" title=\"Microsoft Edge\">\u00a0Microsoft Edge<\/a>\u00a0&#8211;\u00a0<a href=\"https:\/\/support.google.com\/chrome\/answer\/95647?hl=it\" target=\"_blank\" rel=\"noopener noreferrer\">Google Chrome<\/a>\u00a0&#8211;\u00a0<a href=\"https:\/\/www.opera.com\/it\/privacy\/cookies\" target=\"_blank\" rel=\"noopener noreferrer\">Opera<\/a>\u00a0&#8211;\u00a0<a href=\"https:\/\/support.apple.com\/it-it\/HT201265\" target=\"_blank\" rel=\"noopener noreferrer\">Apple Safari<\/a><\/p>\n<h3>Cookie di terze parti<\/h3>\n<p><strong>Matomo<\/strong><\/p>\n<p>Al fine di facilitare la navigazione nel sito e le modalit\u00e0 di indirizzamento dei visitatori presso lo stesso, il sito utilizza Matomo, un software open source di analisi web che garantisce piena compatibilit\u00e0 con le leggi europee relative alla protezione dei dati. Per analizzare i punti di maggiore interesse dei siti visitati dall\u2019utente, Matomo utilizza i cookie a scopi statistici e raccoglie informazioni in sola forma aggregata, senza associare l\u2019indirizzo IP di navigazione dell\u2019utente a nessun altro dato raccolto precedentemente.<\/p>\n<p>\u00c8 facolt\u00e0 dell\u2019utente che visita il portale rifiutare i cookie analytics, agendo sulle impostazioni disponibili nel browser. La disabilitazione dei cookie potrebbe impedire il corretto funzionamento di alcuni servizi o la fruizione di alcuni contenuti.<\/p>\n<p><a href=\"https:\/\/matomo.org\/privacy-policy\/\" target=\"_blank\" rel=\"noopener noreferrer\">Privacy policy di Matomo<\/a><\/p>\n<p><strong><\/strong><\/p>\n<p><strong>Social Networks<\/strong><\/p>\n<p>Usiamo alcuni dei principali social network per tenerci in contatto con i nostri utenti. Questo servizio terzo potrebbe rilasciare cookie per il suo corretto funzionamento. Per la condivisione su Facebook, YouTube e X alcune informazioni personali potrebbero essere acquisite dai gestori delle piattaforme di social network ogni volta che l\u2019Utente decide di interagire con i plug-in.\u00a0Per maggiori informazioni sulle logiche e le modalit\u00e0 di trattamento dei dati raccolti,\u00a0gli utenti sono invitati a leggere le note informative sulla privacy fornite dai soggetti che forniscono i servizi in questione:<\/p>\n<p>Facebook:\u00a0<a href=\"https:\/\/www.facebook.com\/privacy\/explanation\" target=\"_blank\" rel=\"noopener noreferrer\">https:\/\/www.facebook.com\/privacy\/explanation<\/a><br \/>\nYouTube:\u00a0<a href=\"https:\/\/www.google.it\/intl\/it\/policies\/privacy\" target=\"_blank\" rel=\"noopener noreferrer\">https:\/\/www.google.it\/intl\/it\/policies\/privacy<\/a><br \/>\nX: <a href=\"https:\/\/x.com\/en\/privacy\" target=\"_blank\" rel=\"noopener noreferrer\">https:\/\/x.com\/en\/privacy<\/a><\/p>\n<h3>Informazioni di contatto<\/h3>\n<p>Titolare del Trattamento dati: CNR-Consiglio Nazionale delle Ricerche, Piazzale A. Moro 7 \u2013 00185 Roma, Italia | email:\u00a0<a href=\"mailto:ufficiostampa@cnr.it\" target=\"_blank\" rel=\"noopener noreferrer\">ufficiostampa@cnr.it<\/a><br \/>\nResponsabile per la Protezione dei Dati (RPD o DPO): CNR-Consiglio Nazionale delle Ricerche, Piazzale A. Moro 7 \u2013 00185 Roma, Italia |email:\u00a0<a href=\"mailto:rpd@cnr.it\" target=\"_blank\" rel=\"noopener noreferrer\">rpd@cnr.it<\/a><br \/>\nResponsabile del trattamento dei dati: CNR-Istituto di Scienze del Patrimonio Culturale (ISPC), Via Cardinale Guglielmo Sanfelice 8, 80134, Napoli, Italia | email:\u00a0<a href=\"mailto:direttore@ispc.cnr.it\" target=\"_blank\" rel=\"noopener noreferrer\">direttore@ispc.cnr.it<\/a><\/p>\n<h3>Aggiornamento<\/h3>\n<p>La presente privacy policy \u00e8 aggiornata in data 20 giugno 2024.<\/p>\n<p>&nbsp;[\/et_pb_text][\/et_pb_column][\/et_pb_row][\/et_pb_section]<\/p>\n","protected":false},"excerpt":{"rendered":"<p>Privacy Policy La presente Privacy Policy \u00e8 resa nel rispetto dell\u2019articolo 13 del GDPR 2016\/679 (General Data Protection Regulation, Regolamento [&hellip;]<\/p>\n","protected":false},"author":17,"featured_media":0,"parent":0,"menu_order":0,"comment_status":"closed","ping_status":"closed","template":"","meta":{"_et_pb_use_builder":"on","_et_pb_old_content":"Lo scopo dell'informativa privacy \u00e8 di fornire la massima trasparenza relativamente alle informazioni che il sito raccoglie e come le usa.\n\nIn ottemperanza degli obblighi derivanti dalla normativa nazionale (<a href=\"https:\/\/protezionedatipersonali.it\/codice-protezione-dati-personali\">Codice in materia di protezione dei dati personali<\/a>) e europea (<a href=\"https:\/\/protezionedatipersonali.it\/regolamento-generale-protezione-dati\">Regolamento europeo per la protezione dei dati personali<\/a>), il presente sito rispetta e tutela la riservatezza dei visitatori e degli utenti, ponendo in essere ogni sforzo possibile e proporzionato per non ledere i diritti degli utenti.\n\nIl presente sito\u00a0<strong>non pubblica annunci pubblicitari, non usa dati a fini di invio di pubblicit\u00e0<\/strong>, per\u00f2 fa uso di\u00a0<strong>servizi di terze parti<\/strong>\u00a0al fine di migliorare l'utilizzo del sito, terze parti che potrebbero raccogliere dati degli utenti e poi usarli per inviare annunci pubblicitari personalizzati su altri siti. Tuttavia,\u00a0<strong>il presente sito pone in essere ogni sforzo possibile per tutelare la privacy degli utenti e minimizzare la raccolta dei dati personali<\/strong>\n\n<strong>Social Network<\/strong>\n\nUsiamo alcuni dei principali social network per tenerci in contatto con i nostri utenti. Questo servizio terzo potrebbe rilasciare cookie per il suo corretto funzionamento. Per la condivisione su Facebook, YouTube e Twitter alcune informazioni personali potrebbero essere acquisite dai gestori delle piattaforme di social network ogni volta che l'Utente decide di interagire con i plug-in.\u00a0Per maggiori informazioni sulle logiche e le modalit\u00e0 di trattamento dei dati raccolti,\u00a0gli utenti sono invitati a leggere le note informative sulla privacy fornite dai soggetti che forniscono i servizi in questione:\n\nFacebook: <a href=\"https:\/\/www.facebook.com\/privacy\/explanation\">https:\/\/www.facebook.com\/privacy\/explanation<\/a>\n\nTwitter: <a href=\"https:\/\/twitter.com\/it\/privacy\">https:\/\/twitter.com\/it\/privacy<\/a>\n\nYouTube:\u00a0<a href=\"https:\/\/www.google.it\/intl\/it\/policies\/privacy\">https:\/\/www.google.it\/intl\/it\/policies\/privacy<\/a>\n\n<strong>Informazioni di contatto<\/strong>\n\n<strong>Titolare del Trattamento dati<\/strong>: Consiglio Nazionale delle Ricerche, Piazzale A. Moro 7 \u2013 00185 ROMA \u2013 email:\u00a0<a href=\"mailto:direttore.ufficiostampa@cnr.it\">direttore.ufficiostampa@cnr.it<\/a>\n\n<strong>Responsabile per la Protezione dei Dati (RPD)<\/strong>: Consiglio Nazionale delle Ricerche, Piazzale A. Moro 7 \u2013 00185 ROMA \u2013 email:\u00a0<a href=\"mailto:rpd@cnr.it\">rpd@cnr.it<\/a>\n\n<strong>Responsabile del trattamento dei dati per Istituto ISPC<\/strong>: Direttore COSTANZA MILIANI \u2013 email:\u00a0<a href=\"mailto:direttore@ispc.cnr.it\">direttore@ispc.cnr.it<\/a>\n\n<strong>Referente responsabile interno GDPR<\/strong>: FABIO FORTINGUERRA \u2013 email:\u00a0<a href=\"mailto:fabio.fortinguerra@cnr.it\">fabio.fortinguerra@cnr.it<\/a>","_et_gb_content_width":"","footnotes":""},"class_list":["post-1076","page","type-page","status-publish"],"yoast_head":"<!-- This site is optimized with the Yoast SEO plugin v27.0 - https:\/\/yoast.com\/product\/yoast-seo-wordpress\/ -->\n<title>INFORMATIVA PRIVACY | E-RIHS.it<\/title>\n<meta name=\"robots\" content=\"index, follow, max-snippet:-1, max-image-preview:large, max-video-preview:-1\" \/>\n<link rel=\"canonical\" href=\"https:\/\/www.e-rihs.it\/en\/informativa-privacy\/\" \/>\n<meta property=\"og:locale\" content=\"en_GB\" \/>\n<meta property=\"og:type\" content=\"article\" \/>\n<meta property=\"og:title\" content=\"INFORMATIVA PRIVACY | E-RIHS.it\" \/>\n<meta property=\"og:description\" content=\"Privacy Policy La presente Privacy Policy \u00e8 resa nel rispetto dell\u2019articolo 13 del GDPR 2016\/679 (General Data Protection Regulation, Regolamento [&hellip;]\" \/>\n<meta property=\"og:url\" content=\"https:\/\/www.e-rihs.it\/en\/informativa-privacy\/\" \/>\n<meta property=\"og:site_name\" content=\"E-RIHS.it\" \/>\n<meta property=\"article:publisher\" content=\"https:\/\/www.facebook.com\/erihsIT\" \/>\n<meta property=\"article:modified_time\" content=\"2024-06-20T10:21:52+00:00\" \/>\n<meta name=\"twitter:card\" content=\"summary_large_image\" \/>\n<meta name=\"twitter:site\" content=\"@ErihsIt\" \/>\n<meta name=\"twitter:label1\" content=\"Estimated reading time\" \/>\n\t<meta name=\"twitter:data1\" content=\"2 minutes\" \/>\n<script type=\"application\/ld+json\" class=\"yoast-schema-graph\">{\"@context\":\"https:\/\/schema.org\",\"@graph\":[{\"@type\":\"WebPage\",\"@id\":\"https:\/\/www.e-rihs.it\/informativa-privacy\/\",\"url\":\"https:\/\/www.e-rihs.it\/informativa-privacy\/\",\"name\":\"INFORMATIVA PRIVACY | E-RIHS.it\",\"isPartOf\":{\"@id\":\"https:\/\/www.e-rihs.it\/#website\"},\"datePublished\":\"2017-03-08T10:28:32+00:00\",\"dateModified\":\"2024-06-20T10:21:52+00:00\",\"breadcrumb\":{\"@id\":\"https:\/\/www.e-rihs.it\/informativa-privacy\/#breadcrumb\"},\"inLanguage\":\"en-GB\",\"potentialAction\":[{\"@type\":\"ReadAction\",\"target\":[\"https:\/\/www.e-rihs.it\/informativa-privacy\/\"]}]},{\"@type\":\"BreadcrumbList\",\"@id\":\"https:\/\/www.e-rihs.it\/informativa-privacy\/#breadcrumb\",\"itemListElement\":[{\"@type\":\"ListItem\",\"position\":1,\"name\":\"Home\",\"item\":\"https:\/\/www.e-rihs.it\/\"},{\"@type\":\"ListItem\",\"position\":2,\"name\":\"INFORMATIVA PRIVACY\"}]},{\"@type\":\"WebSite\",\"@id\":\"https:\/\/www.e-rihs.it\/#website\",\"url\":\"https:\/\/www.e-rihs.it\/\",\"name\":\"E-RIHS.it\",\"description\":\"The Italian node of the European Research Infrastructure for Heritage Science\",\"publisher\":{\"@id\":\"https:\/\/www.e-rihs.it\/#organization\"},\"potentialAction\":[{\"@type\":\"SearchAction\",\"target\":{\"@type\":\"EntryPoint\",\"urlTemplate\":\"https:\/\/www.e-rihs.it\/?s={search_term_string}\"},\"query-input\":{\"@type\":\"PropertyValueSpecification\",\"valueRequired\":true,\"valueName\":\"search_term_string\"}}],\"inLanguage\":\"en-GB\"},{\"@type\":\"Organization\",\"@id\":\"https:\/\/www.e-rihs.it\/#organization\",\"name\":\"The Italian node of the European Research Infrastructure for Heritage Science\",\"url\":\"https:\/\/www.e-rihs.it\/\",\"logo\":{\"@type\":\"ImageObject\",\"inLanguage\":\"en-GB\",\"@id\":\"https:\/\/www.e-rihs.it\/#\/schema\/logo\/image\/\",\"url\":\"https:\/\/www.e-rihs.it\/wp-content\/uploads\/2018\/01\/e-rihsit-logo.png\",\"contentUrl\":\"https:\/\/www.e-rihs.it\/wp-content\/uploads\/2018\/01\/e-rihsit-logo.png\",\"width\":620,\"height\":107,\"caption\":\"The Italian node of the European Research Infrastructure for Heritage Science\"},\"image\":{\"@id\":\"https:\/\/www.e-rihs.it\/#\/schema\/logo\/image\/\"},\"sameAs\":[\"https:\/\/www.facebook.com\/erihsIT\",\"https:\/\/x.com\/ErihsIt\",\"https:\/\/www.youtube.com\/channel\/UC4h0G3wcxmlicWpoLUFmb-Q\"]}]}<\/script>\n<!-- \/ Yoast SEO plugin. -->","yoast_head_json":{"title":"INFORMATIVA PRIVACY | E-RIHS.it","robots":{"index":"index","follow":"follow","max-snippet":"max-snippet:-1","max-image-preview":"max-image-preview:large","max-video-preview":"max-video-preview:-1"},"canonical":"https:\/\/www.e-rihs.it\/en\/informativa-privacy\/","og_locale":"en_GB","og_type":"article","og_title":"INFORMATIVA PRIVACY | E-RIHS.it","og_description":"Privacy Policy La presente Privacy Policy \u00e8 resa nel rispetto dell\u2019articolo 13 del GDPR 2016\/679 (General Data Protection Regulation, Regolamento [&hellip;]","og_url":"https:\/\/www.e-rihs.it\/en\/informativa-privacy\/","og_site_name":"E-RIHS.it","article_publisher":"https:\/\/www.facebook.com\/erihsIT","article_modified_time":"2024-06-20T10:21:52+00:00","twitter_card":"summary_large_image","twitter_site":"@ErihsIt","twitter_misc":{"Estimated reading time":"2 minutes"},"schema":{"@context":"https:\/\/schema.org","@graph":[{"@type":"WebPage","@id":"https:\/\/www.e-rihs.it\/informativa-privacy\/","url":"https:\/\/www.e-rihs.it\/informativa-privacy\/","name":"INFORMATIVA PRIVACY | E-RIHS.it","isPartOf":{"@id":"https:\/\/www.e-rihs.it\/#website"},"datePublished":"2017-03-08T10:28:32+00:00","dateModified":"2024-06-20T10:21:52+00:00","breadcrumb":{"@id":"https:\/\/www.e-rihs.it\/informativa-privacy\/#breadcrumb"},"inLanguage":"en-GB","potentialAction":[{"@type":"ReadAction","target":["https:\/\/www.e-rihs.it\/informativa-privacy\/"]}]},{"@type":"BreadcrumbList","@id":"https:\/\/www.e-rihs.it\/informativa-privacy\/#breadcrumb","itemListElement":[{"@type":"ListItem","position":1,"name":"Home","item":"https:\/\/www.e-rihs.it\/"},{"@type":"ListItem","position":2,"name":"INFORMATIVA PRIVACY"}]},{"@type":"WebSite","@id":"https:\/\/www.e-rihs.it\/#website","url":"https:\/\/www.e-rihs.it\/","name":"E-RIHS.it","description":"The Italian node of the European Research Infrastructure for Heritage Science","publisher":{"@id":"https:\/\/www.e-rihs.it\/#organization"},"potentialAction":[{"@type":"SearchAction","target":{"@type":"EntryPoint","urlTemplate":"https:\/\/www.e-rihs.it\/?s={search_term_string}"},"query-input":{"@type":"PropertyValueSpecification","valueRequired":true,"valueName":"search_term_string"}}],"inLanguage":"en-GB"},{"@type":"Organization","@id":"https:\/\/www.e-rihs.it\/#organization","name":"The Italian node of the European Research Infrastructure for Heritage Science","url":"https:\/\/www.e-rihs.it\/","logo":{"@type":"ImageObject","inLanguage":"en-GB","@id":"https:\/\/www.e-rihs.it\/#\/schema\/logo\/image\/","url":"https:\/\/www.e-rihs.it\/wp-content\/uploads\/2018\/01\/e-rihsit-logo.png","contentUrl":"https:\/\/www.e-rihs.it\/wp-content\/uploads\/2018\/01\/e-rihsit-logo.png","width":620,"height":107,"caption":"The Italian node of the European Research Infrastructure for Heritage Science"},"image":{"@id":"https:\/\/www.e-rihs.it\/#\/schema\/logo\/image\/"},"sameAs":["https:\/\/www.facebook.com\/erihsIT","https:\/\/x.com\/ErihsIt","https:\/\/www.youtube.com\/channel\/UC4h0G3wcxmlicWpoLUFmb-Q"]}]}},"_links":{"self":[{"href":"https:\/\/www.e-rihs.it\/en\/wp-json\/wp\/v2\/pages\/1076","targetHints":{"allow":["GET"]}}],"collection":[{"href":"https:\/\/www.e-rihs.it\/en\/wp-json\/wp\/v2\/pages"}],"about":[{"href":"https:\/\/www.e-rihs.it\/en\/wp-json\/wp\/v2\/types\/page"}],"author":[{"embeddable":true,"href":"https:\/\/www.e-rihs.it\/en\/wp-json\/wp\/v2\/users\/17"}],"replies":[{"embeddable":true,"href":"https:\/\/www.e-rihs.it\/en\/wp-json\/wp\/v2\/comments?post=1076"}],"version-history":[{"count":13,"href":"https:\/\/www.e-rihs.it\/en\/wp-json\/wp\/v2\/pages\/1076\/revisions"}],"predecessor-version":[{"id":7604,"href":"https:\/\/www.e-rihs.it\/en\/wp-json\/wp\/v2\/pages\/1076\/revisions\/7604"}],"wp:attachment":[{"href":"https:\/\/www.e-rihs.it\/en\/wp-json\/wp\/v2\/media?parent=1076"}],"curies":[{"name":"wp","href":"https:\/\/api.w.org\/{rel}","templated":true}]}}